{"id":5155,"date":"2025-10-19T09:16:41","date_gmt":"2025-10-19T09:16:41","guid":{"rendered":"https:\/\/wavexia.com\/product\/kiehls-calendula-petal-infused-calming-mask-100ml\/"},"modified":"2026-03-10T07:31:07","modified_gmt":"2026-03-10T07:31:07","slug":"kiehls-calendula-petal-infused-calming-mask-100ml","status":"publish","type":"product","link":"https:\/\/wavexia.com\/?product=kiehls-calendula-petal-infused-calming-mask-100ml","title":{"rendered":"KIEHL\u2019S Calendula Petal-Infused Calming Mask 100ml"},"content":{"rendered":"<h2>Description<\/h2>\n<p>Notre masque gel visage apaisant Kiehl\u2019s hydrate imm\u00e9diatement la peau et la laisse fraiche et revitalis\u00e9e d\u00e8s la 1ere application. Infus\u00e9 de Calendula et d\u2019Aloe Vera, ce masque visage en gel l\u00e9ger laisse la peau douce, lisse et rafra\u00eechie.<\/p>\n<h5>les avantages:<\/h5>\n<ul>\n<li>Hydrate et apaise la peau pour r\u00e9duire le stress cutan\u00e9<\/li>\n<li>Une vague d\u2019hydratation rafra\u00eechissante et r\u00e9confortante d\u00e8s l\u2019application<\/li>\n<li>Formul\u00e9 \u00e0 base de p\u00e9tales de Calendula r\u00e9colt\u00e9s \u00e0 la main et d\u2019Aloe Vera<\/li>\n<li>Pour tous les types de peau, m\u00eame les plus sensibles<\/li>\n<\/ul>\n<h5>conseil d\u2019utilisation:<\/h5>\n<ul>\n<li>Appliquer le masque en couche \u00e9paisse en \u00e9vitant le contour des yeux.<\/li>\n<li>Laisser poser 15 minutes et rincer \u00e0 l\u2019eau chaude, en massant d\u00e9licatement en effectuant des mouvements circulaires et vers le haut.<\/li>\n<li>Tapoter d\u00e9licatement avec une serviette douce pour s\u00e9cher, et poursuivre votre routine habituelle. Utiliser jusqu\u2019\u00e0 trois fois par semaine.<\/li>\n<\/ul>\n<h5>ingr\u00e9dients:<\/h5>\n<p>AQUA \/ WATER \u2022 ALOE BARBADENSIS LEAF JUICE \u2022 GLYCERIN \u2022 PROPYLENE GLYCOL \u2022 PROPANEDIOL \u2022 1,2-HEXANEDIOL \u2022 PENTYLENE GLYCOL \u2022 CAPRYLIC\/CAPRIC TRIGLYCERIDE \u2022 TRIDECYL TRIMELLITATE \u2022 HYDROXYACETOPHENONE \u2022 HYDROXYETHYL ACRYLATE\/SODIUM ACRYLOYLDIMETHYL TAURATE COPOLYMER \u2022 ACRYLATES\/C10-30 ALKYL ACRYLATE CROSSPOLYMER \u2022 POLYACRYLATE CROSSPOLYMER-6 \u2022 DIMETHICONE \u2022 ISOHEXADECANE \u2022 CALENDULA OFFICINALIS FLOWER \u2022 POTASSIUM HYDROXIDE \u2022 CARBOMER \u2022 CENTELLA ASIATICA EXTRACT \u2022 SQUALANE \u2022 TOCOPHEROL \u2022 DISODIUM EDTA \u2022 CALENDULA OFFICINALIS FLOWER EXTRACT \u2022 POLYSORBATE 60 \u2022 SCUTELLARIA BAICALENSIS ROOT EXTRACT \u2022 POLYGONUM CUSPIDATUM ROOT EXTRACT \u2022 BISABOLOL \u2022 GLYCERYL POLYACRYLATE \u2022 HEDERA HELIX EXTRACT \u2013 IVY LEAF\/STEM EXTRACT \u2022 SORBITAN ISOSTEARATE \u2022 GLYCYRRHIZA GLABRA ROOT EXTRACT \/ LICORICE ROOT EXTRACT \u2022 CAMELLIA SINENSIS LEAF EXTRACT \u2022 CHAMOMILLA RECUTITA FLOWER EXTRACT \/ MATRICARIA FLOWER EXTRACT \u2022 ROSMARINUS OFFICINALIS LEAF EXTRACT \/ ROSEMARY LEAF EXTRACT \u2022 POTASSIUM SORBATE \u2022 SODIUM BENZOATE \u2022 ZINGIBER OFFICINALE ROOT EXTRACT \/ GINGER ROOT EXTRACT<\/p>\n","protected":false},"excerpt":{"rendered":"<p>Description Notre masque gel visage apaisant Kiehl\u2019s hydrate imm\u00e9diatement la peau et la laisse fraiche et revitalis\u00e9e d\u00e8s la 1ere application. Infus\u00e9 de Calendula et d\u2019Aloe Vera, ce masque visage en gel l\u00e9ger laisse la peau douce, lisse et rafra\u00eechie. les avantages: Hydrate et apaise la peau pour r\u00e9duire le stress cutan\u00e9 Une vague d\u2019hydratation [&hellip;]<\/p>\n","protected":false},"featured_media":5154,"comment_status":"open","ping_status":"closed","template":"","meta":{"content-type":"","_uag_custom_page_level_css":""},"pwb-brand":[],"product_brand":[],"product_cat":[429,343,328,334],"product_tag":[],"class_list":{"0":"post-5155","1":"product","2":"type-product","3":"status-publish","4":"has-post-thumbnail","6":"product_cat-kiehls","7":"product_cat-masque","8":"product_cat-nouveautes","9":"product_cat-produits-coreens","11":"first","12":"instock","13":"sale","14":"shipping-taxable","15":"purchasable","16":"product-type-simple"},"aioseo_notices":[],"uagb_featured_image_src":{"full":["https:\/\/wavexia.com\/wp-content\/uploads\/2025\/10\/kiehls-calendula-petal-infused-calming-mask-100ml-000-3605972330383-front.jpg",465,465,false],"thumbnail":["https:\/\/wavexia.com\/wp-content\/uploads\/2025\/10\/kiehls-calendula-petal-infused-calming-mask-100ml-000-3605972330383-front-150x150.jpg",150,150,true],"medium":["https:\/\/wavexia.com\/wp-content\/uploads\/2025\/10\/kiehls-calendula-petal-infused-calming-mask-100ml-000-3605972330383-front-300x300.jpg",300,300,true],"medium_large":["https:\/\/wavexia.com\/wp-content\/uploads\/2025\/10\/kiehls-calendula-petal-infused-calming-mask-100ml-000-3605972330383-front.jpg",465,465,false],"large":["https:\/\/wavexia.com\/wp-content\/uploads\/2025\/10\/kiehls-calendula-petal-infused-calming-mask-100ml-000-3605972330383-front.jpg",465,465,false],"1536x1536":["https:\/\/wavexia.com\/wp-content\/uploads\/2025\/10\/kiehls-calendula-petal-infused-calming-mask-100ml-000-3605972330383-front.jpg",465,465,false],"2048x2048":["https:\/\/wavexia.com\/wp-content\/uploads\/2025\/10\/kiehls-calendula-petal-infused-calming-mask-100ml-000-3605972330383-front.jpg",465,465,false],"woocommerce_archive_thumbnail":["https:\/\/wavexia.com\/wp-content\/uploads\/2025\/10\/kiehls-calendula-petal-infused-calming-mask-100ml-000-3605972330383-front-300x300.jpg",300,300,true],"woocommerce_thumbnail":["https:\/\/wavexia.com\/wp-content\/uploads\/2025\/10\/kiehls-calendula-petal-infused-calming-mask-100ml-000-3605972330383-front-300x300.jpg",300,300,true],"woocommerce_single":["https:\/\/wavexia.com\/wp-content\/uploads\/2025\/10\/kiehls-calendula-petal-infused-calming-mask-100ml-000-3605972330383-front.jpg",465,465,false],"woocommerce_gallery_thumbnail":["https:\/\/wavexia.com\/wp-content\/uploads\/2025\/10\/kiehls-calendula-petal-infused-calming-mask-100ml-000-3605972330383-front-100x100.jpg",100,100,true]},"uagb_author_info":{"display_name":"zineddine.ayoub98@gmail.com","author_link":"https:\/\/wavexia.com\/?author=0"},"uagb_comment_info":0,"uagb_excerpt":"Description Notre masque gel visage apaisant Kiehl\u2019s hydrate imm\u00e9diatement la peau et la laisse fraiche et revitalis\u00e9e d\u00e8s la 1ere application. Infus\u00e9 de Calendula et d\u2019Aloe Vera, ce masque visage en gel l\u00e9ger laisse la peau douce, lisse et rafra\u00eechie. les avantages: Hydrate et apaise la peau pour r\u00e9duire le stress cutan\u00e9 Une vague d\u2019hydratation&hellip;","brands":[],"_links":{"self":[{"href":"https:\/\/wavexia.com\/index.php?rest_route=\/wp\/v2\/product\/5155","targetHints":{"allow":["GET"]}}],"collection":[{"href":"https:\/\/wavexia.com\/index.php?rest_route=\/wp\/v2\/product"}],"about":[{"href":"https:\/\/wavexia.com\/index.php?rest_route=\/wp\/v2\/types\/product"}],"replies":[{"embeddable":true,"href":"https:\/\/wavexia.com\/index.php?rest_route=%2Fwp%2Fv2%2Fcomments&post=5155"}],"wp:featuredmedia":[{"embeddable":true,"href":"https:\/\/wavexia.com\/index.php?rest_route=\/wp\/v2\/media\/5154"}],"wp:attachment":[{"href":"https:\/\/wavexia.com\/index.php?rest_route=%2Fwp%2Fv2%2Fmedia&parent=5155"}],"wp:term":[{"taxonomy":"pwb-brand","embeddable":true,"href":"https:\/\/wavexia.com\/index.php?rest_route=%2Fwp%2Fv2%2Fpwb-brand&post=5155"},{"taxonomy":"product_brand","embeddable":true,"href":"https:\/\/wavexia.com\/index.php?rest_route=%2Fwp%2Fv2%2Fproduct_brand&post=5155"},{"taxonomy":"product_cat","embeddable":true,"href":"https:\/\/wavexia.com\/index.php?rest_route=%2Fwp%2Fv2%2Fproduct_cat&post=5155"},{"taxonomy":"product_tag","embeddable":true,"href":"https:\/\/wavexia.com\/index.php?rest_route=%2Fwp%2Fv2%2Fproduct_tag&post=5155"}],"curies":[{"name":"wp","href":"https:\/\/api.w.org\/{rel}","templated":true}]}}