{"id":5146,"date":"2025-10-19T09:16:36","date_gmt":"2025-10-19T09:16:36","guid":{"rendered":"https:\/\/wavexia.com\/product\/now-foods-choline-and-inositol-500-mg-100-vegan-caps\/"},"modified":"2026-03-10T07:31:07","modified_gmt":"2026-03-10T07:31:07","slug":"now-foods-choline-and-inositol-500-mg-100-vegan-caps","status":"publish","type":"product","link":"https:\/\/wavexia.com\/?product=now-foods-choline-and-inositol-500-mg-100-vegan-caps","title":{"rendered":"Now Foods Choline and Inositol 500 mg, 100 vegan caps"},"content":{"rendered":"<h2>Description<\/h2>\n<p>NOW FOODS Choline et Inositol 500mg \u2013 100 g\u00e9lules<br \/>NOW FOODS Choline et Inositol- La choline et l\u2019inositol appartiennent \u00e0 la famille des vitamines du groupe B. La choline se trouve dans la plupart des tissus animaux et est essentielle \u00e0 la bonne structure du cerveau. De plus, la choline est impliqu\u00e9e dans le m\u00e9tabolisme des acides gras dans le foie. L\u2019inositol est \u00e9galement n\u00e9cessaire au bon d\u00e9veloppement du cerveau et du syst\u00e8me nerveux. Il se produit dans les structures des membranes cellulaires et est important pour le m\u00e9tabolisme des graisses et du cholest\u00e9rol, y compris l\u2019\u00e9limination des graisses du foie. La choline et l\u2019inositol sont tous deux des composants essentiels de toutes les membranes cellulaires dans lesquelles ils agissent comme des mol\u00e9cules de signalisation cellulaire. Ces vitamines aident \u00e0 am\u00e9liorer la m\u00e9moire, la concentration, les maux de t\u00eate et, surtout, soutiennent notre cerveau.<\/p>\n<h5>mode d\u2019emploi:<\/h5>\n<p>Prendre 1 g\u00e9lule par jour, de pr\u00e9f\u00e9rence avec de la nourriture.<\/p>\n<p>&nbsp;<\/p>\n","protected":false},"excerpt":{"rendered":"<p>Description NOW FOODS Choline et Inositol 500mg \u2013 100 g\u00e9lulesNOW FOODS Choline et Inositol- La choline et l\u2019inositol appartiennent \u00e0 la famille des vitamines du groupe B. La choline se trouve dans la plupart des tissus animaux et est essentielle \u00e0 la bonne structure du cerveau. De plus, la choline est impliqu\u00e9e dans le m\u00e9tabolisme [&hellip;]<\/p>\n","protected":false},"featured_media":5145,"comment_status":"open","ping_status":"closed","template":"","meta":{"content-type":"","_uag_custom_page_level_css":""},"pwb-brand":[],"product_brand":[],"product_cat":[330,329],"product_tag":[],"class_list":{"0":"post-5146","1":"product","2":"type-product","3":"status-publish","4":"has-post-thumbnail","6":"product_cat-complements-alimentaires","7":"product_cat-produits-americains","9":"first","10":"instock","11":"sale","12":"shipping-taxable","13":"purchasable","14":"product-type-simple"},"aioseo_notices":[],"uagb_featured_image_src":{"full":["https:\/\/wavexia.com\/wp-content\/uploads\/2025\/10\/600px_33971.webp",600,600,false],"thumbnail":["https:\/\/wavexia.com\/wp-content\/uploads\/2025\/10\/600px_33971-150x150.webp",150,150,true],"medium":["https:\/\/wavexia.com\/wp-content\/uploads\/2025\/10\/600px_33971-300x300.webp",300,300,true],"medium_large":["https:\/\/wavexia.com\/wp-content\/uploads\/2025\/10\/600px_33971.webp",600,600,false],"large":["https:\/\/wavexia.com\/wp-content\/uploads\/2025\/10\/600px_33971.webp",600,600,false],"1536x1536":["https:\/\/wavexia.com\/wp-content\/uploads\/2025\/10\/600px_33971.webp",600,600,false],"2048x2048":["https:\/\/wavexia.com\/wp-content\/uploads\/2025\/10\/600px_33971.webp",600,600,false],"woocommerce_archive_thumbnail":["https:\/\/wavexia.com\/wp-content\/uploads\/2025\/10\/600px_33971-300x300.webp",300,300,true],"woocommerce_thumbnail":["https:\/\/wavexia.com\/wp-content\/uploads\/2025\/10\/600px_33971-300x300.webp",300,300,true],"woocommerce_single":["https:\/\/wavexia.com\/wp-content\/uploads\/2025\/10\/600px_33971.webp",600,600,false],"woocommerce_gallery_thumbnail":["https:\/\/wavexia.com\/wp-content\/uploads\/2025\/10\/600px_33971-100x100.webp",100,100,true]},"uagb_author_info":{"display_name":"zineddine.ayoub98@gmail.com","author_link":"https:\/\/wavexia.com\/?author=0"},"uagb_comment_info":0,"uagb_excerpt":"Description NOW FOODS Choline et Inositol 500mg \u2013 100 g\u00e9lulesNOW FOODS Choline et Inositol- La choline et l\u2019inositol appartiennent \u00e0 la famille des vitamines du groupe B. La choline se trouve dans la plupart des tissus animaux et est essentielle \u00e0 la bonne structure du cerveau. De plus, la choline est impliqu\u00e9e dans le m\u00e9tabolisme&hellip;","brands":[],"_links":{"self":[{"href":"https:\/\/wavexia.com\/index.php?rest_route=\/wp\/v2\/product\/5146","targetHints":{"allow":["GET"]}}],"collection":[{"href":"https:\/\/wavexia.com\/index.php?rest_route=\/wp\/v2\/product"}],"about":[{"href":"https:\/\/wavexia.com\/index.php?rest_route=\/wp\/v2\/types\/product"}],"replies":[{"embeddable":true,"href":"https:\/\/wavexia.com\/index.php?rest_route=%2Fwp%2Fv2%2Fcomments&post=5146"}],"wp:featuredmedia":[{"embeddable":true,"href":"https:\/\/wavexia.com\/index.php?rest_route=\/wp\/v2\/media\/5145"}],"wp:attachment":[{"href":"https:\/\/wavexia.com\/index.php?rest_route=%2Fwp%2Fv2%2Fmedia&parent=5146"}],"wp:term":[{"taxonomy":"pwb-brand","embeddable":true,"href":"https:\/\/wavexia.com\/index.php?rest_route=%2Fwp%2Fv2%2Fpwb-brand&post=5146"},{"taxonomy":"product_brand","embeddable":true,"href":"https:\/\/wavexia.com\/index.php?rest_route=%2Fwp%2Fv2%2Fproduct_brand&post=5146"},{"taxonomy":"product_cat","embeddable":true,"href":"https:\/\/wavexia.com\/index.php?rest_route=%2Fwp%2Fv2%2Fproduct_cat&post=5146"},{"taxonomy":"product_tag","embeddable":true,"href":"https:\/\/wavexia.com\/index.php?rest_route=%2Fwp%2Fv2%2Fproduct_tag&post=5146"}],"curies":[{"name":"wp","href":"https:\/\/api.w.org\/{rel}","templated":true}]}}