{"id":5144,"date":"2025-10-19T09:16:35","date_gmt":"2025-10-19T09:16:35","guid":{"rendered":"https:\/\/wavexia.com\/product\/nutricost-milk-thistle-1000-mg-240-capsules\/"},"modified":"2026-03-10T07:31:07","modified_gmt":"2026-03-10T07:31:07","slug":"nutricost-milk-thistle-1000-mg-240-capsules","status":"publish","type":"product","link":"https:\/\/wavexia.com\/?product=nutricost-milk-thistle-1000-mg-240-capsules","title":{"rendered":"Nutricost, Milk Thistle, 1,000 mg, 240 Capsules"},"content":{"rendered":"<h2>Description<\/h2>\n<p>Le chardon-Marie est une plante originaire d\u2019Europe et qui a \u00e9t\u00e9 introduite en Am\u00e9rique du Nord par les premiers colons. Le chardon-Marie se trouve maintenant dans tout l\u2019est des \u00c9tats-Unis, en Californie, en Am\u00e9rique du Sud, en Afrique, en Australie et en Asie. Toutes les parties expos\u00e9es au-dessus du sol et les graines sont utilis\u00e9es pour fabriquer des m\u00e9dicaments. La silymarine est le principal ingr\u00e9dient actif du chardon-Marie, qui est \u00e0 la fois anti-inflammatoire, antioxydant et hypoglyc\u00e9miant. Les graines de chardon-Marie peuvent prot\u00e9ger les cellules h\u00e9patiques contre les produits chimiques et les m\u00e9dicaments nocifs.<\/p>\n<h5>utilise:<\/h5>\n<ul>\n<li>Soutenir le traitement des maladies du foie : st\u00e9atose h\u00e9patique, h\u00e9patite, cirrhose.<\/li>\n<li>D\u00e9toxification du foie : Aide \u00e0 \u00e9liminer les toxines du corps.<\/li>\n<li>Am\u00e9liore la fonction h\u00e9patique : Aide le foie \u00e0 fonctionner plus efficacement.<\/li>\n<li>Am\u00e9liorer les sympt\u00f4mes : Fatigue, jaunisse, assombrissement de la peau.<\/li>\n<li>Prot\u00e9gez le foie des effets nocifs de l\u2019alcool, du tabac et des produits chimiques.<\/li>\n<\/ul>\n<h5>mode d\u2019emploi:<\/h5>\n<p>Prendre 1 comprim\u00e9 par jour apr\u00e8s un repas complet, il est recommand\u00e9 de boire beaucoup d\u2019eau (au moins 2 litres par jour) pour le meilleur effet.<\/p>\n","protected":false},"excerpt":{"rendered":"<p>Description Le chardon-Marie est une plante originaire d\u2019Europe et qui a \u00e9t\u00e9 introduite en Am\u00e9rique du Nord par les premiers colons. Le chardon-Marie se trouve maintenant dans tout l\u2019est des \u00c9tats-Unis, en Californie, en Am\u00e9rique du Sud, en Afrique, en Australie et en Asie. Toutes les parties expos\u00e9es au-dessus du sol et les graines sont [&hellip;]<\/p>\n","protected":false},"featured_media":5143,"comment_status":"open","ping_status":"closed","template":"","meta":{"content-type":"","_uag_custom_page_level_css":""},"pwb-brand":[],"product_brand":[],"product_cat":[330,329],"product_tag":[],"class_list":{"0":"post-5144","1":"product","2":"type-product","3":"status-publish","4":"has-post-thumbnail","6":"product_cat-complements-alimentaires","7":"product_cat-produits-americains","9":"first","10":"instock","11":"sale","12":"shipping-taxable","13":"purchasable","14":"product-type-simple"},"aioseo_notices":[],"uagb_featured_image_src":{"full":["https:\/\/wavexia.com\/wp-content\/uploads\/2025\/10\/41lgA5U3PL.jpg_BO30255255255_UF900850_SR191010000C_QL100_.jpg",1600,838,false],"thumbnail":["https:\/\/wavexia.com\/wp-content\/uploads\/2025\/10\/41lgA5U3PL.jpg_BO30255255255_UF900850_SR191010000C_QL100_-150x150.jpg",150,150,true],"medium":["https:\/\/wavexia.com\/wp-content\/uploads\/2025\/10\/41lgA5U3PL.jpg_BO30255255255_UF900850_SR191010000C_QL100_-300x157.jpg",300,157,true],"medium_large":["https:\/\/wavexia.com\/wp-content\/uploads\/2025\/10\/41lgA5U3PL.jpg_BO30255255255_UF900850_SR191010000C_QL100_-768x402.jpg",768,402,true],"large":["https:\/\/wavexia.com\/wp-content\/uploads\/2025\/10\/41lgA5U3PL.jpg_BO30255255255_UF900850_SR191010000C_QL100_-1024x536.jpg",1024,536,true],"1536x1536":["https:\/\/wavexia.com\/wp-content\/uploads\/2025\/10\/41lgA5U3PL.jpg_BO30255255255_UF900850_SR191010000C_QL100_-1536x804.jpg",1536,804,true],"2048x2048":["https:\/\/wavexia.com\/wp-content\/uploads\/2025\/10\/41lgA5U3PL.jpg_BO30255255255_UF900850_SR191010000C_QL100_.jpg",1600,838,false],"woocommerce_archive_thumbnail":["https:\/\/wavexia.com\/wp-content\/uploads\/2025\/10\/41lgA5U3PL.jpg_BO30255255255_UF900850_SR191010000C_QL100_-300x157.jpg",300,157,true],"woocommerce_thumbnail":["https:\/\/wavexia.com\/wp-content\/uploads\/2025\/10\/41lgA5U3PL.jpg_BO30255255255_UF900850_SR191010000C_QL100_-300x300.jpg",300,300,true],"woocommerce_single":["https:\/\/wavexia.com\/wp-content\/uploads\/2025\/10\/41lgA5U3PL.jpg_BO30255255255_UF900850_SR191010000C_QL100_-600x314.jpg",600,314,true],"woocommerce_gallery_thumbnail":["https:\/\/wavexia.com\/wp-content\/uploads\/2025\/10\/41lgA5U3PL.jpg_BO30255255255_UF900850_SR191010000C_QL100_-100x100.jpg",100,100,true]},"uagb_author_info":{"display_name":"zineddine.ayoub98@gmail.com","author_link":"https:\/\/wavexia.com\/?author=0"},"uagb_comment_info":0,"uagb_excerpt":"Description Le chardon-Marie est une plante originaire d\u2019Europe et qui a \u00e9t\u00e9 introduite en Am\u00e9rique du Nord par les premiers colons. Le chardon-Marie se trouve maintenant dans tout l\u2019est des \u00c9tats-Unis, en Californie, en Am\u00e9rique du Sud, en Afrique, en Australie et en Asie. Toutes les parties expos\u00e9es au-dessus du sol et les graines sont&hellip;","brands":[],"_links":{"self":[{"href":"https:\/\/wavexia.com\/index.php?rest_route=\/wp\/v2\/product\/5144","targetHints":{"allow":["GET"]}}],"collection":[{"href":"https:\/\/wavexia.com\/index.php?rest_route=\/wp\/v2\/product"}],"about":[{"href":"https:\/\/wavexia.com\/index.php?rest_route=\/wp\/v2\/types\/product"}],"replies":[{"embeddable":true,"href":"https:\/\/wavexia.com\/index.php?rest_route=%2Fwp%2Fv2%2Fcomments&post=5144"}],"wp:featuredmedia":[{"embeddable":true,"href":"https:\/\/wavexia.com\/index.php?rest_route=\/wp\/v2\/media\/5143"}],"wp:attachment":[{"href":"https:\/\/wavexia.com\/index.php?rest_route=%2Fwp%2Fv2%2Fmedia&parent=5144"}],"wp:term":[{"taxonomy":"pwb-brand","embeddable":true,"href":"https:\/\/wavexia.com\/index.php?rest_route=%2Fwp%2Fv2%2Fpwb-brand&post=5144"},{"taxonomy":"product_brand","embeddable":true,"href":"https:\/\/wavexia.com\/index.php?rest_route=%2Fwp%2Fv2%2Fproduct_brand&post=5144"},{"taxonomy":"product_cat","embeddable":true,"href":"https:\/\/wavexia.com\/index.php?rest_route=%2Fwp%2Fv2%2Fproduct_cat&post=5144"},{"taxonomy":"product_tag","embeddable":true,"href":"https:\/\/wavexia.com\/index.php?rest_route=%2Fwp%2Fv2%2Fproduct_tag&post=5144"}],"curies":[{"name":"wp","href":"https:\/\/api.w.org\/{rel}","templated":true}]}}