{"id":5142,"date":"2025-10-19T09:16:34","date_gmt":"2025-10-19T09:16:34","guid":{"rendered":"https:\/\/wavexia.com\/product\/natures-way-horsetail-grass-100-vegan-capsules\/"},"modified":"2026-03-10T07:31:07","modified_gmt":"2026-03-10T07:31:07","slug":"natures-way-horsetail-grass-100-vegan-capsules","status":"publish","type":"product","link":"https:\/\/wavexia.com\/?product=natures-way-horsetail-grass-100-vegan-capsules","title":{"rendered":"Nature\u2019s Way Horsetail Grass \u2013 100 Vegan Capsules"},"content":{"rendered":"<h2>Description<\/h2>\n<p>Tournez-vous vers la nature pour des bienfaits de beaut\u00e9 convoit\u00e9s.* La pr\u00eale, \u00e9galement connue sous le nom de brosse \u00e0 bouteille, est une plante vivace qui a \u00e9t\u00e9 utilis\u00e9e comme rem\u00e8de remontant \u00e0 l\u2019\u00e9poque grecque et romaine de l\u2019Antiquit\u00e9 et est ainsi nomm\u00e9e en raison de ses feuilles plumeuses, qui ressemblent \u00e0 la queue d\u2019un cheval. La pr\u00eale favorise traditionnellement la sant\u00e9 des cheveux et des ongles. La pr\u00eale Nature\u2019s Way contient 440 mg par portion de pr\u00eale pour le soutien traditionnel des ongles et des cheveux.<\/p>\n<h5>mode d\u2019emploi:<\/h5>\n<p>Les adultes prennent 1 g\u00e9lule trois fois par jour.<\/p>\n<p>Augmentez l\u2019apport hydrique pendant l\u2019utilisation. Si vous \u00eates enceinte, si vous allaitez, si vous souffrez de dysfonctionnement r\u00e9nal ou si vous prenez des m\u00e9dicaments, consultez un professionnel de la sant\u00e9 avant d\u2019en faire l\u2019usage.<\/p>\n<p>&nbsp;<\/p>\n","protected":false},"excerpt":{"rendered":"<p>Description Tournez-vous vers la nature pour des bienfaits de beaut\u00e9 convoit\u00e9s.* La pr\u00eale, \u00e9galement connue sous le nom de brosse \u00e0 bouteille, est une plante vivace qui a \u00e9t\u00e9 utilis\u00e9e comme rem\u00e8de remontant \u00e0 l\u2019\u00e9poque grecque et romaine de l\u2019Antiquit\u00e9 et est ainsi nomm\u00e9e en raison de ses feuilles plumeuses, qui ressemblent \u00e0 la queue [&hellip;]<\/p>\n","protected":false},"featured_media":5141,"comment_status":"open","ping_status":"closed","template":"","meta":{"content-type":"","_uag_custom_page_level_css":""},"pwb-brand":[],"product_brand":[],"product_cat":[330,329],"product_tag":[],"class_list":{"0":"post-5142","1":"product","2":"type-product","3":"status-publish","4":"has-post-thumbnail","6":"product_cat-complements-alimentaires","7":"product_cat-produits-americains","9":"first","10":"instock","11":"sale","12":"shipping-taxable","13":"purchasable","14":"product-type-simple"},"aioseo_notices":[],"uagb_featured_image_src":{"full":["https:\/\/wavexia.com\/wp-content\/uploads\/2025\/10\/71Jyq8rFxgL._UF8941000_QL80_.jpg",894,894,false],"thumbnail":["https:\/\/wavexia.com\/wp-content\/uploads\/2025\/10\/71Jyq8rFxgL._UF8941000_QL80_-150x150.jpg",150,150,true],"medium":["https:\/\/wavexia.com\/wp-content\/uploads\/2025\/10\/71Jyq8rFxgL._UF8941000_QL80_-300x300.jpg",300,300,true],"medium_large":["https:\/\/wavexia.com\/wp-content\/uploads\/2025\/10\/71Jyq8rFxgL._UF8941000_QL80_-768x768.jpg",768,768,true],"large":["https:\/\/wavexia.com\/wp-content\/uploads\/2025\/10\/71Jyq8rFxgL._UF8941000_QL80_.jpg",894,894,false],"1536x1536":["https:\/\/wavexia.com\/wp-content\/uploads\/2025\/10\/71Jyq8rFxgL._UF8941000_QL80_.jpg",894,894,false],"2048x2048":["https:\/\/wavexia.com\/wp-content\/uploads\/2025\/10\/71Jyq8rFxgL._UF8941000_QL80_.jpg",894,894,false],"woocommerce_archive_thumbnail":["https:\/\/wavexia.com\/wp-content\/uploads\/2025\/10\/71Jyq8rFxgL._UF8941000_QL80_-300x300.jpg",300,300,true],"woocommerce_thumbnail":["https:\/\/wavexia.com\/wp-content\/uploads\/2025\/10\/71Jyq8rFxgL._UF8941000_QL80_-300x300.jpg",300,300,true],"woocommerce_single":["https:\/\/wavexia.com\/wp-content\/uploads\/2025\/10\/71Jyq8rFxgL._UF8941000_QL80_-600x600.jpg",600,600,true],"woocommerce_gallery_thumbnail":["https:\/\/wavexia.com\/wp-content\/uploads\/2025\/10\/71Jyq8rFxgL._UF8941000_QL80_-100x100.jpg",100,100,true]},"uagb_author_info":{"display_name":"zineddine.ayoub98@gmail.com","author_link":"https:\/\/wavexia.com\/?author=0"},"uagb_comment_info":0,"uagb_excerpt":"Description Tournez-vous vers la nature pour des bienfaits de beaut\u00e9 convoit\u00e9s.* La pr\u00eale, \u00e9galement connue sous le nom de brosse \u00e0 bouteille, est une plante vivace qui a \u00e9t\u00e9 utilis\u00e9e comme rem\u00e8de remontant \u00e0 l\u2019\u00e9poque grecque et romaine de l\u2019Antiquit\u00e9 et est ainsi nomm\u00e9e en raison de ses feuilles plumeuses, qui ressemblent \u00e0 la queue&hellip;","brands":[],"_links":{"self":[{"href":"https:\/\/wavexia.com\/index.php?rest_route=\/wp\/v2\/product\/5142","targetHints":{"allow":["GET"]}}],"collection":[{"href":"https:\/\/wavexia.com\/index.php?rest_route=\/wp\/v2\/product"}],"about":[{"href":"https:\/\/wavexia.com\/index.php?rest_route=\/wp\/v2\/types\/product"}],"replies":[{"embeddable":true,"href":"https:\/\/wavexia.com\/index.php?rest_route=%2Fwp%2Fv2%2Fcomments&post=5142"}],"wp:featuredmedia":[{"embeddable":true,"href":"https:\/\/wavexia.com\/index.php?rest_route=\/wp\/v2\/media\/5141"}],"wp:attachment":[{"href":"https:\/\/wavexia.com\/index.php?rest_route=%2Fwp%2Fv2%2Fmedia&parent=5142"}],"wp:term":[{"taxonomy":"pwb-brand","embeddable":true,"href":"https:\/\/wavexia.com\/index.php?rest_route=%2Fwp%2Fv2%2Fpwb-brand&post=5142"},{"taxonomy":"product_brand","embeddable":true,"href":"https:\/\/wavexia.com\/index.php?rest_route=%2Fwp%2Fv2%2Fproduct_brand&post=5142"},{"taxonomy":"product_cat","embeddable":true,"href":"https:\/\/wavexia.com\/index.php?rest_route=%2Fwp%2Fv2%2Fproduct_cat&post=5142"},{"taxonomy":"product_tag","embeddable":true,"href":"https:\/\/wavexia.com\/index.php?rest_route=%2Fwp%2Fv2%2Fproduct_tag&post=5142"}],"curies":[{"name":"wp","href":"https:\/\/api.w.org\/{rel}","templated":true}]}}