{"id":5140,"date":"2025-10-19T09:16:33","date_gmt":"2025-10-19T09:16:33","guid":{"rendered":"https:\/\/wavexia.com\/product\/now-foods-royal-jelly-60-capsules\/"},"modified":"2026-03-10T07:31:07","modified_gmt":"2026-03-10T07:31:07","slug":"now-foods-royal-jelly-60-capsules","status":"publish","type":"product","link":"https:\/\/wavexia.com\/?product=now-foods-royal-jelly-60-capsules","title":{"rendered":"NOW Foods Royal Jelly 60 Capsules"},"content":{"rendered":"<h2>Description<\/h2>\n<p>La gel\u00e9e royale est un produit naturel d\u2019abeille qui est utilis\u00e9 dans la nutrition des reines des abeilles immatures et adultes. La gel\u00e9e royale a un profil nutritionnel complexe qui comprend des nucl\u00e9otides, des polyph\u00e9nols et des acides organiques uniques. Il est utilis\u00e9 traditionnellement depuis l\u2019Antiquit\u00e9 comme tonique pour la sant\u00e9.<\/p>\n<p>Des variations de couleur naturelles peuvent se produire dans ce produit.<\/p>\n<p>Des particules naturelles peuvent \u00eatre visibles dans la gel\u00e9e royale.<\/p>\n<p>Cette gel\u00e9e royale a \u00e9t\u00e9 lyophilis\u00e9e pour maintenir une stabilit\u00e9 maximale et fait partie des meilleurs produits disponibles. Le 10-HDA (acide hydroxy-d-d\u00e9c\u00e9no\u00efque) est l\u2019un des composants actifs et mesurables de la gel\u00e9e royale.<\/p>\n<h5>mode d\u2019emploi:<\/h5>\n<p>Prendre 1 g\u00e9lule par jour.<\/p>\n","protected":false},"excerpt":{"rendered":"<p>Description La gel\u00e9e royale est un produit naturel d\u2019abeille qui est utilis\u00e9 dans la nutrition des reines des abeilles immatures et adultes. La gel\u00e9e royale a un profil nutritionnel complexe qui comprend des nucl\u00e9otides, des polyph\u00e9nols et des acides organiques uniques. Il est utilis\u00e9 traditionnellement depuis l\u2019Antiquit\u00e9 comme tonique pour la sant\u00e9. Des variations de [&hellip;]<\/p>\n","protected":false},"featured_media":5139,"comment_status":"open","ping_status":"closed","template":"","meta":{"content-type":"","_uag_custom_page_level_css":""},"pwb-brand":[],"product_brand":[],"product_cat":[330,329],"product_tag":[],"class_list":{"0":"post-5140","1":"product","2":"type-product","3":"status-publish","4":"has-post-thumbnail","6":"product_cat-complements-alimentaires","7":"product_cat-produits-americains","9":"first","10":"instock","11":"shipping-taxable","12":"purchasable","13":"product-type-simple"},"aioseo_notices":[],"uagb_featured_image_src":{"full":["https:\/\/wavexia.com\/wp-content\/uploads\/2025\/10\/71uIGddGwpL._UF10001000_QL80_.jpg",1000,1000,false],"thumbnail":["https:\/\/wavexia.com\/wp-content\/uploads\/2025\/10\/71uIGddGwpL._UF10001000_QL80_-150x150.jpg",150,150,true],"medium":["https:\/\/wavexia.com\/wp-content\/uploads\/2025\/10\/71uIGddGwpL._UF10001000_QL80_-300x300.jpg",300,300,true],"medium_large":["https:\/\/wavexia.com\/wp-content\/uploads\/2025\/10\/71uIGddGwpL._UF10001000_QL80_-768x768.jpg",768,768,true],"large":["https:\/\/wavexia.com\/wp-content\/uploads\/2025\/10\/71uIGddGwpL._UF10001000_QL80_.jpg",1000,1000,false],"1536x1536":["https:\/\/wavexia.com\/wp-content\/uploads\/2025\/10\/71uIGddGwpL._UF10001000_QL80_.jpg",1000,1000,false],"2048x2048":["https:\/\/wavexia.com\/wp-content\/uploads\/2025\/10\/71uIGddGwpL._UF10001000_QL80_.jpg",1000,1000,false],"woocommerce_archive_thumbnail":["https:\/\/wavexia.com\/wp-content\/uploads\/2025\/10\/71uIGddGwpL._UF10001000_QL80_-300x300.jpg",300,300,true],"woocommerce_thumbnail":["https:\/\/wavexia.com\/wp-content\/uploads\/2025\/10\/71uIGddGwpL._UF10001000_QL80_-300x300.jpg",300,300,true],"woocommerce_single":["https:\/\/wavexia.com\/wp-content\/uploads\/2025\/10\/71uIGddGwpL._UF10001000_QL80_-600x600.jpg",600,600,true],"woocommerce_gallery_thumbnail":["https:\/\/wavexia.com\/wp-content\/uploads\/2025\/10\/71uIGddGwpL._UF10001000_QL80_-100x100.jpg",100,100,true]},"uagb_author_info":{"display_name":"zineddine.ayoub98@gmail.com","author_link":"https:\/\/wavexia.com\/?author=0"},"uagb_comment_info":0,"uagb_excerpt":"Description La gel\u00e9e royale est un produit naturel d\u2019abeille qui est utilis\u00e9 dans la nutrition des reines des abeilles immatures et adultes. La gel\u00e9e royale a un profil nutritionnel complexe qui comprend des nucl\u00e9otides, des polyph\u00e9nols et des acides organiques uniques. Il est utilis\u00e9 traditionnellement depuis l\u2019Antiquit\u00e9 comme tonique pour la sant\u00e9. Des variations de&hellip;","brands":[],"_links":{"self":[{"href":"https:\/\/wavexia.com\/index.php?rest_route=\/wp\/v2\/product\/5140","targetHints":{"allow":["GET"]}}],"collection":[{"href":"https:\/\/wavexia.com\/index.php?rest_route=\/wp\/v2\/product"}],"about":[{"href":"https:\/\/wavexia.com\/index.php?rest_route=\/wp\/v2\/types\/product"}],"replies":[{"embeddable":true,"href":"https:\/\/wavexia.com\/index.php?rest_route=%2Fwp%2Fv2%2Fcomments&post=5140"}],"wp:featuredmedia":[{"embeddable":true,"href":"https:\/\/wavexia.com\/index.php?rest_route=\/wp\/v2\/media\/5139"}],"wp:attachment":[{"href":"https:\/\/wavexia.com\/index.php?rest_route=%2Fwp%2Fv2%2Fmedia&parent=5140"}],"wp:term":[{"taxonomy":"pwb-brand","embeddable":true,"href":"https:\/\/wavexia.com\/index.php?rest_route=%2Fwp%2Fv2%2Fpwb-brand&post=5140"},{"taxonomy":"product_brand","embeddable":true,"href":"https:\/\/wavexia.com\/index.php?rest_route=%2Fwp%2Fv2%2Fproduct_brand&post=5140"},{"taxonomy":"product_cat","embeddable":true,"href":"https:\/\/wavexia.com\/index.php?rest_route=%2Fwp%2Fv2%2Fproduct_cat&post=5140"},{"taxonomy":"product_tag","embeddable":true,"href":"https:\/\/wavexia.com\/index.php?rest_route=%2Fwp%2Fv2%2Fproduct_tag&post=5140"}],"curies":[{"name":"wp","href":"https:\/\/api.w.org\/{rel}","templated":true}]}}