{"id":5134,"date":"2025-10-19T09:16:30","date_gmt":"2025-10-19T09:16:30","guid":{"rendered":"https:\/\/wavexia.com\/product\/natrol-melatonin-time-release-extra-strength-5-mg-100-tablets\/"},"modified":"2026-03-10T07:31:07","modified_gmt":"2026-03-10T07:31:07","slug":"natrol-melatonin-time-release-extra-strength-5-mg-100-tablets","status":"publish","type":"product","link":"https:\/\/wavexia.com\/?product=natrol-melatonin-time-release-extra-strength-5-mg-100-tablets","title":{"rendered":"Natrol Melatonin, Time Release, Extra Strength, 5 mg, 100 Tablets"},"content":{"rendered":"<h2>Description<\/h2>\n<p>La m\u00e9latonine TR 5 mg est 100&nbsp;% v\u00e9g\u00e9tarienne et offre un syst\u00e8me d\u2019administration biphasique qui lib\u00e8re rapidement de la m\u00e9latonine pour vous aider \u00e0 vous endormir rapidement, puis r\u00e9guli\u00e8rement pour vous aider \u00e0 rester endormi toute la nuit. La m\u00e9latonine aide \u00e0 \u00e9tablir des habitudes de sommeil normales pour favoriser un sommeil plus reposant et relaxant et une meilleure sant\u00e9 globale. Le corps produit naturellement de la m\u00e9latonine, et la vitamine B6 est essentielle \u00e0 la production de m\u00e9latonine.<\/p>\n<ul>\n<li>Vous aide \u00e0 vous endormir rapidement<\/li>\n<li>Restez endormi toute la nuit<\/li>\n<li>Lib\u00e9ration de 8 heures<\/li>\n<li>Avec de la vitamine B6<\/li>\n<li>Somnif\u00e8re sans m\u00e9dicament<\/li>\n<\/ul>\n<h5>utilisation:<\/h5>\n<p>Prendre 1 comprim\u00e9 20 minutes avant le coucher<\/p>\n","protected":false},"excerpt":{"rendered":"<p>Description La m\u00e9latonine TR 5 mg est 100&nbsp;% v\u00e9g\u00e9tarienne et offre un syst\u00e8me d\u2019administration biphasique qui lib\u00e8re rapidement de la m\u00e9latonine pour vous aider \u00e0 vous endormir rapidement, puis r\u00e9guli\u00e8rement pour vous aider \u00e0 rester endormi toute la nuit. La m\u00e9latonine aide \u00e0 \u00e9tablir des habitudes de sommeil normales pour favoriser un sommeil plus reposant [&hellip;]<\/p>\n","protected":false},"featured_media":5133,"comment_status":"open","ping_status":"closed","template":"","meta":{"content-type":"","_uag_custom_page_level_css":""},"pwb-brand":[],"product_brand":[],"product_cat":[330],"product_tag":[],"class_list":{"0":"post-5134","1":"product","2":"type-product","3":"status-publish","4":"has-post-thumbnail","6":"product_cat-complements-alimentaires","8":"first","9":"instock","10":"shipping-taxable","11":"purchasable","12":"product-type-simple"},"aioseo_notices":[],"uagb_featured_image_src":{"full":["https:\/\/wavexia.com\/wp-content\/uploads\/2025\/10\/047469048372-2-1000x1000-1.jpg",1000,1000,false],"thumbnail":["https:\/\/wavexia.com\/wp-content\/uploads\/2025\/10\/047469048372-2-1000x1000-1-150x150.jpg",150,150,true],"medium":["https:\/\/wavexia.com\/wp-content\/uploads\/2025\/10\/047469048372-2-1000x1000-1-300x300.jpg",300,300,true],"medium_large":["https:\/\/wavexia.com\/wp-content\/uploads\/2025\/10\/047469048372-2-1000x1000-1-768x768.jpg",768,768,true],"large":["https:\/\/wavexia.com\/wp-content\/uploads\/2025\/10\/047469048372-2-1000x1000-1.jpg",1000,1000,false],"1536x1536":["https:\/\/wavexia.com\/wp-content\/uploads\/2025\/10\/047469048372-2-1000x1000-1.jpg",1000,1000,false],"2048x2048":["https:\/\/wavexia.com\/wp-content\/uploads\/2025\/10\/047469048372-2-1000x1000-1.jpg",1000,1000,false],"woocommerce_archive_thumbnail":["https:\/\/wavexia.com\/wp-content\/uploads\/2025\/10\/047469048372-2-1000x1000-1-300x300.jpg",300,300,true],"woocommerce_thumbnail":["https:\/\/wavexia.com\/wp-content\/uploads\/2025\/10\/047469048372-2-1000x1000-1-300x300.jpg",300,300,true],"woocommerce_single":["https:\/\/wavexia.com\/wp-content\/uploads\/2025\/10\/047469048372-2-1000x1000-1-600x600.jpg",600,600,true],"woocommerce_gallery_thumbnail":["https:\/\/wavexia.com\/wp-content\/uploads\/2025\/10\/047469048372-2-1000x1000-1-100x100.jpg",100,100,true]},"uagb_author_info":{"display_name":"zineddine.ayoub98@gmail.com","author_link":"https:\/\/wavexia.com\/?author=0"},"uagb_comment_info":0,"uagb_excerpt":"Description La m\u00e9latonine TR 5 mg est 100&nbsp;% v\u00e9g\u00e9tarienne et offre un syst\u00e8me d\u2019administration biphasique qui lib\u00e8re rapidement de la m\u00e9latonine pour vous aider \u00e0 vous endormir rapidement, puis r\u00e9guli\u00e8rement pour vous aider \u00e0 rester endormi toute la nuit. La m\u00e9latonine aide \u00e0 \u00e9tablir des habitudes de sommeil normales pour favoriser un sommeil plus reposant&hellip;","brands":[],"_links":{"self":[{"href":"https:\/\/wavexia.com\/index.php?rest_route=\/wp\/v2\/product\/5134","targetHints":{"allow":["GET"]}}],"collection":[{"href":"https:\/\/wavexia.com\/index.php?rest_route=\/wp\/v2\/product"}],"about":[{"href":"https:\/\/wavexia.com\/index.php?rest_route=\/wp\/v2\/types\/product"}],"replies":[{"embeddable":true,"href":"https:\/\/wavexia.com\/index.php?rest_route=%2Fwp%2Fv2%2Fcomments&post=5134"}],"wp:featuredmedia":[{"embeddable":true,"href":"https:\/\/wavexia.com\/index.php?rest_route=\/wp\/v2\/media\/5133"}],"wp:attachment":[{"href":"https:\/\/wavexia.com\/index.php?rest_route=%2Fwp%2Fv2%2Fmedia&parent=5134"}],"wp:term":[{"taxonomy":"pwb-brand","embeddable":true,"href":"https:\/\/wavexia.com\/index.php?rest_route=%2Fwp%2Fv2%2Fpwb-brand&post=5134"},{"taxonomy":"product_brand","embeddable":true,"href":"https:\/\/wavexia.com\/index.php?rest_route=%2Fwp%2Fv2%2Fproduct_brand&post=5134"},{"taxonomy":"product_cat","embeddable":true,"href":"https:\/\/wavexia.com\/index.php?rest_route=%2Fwp%2Fv2%2Fproduct_cat&post=5134"},{"taxonomy":"product_tag","embeddable":true,"href":"https:\/\/wavexia.com\/index.php?rest_route=%2Fwp%2Fv2%2Fproduct_tag&post=5134"}],"curies":[{"name":"wp","href":"https:\/\/api.w.org\/{rel}","templated":true}]}}