{"id":5128,"date":"2025-10-19T09:16:26","date_gmt":"2025-10-19T09:16:26","guid":{"rendered":"https:\/\/wavexia.com\/product\/pyunkang-yul-black-tea-time-reverse-eye-patch-60pcs\/"},"modified":"2026-03-10T07:31:07","modified_gmt":"2026-03-10T07:31:07","slug":"pyunkang-yul-black-tea-time-reverse-eye-patch-60pcs","status":"publish","type":"product","link":"https:\/\/wavexia.com\/?product=pyunkang-yul-black-tea-time-reverse-eye-patch-60pcs","title":{"rendered":"Pyunkang Yul Black Tea Time Reverse Eye Patch 60pcs"},"content":{"rendered":"<h2>Description<\/h2>\n<p>Le Black Tea Time Reverse Eye Patch Pyunkang Yul est un masque hydrogel pour les yeux qui est id\u00e9al pour revitaliser le contour des yeux. Il est enrichi d\u2019extrait de th\u00e9 noir ferment\u00e9, de collag\u00e8ne \u00e0 faible poids mol\u00e9culaire et d\u2019extrait de haricot noir pour nourrir la peau. Il est \u00e9galement formul\u00e9 avec de l\u2019acide hyaluronique et du c\u00e9ramide pour reconstituer les niveaux d\u2019hydratation. Des ingr\u00e9dients suppl\u00e9mentaires tels que l\u2019extrait de son de riz et le niacinamide offrent un coup de fouet \u00e9claircissant.<\/p>\n<p><strong>Recommand\u00e9 pour :&nbsp;<\/strong>Tous types de peaux.<\/p>\n<p><strong>Conseils d\u2019utilisation :<\/strong><\/p>\n<ul>\n<li>Soul\u00e8ve et s\u00e9pare d\u00e9licatement un patch pour les yeux et applique-le sur la zone du dessous des yeux propre et s\u00e8che.<\/li>\n<li>D\u00e9tends-toi pendant environ 20 \u00e0 30 minutes.<\/li>\n<li>Jette-le apr\u00e8s utilisation et fais p\u00e9n\u00e9trer doucement l\u2019exc\u00e9dent de s\u00e9rum dans ta peau.<\/li>\n<\/ul>\n<p><strong>Ingr\u00e9dients :<\/strong><\/p>\n<p>Eau Purifi\u00e9e, Glyc\u00e9rine, Niacinamide, Extrait De Chondrus Crispus, Gomme De Caroube (Ceratonia Siliqua), Gomme De Cellulose, Hydroxyac\u00e9toph\u00e9none, 1,2-Hexanediol, Saccharose, Chlorure De Potassium, Borosilicate De Calcium Et Aluminium, Oxyde De Fer Noir, Allanto\u00efne, Gomme Xanthane, Extrait De Racine De Coptis Chinensis, Ferment De Saccharomyces\/Xylinum\/Th\u00e9 Noir (1,066 Ppm), \u00c9thylhexylglyc\u00e9rine, Silice, Ad\u00e9nosine, Dioxyde De Titane, Bis-PEG-15 \u00c9thyl \u00c9ther Dim\u00e9thicone, Disodium EDTA, Mica, Dipotassium Glycyrrhizate, Extrait De Graine De Soja (Glycine Soja), Extrait De Feuille De Betula Alba, Polyglyc\u00e9ryl-6 Caprylate, Polyglyc\u00e9ryl-4 Caprate, Polyacryloyl Polydim\u00e9thyle De Sodium Taurate, Butyl\u00e8ne Glycol, Extrait De Feuille De Camellia Sinensis, Extrait De Son De Riz (Oryza Sativa), Extrait De Perle, Extrait De Feuille De Melaleuca Alternifolia (Arbre \u00c0 Th\u00e9), Oxyde D\u2019\u00c9tain, Collag\u00e8ne Hydrolys\u00e9, Propanediol, C\u00e9ramide NP, Polym\u00e9thacrylate De Glyc\u00e9ryl, Tocoph\u00e9rol, Glycosaminoglycane Hydrolys\u00e9, Hyaluronate De Sodium, Propyl Glycol, Polym\u00e8re Crois\u00e9 D\u2019Hyaluronate De Sodium, Acide Hyaluronique Hydrolys\u00e9, Hyaluronate Hydroxypropyltrimonium, Acide Hyaluronique, Hyaluronate D\u2019Ac\u00e9tyle Bovin, Palmitoyl Tripeptide-1.<\/p>\n","protected":false},"excerpt":{"rendered":"<p>Description Le Black Tea Time Reverse Eye Patch Pyunkang Yul est un masque hydrogel pour les yeux qui est id\u00e9al pour revitaliser le contour des yeux. Il est enrichi d\u2019extrait de th\u00e9 noir ferment\u00e9, de collag\u00e8ne \u00e0 faible poids mol\u00e9culaire et d\u2019extrait de haricot noir pour nourrir la peau. Il est \u00e9galement formul\u00e9 avec de [&hellip;]<\/p>\n","protected":false},"featured_media":5127,"comment_status":"open","ping_status":"closed","template":"","meta":{"content-type":"","_uag_custom_page_level_css":""},"pwb-brand":[],"product_brand":[],"product_cat":[352,328,334,421],"product_tag":[],"class_list":{"0":"post-5128","1":"product","2":"type-product","3":"status-publish","4":"has-post-thumbnail","6":"product_cat-contour-des-yeux","7":"product_cat-nouveautes","8":"product_cat-produits-coreens","9":"product_cat-pyunkang-yul","11":"first","12":"instock","13":"sale","14":"shipping-taxable","15":"purchasable","16":"product-type-simple"},"aioseo_notices":[],"uagb_featured_image_src":{"full":["https:\/\/wavexia.com\/wp-content\/uploads\/2025\/10\/Product-page-sizes_f26fbd28-b28c-48d7-a13e-46393b11a32e.webp",800,800,false],"thumbnail":["https:\/\/wavexia.com\/wp-content\/uploads\/2025\/10\/Product-page-sizes_f26fbd28-b28c-48d7-a13e-46393b11a32e-150x150.webp",150,150,true],"medium":["https:\/\/wavexia.com\/wp-content\/uploads\/2025\/10\/Product-page-sizes_f26fbd28-b28c-48d7-a13e-46393b11a32e-300x300.webp",300,300,true],"medium_large":["https:\/\/wavexia.com\/wp-content\/uploads\/2025\/10\/Product-page-sizes_f26fbd28-b28c-48d7-a13e-46393b11a32e-768x768.webp",768,768,true],"large":["https:\/\/wavexia.com\/wp-content\/uploads\/2025\/10\/Product-page-sizes_f26fbd28-b28c-48d7-a13e-46393b11a32e.webp",800,800,false],"1536x1536":["https:\/\/wavexia.com\/wp-content\/uploads\/2025\/10\/Product-page-sizes_f26fbd28-b28c-48d7-a13e-46393b11a32e.webp",800,800,false],"2048x2048":["https:\/\/wavexia.com\/wp-content\/uploads\/2025\/10\/Product-page-sizes_f26fbd28-b28c-48d7-a13e-46393b11a32e.webp",800,800,false],"woocommerce_archive_thumbnail":["https:\/\/wavexia.com\/wp-content\/uploads\/2025\/10\/Product-page-sizes_f26fbd28-b28c-48d7-a13e-46393b11a32e-300x300.webp",300,300,true],"woocommerce_thumbnail":["https:\/\/wavexia.com\/wp-content\/uploads\/2025\/10\/Product-page-sizes_f26fbd28-b28c-48d7-a13e-46393b11a32e-300x300.webp",300,300,true],"woocommerce_single":["https:\/\/wavexia.com\/wp-content\/uploads\/2025\/10\/Product-page-sizes_f26fbd28-b28c-48d7-a13e-46393b11a32e-600x600.webp",600,600,true],"woocommerce_gallery_thumbnail":["https:\/\/wavexia.com\/wp-content\/uploads\/2025\/10\/Product-page-sizes_f26fbd28-b28c-48d7-a13e-46393b11a32e-100x100.webp",100,100,true]},"uagb_author_info":{"display_name":"zineddine.ayoub98@gmail.com","author_link":"https:\/\/wavexia.com\/?author=0"},"uagb_comment_info":0,"uagb_excerpt":"Description Le Black Tea Time Reverse Eye Patch Pyunkang Yul est un masque hydrogel pour les yeux qui est id\u00e9al pour revitaliser le contour des yeux. Il est enrichi d\u2019extrait de th\u00e9 noir ferment\u00e9, de collag\u00e8ne \u00e0 faible poids mol\u00e9culaire et d\u2019extrait de haricot noir pour nourrir la peau. Il est \u00e9galement formul\u00e9 avec de&hellip;","brands":[],"_links":{"self":[{"href":"https:\/\/wavexia.com\/index.php?rest_route=\/wp\/v2\/product\/5128","targetHints":{"allow":["GET"]}}],"collection":[{"href":"https:\/\/wavexia.com\/index.php?rest_route=\/wp\/v2\/product"}],"about":[{"href":"https:\/\/wavexia.com\/index.php?rest_route=\/wp\/v2\/types\/product"}],"replies":[{"embeddable":true,"href":"https:\/\/wavexia.com\/index.php?rest_route=%2Fwp%2Fv2%2Fcomments&post=5128"}],"wp:featuredmedia":[{"embeddable":true,"href":"https:\/\/wavexia.com\/index.php?rest_route=\/wp\/v2\/media\/5127"}],"wp:attachment":[{"href":"https:\/\/wavexia.com\/index.php?rest_route=%2Fwp%2Fv2%2Fmedia&parent=5128"}],"wp:term":[{"taxonomy":"pwb-brand","embeddable":true,"href":"https:\/\/wavexia.com\/index.php?rest_route=%2Fwp%2Fv2%2Fpwb-brand&post=5128"},{"taxonomy":"product_brand","embeddable":true,"href":"https:\/\/wavexia.com\/index.php?rest_route=%2Fwp%2Fv2%2Fproduct_brand&post=5128"},{"taxonomy":"product_cat","embeddable":true,"href":"https:\/\/wavexia.com\/index.php?rest_route=%2Fwp%2Fv2%2Fproduct_cat&post=5128"},{"taxonomy":"product_tag","embeddable":true,"href":"https:\/\/wavexia.com\/index.php?rest_route=%2Fwp%2Fv2%2Fproduct_tag&post=5128"}],"curies":[{"name":"wp","href":"https:\/\/api.w.org\/{rel}","templated":true}]}}