{"id":5124,"date":"2025-10-19T09:16:23","date_gmt":"2025-10-19T09:16:23","guid":{"rendered":"https:\/\/wavexia.com\/product\/round-lab-birch-juice-moisturizing-cleanser-150ml\/"},"modified":"2026-03-10T07:31:07","modified_gmt":"2026-03-10T07:31:07","slug":"round-lab-birch-juice-moisturizing-cleanser-150ml","status":"publish","type":"product","link":"https:\/\/wavexia.com\/?product=round-lab-birch-juice-moisturizing-cleanser-150ml","title":{"rendered":"Round Lab Birch Juice Moisturizing Cleanser 150ml"},"content":{"rendered":"<h2>Description<\/h2>\n<p>Le Round Lab Birch Juice Moisturizing Cleanser est un incontournable dans votre routine de soins de la peau si vous souffrez d\u2019une peau sensible et d\u00e9shydrat\u00e9e. Ce nettoyant est un nettoyant l\u00e9g\u00e8rement acide qui pr\u00e9vient la d\u00e9shydratation et aide votre peau \u00e0 maintenir un \u00e9quilibre hydrique sain.<\/p>\n<p>Le nettoyant est enrichi en extrait de noix de coco pour \u00e9liminer la salet\u00e9 et l\u2019exc\u00e8s de s\u00e9bum. Les ingr\u00e9dients qui ne devraient bien s\u00fbr pas manquer sont l\u2019acide hyaluronique et le NMF. Ces ingr\u00e9dients forment une barri\u00e8re contre l\u2019humidit\u00e9 pour emprisonner l\u2019hydratation.<\/p>\n<p>Parlez d\u2019un nettoyant tout-en-un!<\/p>\n<p><strong>Ce nettoyant :<\/strong><\/p>\n<ul>\n<li>Effet l\u00e9g\u00e8rement acidul\u00e9<\/li>\n<li>convient aux peaux sensibles et d\u00e9shydrat\u00e9es<\/li>\n<li>hydrate intens\u00e9ment<\/li>\n<li>\u00e9limine la salet\u00e9 et l\u2019exc\u00e8s de s\u00e9bum<\/li>\n<li>enrichi en extrait de noix de coco, acide hyaluronique et NMF<\/li>\n<li>sans cruaut\u00e9<\/li>\n<\/ul>\n<p><strong>Comment utiliser:<\/strong><\/p>\n<ul>\n<li>Mouillez-vous les mains et prenez un peu de nettoyant sur votre paume.<\/li>\n<li>Massez le nettoyant sur votre visage en mouvements circulaires.<\/li>\n<li>Rincez le nettoyant \u00e0 l\u2019eau ti\u00e8de et s\u00e9chez doucement votre peau avec une serviette propre.<\/li>\n<\/ul>\n<p><strong>Ingr\u00e9dients:<br \/><\/strong>Eau, Glyc\u00e9rine, Sodium Cocoyl Alaninate, Lauryl Hydroxysultaine, Disodium Cocoamphodiacetate, Sodium Methyl Cocoyl Taurate, Acrylate\/\u200bc10-30 Alkyl Acrylate Crosspolymer, Betula Alba Juice (10 000 Ppm), Butylene Glycol, Sodium Hyaluronate, Acide Hyaluronique, Sodium Chloride, Glyceryl Glucoside, Acide ascorbique, 1,2-Hexanediol, Extrait d\u2019Artemisia Annua, Huile de fleur d\u2019Anthemis Nobilis, Huile de feuille de Pinus Sylvestris, Extrait d\u2019\u00e9corce de Quillaja Saponaria, Caprylyl Glycol, Coco Glucoside, Glyceryl Caprylate, Sodium Cocoyl Isethionate, Hexyl\u00e8ne Glycol, Acide citrique, Disodium Edda.<strong><br \/><\/strong><\/p>\n<p><strong>Contenu :<\/strong>&nbsp;150 ml.<\/p>\n","protected":false},"excerpt":{"rendered":"<p>Description Le Round Lab Birch Juice Moisturizing Cleanser est un incontournable dans votre routine de soins de la peau si vous souffrez d\u2019une peau sensible et d\u00e9shydrat\u00e9e. Ce nettoyant est un nettoyant l\u00e9g\u00e8rement acide qui pr\u00e9vient la d\u00e9shydratation et aide votre peau \u00e0 maintenir un \u00e9quilibre hydrique sain. Le nettoyant est enrichi en extrait de [&hellip;]<\/p>\n","protected":false},"featured_media":5123,"comment_status":"open","ping_status":"closed","template":"","meta":{"content-type":"","_uag_custom_page_level_css":""},"pwb-brand":[],"product_brand":[],"product_cat":[336,334,341],"product_tag":[],"class_list":{"0":"post-5124","1":"product","2":"type-product","3":"status-publish","4":"has-post-thumbnail","6":"product_cat-nettoyant","7":"product_cat-produits-coreens","8":"product_cat-round-lab","10":"first","11":"instock","12":"sale","13":"shipping-taxable","14":"purchasable","15":"product-type-simple"},"aioseo_notices":[],"uagb_featured_image_src":{"full":["https:\/\/wavexia.com\/wp-content\/uploads\/2025\/10\/Product-page-sizes_401d906e-1941-474f-a964-ca4ee7eb29e4.webp",800,800,false],"thumbnail":["https:\/\/wavexia.com\/wp-content\/uploads\/2025\/10\/Product-page-sizes_401d906e-1941-474f-a964-ca4ee7eb29e4-150x150.webp",150,150,true],"medium":["https:\/\/wavexia.com\/wp-content\/uploads\/2025\/10\/Product-page-sizes_401d906e-1941-474f-a964-ca4ee7eb29e4-300x300.webp",300,300,true],"medium_large":["https:\/\/wavexia.com\/wp-content\/uploads\/2025\/10\/Product-page-sizes_401d906e-1941-474f-a964-ca4ee7eb29e4-768x768.webp",768,768,true],"large":["https:\/\/wavexia.com\/wp-content\/uploads\/2025\/10\/Product-page-sizes_401d906e-1941-474f-a964-ca4ee7eb29e4.webp",800,800,false],"1536x1536":["https:\/\/wavexia.com\/wp-content\/uploads\/2025\/10\/Product-page-sizes_401d906e-1941-474f-a964-ca4ee7eb29e4.webp",800,800,false],"2048x2048":["https:\/\/wavexia.com\/wp-content\/uploads\/2025\/10\/Product-page-sizes_401d906e-1941-474f-a964-ca4ee7eb29e4.webp",800,800,false],"woocommerce_archive_thumbnail":["https:\/\/wavexia.com\/wp-content\/uploads\/2025\/10\/Product-page-sizes_401d906e-1941-474f-a964-ca4ee7eb29e4-300x300.webp",300,300,true],"woocommerce_thumbnail":["https:\/\/wavexia.com\/wp-content\/uploads\/2025\/10\/Product-page-sizes_401d906e-1941-474f-a964-ca4ee7eb29e4-300x300.webp",300,300,true],"woocommerce_single":["https:\/\/wavexia.com\/wp-content\/uploads\/2025\/10\/Product-page-sizes_401d906e-1941-474f-a964-ca4ee7eb29e4-600x600.webp",600,600,true],"woocommerce_gallery_thumbnail":["https:\/\/wavexia.com\/wp-content\/uploads\/2025\/10\/Product-page-sizes_401d906e-1941-474f-a964-ca4ee7eb29e4-100x100.webp",100,100,true]},"uagb_author_info":{"display_name":"zineddine.ayoub98@gmail.com","author_link":"https:\/\/wavexia.com\/?author=0"},"uagb_comment_info":0,"uagb_excerpt":"Description Le Round Lab Birch Juice Moisturizing Cleanser est un incontournable dans votre routine de soins de la peau si vous souffrez d\u2019une peau sensible et d\u00e9shydrat\u00e9e. Ce nettoyant est un nettoyant l\u00e9g\u00e8rement acide qui pr\u00e9vient la d\u00e9shydratation et aide votre peau \u00e0 maintenir un \u00e9quilibre hydrique sain. Le nettoyant est enrichi en extrait de&hellip;","brands":[],"_links":{"self":[{"href":"https:\/\/wavexia.com\/index.php?rest_route=\/wp\/v2\/product\/5124","targetHints":{"allow":["GET"]}}],"collection":[{"href":"https:\/\/wavexia.com\/index.php?rest_route=\/wp\/v2\/product"}],"about":[{"href":"https:\/\/wavexia.com\/index.php?rest_route=\/wp\/v2\/types\/product"}],"replies":[{"embeddable":true,"href":"https:\/\/wavexia.com\/index.php?rest_route=%2Fwp%2Fv2%2Fcomments&post=5124"}],"wp:featuredmedia":[{"embeddable":true,"href":"https:\/\/wavexia.com\/index.php?rest_route=\/wp\/v2\/media\/5123"}],"wp:attachment":[{"href":"https:\/\/wavexia.com\/index.php?rest_route=%2Fwp%2Fv2%2Fmedia&parent=5124"}],"wp:term":[{"taxonomy":"pwb-brand","embeddable":true,"href":"https:\/\/wavexia.com\/index.php?rest_route=%2Fwp%2Fv2%2Fpwb-brand&post=5124"},{"taxonomy":"product_brand","embeddable":true,"href":"https:\/\/wavexia.com\/index.php?rest_route=%2Fwp%2Fv2%2Fproduct_brand&post=5124"},{"taxonomy":"product_cat","embeddable":true,"href":"https:\/\/wavexia.com\/index.php?rest_route=%2Fwp%2Fv2%2Fproduct_cat&post=5124"},{"taxonomy":"product_tag","embeddable":true,"href":"https:\/\/wavexia.com\/index.php?rest_route=%2Fwp%2Fv2%2Fproduct_tag&post=5124"}],"curies":[{"name":"wp","href":"https:\/\/api.w.org\/{rel}","templated":true}]}}