{"id":5106,"date":"2025-10-19T09:16:11","date_gmt":"2025-10-19T09:16:11","guid":{"rendered":"https:\/\/wavexia.com\/product\/rituals-coffret-voyage-apaisant-the-ritual-of-jing\/"},"modified":"2026-03-10T07:31:07","modified_gmt":"2026-03-10T07:31:07","slug":"rituals-coffret-voyage-apaisant-the-ritual-of-jing","status":"publish","type":"product","link":"https:\/\/wavexia.com\/?product=rituals-coffret-voyage-apaisant-the-ritual-of-jing","title":{"rendered":"RITUALS Coffret voyage apaisant The Ritual of Jing"},"content":{"rendered":"<h2>Description<\/h2>\n<p>Ne vous s\u00e9parez plus de vos essentiels de soin pour le corps o\u00f9 que vous soyez, gr\u00e2ce \u00e0 ce coffret voyage de la collection The Ritual of Jing.<\/p>\n<p>&nbsp;<\/p>\n<p>&nbsp;<\/p>\n<p>Il est compos\u00e9 de trois produits coup de c\u0153ur relaxants&nbsp;:<br \/>\u2013 une mousse de douche (50ml \u2013 format d\u00e9couverte) : \u200b\u200b\u200b\u200b\u200b\u200bProfitez des propri\u00e9t\u00e9s relaxantes et nourrissantes du lotus sacr\u00e9 et de l\u2019effet apaisant du jujube, deux ingr\u00e9dients ancestraux utilis\u00e9s en Chine depuis des milliers d\u2019ann\u00e9es.<\/p>\n<p>&nbsp;<\/p>\n<p>&nbsp;<\/p>\n<p>\u2013 une cr\u00e8me pour le corps (70ml \u2013 format d\u00e9couverte) : Nourrissez votre peau tout en profitant d\u2019une intense relaxation avec cette cr\u00e8me pour le corps The Ritual of Jing.<\/p>\n<p>&nbsp;<\/p>\n<p>&nbsp;<\/p>\n<p>\u2013 un gommage pour le corps (125gr \u2013 format d\u00e9couverte) : Formul\u00e9 \u00e0 partir de 92 % d\u2019ingr\u00e9dients d\u2019origine naturelle, ce gommage au sel associe du magn\u00e9sium \u00e0 un m\u00e9lange d\u2019huiles v\u00e9g\u00e9tales nourrissantes pour \u00e9liminer les cellules mortes et hydrater la peau. Dot\u00e9 de propri\u00e9t\u00e9s apaisantes, le magn\u00e9sium apporte \u00e9quilibre et sant\u00e9 \u00e0 la peau.<\/p>\n","protected":false},"excerpt":{"rendered":"<p>Description Ne vous s\u00e9parez plus de vos essentiels de soin pour le corps o\u00f9 que vous soyez, gr\u00e2ce \u00e0 ce coffret voyage de la collection The Ritual of Jing. &nbsp; &nbsp; Il est compos\u00e9 de trois produits coup de c\u0153ur relaxants&nbsp;:\u2013 une mousse de douche (50ml \u2013 format d\u00e9couverte) : \u200b\u200b\u200b\u200b\u200b\u200bProfitez des propri\u00e9t\u00e9s relaxantes et [&hellip;]<\/p>\n","protected":false},"featured_media":5105,"comment_status":"open","ping_status":"closed","template":"","meta":{"content-type":"","_uag_custom_page_level_css":""},"pwb-brand":[],"product_brand":[],"product_cat":[332],"product_tag":[],"class_list":{"0":"post-5106","1":"product","2":"type-product","3":"status-publish","4":"has-post-thumbnail","6":"product_cat-rituals","8":"first","9":"instock","10":"shipping-taxable","11":"purchasable","12":"product-type-simple"},"aioseo_notices":[],"uagb_featured_image_src":{"full":["https:\/\/wavexia.com\/wp-content\/uploads\/2025\/10\/IMG_1772.jpeg",576,789,false],"thumbnail":["https:\/\/wavexia.com\/wp-content\/uploads\/2025\/10\/IMG_1772-150x150.jpeg",150,150,true],"medium":["https:\/\/wavexia.com\/wp-content\/uploads\/2025\/10\/IMG_1772-219x300.jpeg",219,300,true],"medium_large":["https:\/\/wavexia.com\/wp-content\/uploads\/2025\/10\/IMG_1772.jpeg",576,789,false],"large":["https:\/\/wavexia.com\/wp-content\/uploads\/2025\/10\/IMG_1772.jpeg",576,789,false],"1536x1536":["https:\/\/wavexia.com\/wp-content\/uploads\/2025\/10\/IMG_1772.jpeg",576,789,false],"2048x2048":["https:\/\/wavexia.com\/wp-content\/uploads\/2025\/10\/IMG_1772.jpeg",576,789,false],"woocommerce_archive_thumbnail":["https:\/\/wavexia.com\/wp-content\/uploads\/2025\/10\/IMG_1772-300x411.jpeg",300,411,true],"woocommerce_thumbnail":["https:\/\/wavexia.com\/wp-content\/uploads\/2025\/10\/IMG_1772-300x300.jpeg",300,300,true],"woocommerce_single":["https:\/\/wavexia.com\/wp-content\/uploads\/2025\/10\/IMG_1772.jpeg",576,789,false],"woocommerce_gallery_thumbnail":["https:\/\/wavexia.com\/wp-content\/uploads\/2025\/10\/IMG_1772-100x100.jpeg",100,100,true]},"uagb_author_info":{"display_name":"zineddine.ayoub98@gmail.com","author_link":"https:\/\/wavexia.com\/?author=0"},"uagb_comment_info":0,"uagb_excerpt":"Description Ne vous s\u00e9parez plus de vos essentiels de soin pour le corps o\u00f9 que vous soyez, gr\u00e2ce \u00e0 ce coffret voyage de la collection The Ritual of Jing. &nbsp; &nbsp; Il est compos\u00e9 de trois produits coup de c\u0153ur relaxants&nbsp;:\u2013 une mousse de douche (50ml \u2013 format d\u00e9couverte) : \u200b\u200b\u200b\u200b\u200b\u200bProfitez des propri\u00e9t\u00e9s relaxantes et&hellip;","brands":[],"_links":{"self":[{"href":"https:\/\/wavexia.com\/index.php?rest_route=\/wp\/v2\/product\/5106","targetHints":{"allow":["GET"]}}],"collection":[{"href":"https:\/\/wavexia.com\/index.php?rest_route=\/wp\/v2\/product"}],"about":[{"href":"https:\/\/wavexia.com\/index.php?rest_route=\/wp\/v2\/types\/product"}],"replies":[{"embeddable":true,"href":"https:\/\/wavexia.com\/index.php?rest_route=%2Fwp%2Fv2%2Fcomments&post=5106"}],"wp:featuredmedia":[{"embeddable":true,"href":"https:\/\/wavexia.com\/index.php?rest_route=\/wp\/v2\/media\/5105"}],"wp:attachment":[{"href":"https:\/\/wavexia.com\/index.php?rest_route=%2Fwp%2Fv2%2Fmedia&parent=5106"}],"wp:term":[{"taxonomy":"pwb-brand","embeddable":true,"href":"https:\/\/wavexia.com\/index.php?rest_route=%2Fwp%2Fv2%2Fpwb-brand&post=5106"},{"taxonomy":"product_brand","embeddable":true,"href":"https:\/\/wavexia.com\/index.php?rest_route=%2Fwp%2Fv2%2Fproduct_brand&post=5106"},{"taxonomy":"product_cat","embeddable":true,"href":"https:\/\/wavexia.com\/index.php?rest_route=%2Fwp%2Fv2%2Fproduct_cat&post=5106"},{"taxonomy":"product_tag","embeddable":true,"href":"https:\/\/wavexia.com\/index.php?rest_route=%2Fwp%2Fv2%2Fproduct_tag&post=5106"}],"curies":[{"name":"wp","href":"https:\/\/api.w.org\/{rel}","templated":true}]}}