{"id":5096,"date":"2025-10-19T09:16:02","date_gmt":"2025-10-19T09:16:02","guid":{"rendered":"https:\/\/wavexia.com\/product\/kiko-milano-full-coverage-concealer-04\/"},"modified":"2026-03-10T07:31:07","modified_gmt":"2026-03-10T07:31:07","slug":"kiko-milano-full-coverage-concealer-04","status":"publish","type":"product","link":"https:\/\/wavexia.com\/?product=kiko-milano-full-coverage-concealer-04","title":{"rendered":"KIKO Milano Full Coverage Concealer 04"},"content":{"rendered":"<h2>Description<\/h2>\n<p>Correcteur cr\u00e9meux \u00e0 couvrance totale, sp\u00e9cialement con\u00e7u pour les probl\u00e8mes d\u2019imperfections cutan\u00e9es.<\/p>\n<p>Id\u00e9al pour minimiser les imperfections moyennes \u00e0 graves telles que les taches de vieillesse, les grains de beaut\u00e9, la rosac\u00e9e et les cicatrices.<\/p>\n<p>Le pouvoir couvrant \u00e9lev\u00e9 se combine \u00e0 une consistance \u00e9tonnamment l\u00e9g\u00e8re, est non gras et facile \u00e0 appliquer gr\u00e2ce aux pigments anti-\u00e9paisseur.<\/p>\n<p>Le complexe absorbant le s\u00e9bum rend cette formule parfaite, m\u00eame pour les peaux tr\u00e8s grasses.<\/p>\n<p>Le r\u00e9sultat est une correction uniforme et naturelle qui restera en place toute la journ\u00e9e.<\/p>\n","protected":false},"excerpt":{"rendered":"<p>Description Correcteur cr\u00e9meux \u00e0 couvrance totale, sp\u00e9cialement con\u00e7u pour les probl\u00e8mes d\u2019imperfections cutan\u00e9es. Id\u00e9al pour minimiser les imperfections moyennes \u00e0 graves telles que les taches de vieillesse, les grains de beaut\u00e9, la rosac\u00e9e et les cicatrices. Le pouvoir couvrant \u00e9lev\u00e9 se combine \u00e0 une consistance \u00e9tonnamment l\u00e9g\u00e8re, est non gras et facile \u00e0 appliquer gr\u00e2ce [&hellip;]<\/p>\n","protected":false},"featured_media":5095,"comment_status":"open","ping_status":"closed","template":"","meta":{"content-type":"","_uag_custom_page_level_css":""},"pwb-brand":[],"product_brand":[],"product_cat":[388,360],"product_tag":[],"class_list":{"0":"post-5096","1":"product","2":"type-product","3":"status-publish","4":"has-post-thumbnail","6":"product_cat-kiko","7":"product_cat-maquillage","9":"first","10":"instock","11":"sale","12":"shipping-taxable","13":"purchasable","14":"product-type-simple"},"aioseo_notices":[],"uagb_featured_image_src":{"full":["https:\/\/wavexia.com\/wp-content\/uploads\/2025\/10\/71g3szHSOWL.jpg",1600,1600,false],"thumbnail":["https:\/\/wavexia.com\/wp-content\/uploads\/2025\/10\/71g3szHSOWL-150x150.jpg",150,150,true],"medium":["https:\/\/wavexia.com\/wp-content\/uploads\/2025\/10\/71g3szHSOWL-300x300.jpg",300,300,true],"medium_large":["https:\/\/wavexia.com\/wp-content\/uploads\/2025\/10\/71g3szHSOWL-768x768.jpg",768,768,true],"large":["https:\/\/wavexia.com\/wp-content\/uploads\/2025\/10\/71g3szHSOWL-1024x1024.jpg",1024,1024,true],"1536x1536":["https:\/\/wavexia.com\/wp-content\/uploads\/2025\/10\/71g3szHSOWL-1536x1536.jpg",1536,1536,true],"2048x2048":["https:\/\/wavexia.com\/wp-content\/uploads\/2025\/10\/71g3szHSOWL.jpg",1600,1600,false],"woocommerce_archive_thumbnail":["https:\/\/wavexia.com\/wp-content\/uploads\/2025\/10\/71g3szHSOWL-300x300.jpg",300,300,true],"woocommerce_thumbnail":["https:\/\/wavexia.com\/wp-content\/uploads\/2025\/10\/71g3szHSOWL-300x300.jpg",300,300,true],"woocommerce_single":["https:\/\/wavexia.com\/wp-content\/uploads\/2025\/10\/71g3szHSOWL-600x600.jpg",600,600,true],"woocommerce_gallery_thumbnail":["https:\/\/wavexia.com\/wp-content\/uploads\/2025\/10\/71g3szHSOWL-100x100.jpg",100,100,true]},"uagb_author_info":{"display_name":"zineddine.ayoub98@gmail.com","author_link":"https:\/\/wavexia.com\/?author=0"},"uagb_comment_info":0,"uagb_excerpt":"Description Correcteur cr\u00e9meux \u00e0 couvrance totale, sp\u00e9cialement con\u00e7u pour les probl\u00e8mes d\u2019imperfections cutan\u00e9es. Id\u00e9al pour minimiser les imperfections moyennes \u00e0 graves telles que les taches de vieillesse, les grains de beaut\u00e9, la rosac\u00e9e et les cicatrices. Le pouvoir couvrant \u00e9lev\u00e9 se combine \u00e0 une consistance \u00e9tonnamment l\u00e9g\u00e8re, est non gras et facile \u00e0 appliquer gr\u00e2ce&hellip;","brands":[],"_links":{"self":[{"href":"https:\/\/wavexia.com\/index.php?rest_route=\/wp\/v2\/product\/5096","targetHints":{"allow":["GET"]}}],"collection":[{"href":"https:\/\/wavexia.com\/index.php?rest_route=\/wp\/v2\/product"}],"about":[{"href":"https:\/\/wavexia.com\/index.php?rest_route=\/wp\/v2\/types\/product"}],"replies":[{"embeddable":true,"href":"https:\/\/wavexia.com\/index.php?rest_route=%2Fwp%2Fv2%2Fcomments&post=5096"}],"wp:featuredmedia":[{"embeddable":true,"href":"https:\/\/wavexia.com\/index.php?rest_route=\/wp\/v2\/media\/5095"}],"wp:attachment":[{"href":"https:\/\/wavexia.com\/index.php?rest_route=%2Fwp%2Fv2%2Fmedia&parent=5096"}],"wp:term":[{"taxonomy":"pwb-brand","embeddable":true,"href":"https:\/\/wavexia.com\/index.php?rest_route=%2Fwp%2Fv2%2Fpwb-brand&post=5096"},{"taxonomy":"product_brand","embeddable":true,"href":"https:\/\/wavexia.com\/index.php?rest_route=%2Fwp%2Fv2%2Fproduct_brand&post=5096"},{"taxonomy":"product_cat","embeddable":true,"href":"https:\/\/wavexia.com\/index.php?rest_route=%2Fwp%2Fv2%2Fproduct_cat&post=5096"},{"taxonomy":"product_tag","embeddable":true,"href":"https:\/\/wavexia.com\/index.php?rest_route=%2Fwp%2Fv2%2Fproduct_tag&post=5096"}],"curies":[{"name":"wp","href":"https:\/\/api.w.org\/{rel}","templated":true}]}}