{"id":5084,"date":"2025-10-19T09:15:52","date_gmt":"2025-10-19T09:15:52","guid":{"rendered":"https:\/\/wavexia.com\/product\/haruharu-wonder-black-rice-hyaluronic-toner-150ml\/"},"modified":"2026-03-10T07:31:07","modified_gmt":"2026-03-10T07:31:07","slug":"haruharu-wonder-black-rice-hyaluronic-toner-150ml","status":"publish","type":"product","link":"https:\/\/wavexia.com\/?product=haruharu-wonder-black-rice-hyaluronic-toner-150ml","title":{"rendered":"Haruharu Wonder Black Rice Hyaluronic Toner 150ml"},"content":{"rendered":"<h2>Description<\/h2>\n<p>Le toner hyaluronique au riz noir Haruharu Wonder est un toner ultra hydratant enrichi en riz noir. Le riz noir prot\u00e8ge votre peau contre les radicaux libres et votre peau subit une hydratation longue dur\u00e9e.<\/p>\n<p>Ce toner est enrichi en pigments polyph\u00e9nols et flavono\u00efdes. Ces ingr\u00e9dients puissants pr\u00e9viennent la perte d\u2019humidit\u00e9 et donnent un coup de fouet intense qui redonne \u00e0 votre peau son \u00e9clat. En plus de ces grandes propri\u00e9t\u00e9s, il assure \u00e9galement le renouvellement cellulaire, r\u00e9duisant les ridules et la d\u00e9coloration des imperfections.<\/p>\n<p>Ce toner luxueux donne \u00e0 tous les types de peau une apparence saine et jeune&nbsp;!<\/p>\n<p><strong>Ce tonique&nbsp;:<\/strong><\/p>\n<ul>\n<li>convient \u00e0 tous les types de peau<\/li>\n<li>hydratation longue dur\u00e9e<\/li>\n<li>prot\u00e8ge contre les radicaux libres<\/li>\n<li>coup de pouce intense<\/li>\n<li>emp\u00eache la perte d\u2019humidit\u00e9<\/li>\n<li>favorise le renouvellement cellulaire<\/li>\n<li>r\u00e9duit les ridules et les imperfections<\/li>\n<li>enrichi en pigments de riz noir, polyph\u00e9nols et flavono\u00efdes<\/li>\n<li>sans cruaut\u00e9<\/li>\n<li>v\u00e9g\u00e9talien<\/li>\n<\/ul>\n<p><strong>Comment utiliser:<br \/><\/strong><\/p>\n<ul>\n<li>Nettoyez votre peau avec un nettoyant.<\/li>\n<li>Prenez une petite quantit\u00e9 sur un coton et tamponnez doucement sur la peau jusqu\u2019\u00e0 ce que le produit soit absorb\u00e9.<\/li>\n<\/ul>\n<p><strong>Ingr\u00e9dients:<br \/><\/strong>Eau, b\u00e9ta\u00efne, glyc\u00e9rine, propanediol, extrait d\u2019Oryza Sativa (riz), extrait d\u2019\u00e9corce de pousse de Phyllostachys Pubescens, ferment d\u2019Aspergillus, extrait de racine de Panax Ginseng, cyclodextrine, extrait de racine de Scutellaria Baicalensis, acide hyaluronique, b\u00eata-glucane, gomme de cellulose, gomme de xanthane, butyl\u00e8ne Glycol, extrait d\u2019Usnea Barbata (Lichen), extrait de fruit de Zanthoxylum Piperitum, extrait de Pulsatilla Koreana, phytate de sodium, gomme de graine de Tamarindus Indica, laurate de polyglyc\u00e9ryl-10, myristate de polyglyc\u00e9ryl-10, glucose, 1,2-hexanediol, alcool, Lavandula Angustifolia (lavande ) Huile, Limon\u00e8ne, Linalool.<\/p>\n","protected":false},"excerpt":{"rendered":"<p>Description Le toner hyaluronique au riz noir Haruharu Wonder est un toner ultra hydratant enrichi en riz noir. Le riz noir prot\u00e8ge votre peau contre les radicaux libres et votre peau subit une hydratation longue dur\u00e9e. Ce toner est enrichi en pigments polyph\u00e9nols et flavono\u00efdes. Ces ingr\u00e9dients puissants pr\u00e9viennent la perte d\u2019humidit\u00e9 et donnent un [&hellip;]<\/p>\n","protected":false},"featured_media":5083,"comment_status":"open","ping_status":"closed","template":"","meta":{"content-type":"","_uag_custom_page_level_css":""},"pwb-brand":[],"product_brand":[],"product_cat":[372,327,334,345],"product_tag":[],"class_list":{"0":"post-5084","1":"product","2":"type-product","3":"status-publish","4":"has-post-thumbnail","6":"product_cat-haruharu-wonder","7":"product_cat-hmizat","8":"product_cat-produits-coreens","9":"product_cat-toner-pads","11":"first","12":"instock","13":"sale","14":"shipping-taxable","15":"purchasable","16":"product-type-simple"},"aioseo_notices":[],"uagb_featured_image_src":{"full":["https:\/\/wavexia.com\/wp-content\/uploads\/2025\/10\/300_1296x_46a8700b-d497-477b-86ec-ffb6c943ffdd.webp",800,800,false],"thumbnail":["https:\/\/wavexia.com\/wp-content\/uploads\/2025\/10\/300_1296x_46a8700b-d497-477b-86ec-ffb6c943ffdd-150x150.webp",150,150,true],"medium":["https:\/\/wavexia.com\/wp-content\/uploads\/2025\/10\/300_1296x_46a8700b-d497-477b-86ec-ffb6c943ffdd-300x300.webp",300,300,true],"medium_large":["https:\/\/wavexia.com\/wp-content\/uploads\/2025\/10\/300_1296x_46a8700b-d497-477b-86ec-ffb6c943ffdd-768x768.webp",768,768,true],"large":["https:\/\/wavexia.com\/wp-content\/uploads\/2025\/10\/300_1296x_46a8700b-d497-477b-86ec-ffb6c943ffdd.webp",800,800,false],"1536x1536":["https:\/\/wavexia.com\/wp-content\/uploads\/2025\/10\/300_1296x_46a8700b-d497-477b-86ec-ffb6c943ffdd.webp",800,800,false],"2048x2048":["https:\/\/wavexia.com\/wp-content\/uploads\/2025\/10\/300_1296x_46a8700b-d497-477b-86ec-ffb6c943ffdd.webp",800,800,false],"woocommerce_archive_thumbnail":["https:\/\/wavexia.com\/wp-content\/uploads\/2025\/10\/300_1296x_46a8700b-d497-477b-86ec-ffb6c943ffdd-300x300.webp",300,300,true],"woocommerce_thumbnail":["https:\/\/wavexia.com\/wp-content\/uploads\/2025\/10\/300_1296x_46a8700b-d497-477b-86ec-ffb6c943ffdd-300x300.webp",300,300,true],"woocommerce_single":["https:\/\/wavexia.com\/wp-content\/uploads\/2025\/10\/300_1296x_46a8700b-d497-477b-86ec-ffb6c943ffdd-600x600.webp",600,600,true],"woocommerce_gallery_thumbnail":["https:\/\/wavexia.com\/wp-content\/uploads\/2025\/10\/300_1296x_46a8700b-d497-477b-86ec-ffb6c943ffdd-100x100.webp",100,100,true]},"uagb_author_info":{"display_name":"zineddine.ayoub98@gmail.com","author_link":"https:\/\/wavexia.com\/?author=0"},"uagb_comment_info":0,"uagb_excerpt":"Description Le toner hyaluronique au riz noir Haruharu Wonder est un toner ultra hydratant enrichi en riz noir. Le riz noir prot\u00e8ge votre peau contre les radicaux libres et votre peau subit une hydratation longue dur\u00e9e. Ce toner est enrichi en pigments polyph\u00e9nols et flavono\u00efdes. Ces ingr\u00e9dients puissants pr\u00e9viennent la perte d\u2019humidit\u00e9 et donnent un&hellip;","brands":[],"_links":{"self":[{"href":"https:\/\/wavexia.com\/index.php?rest_route=\/wp\/v2\/product\/5084","targetHints":{"allow":["GET"]}}],"collection":[{"href":"https:\/\/wavexia.com\/index.php?rest_route=\/wp\/v2\/product"}],"about":[{"href":"https:\/\/wavexia.com\/index.php?rest_route=\/wp\/v2\/types\/product"}],"replies":[{"embeddable":true,"href":"https:\/\/wavexia.com\/index.php?rest_route=%2Fwp%2Fv2%2Fcomments&post=5084"}],"wp:featuredmedia":[{"embeddable":true,"href":"https:\/\/wavexia.com\/index.php?rest_route=\/wp\/v2\/media\/5083"}],"wp:attachment":[{"href":"https:\/\/wavexia.com\/index.php?rest_route=%2Fwp%2Fv2%2Fmedia&parent=5084"}],"wp:term":[{"taxonomy":"pwb-brand","embeddable":true,"href":"https:\/\/wavexia.com\/index.php?rest_route=%2Fwp%2Fv2%2Fpwb-brand&post=5084"},{"taxonomy":"product_brand","embeddable":true,"href":"https:\/\/wavexia.com\/index.php?rest_route=%2Fwp%2Fv2%2Fproduct_brand&post=5084"},{"taxonomy":"product_cat","embeddable":true,"href":"https:\/\/wavexia.com\/index.php?rest_route=%2Fwp%2Fv2%2Fproduct_cat&post=5084"},{"taxonomy":"product_tag","embeddable":true,"href":"https:\/\/wavexia.com\/index.php?rest_route=%2Fwp%2Fv2%2Fproduct_tag&post=5084"}],"curies":[{"name":"wp","href":"https:\/\/api.w.org\/{rel}","templated":true}]}}