{"id":5072,"date":"2025-10-19T09:15:41","date_gmt":"2025-10-19T09:15:41","guid":{"rendered":"https:\/\/wavexia.com\/product\/house-of-hur-weightless-sun-fluid-50ml\/"},"modified":"2026-03-10T07:31:07","modified_gmt":"2026-03-10T07:31:07","slug":"house-of-hur-weightless-sun-fluid-50ml","status":"publish","type":"product","link":"https:\/\/wavexia.com\/?product=house-of-hur-weightless-sun-fluid-50ml","title":{"rendered":"House of Hur Weightless Sun Fluid 50ml"},"content":{"rendered":"<h2>Description<\/h2>\n<p class=\"p1\"><strong>50ml<\/strong>&nbsp;l<strong>&nbsp;SPF 50+ PA++++,&nbsp;<\/strong><strong>application non collante<\/strong><\/p>\n<p class=\"p2\">Weightless Sun Fluid est un \u00e9cran solaire \u00e0 la fois cr\u00e9meux et rafra\u00eechissant. Il contient une forte concentration d\u2019extrait de yuja de Jeju et d\u2019extrait pur de miel de Nouvelle-Z\u00e9lande, offrant des avantages efficaces sans alourdir la peau.<\/p>\n<p class=\"p2\">Une exposition prolong\u00e9e aux rayons UV peut endommager la peau, entra\u00eener des rides et des ridules et donner une apparence vieillie. M\u00eame une exposition mineure au soleil peut s\u2019accumuler et causer des dommages importants au fil du temps. Par cons\u00e9quent, l\u2019utilisation quotidienne d\u2019un \u00e9cran solaire est essentielle pour prot\u00e9ger la sant\u00e9 de votre peau et maintenir son apparence jeune.<\/p>\n<h5>conseils d\u2019utilisation:<\/h5>\n<ul>\n<li>Applique sur les zones expos\u00e9es du visage\/corps 30 minutes avant de sortir au soleil.<\/li>\n<li>Renouvelle l\u2019application toutes les deux heures pour une protection solaire parfaite pendant la journ\u00e9e.<\/li>\n<\/ul>\n<h5>ingr\u00e9dients:<\/h5>\n<p>Eau,Adipate de dibutyle,Ethylhexyl triazone,Acide t\u00e9r\u00e9phtalilid\u00e8ne dicamphor sulfonique,Silice,Butyl\u00e8ne glycol,M\u00e9thylpropanediol,Tromethamine,Dist\u00e9arate de polyglyc\u00e9ryl-3,1,2-Hexanediol,Extrait de miel,Extrait de fruit de Citrus Junos,Caprylyl M\u00e9thicone,Benzoate de di\u00e9thylaminohydroxybenzoyle hexyle,Polysilicone-15,Acryloyldim\u00e9thyltaurate d\u2019ammonium\/Copolym\u00e8re VP,Phosphate de c\u00e9tyle de potassium,Bis-\u00e9thylhexyloxyph\u00e9nol m\u00e9thoxyph\u00e9nyle triazine,St\u00e9arate de glyc\u00e9ryle,Pentyl\u00e8ne glycol,Polyacrylate Polym\u00e8re crois\u00e9-6, hydroxyac\u00e9toph\u00e9none, poly\u00e9ther-1, citrate de st\u00e9arate de glyc\u00e9ryle, \u00e9thylhexylglyc\u00e9rine, EDTA disodique<\/p>\n<p>&nbsp;<\/p>\n","protected":false},"excerpt":{"rendered":"<p>Description 50ml&nbsp;l&nbsp;SPF 50+ PA++++,&nbsp;application non collante Weightless Sun Fluid est un \u00e9cran solaire \u00e0 la fois cr\u00e9meux et rafra\u00eechissant. Il contient une forte concentration d\u2019extrait de yuja de Jeju et d\u2019extrait pur de miel de Nouvelle-Z\u00e9lande, offrant des avantages efficaces sans alourdir la peau. Une exposition prolong\u00e9e aux rayons UV peut endommager la peau, entra\u00eener [&hellip;]<\/p>\n","protected":false},"featured_media":5071,"comment_status":"open","ping_status":"closed","template":"","meta":{"content-type":"","_uag_custom_page_level_css":""},"pwb-brand":[],"product_brand":[],"product_cat":[442,328,334,340],"product_tag":[],"class_list":{"0":"post-5072","1":"product","2":"type-product","3":"status-publish","4":"has-post-thumbnail","6":"product_cat-house-of-hur","7":"product_cat-nouveautes","8":"product_cat-produits-coreens","9":"product_cat-protection-solaire","11":"first","12":"instock","13":"sale","14":"shipping-taxable","15":"purchasable","16":"product-type-simple"},"aioseo_notices":[],"uagb_featured_image_src":{"full":["https:\/\/wavexia.com\/wp-content\/uploads\/2025\/10\/Product-page-sizes_77161300-51ae-4499-965a-3cba39414fb6.webp",800,800,false],"thumbnail":["https:\/\/wavexia.com\/wp-content\/uploads\/2025\/10\/Product-page-sizes_77161300-51ae-4499-965a-3cba39414fb6-150x150.webp",150,150,true],"medium":["https:\/\/wavexia.com\/wp-content\/uploads\/2025\/10\/Product-page-sizes_77161300-51ae-4499-965a-3cba39414fb6-300x300.webp",300,300,true],"medium_large":["https:\/\/wavexia.com\/wp-content\/uploads\/2025\/10\/Product-page-sizes_77161300-51ae-4499-965a-3cba39414fb6-768x768.webp",768,768,true],"large":["https:\/\/wavexia.com\/wp-content\/uploads\/2025\/10\/Product-page-sizes_77161300-51ae-4499-965a-3cba39414fb6.webp",800,800,false],"1536x1536":["https:\/\/wavexia.com\/wp-content\/uploads\/2025\/10\/Product-page-sizes_77161300-51ae-4499-965a-3cba39414fb6.webp",800,800,false],"2048x2048":["https:\/\/wavexia.com\/wp-content\/uploads\/2025\/10\/Product-page-sizes_77161300-51ae-4499-965a-3cba39414fb6.webp",800,800,false],"woocommerce_archive_thumbnail":["https:\/\/wavexia.com\/wp-content\/uploads\/2025\/10\/Product-page-sizes_77161300-51ae-4499-965a-3cba39414fb6-300x300.webp",300,300,true],"woocommerce_thumbnail":["https:\/\/wavexia.com\/wp-content\/uploads\/2025\/10\/Product-page-sizes_77161300-51ae-4499-965a-3cba39414fb6-300x300.webp",300,300,true],"woocommerce_single":["https:\/\/wavexia.com\/wp-content\/uploads\/2025\/10\/Product-page-sizes_77161300-51ae-4499-965a-3cba39414fb6-600x600.webp",600,600,true],"woocommerce_gallery_thumbnail":["https:\/\/wavexia.com\/wp-content\/uploads\/2025\/10\/Product-page-sizes_77161300-51ae-4499-965a-3cba39414fb6-100x100.webp",100,100,true]},"uagb_author_info":{"display_name":"zineddine.ayoub98@gmail.com","author_link":"https:\/\/wavexia.com\/?author=0"},"uagb_comment_info":0,"uagb_excerpt":"Description 50ml&nbsp;l&nbsp;SPF 50+ PA++++,&nbsp;application non collante Weightless Sun Fluid est un \u00e9cran solaire \u00e0 la fois cr\u00e9meux et rafra\u00eechissant. Il contient une forte concentration d\u2019extrait de yuja de Jeju et d\u2019extrait pur de miel de Nouvelle-Z\u00e9lande, offrant des avantages efficaces sans alourdir la peau. Une exposition prolong\u00e9e aux rayons UV peut endommager la peau, entra\u00eener&hellip;","brands":[],"_links":{"self":[{"href":"https:\/\/wavexia.com\/index.php?rest_route=\/wp\/v2\/product\/5072","targetHints":{"allow":["GET"]}}],"collection":[{"href":"https:\/\/wavexia.com\/index.php?rest_route=\/wp\/v2\/product"}],"about":[{"href":"https:\/\/wavexia.com\/index.php?rest_route=\/wp\/v2\/types\/product"}],"replies":[{"embeddable":true,"href":"https:\/\/wavexia.com\/index.php?rest_route=%2Fwp%2Fv2%2Fcomments&post=5072"}],"wp:featuredmedia":[{"embeddable":true,"href":"https:\/\/wavexia.com\/index.php?rest_route=\/wp\/v2\/media\/5071"}],"wp:attachment":[{"href":"https:\/\/wavexia.com\/index.php?rest_route=%2Fwp%2Fv2%2Fmedia&parent=5072"}],"wp:term":[{"taxonomy":"pwb-brand","embeddable":true,"href":"https:\/\/wavexia.com\/index.php?rest_route=%2Fwp%2Fv2%2Fpwb-brand&post=5072"},{"taxonomy":"product_brand","embeddable":true,"href":"https:\/\/wavexia.com\/index.php?rest_route=%2Fwp%2Fv2%2Fproduct_brand&post=5072"},{"taxonomy":"product_cat","embeddable":true,"href":"https:\/\/wavexia.com\/index.php?rest_route=%2Fwp%2Fv2%2Fproduct_cat&post=5072"},{"taxonomy":"product_tag","embeddable":true,"href":"https:\/\/wavexia.com\/index.php?rest_route=%2Fwp%2Fv2%2Fproduct_tag&post=5072"}],"curies":[{"name":"wp","href":"https:\/\/api.w.org\/{rel}","templated":true}]}}