{"id":5059,"date":"2025-10-19T09:15:34","date_gmt":"2025-10-19T09:15:34","guid":{"rendered":"https:\/\/wavexia.com\/product\/tirtir-milk-skin-toner-50ml\/"},"modified":"2026-03-10T07:31:07","modified_gmt":"2026-03-10T07:31:07","slug":"tirtir-milk-skin-toner-50ml","status":"publish","type":"product","link":"https:\/\/wavexia.com\/?product=tirtir-milk-skin-toner-50ml","title":{"rendered":"TIRTIR Milk skin toner 50ml"},"content":{"rendered":"<h2>Description<\/h2>\n<p>La TIRTIR Milk Skin Toner 50 ml poss\u00e8de une formule concentr\u00e9e qui transforme votre peau en un teint soyeux et lact\u00e9 ! Cette lotion est enrichie d\u2019un puissant m\u00e9lange d\u2019ingr\u00e9dients, dont l\u2019extrait de graine de riz et la niacinamide, qui agissent ensemble pour am\u00e9liorer l\u2019\u00e9clat et la clart\u00e9 de la peau. L\u2019acide hyaluronique hydrate intens\u00e9ment, tandis que l\u2019extrait de camomille apaise et revitalise.<\/p>\n<p>Con\u00e7ue sp\u00e9cialement pour les peaux s\u00e8ches ou d\u00e9shydrat\u00e9es, cette lotion offre une hydratation intense et est recommand\u00e9e en application double pour des bienfaits optimaux. Gr\u00e2ce \u00e0 sa formule hypoallerg\u00e9nique, elle convient \u00e0 tous les types de peau, m\u00eame les plus sensibles.<\/p>\n<p>La TIRTIR Milk Skin Toner est \u00e0 la fois efficace et \u00e9thique. Elle est totalement v\u00e9gane et exempte d\u2019ingr\u00e9dients nocifs tels que les parab\u00e8nes, les sulfates, les colorants ou parfums artificiels. Faites rayonner votre peau gr\u00e2ce \u00e0 la puissance des extraits naturels et de la technologie moderne des soins cutan\u00e9s.<\/p>\n<p><strong>Conseils d\u2019utilisation :<\/strong><\/p>\n<ul>\n<li>Assurez-vous que votre peau soit propre et s\u00e8che.<\/li>\n<li>Appliquez une quantit\u00e9 g\u00e9n\u00e9reuse avec le bout des doigts.<\/li>\n<li>R\u00e9partissez uniform\u00e9ment sur le visage jusqu\u2019\u00e0 absorption compl\u00e8te.<\/li>\n<\/ul>\n<h5>ingr\u00e9dients:<\/h5>\n<p>Water, Glycerine, Oryza Sativa (Rijst) Zemelen Extract, Butyleen Glycol, Niacinamide, Anthemis Nobilis Bloemextract, 1,2-hexaandiol, Styreen\/vp Copolymeer, Caprylyl Glycol, Glycyrrhiza Glabra (Zoethout) Wortel Extract, Camellia Sinensis Bladextract, Rosmarinus Officinalis (Rozemarijn) Bladextract, Centella Asiatica-extract, Kamomilla Recutita (Matricaria) Bloemextract, Hamamelis Virginiana (Toverhazelaar) Extract, Polygonum Cuspidatum Wortelextract, Scutellaria Baicalensis Wortelextract, Beta\u00efne, Panthenol, Allanto\u00efne, Natrium Pca, Adenosine, Dinatrium Edta, Natriumhyaluronaat, Carbomeer, Arginine, Illicium Verum (Anijs) Fruitextract, Alchemilla Vulgaris Extract, Amaranthus Caudatus Extract, Olea Europaea (Olijf) Blad Extract, Veronica Officinalis Extract, Mentha Piperita (Pepermunt) Blad Extract, Ulmus Davidiana Wortel Extract, Cynara Scolymus (Artisjok) Blad Extract, Avena Sativa (Haver) Kern Extract, Sambucus Nigra Bloemextract, Chamaecyparis Obtusa Bladextract, Laminaria Japonica Extract, Beta-glucan, Ceramide Np, Peg-40 Gehydrogeneerde Castorolie, Ppg-26-buteth-26, Koper Tripeptide-1, Palmitoyl Pentapeptide-4, Acetyl Hexapeptide-8.<\/p>\n<p>&nbsp;<\/p>\n","protected":false},"excerpt":{"rendered":"<p>Description La TIRTIR Milk Skin Toner 50 ml poss\u00e8de une formule concentr\u00e9e qui transforme votre peau en un teint soyeux et lact\u00e9 ! Cette lotion est enrichie d\u2019un puissant m\u00e9lange d\u2019ingr\u00e9dients, dont l\u2019extrait de graine de riz et la niacinamide, qui agissent ensemble pour am\u00e9liorer l\u2019\u00e9clat et la clart\u00e9 de la peau. L\u2019acide hyaluronique hydrate [&hellip;]<\/p>\n","protected":false},"featured_media":5058,"comment_status":"open","ping_status":"closed","template":"","meta":{"content-type":"","_uag_custom_page_level_css":""},"pwb-brand":[],"product_brand":[],"product_cat":[328,334,370,345],"product_tag":[],"class_list":{"0":"post-5059","1":"product","2":"type-product","3":"status-publish","4":"has-post-thumbnail","6":"product_cat-nouveautes","7":"product_cat-produits-coreens","8":"product_cat-tirtir","9":"product_cat-toner-pads","11":"first","12":"instock","13":"sale","14":"shipping-taxable","15":"purchasable","16":"product-type-simple"},"aioseo_notices":[],"uagb_featured_image_src":{"full":["https:\/\/wavexia.com\/wp-content\/uploads\/2025\/10\/Milk_Skin_Toner_50ml.webp",900,900,false],"thumbnail":["https:\/\/wavexia.com\/wp-content\/uploads\/2025\/10\/Milk_Skin_Toner_50ml-150x150.webp",150,150,true],"medium":["https:\/\/wavexia.com\/wp-content\/uploads\/2025\/10\/Milk_Skin_Toner_50ml-300x300.webp",300,300,true],"medium_large":["https:\/\/wavexia.com\/wp-content\/uploads\/2025\/10\/Milk_Skin_Toner_50ml-768x768.webp",768,768,true],"large":["https:\/\/wavexia.com\/wp-content\/uploads\/2025\/10\/Milk_Skin_Toner_50ml.webp",900,900,false],"1536x1536":["https:\/\/wavexia.com\/wp-content\/uploads\/2025\/10\/Milk_Skin_Toner_50ml.webp",900,900,false],"2048x2048":["https:\/\/wavexia.com\/wp-content\/uploads\/2025\/10\/Milk_Skin_Toner_50ml.webp",900,900,false],"woocommerce_archive_thumbnail":["https:\/\/wavexia.com\/wp-content\/uploads\/2025\/10\/Milk_Skin_Toner_50ml-300x300.webp",300,300,true],"woocommerce_thumbnail":["https:\/\/wavexia.com\/wp-content\/uploads\/2025\/10\/Milk_Skin_Toner_50ml-300x300.webp",300,300,true],"woocommerce_single":["https:\/\/wavexia.com\/wp-content\/uploads\/2025\/10\/Milk_Skin_Toner_50ml-600x600.webp",600,600,true],"woocommerce_gallery_thumbnail":["https:\/\/wavexia.com\/wp-content\/uploads\/2025\/10\/Milk_Skin_Toner_50ml-100x100.webp",100,100,true]},"uagb_author_info":{"display_name":"zineddine.ayoub98@gmail.com","author_link":"https:\/\/wavexia.com\/?author=0"},"uagb_comment_info":0,"uagb_excerpt":"Description La TIRTIR Milk Skin Toner 50 ml poss\u00e8de une formule concentr\u00e9e qui transforme votre peau en un teint soyeux et lact\u00e9 ! Cette lotion est enrichie d\u2019un puissant m\u00e9lange d\u2019ingr\u00e9dients, dont l\u2019extrait de graine de riz et la niacinamide, qui agissent ensemble pour am\u00e9liorer l\u2019\u00e9clat et la clart\u00e9 de la peau. L\u2019acide hyaluronique hydrate&hellip;","brands":[],"_links":{"self":[{"href":"https:\/\/wavexia.com\/index.php?rest_route=\/wp\/v2\/product\/5059","targetHints":{"allow":["GET"]}}],"collection":[{"href":"https:\/\/wavexia.com\/index.php?rest_route=\/wp\/v2\/product"}],"about":[{"href":"https:\/\/wavexia.com\/index.php?rest_route=\/wp\/v2\/types\/product"}],"replies":[{"embeddable":true,"href":"https:\/\/wavexia.com\/index.php?rest_route=%2Fwp%2Fv2%2Fcomments&post=5059"}],"wp:featuredmedia":[{"embeddable":true,"href":"https:\/\/wavexia.com\/index.php?rest_route=\/wp\/v2\/media\/5058"}],"wp:attachment":[{"href":"https:\/\/wavexia.com\/index.php?rest_route=%2Fwp%2Fv2%2Fmedia&parent=5059"}],"wp:term":[{"taxonomy":"pwb-brand","embeddable":true,"href":"https:\/\/wavexia.com\/index.php?rest_route=%2Fwp%2Fv2%2Fpwb-brand&post=5059"},{"taxonomy":"product_brand","embeddable":true,"href":"https:\/\/wavexia.com\/index.php?rest_route=%2Fwp%2Fv2%2Fproduct_brand&post=5059"},{"taxonomy":"product_cat","embeddable":true,"href":"https:\/\/wavexia.com\/index.php?rest_route=%2Fwp%2Fv2%2Fproduct_cat&post=5059"},{"taxonomy":"product_tag","embeddable":true,"href":"https:\/\/wavexia.com\/index.php?rest_route=%2Fwp%2Fv2%2Fproduct_tag&post=5059"}],"curies":[{"name":"wp","href":"https:\/\/api.w.org\/{rel}","templated":true}]}}