{"id":5056,"date":"2025-10-19T09:15:32","date_gmt":"2025-10-19T09:15:32","guid":{"rendered":"https:\/\/wavexia.com\/product\/tocobo-cica-calming-sun-serum-spf50-pa-50ml\/"},"modified":"2026-03-10T07:31:07","modified_gmt":"2026-03-10T07:31:07","slug":"tocobo-cica-calming-sun-serum-spf50-pa-50ml","status":"publish","type":"product","link":"https:\/\/wavexia.com\/?product=tocobo-cica-calming-sun-serum-spf50-pa-50ml","title":{"rendered":"TOCOBO Cica Calming Sun Serum SPF50+ PA++++, 50ml"},"content":{"rendered":"<h2>Description<\/h2>\n<p>Le Cica Calming Sun Serum SPF50+ PA++++ TOCOBO est un \u00e9cran solaire chimique vegan, sans danger pour les r\u00e9cifs, qui offre une protection solaire puissante tout en apaisant et en hydratant la peau. Infus\u00e9 d\u2019extraits de Centella Asiatica et d\u2019aloe vera, ce s\u00e9rum l\u00e9ger aide \u00e0 calmer l\u2019irritation et \u00e0 r\u00e9duire l\u2019inflammation, ce qui le rend id\u00e9al pour les peaux sensibles.<\/p>\n<p>Compos\u00e9 de 60 % d\u2019ingr\u00e9dients hydratants, dont un complexe de dix types d\u2019acide hyaluronique, sa formule assure une hydratation en profondeur et une r\u00e9tention de l\u2019hydratation pour une sensation de bien-\u00eatre et de confort. Non com\u00e9dog\u00e8ne et \u00e0 absorption rapide, ce s\u00e9rum solaire ne laisse aucun r\u00e9sidu collant, ce qui le rend parfait pour un usage quotidien sur tous les types de peaux.<\/p>\n<p>&nbsp;<\/p>\n<h5><strong>Conseils d\u2019utilisation :<\/strong><\/h5>\n<ul>\n<li>Lors de la derni\u00e8re \u00e9tape de ta routine beaut\u00e9, applique une quantit\u00e9 de produit n\u00e9cessaire et tapote d\u00e9licatement jusqu\u2019\u00e0 absorption compl\u00e8te.<\/li>\n<li>Applique sur ton cou, tes bras, tes jambes et toute autre zone susceptible d\u2019\u00eatre expos\u00e9e au soleil.<\/li>\n<\/ul>\n<h5><strong>Ingr\u00e9dients :<\/strong><\/h5>\n<p>Eau, Dibutyl Adipate, Butyloctyl Salicylate, Butyl\u00e8ne Glycol, Ethylhexyl Triazone, T\u00e9r\u00e9phthalylid\u00e8ne Dicamphor Sulfonic Acid, Bis-Ethylhexyloxyph\u00e9nol M\u00e9thoxyph\u00e9nyl Triazine, Polyglyc\u00e9ryle-3 Disst\u00e9arate, Niacinamide, Polym\u00e9thylsilsesquioxane, Trom\u00e9thamine, 1,2-Hexanediol, Di\u00e9thylamino Hydroxybenzoyl Hexyl Benzoate, Alcool C\u00e9t\u00e9arylique, Pentyl\u00e8ne Glycol, Polysilicone-15, Extrait de Fleur de Carthamus Tinctorius, Extrait de Fruit de Gardenia Florida, Extrait de Centella Asiatica, Extrait de Feuille de Centella Asiatica, Extrait de Feuille d\u2019Aloe Ferox, Hyaluronate de Sodium, Polyacryloyldim\u00e9thyl Taurate de Sodium, St\u00e9arate de Glyc\u00e9ryle, Phosphate de C\u00e9tyl de Potassium, Poly C10-30 Alkyl Acrylate, Glyc\u00e9rine, Crosspolymer de Polyacrylate-6, St\u00e9arate de Glyc\u00e9ryle Citrate, Inuline Lauryl Carbamate, Copolym\u00e8re d\u2019Acryloyldim\u00e9thyltaurate d\u2019Ammonium\/VP, \u00c9thylhexylglycerine, Ad\u00e9nosine, Dextrine, Tocoph\u00e9rol, Ferment de Saccharomyces, Dim\u00e9thylsilanol Hyaluronate, Hyaluronate de Sodium Hydrolys\u00e9, Acide Hyaluronique Hydrolys\u00e9, Hyaluronate de Potassium, Acide Hyaluronique, Asiaticoside, Crosspolymer de Hyaluronate de Sodium, Hydroxypropyltrimonium Hyaluronate, Madecassoside, Dim\u00e9thylsilanol Hyaluronate de Sodium, Hyaluronate Ac\u00e9tyl\u00e9 de Sodium, Acide Madecassique, Acide Asiatic, Parfum.<\/p>\n","protected":false},"excerpt":{"rendered":"<p>Description Le Cica Calming Sun Serum SPF50+ PA++++ TOCOBO est un \u00e9cran solaire chimique vegan, sans danger pour les r\u00e9cifs, qui offre une protection solaire puissante tout en apaisant et en hydratant la peau. Infus\u00e9 d\u2019extraits de Centella Asiatica et d\u2019aloe vera, ce s\u00e9rum l\u00e9ger aide \u00e0 calmer l\u2019irritation et \u00e0 r\u00e9duire l\u2019inflammation, ce qui [&hellip;]<\/p>\n","protected":false},"featured_media":5055,"comment_status":"open","ping_status":"closed","template":"","meta":{"content-type":"","_uag_custom_page_level_css":""},"pwb-brand":[],"product_brand":[],"product_cat":[334,340,394],"product_tag":[],"class_list":{"0":"post-5056","1":"product","2":"type-product","3":"status-publish","4":"has-post-thumbnail","6":"product_cat-produits-coreens","7":"product_cat-protection-solaire","8":"product_cat-tocobo","10":"first","11":"instock","12":"sale","13":"shipping-taxable","14":"purchasable","15":"product-type-simple"},"aioseo_notices":[],"uagb_featured_image_src":{"full":["https:\/\/wavexia.com\/wp-content\/uploads\/2025\/10\/Product-page-sizes_95d1ae9d-e764-4b75-a9e7-9b7bdfcf3bfe.webp",800,800,false],"thumbnail":["https:\/\/wavexia.com\/wp-content\/uploads\/2025\/10\/Product-page-sizes_95d1ae9d-e764-4b75-a9e7-9b7bdfcf3bfe-150x150.webp",150,150,true],"medium":["https:\/\/wavexia.com\/wp-content\/uploads\/2025\/10\/Product-page-sizes_95d1ae9d-e764-4b75-a9e7-9b7bdfcf3bfe-300x300.webp",300,300,true],"medium_large":["https:\/\/wavexia.com\/wp-content\/uploads\/2025\/10\/Product-page-sizes_95d1ae9d-e764-4b75-a9e7-9b7bdfcf3bfe-768x768.webp",768,768,true],"large":["https:\/\/wavexia.com\/wp-content\/uploads\/2025\/10\/Product-page-sizes_95d1ae9d-e764-4b75-a9e7-9b7bdfcf3bfe.webp",800,800,false],"1536x1536":["https:\/\/wavexia.com\/wp-content\/uploads\/2025\/10\/Product-page-sizes_95d1ae9d-e764-4b75-a9e7-9b7bdfcf3bfe.webp",800,800,false],"2048x2048":["https:\/\/wavexia.com\/wp-content\/uploads\/2025\/10\/Product-page-sizes_95d1ae9d-e764-4b75-a9e7-9b7bdfcf3bfe.webp",800,800,false],"woocommerce_archive_thumbnail":["https:\/\/wavexia.com\/wp-content\/uploads\/2025\/10\/Product-page-sizes_95d1ae9d-e764-4b75-a9e7-9b7bdfcf3bfe-300x300.webp",300,300,true],"woocommerce_thumbnail":["https:\/\/wavexia.com\/wp-content\/uploads\/2025\/10\/Product-page-sizes_95d1ae9d-e764-4b75-a9e7-9b7bdfcf3bfe-300x300.webp",300,300,true],"woocommerce_single":["https:\/\/wavexia.com\/wp-content\/uploads\/2025\/10\/Product-page-sizes_95d1ae9d-e764-4b75-a9e7-9b7bdfcf3bfe-600x600.webp",600,600,true],"woocommerce_gallery_thumbnail":["https:\/\/wavexia.com\/wp-content\/uploads\/2025\/10\/Product-page-sizes_95d1ae9d-e764-4b75-a9e7-9b7bdfcf3bfe-100x100.webp",100,100,true]},"uagb_author_info":{"display_name":"zineddine.ayoub98@gmail.com","author_link":"https:\/\/wavexia.com\/?author=0"},"uagb_comment_info":0,"uagb_excerpt":"Description Le Cica Calming Sun Serum SPF50+ PA++++ TOCOBO est un \u00e9cran solaire chimique vegan, sans danger pour les r\u00e9cifs, qui offre une protection solaire puissante tout en apaisant et en hydratant la peau. Infus\u00e9 d\u2019extraits de Centella Asiatica et d\u2019aloe vera, ce s\u00e9rum l\u00e9ger aide \u00e0 calmer l\u2019irritation et \u00e0 r\u00e9duire l\u2019inflammation, ce qui&hellip;","brands":[],"_links":{"self":[{"href":"https:\/\/wavexia.com\/index.php?rest_route=\/wp\/v2\/product\/5056","targetHints":{"allow":["GET"]}}],"collection":[{"href":"https:\/\/wavexia.com\/index.php?rest_route=\/wp\/v2\/product"}],"about":[{"href":"https:\/\/wavexia.com\/index.php?rest_route=\/wp\/v2\/types\/product"}],"replies":[{"embeddable":true,"href":"https:\/\/wavexia.com\/index.php?rest_route=%2Fwp%2Fv2%2Fcomments&post=5056"}],"wp:featuredmedia":[{"embeddable":true,"href":"https:\/\/wavexia.com\/index.php?rest_route=\/wp\/v2\/media\/5055"}],"wp:attachment":[{"href":"https:\/\/wavexia.com\/index.php?rest_route=%2Fwp%2Fv2%2Fmedia&parent=5056"}],"wp:term":[{"taxonomy":"pwb-brand","embeddable":true,"href":"https:\/\/wavexia.com\/index.php?rest_route=%2Fwp%2Fv2%2Fpwb-brand&post=5056"},{"taxonomy":"product_brand","embeddable":true,"href":"https:\/\/wavexia.com\/index.php?rest_route=%2Fwp%2Fv2%2Fproduct_brand&post=5056"},{"taxonomy":"product_cat","embeddable":true,"href":"https:\/\/wavexia.com\/index.php?rest_route=%2Fwp%2Fv2%2Fproduct_cat&post=5056"},{"taxonomy":"product_tag","embeddable":true,"href":"https:\/\/wavexia.com\/index.php?rest_route=%2Fwp%2Fv2%2Fproduct_tag&post=5056"}],"curies":[{"name":"wp","href":"https:\/\/api.w.org\/{rel}","templated":true}]}}