{"id":5047,"date":"2025-10-19T09:15:27","date_gmt":"2025-10-19T09:15:27","guid":{"rendered":"https:\/\/wavexia.com\/product\/purito-seoul-wonder-releaf-centella-serum-60ml\/"},"modified":"2026-03-10T07:31:07","modified_gmt":"2026-03-10T07:31:07","slug":"purito-seoul-wonder-releaf-centella-serum-60ml","status":"publish","type":"product","link":"https:\/\/wavexia.com\/?product=purito-seoul-wonder-releaf-centella-serum-60ml","title":{"rendered":"PURITO SEOUL Wonder Releaf Centella Serum 60ml"},"content":{"rendered":"<h2>Description<\/h2>\n<p><span>Anciennement le s\u00e9rum buffet Centella Green Level, cette version nouvellement reconditionn\u00e9e du s\u00e9rum bien-aim\u00e9 de PURITO, apaisant pour la peau, est d\u00e9sormais suraliment\u00e9e avec plus d\u2019actifs de Centella pour un effet apaisant plus rapide et plus puissant ! Le s\u00e9rum Purito Wonder Releaf Centella est un s\u00e9rum calmant qui renforce et adoucit la peau tout en procurant un soulagement rapide des irritations et des rougeurs, apr\u00e8s une seule application. Infus\u00e9 d\u2019extrait de cica pour soulager efficacement les rougeurs et l\u2019inconfort de la peau, d\u2019allanto\u00efne pour calmer et d\u2019am\u00e9liorer la texture de la peau et de peptides pour aider \u00e0 promouvoir une peau saine et plus ferme. Livr\u00e9 avec un parfum apaisant \u00e0 base de plantes.<\/span><\/p>\n<p>Recommand\u00e9 pour les peaux s\u00e8ches, grasses et mixtes.<\/p>\n<h5>Ingr\u00e9dients:<\/h5>\n<p>Eau, glyc\u00e9rine, dipropyl\u00e8ne glycol, propanediol, extrait de Centella Asiatica (34 685 ppm), butyl\u00e8ne glycol, niacinamide, 1,2-hexanediol, hyaluronate de sodium, panth\u00e9nol, mad\u00e9cassoside, asiaticoside, acide mad\u00e9cassique, acide asiatique, v\u00e9sicules extracellulaires de callosit\u00e9s Centella Asiatica, allanto\u00efne, palmitoyl t\u00e9trapeptide-7, palmitoyl hexapeptide-12, palmitoyl tripeptide-1, palmitoyl dipeptide-10, polyglyc\u00e9ryl-10 laurate, carbom\u00e8re, polyglyc\u00e9ryl-10 myristate, esters de jojoba hydrolys\u00e9s, trom\u00e9thamine, Ethylhexylglyc\u00e9rine, gomme xanthane, glycyrrhizate dipotassique, ad\u00e9nosine, EDTA disodique, st\u00e9arate de saccharose, st\u00e9arate de glyc\u00e9ryle, l\u00e9cithine hydrog\u00e9n\u00e9e, st\u00e9arate de polyglyc\u00e9ryl-10, c\u00e9ramide NP, extrait de feuille de Camellia Sinensis, extrait de Pancratium Maritimum, huile de fruit de Citrus Aurantium Bergamia (bergamote), huile de feuille de Pinus Sylvestris, huile de feuille de Rosmarinus Officinalis (romarin), huile de Lavandula Hybrida, limon\u00e8ne, linalol.<\/p>\n<p>&nbsp;<\/p>\n","protected":false},"excerpt":{"rendered":"<p>Description Anciennement le s\u00e9rum buffet Centella Green Level, cette version nouvellement reconditionn\u00e9e du s\u00e9rum bien-aim\u00e9 de PURITO, apaisant pour la peau, est d\u00e9sormais suraliment\u00e9e avec plus d\u2019actifs de Centella pour un effet apaisant plus rapide et plus puissant ! Le s\u00e9rum Purito Wonder Releaf Centella est un s\u00e9rum calmant qui renforce et adoucit la peau [&hellip;]<\/p>\n","protected":false},"featured_media":5046,"comment_status":"open","ping_status":"closed","template":"","meta":{"content-type":"","_uag_custom_page_level_css":""},"pwb-brand":[],"product_brand":[],"product_cat":[328,334,405,338],"product_tag":[],"class_list":{"0":"post-5047","1":"product","2":"type-product","3":"status-publish","4":"has-post-thumbnail","6":"product_cat-nouveautes","7":"product_cat-produits-coreens","8":"product_cat-purito-seoul","9":"product_cat-serum-ampoule","11":"first","12":"instock","13":"sale","14":"shipping-taxable","15":"purchasable","16":"product-type-simple"},"aioseo_notices":[],"uagb_featured_image_src":{"full":["https:\/\/wavexia.com\/wp-content\/uploads\/2025\/10\/51jopoCqyL-1.jpg",1080,1080,false],"thumbnail":["https:\/\/wavexia.com\/wp-content\/uploads\/2025\/10\/51jopoCqyL-1-150x150.jpg",150,150,true],"medium":["https:\/\/wavexia.com\/wp-content\/uploads\/2025\/10\/51jopoCqyL-1-300x300.jpg",300,300,true],"medium_large":["https:\/\/wavexia.com\/wp-content\/uploads\/2025\/10\/51jopoCqyL-1-768x768.jpg",768,768,true],"large":["https:\/\/wavexia.com\/wp-content\/uploads\/2025\/10\/51jopoCqyL-1-1024x1024.jpg",1024,1024,true],"1536x1536":["https:\/\/wavexia.com\/wp-content\/uploads\/2025\/10\/51jopoCqyL-1.jpg",1080,1080,false],"2048x2048":["https:\/\/wavexia.com\/wp-content\/uploads\/2025\/10\/51jopoCqyL-1.jpg",1080,1080,false],"woocommerce_archive_thumbnail":["https:\/\/wavexia.com\/wp-content\/uploads\/2025\/10\/51jopoCqyL-1-300x300.jpg",300,300,true],"woocommerce_thumbnail":["https:\/\/wavexia.com\/wp-content\/uploads\/2025\/10\/51jopoCqyL-1-300x300.jpg",300,300,true],"woocommerce_single":["https:\/\/wavexia.com\/wp-content\/uploads\/2025\/10\/51jopoCqyL-1-600x600.jpg",600,600,true],"woocommerce_gallery_thumbnail":["https:\/\/wavexia.com\/wp-content\/uploads\/2025\/10\/51jopoCqyL-1-100x100.jpg",100,100,true]},"uagb_author_info":{"display_name":"zineddine.ayoub98@gmail.com","author_link":"https:\/\/wavexia.com\/?author=0"},"uagb_comment_info":0,"uagb_excerpt":"Description Anciennement le s\u00e9rum buffet Centella Green Level, cette version nouvellement reconditionn\u00e9e du s\u00e9rum bien-aim\u00e9 de PURITO, apaisant pour la peau, est d\u00e9sormais suraliment\u00e9e avec plus d\u2019actifs de Centella pour un effet apaisant plus rapide et plus puissant ! Le s\u00e9rum Purito Wonder Releaf Centella est un s\u00e9rum calmant qui renforce et adoucit la peau&hellip;","brands":[],"_links":{"self":[{"href":"https:\/\/wavexia.com\/index.php?rest_route=\/wp\/v2\/product\/5047","targetHints":{"allow":["GET"]}}],"collection":[{"href":"https:\/\/wavexia.com\/index.php?rest_route=\/wp\/v2\/product"}],"about":[{"href":"https:\/\/wavexia.com\/index.php?rest_route=\/wp\/v2\/types\/product"}],"replies":[{"embeddable":true,"href":"https:\/\/wavexia.com\/index.php?rest_route=%2Fwp%2Fv2%2Fcomments&post=5047"}],"wp:featuredmedia":[{"embeddable":true,"href":"https:\/\/wavexia.com\/index.php?rest_route=\/wp\/v2\/media\/5046"}],"wp:attachment":[{"href":"https:\/\/wavexia.com\/index.php?rest_route=%2Fwp%2Fv2%2Fmedia&parent=5047"}],"wp:term":[{"taxonomy":"pwb-brand","embeddable":true,"href":"https:\/\/wavexia.com\/index.php?rest_route=%2Fwp%2Fv2%2Fpwb-brand&post=5047"},{"taxonomy":"product_brand","embeddable":true,"href":"https:\/\/wavexia.com\/index.php?rest_route=%2Fwp%2Fv2%2Fproduct_brand&post=5047"},{"taxonomy":"product_cat","embeddable":true,"href":"https:\/\/wavexia.com\/index.php?rest_route=%2Fwp%2Fv2%2Fproduct_cat&post=5047"},{"taxonomy":"product_tag","embeddable":true,"href":"https:\/\/wavexia.com\/index.php?rest_route=%2Fwp%2Fv2%2Fproduct_tag&post=5047"}],"curies":[{"name":"wp","href":"https:\/\/api.w.org\/{rel}","templated":true}]}}