{"id":5043,"date":"2025-10-19T09:15:23","date_gmt":"2025-10-19T09:15:23","guid":{"rendered":"https:\/\/wavexia.com\/product\/purito-seoul-timeless-bloom-bakuchiol-serum-30ml\/"},"modified":"2026-03-10T07:31:07","modified_gmt":"2026-03-10T07:31:07","slug":"purito-seoul-timeless-bloom-bakuchiol-serum-30ml","status":"publish","type":"product","link":"https:\/\/wavexia.com\/?product=purito-seoul-timeless-bloom-bakuchiol-serum-30ml","title":{"rendered":"PURITO SEOUL Timeless Bloom Bakuchiol Serum 30ml"},"content":{"rendered":"<h2>Description<\/h2>\n<p>Le Bakuchiol Timeless Bloom Revitalizing Serum PURITO&nbsp; est un s\u00e9rum puissant infus\u00e9 de bakuchiol pour r\u00e9duire l\u2019apparence des rides et des ridules. Ce s\u00e9rum vegan et cruelty-free contient \u00e9galement du peptide pour unifier la texture de la peau, de la b\u00e9ta\u00efne pour renforcer sa barri\u00e8re protectrice, et de l\u2019allanto\u00efne pour calmer les peaux sensibles.<\/p>\n<p>Ce s\u00e9rum revitalisant est doux mais efficace, il apporte un \u00e9quilibre parfait entre nutrition et hydratation pour laisser \u00e0 ta peau une sensation de fra\u00eecheur et de jeunesse. Sa formule l\u00e9g\u00e8re et non grasse le rend facile \u00e0 appliquer, et il s\u2019absorbe rapidement dans la peau, sans laisser de r\u00e9sidus.<\/p>\n<p>En plus de ses propri\u00e9t\u00e9s anti-\u00e2ge, ce s\u00e9rum revitalisant de PURITO aide \u00e0 renforcer la sant\u00e9 g\u00e9n\u00e9rale de la peau, ce qui en fait un compl\u00e9ment parfait \u00e0 ta routine beaut\u00e9 quotidienne.<\/p>\n<p><strong>Conseils d\u2019utilisation :<\/strong><\/p>\n<ul>\n<li>Apr\u00e8s avoir nettoy\u00e9 et pr\u00e9par\u00e9 ta peau avec un tonique, applique d\u00e9licatement une quantit\u00e9 suffisante de produit sur l\u2019ensemble de ton visage et sur ton cou.<\/li>\n<li>Tapote ensuite doucement pour une absorption optimale.<\/li>\n<\/ul>\n<h5>ingr\u00e9dients:<\/h5>\n<p>Eau, Butyl\u00e8ne Glycol, Glyc\u00e9rine, Tetraethylhexanoate de Penta\u00e9rythrityl, B\u00e9ta\u00efne, Bakuchiol, Ac\u00e9tyl Hexapeptide-8, Extrait de Lavandula Angustifolia, Extrait de Rosmarinus Officinalis, Extrait de Fleur\/Feuille\/Tige d\u2019Origanum Vulgare, Extrait de Thymus Vulgaris, Ad\u00e9nosine, Allanto\u00efne, Glycyrrhizate Dipotassique, Olivate de C\u00e9tyl, Olivate de Sorbitan, Alcool C\u00e9t\u00e9arylique, Caprylyl Glycol, Palmitate de C\u00e9tyle, Copolym\u00e8re d\u2019Acrylate de Sodium\/Acryloyldim\u00e9thyl Taurate de Sodium, Hydroxyac\u00e9toph\u00e9none, Pentyl\u00e8ne Glycol, Polyisobut\u00e8ne, Palmitate de Sorbitan, Disodium EDTA, Ol\u00e9ate de Sorbitan, \u00c9thylhexylglyc\u00e9rine, Carbom\u00e8re, Gomme Xanthane, Arginine, Glucoside de Caprylyl\/Capryl, 1,2-Hexanediol.<\/p>\n","protected":false},"excerpt":{"rendered":"<p>Description Le Bakuchiol Timeless Bloom Revitalizing Serum PURITO&nbsp; est un s\u00e9rum puissant infus\u00e9 de bakuchiol pour r\u00e9duire l\u2019apparence des rides et des ridules. Ce s\u00e9rum vegan et cruelty-free contient \u00e9galement du peptide pour unifier la texture de la peau, de la b\u00e9ta\u00efne pour renforcer sa barri\u00e8re protectrice, et de l\u2019allanto\u00efne pour calmer les peaux sensibles. [&hellip;]<\/p>\n","protected":false},"featured_media":5042,"comment_status":"open","ping_status":"closed","template":"","meta":{"content-type":"","_uag_custom_page_level_css":""},"pwb-brand":[],"product_brand":[],"product_cat":[328,334,405,338],"product_tag":[],"class_list":{"0":"post-5043","1":"product","2":"type-product","3":"status-publish","4":"has-post-thumbnail","6":"product_cat-nouveautes","7":"product_cat-produits-coreens","8":"product_cat-purito-seoul","9":"product_cat-serum-ampoule","11":"first","12":"instock","13":"sale","14":"shipping-taxable","15":"purchasable","16":"product-type-simple"},"aioseo_notices":[],"uagb_featured_image_src":{"full":["https:\/\/wavexia.com\/wp-content\/uploads\/2025\/10\/51XdwCjEBIL._AC_UF1000_1000_QL80_800x.webp",800,864,false],"thumbnail":["https:\/\/wavexia.com\/wp-content\/uploads\/2025\/10\/51XdwCjEBIL._AC_UF1000_1000_QL80_800x-150x150.webp",150,150,true],"medium":["https:\/\/wavexia.com\/wp-content\/uploads\/2025\/10\/51XdwCjEBIL._AC_UF1000_1000_QL80_800x-278x300.webp",278,300,true],"medium_large":["https:\/\/wavexia.com\/wp-content\/uploads\/2025\/10\/51XdwCjEBIL._AC_UF1000_1000_QL80_800x-768x829.webp",768,829,true],"large":["https:\/\/wavexia.com\/wp-content\/uploads\/2025\/10\/51XdwCjEBIL._AC_UF1000_1000_QL80_800x.webp",800,864,false],"1536x1536":["https:\/\/wavexia.com\/wp-content\/uploads\/2025\/10\/51XdwCjEBIL._AC_UF1000_1000_QL80_800x.webp",800,864,false],"2048x2048":["https:\/\/wavexia.com\/wp-content\/uploads\/2025\/10\/51XdwCjEBIL._AC_UF1000_1000_QL80_800x.webp",800,864,false],"woocommerce_archive_thumbnail":["https:\/\/wavexia.com\/wp-content\/uploads\/2025\/10\/51XdwCjEBIL._AC_UF1000_1000_QL80_800x-300x324.webp",300,324,true],"woocommerce_thumbnail":["https:\/\/wavexia.com\/wp-content\/uploads\/2025\/10\/51XdwCjEBIL._AC_UF1000_1000_QL80_800x-300x300.webp",300,300,true],"woocommerce_single":["https:\/\/wavexia.com\/wp-content\/uploads\/2025\/10\/51XdwCjEBIL._AC_UF1000_1000_QL80_800x-600x648.webp",600,648,true],"woocommerce_gallery_thumbnail":["https:\/\/wavexia.com\/wp-content\/uploads\/2025\/10\/51XdwCjEBIL._AC_UF1000_1000_QL80_800x-100x100.webp",100,100,true]},"uagb_author_info":{"display_name":"zineddine.ayoub98@gmail.com","author_link":"https:\/\/wavexia.com\/?author=0"},"uagb_comment_info":0,"uagb_excerpt":"Description Le Bakuchiol Timeless Bloom Revitalizing Serum PURITO&nbsp; est un s\u00e9rum puissant infus\u00e9 de bakuchiol pour r\u00e9duire l\u2019apparence des rides et des ridules. Ce s\u00e9rum vegan et cruelty-free contient \u00e9galement du peptide pour unifier la texture de la peau, de la b\u00e9ta\u00efne pour renforcer sa barri\u00e8re protectrice, et de l\u2019allanto\u00efne pour calmer les peaux sensibles.&hellip;","brands":[],"_links":{"self":[{"href":"https:\/\/wavexia.com\/index.php?rest_route=\/wp\/v2\/product\/5043","targetHints":{"allow":["GET"]}}],"collection":[{"href":"https:\/\/wavexia.com\/index.php?rest_route=\/wp\/v2\/product"}],"about":[{"href":"https:\/\/wavexia.com\/index.php?rest_route=\/wp\/v2\/types\/product"}],"replies":[{"embeddable":true,"href":"https:\/\/wavexia.com\/index.php?rest_route=%2Fwp%2Fv2%2Fcomments&post=5043"}],"wp:featuredmedia":[{"embeddable":true,"href":"https:\/\/wavexia.com\/index.php?rest_route=\/wp\/v2\/media\/5042"}],"wp:attachment":[{"href":"https:\/\/wavexia.com\/index.php?rest_route=%2Fwp%2Fv2%2Fmedia&parent=5043"}],"wp:term":[{"taxonomy":"pwb-brand","embeddable":true,"href":"https:\/\/wavexia.com\/index.php?rest_route=%2Fwp%2Fv2%2Fpwb-brand&post=5043"},{"taxonomy":"product_brand","embeddable":true,"href":"https:\/\/wavexia.com\/index.php?rest_route=%2Fwp%2Fv2%2Fproduct_brand&post=5043"},{"taxonomy":"product_cat","embeddable":true,"href":"https:\/\/wavexia.com\/index.php?rest_route=%2Fwp%2Fv2%2Fproduct_cat&post=5043"},{"taxonomy":"product_tag","embeddable":true,"href":"https:\/\/wavexia.com\/index.php?rest_route=%2Fwp%2Fv2%2Fproduct_tag&post=5043"}],"curies":[{"name":"wp","href":"https:\/\/api.w.org\/{rel}","templated":true}]}}