{"id":5038,"date":"2025-10-19T09:15:20","date_gmt":"2025-10-19T09:15:20","guid":{"rendered":"https:\/\/wavexia.com\/product\/skin1004-matrixyl-10-boosting-shot-ampoule-30ml\/"},"modified":"2026-03-10T07:31:07","modified_gmt":"2026-03-10T07:31:07","slug":"skin1004-matrixyl-10-boosting-shot-ampoule-30ml","status":"publish","type":"product","link":"https:\/\/wavexia.com\/?product=skin1004-matrixyl-10-boosting-shot-ampoule-30ml","title":{"rendered":"SKIN1004 Matrixyl 10 Boosting Shot Ampoule 30ML"},"content":{"rendered":"<h2>Description<\/h2>\n<p><strong>Shot d\u2019hydratation et de raffermissement cliniquement prouv\u00e9, aliment\u00e9 par 10&nbsp;% de Matrixyl 3000\u00ae<br \/><\/strong>Cette ampoule profond\u00e9ment hydratante contient 10 % de Matrixyl 3000\u00ae, de Centella de Madagascar et de Panth\u00e9nol, d\u00e9livr\u00e9s \u00e0 travers des micro-spicules (13 m en moyenne), plus petits que la taille moyenne des pores, pour une absorption et des performances optimis\u00e9es.<\/p>\n<p><strong>Comment \u00e7a marche \u2013 Syst\u00e8me<\/strong><br \/>d\u2019administration en 3 \u00e9tapes \u00c9TAPE 1 : Cr\u00e9e des micro-voies pour une meilleure absorption<br \/>des ingr\u00e9dients \u00c9TAPE 2 : Lib\u00e8re des ingr\u00e9dients actifs en profondeur dans la peau<br \/>\u00c9TAPE 3 : Restaure visiblement l\u2019hydratation et le volume, favorisant une peau<\/p>\n<p>plus ferme et plus rebondie&nbsp;<strong>R\u00e9sultats<\/strong><br \/>cliniquement prouv\u00e9s \u2013 Taux d\u2019absorption 132,8 % plus \u00e9lev\u00e9 par rapport au groupe<br \/>t\u00e9moin sans spicule \u2013 Am\u00e9lioration imm\u00e9diate de l\u2019hydratation et du volume apr\u00e8s une seule utilisation<br \/>\u2013 Restauration de l\u2019hydratation en profondeur \u00e0 10 couches avec une augmentation de 100,09 % de l\u2019hydratation<br \/>\u2013 R\u00e9tention d\u2019humidit\u00e9 de 24 heures apr\u00e8s une application<br \/>\u2013 Am\u00e9lioration de l\u2019hydratation interne et externe de la peau apr\u00e8s 2 semaines<br \/>\u2013 Test d\u2019irritation cutan\u00e9e termin\u00e9 \u2013 hypoallerg\u00e9nique et sans danger pour les peaux<\/p>\n<p>sensibles *Test d\u2019\u00e9valuation de l\u2019absorption cutan\u00e9e humaine d\u2019SKIN1004 ampoule Centella Matrixyl 10 Boosting Shot de Madagascar et d\u2019un \u00e9chantillon interne sans \u00e9picule (2025.02.24\u20132025.02.27 \/ 20 femmes adultes \u00e2g\u00e9es de 20 \u00e0 49 ans \/ Institut cor\u00e9en de recherche en dermatologie).<br \/>*Les m\u00eames spicules ont \u00e9t\u00e9 utilis\u00e9s dans l\u2019ampoule Matrixyl et ont \u00e9t\u00e9 cliniquement substitu\u00e9s pour la validation de l\u2019absorption.<\/p>\n<h5>INGR\u00c9DIENTS:<\/h5>\n<p>Eau, Butyl\u00e8ne Glycol, Polyisobut\u00e8ne hydrog\u00e9n\u00e9, Glyc\u00e9rine, 1,2-Hexanediol, St\u00e9arate de Glyc\u00e9ryle SE, Alcool C\u00e9t\u00e9arylique, St\u00e9arate de Sorbitan, Carbom\u00e8re, Olivate de C\u00e9t\u00e9aryle, Olivate de Sorbitan, Tromethamine, Lactate de Sodium, Inuline Lauryl Carbamate, Polysorbate 20, \u00c9ponge Hydrolys\u00e9e, Ad\u00e9nosine, EDTA Disodique, Acide hyaluronique hydrolys\u00e9, Extrait de racine d\u2019Anemarrhena Asphodeloides, Tripeptide-1, T\u00e9trapeptide-7 de palmitoyl, Panth\u00e9nol, Mad\u00e9cassoside, Extrait de Centella Asiatic.<\/p>\n","protected":false},"excerpt":{"rendered":"<p>Description Shot d\u2019hydratation et de raffermissement cliniquement prouv\u00e9, aliment\u00e9 par 10&nbsp;% de Matrixyl 3000\u00aeCette ampoule profond\u00e9ment hydratante contient 10 % de Matrixyl 3000\u00ae, de Centella de Madagascar et de Panth\u00e9nol, d\u00e9livr\u00e9s \u00e0 travers des micro-spicules (13 m en moyenne), plus petits que la taille moyenne des pores, pour une absorption et des performances optimis\u00e9es. Comment [&hellip;]<\/p>\n","protected":false},"featured_media":5037,"comment_status":"open","ping_status":"closed","template":"","meta":{"content-type":"","_uag_custom_page_level_css":""},"pwb-brand":[],"product_brand":[],"product_cat":[328,334,338,350],"product_tag":[],"class_list":{"0":"post-5038","1":"product","2":"type-product","3":"status-publish","4":"has-post-thumbnail","6":"product_cat-nouveautes","7":"product_cat-produits-coreens","8":"product_cat-serum-ampoule","9":"product_cat-skin1004","11":"first","12":"instock","13":"sale","14":"shipping-taxable","15":"purchasable","16":"product-type-simple"},"aioseo_notices":[],"uagb_featured_image_src":{"full":["https:\/\/wavexia.com\/wp-content\/uploads\/2025\/10\/skin1004-30ml-matrixyl-10-boosting-shot-ampoule-1170007522.webp",1000,1000,false],"thumbnail":["https:\/\/wavexia.com\/wp-content\/uploads\/2025\/10\/skin1004-30ml-matrixyl-10-boosting-shot-ampoule-1170007522-150x150.webp",150,150,true],"medium":["https:\/\/wavexia.com\/wp-content\/uploads\/2025\/10\/skin1004-30ml-matrixyl-10-boosting-shot-ampoule-1170007522-300x300.webp",300,300,true],"medium_large":["https:\/\/wavexia.com\/wp-content\/uploads\/2025\/10\/skin1004-30ml-matrixyl-10-boosting-shot-ampoule-1170007522-768x768.webp",768,768,true],"large":["https:\/\/wavexia.com\/wp-content\/uploads\/2025\/10\/skin1004-30ml-matrixyl-10-boosting-shot-ampoule-1170007522.webp",1000,1000,false],"1536x1536":["https:\/\/wavexia.com\/wp-content\/uploads\/2025\/10\/skin1004-30ml-matrixyl-10-boosting-shot-ampoule-1170007522.webp",1000,1000,false],"2048x2048":["https:\/\/wavexia.com\/wp-content\/uploads\/2025\/10\/skin1004-30ml-matrixyl-10-boosting-shot-ampoule-1170007522.webp",1000,1000,false],"woocommerce_archive_thumbnail":["https:\/\/wavexia.com\/wp-content\/uploads\/2025\/10\/skin1004-30ml-matrixyl-10-boosting-shot-ampoule-1170007522-300x300.webp",300,300,true],"woocommerce_thumbnail":["https:\/\/wavexia.com\/wp-content\/uploads\/2025\/10\/skin1004-30ml-matrixyl-10-boosting-shot-ampoule-1170007522-300x300.webp",300,300,true],"woocommerce_single":["https:\/\/wavexia.com\/wp-content\/uploads\/2025\/10\/skin1004-30ml-matrixyl-10-boosting-shot-ampoule-1170007522-600x600.webp",600,600,true],"woocommerce_gallery_thumbnail":["https:\/\/wavexia.com\/wp-content\/uploads\/2025\/10\/skin1004-30ml-matrixyl-10-boosting-shot-ampoule-1170007522-100x100.webp",100,100,true]},"uagb_author_info":{"display_name":"zineddine.ayoub98@gmail.com","author_link":"https:\/\/wavexia.com\/?author=0"},"uagb_comment_info":0,"uagb_excerpt":"Description Shot d\u2019hydratation et de raffermissement cliniquement prouv\u00e9, aliment\u00e9 par 10&nbsp;% de Matrixyl 3000\u00aeCette ampoule profond\u00e9ment hydratante contient 10 % de Matrixyl 3000\u00ae, de Centella de Madagascar et de Panth\u00e9nol, d\u00e9livr\u00e9s \u00e0 travers des micro-spicules (13 m en moyenne), plus petits que la taille moyenne des pores, pour une absorption et des performances optimis\u00e9es. Comment&hellip;","brands":[],"_links":{"self":[{"href":"https:\/\/wavexia.com\/index.php?rest_route=\/wp\/v2\/product\/5038","targetHints":{"allow":["GET"]}}],"collection":[{"href":"https:\/\/wavexia.com\/index.php?rest_route=\/wp\/v2\/product"}],"about":[{"href":"https:\/\/wavexia.com\/index.php?rest_route=\/wp\/v2\/types\/product"}],"replies":[{"embeddable":true,"href":"https:\/\/wavexia.com\/index.php?rest_route=%2Fwp%2Fv2%2Fcomments&post=5038"}],"wp:featuredmedia":[{"embeddable":true,"href":"https:\/\/wavexia.com\/index.php?rest_route=\/wp\/v2\/media\/5037"}],"wp:attachment":[{"href":"https:\/\/wavexia.com\/index.php?rest_route=%2Fwp%2Fv2%2Fmedia&parent=5038"}],"wp:term":[{"taxonomy":"pwb-brand","embeddable":true,"href":"https:\/\/wavexia.com\/index.php?rest_route=%2Fwp%2Fv2%2Fpwb-brand&post=5038"},{"taxonomy":"product_brand","embeddable":true,"href":"https:\/\/wavexia.com\/index.php?rest_route=%2Fwp%2Fv2%2Fproduct_brand&post=5038"},{"taxonomy":"product_cat","embeddable":true,"href":"https:\/\/wavexia.com\/index.php?rest_route=%2Fwp%2Fv2%2Fproduct_cat&post=5038"},{"taxonomy":"product_tag","embeddable":true,"href":"https:\/\/wavexia.com\/index.php?rest_route=%2Fwp%2Fv2%2Fproduct_tag&post=5038"}],"curies":[{"name":"wp","href":"https:\/\/api.w.org\/{rel}","templated":true}]}}