{"id":5021,"date":"2025-10-19T09:14:59","date_gmt":"2025-10-19T09:14:59","guid":{"rendered":"https:\/\/wavexia.com\/product\/beauty-of-joseon-ginseng-cleansing-oil-210ml\/"},"modified":"2026-03-10T07:31:06","modified_gmt":"2026-03-10T07:31:06","slug":"beauty-of-joseon-ginseng-cleansing-oil-210ml","status":"publish","type":"product","link":"https:\/\/wavexia.com\/?product=beauty-of-joseon-ginseng-cleansing-oil-210ml","title":{"rendered":"Beauty of Joseon \u2013 Ginseng Cleansing Oil 210ml"},"content":{"rendered":"<h2>Description<\/h2>\n<p>The Beauty of Joseon Ginseng Cleansing Oil nettoie intens\u00e9ment votre peau sans la dess\u00e9cher. La formule sp\u00e9ciale \u00e9limine l\u2019exc\u00e8s de s\u00e9bum et la salet\u00e9 de votre peau, sans obstruer vos pores. Au contraire, votre peau sera visiblement plus belle apr\u00e8s quelques utilisations.<\/p>\n<p>L\u2019huile de soja dissout la salet\u00e9, le maquillage et le s\u00e9bum en douceur et hydrate votre peau de mani\u00e8re optimale. L\u2019ajout d\u2019huile de graines de ginseng aide \u00e0 prot\u00e9ger votre peau contre les influences ext\u00e9rieures nocives et donne \u00e9galement un merveilleux parfum frais \u00e0 votre nouveau nettoyant pr\u00e9f\u00e9r\u00e9&nbsp;!<\/p>\n<p><strong>Cette huile nettoyante :<\/strong><\/p>\n<ul>\n<li>nettoie intens\u00e9ment sans dess\u00e9cher<\/li>\n<li>formule sp\u00e9ciale<\/li>\n<li>ne bouche pas les pores<\/li>\n<li>diff\u00e9rence rapidement visible<\/li>\n<li>hydrate<\/li>\n<li>prot\u00e9g\u00e9 contre les influences ext\u00e9rieures nocives<\/li>\n<li>agr\u00e9able parfum frais<\/li>\n<li>sans parfum<\/li>\n<li>sans cruaut\u00e9<\/li>\n<li>v\u00e9g\u00e9talien<\/li>\n<\/ul>\n<p><strong>Comment utiliser:<\/strong><\/p>\n<ul>\n<li>Prenez 1-2 pompes d\u2019huile et massez sur la peau s\u00e8che.<\/li>\n<li>Rincer \u00e0 l\u2019eau ti\u00e8de.<\/li>\n<li>Double nettoyage avec une mousse nettoyante pour des r\u00e9sultats optimaux.<\/li>\n<\/ul>\n<p><strong>Ingr\u00e9dients:<\/strong><br \/>Glycine Soy (Soybean) Oil, Cetyl Ethylhexanoate, Sorbeth-30 Tetraoleate, Olea Europaea(Olive) Fruit Oil, Sorbitan Sesquioleate, Helianthus Annuus (Sunflower) Seed Oil,tocopherol, Panax Ginseng Seed Oil, Ethylhexylglycerin Extract, Eclipta Prostrata Extract , Melia Azadirachta Leaf Extract, Melia Azadirachta Flower Extract,coccinia Indica Fruit Extract, Amber Powder, Moringa Oleifera Seed Oil, Solanummelongena (Eggplant) Fruit Extract, Curcuma Longa (Turmeric) Root Extract, Ocimumsanctum Leaf Extract, Corallina Officinalis Extract, Bixa Orellana Seed Oil, Panax Ginsengberry Extract, Panax Ginseng Root Extract, Butylene Glycol, Water, 1,2-Hexanediol.<\/p>\n","protected":false},"excerpt":{"rendered":"<p>Description The Beauty of Joseon Ginseng Cleansing Oil nettoie intens\u00e9ment votre peau sans la dess\u00e9cher. La formule sp\u00e9ciale \u00e9limine l\u2019exc\u00e8s de s\u00e9bum et la salet\u00e9 de votre peau, sans obstruer vos pores. Au contraire, votre peau sera visiblement plus belle apr\u00e8s quelques utilisations. L\u2019huile de soja dissout la salet\u00e9, le maquillage et le s\u00e9bum en [&hellip;]<\/p>\n","protected":false},"featured_media":5020,"comment_status":"open","ping_status":"closed","template":"","meta":{"content-type":"","_uag_custom_page_level_css":""},"pwb-brand":[],"product_brand":[],"product_cat":[354,327,367,325,334,323],"product_tag":[],"class_list":{"0":"post-5021","1":"product","2":"type-product","3":"status-publish","4":"has-post-thumbnail","6":"product_cat-beauty-of-joseon","7":"product_cat-hmizat","8":"product_cat-huile-baume-nettoyante","9":"product_cat-marques","10":"product_cat-produits-coreens","11":"product_cat-skincare","13":"first","14":"instock","15":"sale","16":"shipping-taxable","17":"purchasable","18":"product-type-simple"},"aioseo_notices":[],"uagb_featured_image_src":{"full":["https:\/\/wavexia.com\/wp-content\/uploads\/2025\/10\/800_bc5ab060-d43c-4a3d-a0f8-9882e6a20385.webp",800,800,false],"thumbnail":["https:\/\/wavexia.com\/wp-content\/uploads\/2025\/10\/800_bc5ab060-d43c-4a3d-a0f8-9882e6a20385-150x150.webp",150,150,true],"medium":["https:\/\/wavexia.com\/wp-content\/uploads\/2025\/10\/800_bc5ab060-d43c-4a3d-a0f8-9882e6a20385-300x300.webp",300,300,true],"medium_large":["https:\/\/wavexia.com\/wp-content\/uploads\/2025\/10\/800_bc5ab060-d43c-4a3d-a0f8-9882e6a20385-768x768.webp",768,768,true],"large":["https:\/\/wavexia.com\/wp-content\/uploads\/2025\/10\/800_bc5ab060-d43c-4a3d-a0f8-9882e6a20385.webp",800,800,false],"1536x1536":["https:\/\/wavexia.com\/wp-content\/uploads\/2025\/10\/800_bc5ab060-d43c-4a3d-a0f8-9882e6a20385.webp",800,800,false],"2048x2048":["https:\/\/wavexia.com\/wp-content\/uploads\/2025\/10\/800_bc5ab060-d43c-4a3d-a0f8-9882e6a20385.webp",800,800,false],"woocommerce_archive_thumbnail":["https:\/\/wavexia.com\/wp-content\/uploads\/2025\/10\/800_bc5ab060-d43c-4a3d-a0f8-9882e6a20385-300x300.webp",300,300,true],"woocommerce_thumbnail":["https:\/\/wavexia.com\/wp-content\/uploads\/2025\/10\/800_bc5ab060-d43c-4a3d-a0f8-9882e6a20385-300x300.webp",300,300,true],"woocommerce_single":["https:\/\/wavexia.com\/wp-content\/uploads\/2025\/10\/800_bc5ab060-d43c-4a3d-a0f8-9882e6a20385-600x600.webp",600,600,true],"woocommerce_gallery_thumbnail":["https:\/\/wavexia.com\/wp-content\/uploads\/2025\/10\/800_bc5ab060-d43c-4a3d-a0f8-9882e6a20385-100x100.webp",100,100,true]},"uagb_author_info":{"display_name":"zineddine.ayoub98@gmail.com","author_link":"https:\/\/wavexia.com\/?author=0"},"uagb_comment_info":0,"uagb_excerpt":"Description The Beauty of Joseon Ginseng Cleansing Oil nettoie intens\u00e9ment votre peau sans la dess\u00e9cher. La formule sp\u00e9ciale \u00e9limine l\u2019exc\u00e8s de s\u00e9bum et la salet\u00e9 de votre peau, sans obstruer vos pores. Au contraire, votre peau sera visiblement plus belle apr\u00e8s quelques utilisations. L\u2019huile de soja dissout la salet\u00e9, le maquillage et le s\u00e9bum en&hellip;","brands":[],"_links":{"self":[{"href":"https:\/\/wavexia.com\/index.php?rest_route=\/wp\/v2\/product\/5021","targetHints":{"allow":["GET"]}}],"collection":[{"href":"https:\/\/wavexia.com\/index.php?rest_route=\/wp\/v2\/product"}],"about":[{"href":"https:\/\/wavexia.com\/index.php?rest_route=\/wp\/v2\/types\/product"}],"replies":[{"embeddable":true,"href":"https:\/\/wavexia.com\/index.php?rest_route=%2Fwp%2Fv2%2Fcomments&post=5021"}],"wp:featuredmedia":[{"embeddable":true,"href":"https:\/\/wavexia.com\/index.php?rest_route=\/wp\/v2\/media\/5020"}],"wp:attachment":[{"href":"https:\/\/wavexia.com\/index.php?rest_route=%2Fwp%2Fv2%2Fmedia&parent=5021"}],"wp:term":[{"taxonomy":"pwb-brand","embeddable":true,"href":"https:\/\/wavexia.com\/index.php?rest_route=%2Fwp%2Fv2%2Fpwb-brand&post=5021"},{"taxonomy":"product_brand","embeddable":true,"href":"https:\/\/wavexia.com\/index.php?rest_route=%2Fwp%2Fv2%2Fproduct_brand&post=5021"},{"taxonomy":"product_cat","embeddable":true,"href":"https:\/\/wavexia.com\/index.php?rest_route=%2Fwp%2Fv2%2Fproduct_cat&post=5021"},{"taxonomy":"product_tag","embeddable":true,"href":"https:\/\/wavexia.com\/index.php?rest_route=%2Fwp%2Fv2%2Fproduct_tag&post=5021"}],"curies":[{"name":"wp","href":"https:\/\/api.w.org\/{rel}","templated":true}]}}