{"id":5018,"date":"2025-10-19T09:14:58","date_gmt":"2025-10-19T09:14:58","guid":{"rendered":"https:\/\/wavexia.com\/product\/medicube-pdrn-pink-niacinamide-milky-toner-150-ml\/"},"modified":"2026-03-10T07:31:06","modified_gmt":"2026-03-10T07:31:06","slug":"medicube-pdrn-pink-niacinamide-milky-toner-150-ml","status":"publish","type":"product","link":"https:\/\/wavexia.com\/?product=medicube-pdrn-pink-niacinamide-milky-toner-150-ml","title":{"rendered":"Medicube PDRN PINK NIACINAMIDE MILKY TONER 150 ml"},"content":{"rendered":"<h2>Description<\/h2>\n<p class=\"\" data-start=\"115\" data-end=\"300\">Une essence de toner apaisante et hydratante enrichie de PDRN, de peptides et de niacinamide pour soutenir la r\u00e9paration de la peau, \u00e9gayer le teint et restaurer l\u2019\u00e9quilibre de l\u2019humidit\u00e9.<\/p>\n<p class=\"\" data-start=\"302\" data-end=\"323\"><strong data-start=\"302\" data-end=\"321\">3 avantages cl\u00e9s:<\/strong><\/p>\n<ol data-start=\"324\" data-end=\"507\">\n<li class=\"\" data-start=\"324\" data-end=\"384\">\n<p class=\"\" data-start=\"327\" data-end=\"384\">Hydrate et apaise une peau irrit\u00e9e ou sensible<\/p>\n<\/li>\n<li class=\"\" data-start=\"385\" data-end=\"439\">\n<p class=\"\" data-start=\"388\" data-end=\"439\">Illuminait le teint terne et \u00e9voque le teint<\/p>\n<\/li>\n<li class=\"\" data-start=\"440\" data-end=\"507\">\n<p class=\"\" data-start=\"443\" data-end=\"507\">Favorise la r\u00e9g\u00e9n\u00e9ration cutan\u00e9e et l\u2019\u00e9lasticit\u00e9 avec les peptides et le PDRN<\/p>\n<\/li>\n<\/ol>\n<p class=\"\" data-start=\"509\" data-end=\"609\"><strong data-start=\"509\" data-end=\"529\">Recommand\u00e9 pour:<\/strong><br data-start=\"529\" data-end=\"532\">Tous les types de peau \u2013 particuli\u00e8rement adapt\u00e9s \u00e0 la peau sensible, grasse et sujette \u00e0 l\u2019acn\u00e9<\/p>\n<h5 class=\"mb-xs mt-5 text-base font-[525] first:mt-3\"><strong>Ingr\u00e9dients cl\u00e9s :<\/strong><\/h5>\n<ul class=\"marker:text-textOff list-disc\">\n<li>\n<p class=\"my-0\"><strong>PDRN (Polydeoxyribonucleotide)<\/strong>&nbsp;: Favorise la r\u00e9g\u00e9n\u00e9ration cellulaire et am\u00e9liore l\u2019\u00e9lasticit\u00e9 de la peau.<\/p>\n<\/li>\n<li>\n<p class=\"my-0\"><strong>Niacinamide<\/strong>&nbsp;: \u00c9claircit le teint, r\u00e9duit les imperfections et r\u00e9gule la production de s\u00e9bum.<\/p>\n<\/li>\n<li>\n<p class=\"my-0\"><strong>Peptides<\/strong>&nbsp;: Renforcent l\u2019\u00e9lasticit\u00e9 de la peau et r\u00e9duisent les signes de vieillissement.<\/p>\n<\/li>\n<li>\n<p class=\"my-0\"><strong>Extraits botaniques<\/strong>&nbsp;: Apaisent et nourrissent la peau.<\/p>\n<\/li>\n<\/ul>\n<h5 class=\"mb-xs mt-5 text-base font-[525] first:mt-3\"><strong>Utilisation :<\/strong><\/h5>\n<ol class=\"marker:text-textOff list-decimal\">\n<li>\n<p class=\"my-0\">Appliquez une quantit\u00e9 mod\u00e9r\u00e9e sur le visage apr\u00e8s le nettoyage.<\/p>\n<\/li>\n<li>\n<p class=\"my-0\">Tapotez doucement pour favoriser l\u2019absorption.<\/p>\n<\/li>\n<li>\n<p class=\"my-0\">Utilisez matin et soir pour des r\u00e9sultats optimaux.<\/p>\n<\/li>\n<\/ol>\n<p class=\"my-0\">Ce toner est id\u00e9al pour ceux qui cherchent \u00e0 hydrater leur peau tout en am\u00e9liorant son \u00e9clat, sa texture et son \u00e9lasticit\u00e9.<\/p>\n","protected":false},"excerpt":{"rendered":"<p>Description Une essence de toner apaisante et hydratante enrichie de PDRN, de peptides et de niacinamide pour soutenir la r\u00e9paration de la peau, \u00e9gayer le teint et restaurer l\u2019\u00e9quilibre de l\u2019humidit\u00e9. 3 avantages cl\u00e9s: Hydrate et apaise une peau irrit\u00e9e ou sensible Illuminait le teint terne et \u00e9voque le teint Favorise la r\u00e9g\u00e9n\u00e9ration cutan\u00e9e et [&hellip;]<\/p>\n","protected":false},"featured_media":5017,"comment_status":"open","ping_status":"closed","template":"","meta":{"content-type":"","_uag_custom_page_level_css":""},"pwb-brand":[],"product_brand":[],"product_cat":[349,328,334,345],"product_tag":[],"class_list":{"0":"post-5018","1":"product","2":"type-product","3":"status-publish","4":"has-post-thumbnail","6":"product_cat-medicube","7":"product_cat-nouveautes","8":"product_cat-produits-coreens","9":"product_cat-toner-pads","11":"first","12":"instock","13":"sale","14":"shipping-taxable","15":"purchasable","16":"product-type-simple"},"aioseo_notices":[],"uagb_featured_image_src":{"full":["https:\/\/wavexia.com\/wp-content\/uploads\/2025\/10\/medicube-pdrn-pink-niacinamide-milky-toner-150ml-450.jpg",600,600,false],"thumbnail":["https:\/\/wavexia.com\/wp-content\/uploads\/2025\/10\/medicube-pdrn-pink-niacinamide-milky-toner-150ml-450-150x150.jpg",150,150,true],"medium":["https:\/\/wavexia.com\/wp-content\/uploads\/2025\/10\/medicube-pdrn-pink-niacinamide-milky-toner-150ml-450-300x300.jpg",300,300,true],"medium_large":["https:\/\/wavexia.com\/wp-content\/uploads\/2025\/10\/medicube-pdrn-pink-niacinamide-milky-toner-150ml-450.jpg",600,600,false],"large":["https:\/\/wavexia.com\/wp-content\/uploads\/2025\/10\/medicube-pdrn-pink-niacinamide-milky-toner-150ml-450.jpg",600,600,false],"1536x1536":["https:\/\/wavexia.com\/wp-content\/uploads\/2025\/10\/medicube-pdrn-pink-niacinamide-milky-toner-150ml-450.jpg",600,600,false],"2048x2048":["https:\/\/wavexia.com\/wp-content\/uploads\/2025\/10\/medicube-pdrn-pink-niacinamide-milky-toner-150ml-450.jpg",600,600,false],"woocommerce_archive_thumbnail":["https:\/\/wavexia.com\/wp-content\/uploads\/2025\/10\/medicube-pdrn-pink-niacinamide-milky-toner-150ml-450-300x300.jpg",300,300,true],"woocommerce_thumbnail":["https:\/\/wavexia.com\/wp-content\/uploads\/2025\/10\/medicube-pdrn-pink-niacinamide-milky-toner-150ml-450-300x300.jpg",300,300,true],"woocommerce_single":["https:\/\/wavexia.com\/wp-content\/uploads\/2025\/10\/medicube-pdrn-pink-niacinamide-milky-toner-150ml-450.jpg",600,600,false],"woocommerce_gallery_thumbnail":["https:\/\/wavexia.com\/wp-content\/uploads\/2025\/10\/medicube-pdrn-pink-niacinamide-milky-toner-150ml-450-100x100.jpg",100,100,true]},"uagb_author_info":{"display_name":"zineddine.ayoub98@gmail.com","author_link":"https:\/\/wavexia.com\/?author=0"},"uagb_comment_info":0,"uagb_excerpt":"Description Une essence de toner apaisante et hydratante enrichie de PDRN, de peptides et de niacinamide pour soutenir la r\u00e9paration de la peau, \u00e9gayer le teint et restaurer l\u2019\u00e9quilibre de l\u2019humidit\u00e9. 3 avantages cl\u00e9s: Hydrate et apaise une peau irrit\u00e9e ou sensible Illuminait le teint terne et \u00e9voque le teint Favorise la r\u00e9g\u00e9n\u00e9ration cutan\u00e9e et&hellip;","brands":[],"_links":{"self":[{"href":"https:\/\/wavexia.com\/index.php?rest_route=\/wp\/v2\/product\/5018","targetHints":{"allow":["GET"]}}],"collection":[{"href":"https:\/\/wavexia.com\/index.php?rest_route=\/wp\/v2\/product"}],"about":[{"href":"https:\/\/wavexia.com\/index.php?rest_route=\/wp\/v2\/types\/product"}],"replies":[{"embeddable":true,"href":"https:\/\/wavexia.com\/index.php?rest_route=%2Fwp%2Fv2%2Fcomments&post=5018"}],"wp:featuredmedia":[{"embeddable":true,"href":"https:\/\/wavexia.com\/index.php?rest_route=\/wp\/v2\/media\/5017"}],"wp:attachment":[{"href":"https:\/\/wavexia.com\/index.php?rest_route=%2Fwp%2Fv2%2Fmedia&parent=5018"}],"wp:term":[{"taxonomy":"pwb-brand","embeddable":true,"href":"https:\/\/wavexia.com\/index.php?rest_route=%2Fwp%2Fv2%2Fpwb-brand&post=5018"},{"taxonomy":"product_brand","embeddable":true,"href":"https:\/\/wavexia.com\/index.php?rest_route=%2Fwp%2Fv2%2Fproduct_brand&post=5018"},{"taxonomy":"product_cat","embeddable":true,"href":"https:\/\/wavexia.com\/index.php?rest_route=%2Fwp%2Fv2%2Fproduct_cat&post=5018"},{"taxonomy":"product_tag","embeddable":true,"href":"https:\/\/wavexia.com\/index.php?rest_route=%2Fwp%2Fv2%2Fproduct_tag&post=5018"}],"curies":[{"name":"wp","href":"https:\/\/api.w.org\/{rel}","templated":true}]}}