{"id":5009,"date":"2025-10-19T09:14:51","date_gmt":"2025-10-19T09:14:51","guid":{"rendered":"https:\/\/wavexia.com\/product\/mediheal-collagen-ampoule-pad-100-pads\/"},"modified":"2026-03-10T07:31:06","modified_gmt":"2026-03-10T07:31:06","slug":"mediheal-collagen-ampoule-pad-100-pads","status":"publish","type":"product","link":"https:\/\/wavexia.com\/?product=mediheal-collagen-ampoule-pad-100-pads","title":{"rendered":"Mediheal Collagen Ampoule Pad 100 Pads"},"content":{"rendered":"<h2>Description<\/h2>\n<p>Mediheal Collagen Ampoule Pad fonctionne comme un tonique quotidien et un traitement anti-\u00e2ge rapide de 15 minutes. La pince \u00e0 \u00e9piler incluse permet de garder les 100 tampons propres et hygi\u00e9niques. Les ingr\u00e9dients actifs tels que le collag\u00e8ne, les c\u00e9ramides et les prot\u00e9ines de lait nourrissent la peau et aident \u00e0 lifter et \u00e0 raffermir les zones comme les yeux, la m\u00e2choire, les rides du sourire et le front.<\/p>\n<p>Le tampon d\u2019ampoule de collag\u00e8ne procure une sensation de fra\u00eecheur et laisse la peau avec un teint et une texture visiblement am\u00e9lior\u00e9s.<\/p>\n<p>Collag\u00e8ne : Renforce la structure et l\u2019\u00e9lasticit\u00e9 de la peau.<br \/>C\u00e9ramide : Renforce la barri\u00e8re naturelle de la peau et emprisonne l\u2019hydratation.<br \/>Prot\u00e9ine de lait : Nourrit et adoucit la peau.<br \/>Convient \u00e0 tous les types de peau, en particulier aux peaux matures.<\/p>\n<h5>utilisation:<\/h5>\n<p>Apr\u00e8s le nettoyage, passez doucement sur la peau pour tonifier, hydrater et pr\u00e9parer la peau. Peut \u00eatre utilis\u00e9 quotidiennement, matin et soir.<\/p>\n<h5>ingr\u00e9dients:<\/h5>\n<p>Eau, glyc\u00e9rine, glyc\u00e9reth-26, 1, 2-hexanediol, diph\u00e9nyle dim\u00e9thicone, tr\u00e9thyth\u00e9xano\u00efne, b\u00e9ta\u00efne, l\u00e9cithine hydrog\u00e9n\u00e9e d\u2019hydroxyac\u00e9toph\u00e9none, ol\u00e9ate de polyglyc\u00e9ryl-10, hydroxy\u00e9thylur\u00e9e, glycyrrhizate dipotassique, citrate de sodium, allanto\u00efne, gomme de xanthane d\u00e9tyld\u00e9deceth-16, hydroxy\u00e9thylcellulose, extrait de collag\u00e8ne, ad\u00e9nosine, acide citrique, huile de fruit disodique EDTA Olea Europaes (olive), butyl\u00e8ne glycol, huile de fleur de Pelargonium Graveolens, huile de Lavandula Angustifolia (lavande), fleur d\u2019Anthemis Nobilis 01., Huile d\u2019\u00e9corce de Citrus Aurantium Dulcis (Orange), Huile de Juniperus Mexicana, Extrait de fruit de Mangifera Indica (Mangue), Ferment de Lactobacillus, C\u00e9ramide NP. Prot\u00e9ine du lait. extrait, caprylyl glycol, trip\u00e9plide-1, ac\u00e9tylhexapeptide 8. Tripeptide de cuivre-1, Palmitoyl Tripeptide-1, Palmitoyl Pentapepide-4.<\/p>\n<p>&nbsp;<\/p>\n","protected":false},"excerpt":{"rendered":"<p>Description Mediheal Collagen Ampoule Pad fonctionne comme un tonique quotidien et un traitement anti-\u00e2ge rapide de 15 minutes. La pince \u00e0 \u00e9piler incluse permet de garder les 100 tampons propres et hygi\u00e9niques. Les ingr\u00e9dients actifs tels que le collag\u00e8ne, les c\u00e9ramides et les prot\u00e9ines de lait nourrissent la peau et aident \u00e0 lifter et \u00e0 [&hellip;]<\/p>\n","protected":false},"featured_media":5008,"comment_status":"open","ping_status":"closed","template":"","meta":{"content-type":"","_uag_custom_page_level_css":""},"pwb-brand":[],"product_brand":[],"product_cat":[438,328,334,345],"product_tag":[],"class_list":{"0":"post-5009","1":"product","2":"type-product","3":"status-publish","4":"has-post-thumbnail","6":"product_cat-mediheal","7":"product_cat-nouveautes","8":"product_cat-produits-coreens","9":"product_cat-toner-pads","11":"first","12":"instock","13":"sale","14":"shipping-taxable","15":"purchasable","16":"product-type-simple"},"aioseo_notices":[],"uagb_featured_image_src":{"full":["https:\/\/wavexia.com\/wp-content\/uploads\/2025\/10\/51Pe02KMOOL._UF10001000_QL80_.jpg",1000,1000,false],"thumbnail":["https:\/\/wavexia.com\/wp-content\/uploads\/2025\/10\/51Pe02KMOOL._UF10001000_QL80_-150x150.jpg",150,150,true],"medium":["https:\/\/wavexia.com\/wp-content\/uploads\/2025\/10\/51Pe02KMOOL._UF10001000_QL80_-300x300.jpg",300,300,true],"medium_large":["https:\/\/wavexia.com\/wp-content\/uploads\/2025\/10\/51Pe02KMOOL._UF10001000_QL80_-768x768.jpg",768,768,true],"large":["https:\/\/wavexia.com\/wp-content\/uploads\/2025\/10\/51Pe02KMOOL._UF10001000_QL80_.jpg",1000,1000,false],"1536x1536":["https:\/\/wavexia.com\/wp-content\/uploads\/2025\/10\/51Pe02KMOOL._UF10001000_QL80_.jpg",1000,1000,false],"2048x2048":["https:\/\/wavexia.com\/wp-content\/uploads\/2025\/10\/51Pe02KMOOL._UF10001000_QL80_.jpg",1000,1000,false],"woocommerce_archive_thumbnail":["https:\/\/wavexia.com\/wp-content\/uploads\/2025\/10\/51Pe02KMOOL._UF10001000_QL80_-300x300.jpg",300,300,true],"woocommerce_thumbnail":["https:\/\/wavexia.com\/wp-content\/uploads\/2025\/10\/51Pe02KMOOL._UF10001000_QL80_-300x300.jpg",300,300,true],"woocommerce_single":["https:\/\/wavexia.com\/wp-content\/uploads\/2025\/10\/51Pe02KMOOL._UF10001000_QL80_-600x600.jpg",600,600,true],"woocommerce_gallery_thumbnail":["https:\/\/wavexia.com\/wp-content\/uploads\/2025\/10\/51Pe02KMOOL._UF10001000_QL80_-100x100.jpg",100,100,true]},"uagb_author_info":{"display_name":"zineddine.ayoub98@gmail.com","author_link":"https:\/\/wavexia.com\/?author=0"},"uagb_comment_info":0,"uagb_excerpt":"Description Mediheal Collagen Ampoule Pad fonctionne comme un tonique quotidien et un traitement anti-\u00e2ge rapide de 15 minutes. La pince \u00e0 \u00e9piler incluse permet de garder les 100 tampons propres et hygi\u00e9niques. Les ingr\u00e9dients actifs tels que le collag\u00e8ne, les c\u00e9ramides et les prot\u00e9ines de lait nourrissent la peau et aident \u00e0 lifter et \u00e0&hellip;","brands":[],"_links":{"self":[{"href":"https:\/\/wavexia.com\/index.php?rest_route=\/wp\/v2\/product\/5009","targetHints":{"allow":["GET"]}}],"collection":[{"href":"https:\/\/wavexia.com\/index.php?rest_route=\/wp\/v2\/product"}],"about":[{"href":"https:\/\/wavexia.com\/index.php?rest_route=\/wp\/v2\/types\/product"}],"replies":[{"embeddable":true,"href":"https:\/\/wavexia.com\/index.php?rest_route=%2Fwp%2Fv2%2Fcomments&post=5009"}],"wp:featuredmedia":[{"embeddable":true,"href":"https:\/\/wavexia.com\/index.php?rest_route=\/wp\/v2\/media\/5008"}],"wp:attachment":[{"href":"https:\/\/wavexia.com\/index.php?rest_route=%2Fwp%2Fv2%2Fmedia&parent=5009"}],"wp:term":[{"taxonomy":"pwb-brand","embeddable":true,"href":"https:\/\/wavexia.com\/index.php?rest_route=%2Fwp%2Fv2%2Fpwb-brand&post=5009"},{"taxonomy":"product_brand","embeddable":true,"href":"https:\/\/wavexia.com\/index.php?rest_route=%2Fwp%2Fv2%2Fproduct_brand&post=5009"},{"taxonomy":"product_cat","embeddable":true,"href":"https:\/\/wavexia.com\/index.php?rest_route=%2Fwp%2Fv2%2Fproduct_cat&post=5009"},{"taxonomy":"product_tag","embeddable":true,"href":"https:\/\/wavexia.com\/index.php?rest_route=%2Fwp%2Fv2%2Fproduct_tag&post=5009"}],"curies":[{"name":"wp","href":"https:\/\/api.w.org\/{rel}","templated":true}]}}