{"id":5005,"date":"2025-10-19T09:14:47","date_gmt":"2025-10-19T09:14:47","guid":{"rendered":"https:\/\/wavexia.com\/product\/aplb-salicylic-acid-bha-arbutin-facial-cream-55ml\/"},"modified":"2026-03-10T07:31:06","modified_gmt":"2026-03-10T07:31:06","slug":"aplb-salicylic-acid-bha-arbutin-facial-cream-55ml","status":"publish","type":"product","link":"https:\/\/wavexia.com\/?product=aplb-salicylic-acid-bha-arbutin-facial-cream-55ml","title":{"rendered":"APLB Salicylic Acid BHA Arbutin Facial Cream 55ml"},"content":{"rendered":"<h2>Description<\/h2>\n<p>Cet hydratant est destin\u00e9 aux peaux irrit\u00e9es, sensibles et aux \u00e9ruptions cutan\u00e9es. Sa formule \u00e0 base d\u2019acide salicylique, d\u2019arbutine et de Centella Asiatica apaise les irritations et donne \u00e0 votre peau un coup de fouet qui la laisse \u00e9clatante gr\u00e2ce \u00e0 son effet illuminateur et hydratant. De plus, il aide \u00e0 am\u00e9liorer la sant\u00e9 de votre barri\u00e8re cutan\u00e9e et \u00e0 am\u00e9liorer l\u2019\u00e9lasticit\u00e9.<\/p>\n<p>Contient 1 pi\u00e8ce de 55 ml<\/p>\n<ul>\n<li>Hydrate<\/li>\n<li>Illuminer<\/li>\n<li>Apaiser les irritations<\/li>\n<li>Cicatriser la barri\u00e8re cutan\u00e9e<\/li>\n<li>Am\u00e9liorer l\u2019\u00e9lasticit\u00e9<\/li>\n<\/ul>\n<p>Peau : Sensible \/ Grasse \/ Mixte \/ S\u00e8che<\/p>\n<h5>mode d\u2019emploi:<\/h5>\n<ul>\n<li><span class=\"\" lang=\"es\" tabindex=\"-1\">Apr\u00e8s l\u2019application de votre tonique, de votre essence et de votre s\u00e9rum, appliquez une quantit\u00e9 appropri\u00e9e de cr\u00e8me et massez doucement, en terminant par des applaudissements pour une meilleure absorption.<\/span><\/li>\n<li><span class=\"\" lang=\"es\" tabindex=\"-1\">Utilisez-le jour et nuit.<\/span><\/li>\n<\/ul>\n<h5>ingr\u00e9dients:<\/h5>\n<p><em>Eau, extrait de Centella Asiatica (23,1&nbsp;%), glyc\u00e9rine, \u00e9thylhexanoate de c\u00e9tyle, butyl\u00e8ne glycol, dist\u00e9arate de polyglyc\u00e9ryl-3 m\u00e9thylglucose, acide salicylique (100ppm), arbutine (200ppm), hyaluronate de sodium, acide st\u00e9arique, polyacryloyldim\u00e9thyl taurate de sodium, polyd\u00e9c\u00e8ne hydrog\u00e9n\u00e9, trideceth-10, silice, st\u00e9arate de glyc\u00e9ryle, cire d\u2019abeille, beurre de Butyrospermum Parkii (karit\u00e9), huile de graines de Macadamia ternifolia, b\u00e9ta\u00efne, tr\u00e9halose, acide citrique, citrate de sodium, extrait de Nelumbo Nucifera, extrait d\u2019Artemisia Annua, Oryza sativa (Riz) Extrait, ferment de Saccharomyces, extrait de fruit de Solanum melongena (aubergine), extrait de feuille de Melaleuca alternifolia (arbre \u00e0 th\u00e9), collag\u00e8ne hydrolys\u00e9, squalane, b\u00eata-glucane, dipropyl\u00e8ne glycol, extrait de fruit d\u2019Hippophae rhamnoides, acide mad\u00e9cassique, asiaticoside, acide asiatique, EDTA disodique, propanediol, hydroxyac\u00e9toph\u00e9none, 1,2-hexanediol, glycyrrhizate dipotassique.<\/em><\/p>\n","protected":false},"excerpt":{"rendered":"<p>Description Cet hydratant est destin\u00e9 aux peaux irrit\u00e9es, sensibles et aux \u00e9ruptions cutan\u00e9es. Sa formule \u00e0 base d\u2019acide salicylique, d\u2019arbutine et de Centella Asiatica apaise les irritations et donne \u00e0 votre peau un coup de fouet qui la laisse \u00e9clatante gr\u00e2ce \u00e0 son effet illuminateur et hydratant. De plus, il aide \u00e0 am\u00e9liorer la sant\u00e9 [&hellip;]<\/p>\n","protected":false},"featured_media":5004,"comment_status":"open","ping_status":"closed","template":"","meta":{"content-type":"","_uag_custom_page_level_css":""},"pwb-brand":[],"product_brand":[],"product_cat":[391,324,328],"product_tag":[],"class_list":{"0":"post-5005","1":"product","2":"type-product","3":"status-publish","4":"has-post-thumbnail","6":"product_cat-aplb","7":"product_cat-creme","8":"product_cat-nouveautes","10":"first","11":"instock","12":"sale","13":"shipping-taxable","14":"purchasable","15":"product-type-simple"},"aioseo_notices":[],"uagb_featured_image_src":{"full":["https:\/\/wavexia.com\/wp-content\/uploads\/2025\/10\/41dYXbE9PPL.jpg_BO30255255255_UF900850_SR191010000C_QL100_.jpg",1600,838,false],"thumbnail":["https:\/\/wavexia.com\/wp-content\/uploads\/2025\/10\/41dYXbE9PPL.jpg_BO30255255255_UF900850_SR191010000C_QL100_-150x150.jpg",150,150,true],"medium":["https:\/\/wavexia.com\/wp-content\/uploads\/2025\/10\/41dYXbE9PPL.jpg_BO30255255255_UF900850_SR191010000C_QL100_-300x157.jpg",300,157,true],"medium_large":["https:\/\/wavexia.com\/wp-content\/uploads\/2025\/10\/41dYXbE9PPL.jpg_BO30255255255_UF900850_SR191010000C_QL100_-768x402.jpg",768,402,true],"large":["https:\/\/wavexia.com\/wp-content\/uploads\/2025\/10\/41dYXbE9PPL.jpg_BO30255255255_UF900850_SR191010000C_QL100_-1024x536.jpg",1024,536,true],"1536x1536":["https:\/\/wavexia.com\/wp-content\/uploads\/2025\/10\/41dYXbE9PPL.jpg_BO30255255255_UF900850_SR191010000C_QL100_-1536x804.jpg",1536,804,true],"2048x2048":["https:\/\/wavexia.com\/wp-content\/uploads\/2025\/10\/41dYXbE9PPL.jpg_BO30255255255_UF900850_SR191010000C_QL100_.jpg",1600,838,false],"woocommerce_archive_thumbnail":["https:\/\/wavexia.com\/wp-content\/uploads\/2025\/10\/41dYXbE9PPL.jpg_BO30255255255_UF900850_SR191010000C_QL100_-300x157.jpg",300,157,true],"woocommerce_thumbnail":["https:\/\/wavexia.com\/wp-content\/uploads\/2025\/10\/41dYXbE9PPL.jpg_BO30255255255_UF900850_SR191010000C_QL100_-300x300.jpg",300,300,true],"woocommerce_single":["https:\/\/wavexia.com\/wp-content\/uploads\/2025\/10\/41dYXbE9PPL.jpg_BO30255255255_UF900850_SR191010000C_QL100_-600x314.jpg",600,314,true],"woocommerce_gallery_thumbnail":["https:\/\/wavexia.com\/wp-content\/uploads\/2025\/10\/41dYXbE9PPL.jpg_BO30255255255_UF900850_SR191010000C_QL100_-100x100.jpg",100,100,true]},"uagb_author_info":{"display_name":"zineddine.ayoub98@gmail.com","author_link":"https:\/\/wavexia.com\/?author=0"},"uagb_comment_info":0,"uagb_excerpt":"Description Cet hydratant est destin\u00e9 aux peaux irrit\u00e9es, sensibles et aux \u00e9ruptions cutan\u00e9es. Sa formule \u00e0 base d\u2019acide salicylique, d\u2019arbutine et de Centella Asiatica apaise les irritations et donne \u00e0 votre peau un coup de fouet qui la laisse \u00e9clatante gr\u00e2ce \u00e0 son effet illuminateur et hydratant. De plus, il aide \u00e0 am\u00e9liorer la sant\u00e9&hellip;","brands":[],"_links":{"self":[{"href":"https:\/\/wavexia.com\/index.php?rest_route=\/wp\/v2\/product\/5005","targetHints":{"allow":["GET"]}}],"collection":[{"href":"https:\/\/wavexia.com\/index.php?rest_route=\/wp\/v2\/product"}],"about":[{"href":"https:\/\/wavexia.com\/index.php?rest_route=\/wp\/v2\/types\/product"}],"replies":[{"embeddable":true,"href":"https:\/\/wavexia.com\/index.php?rest_route=%2Fwp%2Fv2%2Fcomments&post=5005"}],"wp:featuredmedia":[{"embeddable":true,"href":"https:\/\/wavexia.com\/index.php?rest_route=\/wp\/v2\/media\/5004"}],"wp:attachment":[{"href":"https:\/\/wavexia.com\/index.php?rest_route=%2Fwp%2Fv2%2Fmedia&parent=5005"}],"wp:term":[{"taxonomy":"pwb-brand","embeddable":true,"href":"https:\/\/wavexia.com\/index.php?rest_route=%2Fwp%2Fv2%2Fpwb-brand&post=5005"},{"taxonomy":"product_brand","embeddable":true,"href":"https:\/\/wavexia.com\/index.php?rest_route=%2Fwp%2Fv2%2Fproduct_brand&post=5005"},{"taxonomy":"product_cat","embeddable":true,"href":"https:\/\/wavexia.com\/index.php?rest_route=%2Fwp%2Fv2%2Fproduct_cat&post=5005"},{"taxonomy":"product_tag","embeddable":true,"href":"https:\/\/wavexia.com\/index.php?rest_route=%2Fwp%2Fv2%2Fproduct_tag&post=5005"}],"curies":[{"name":"wp","href":"https:\/\/api.w.org\/{rel}","templated":true}]}}