{"id":5000,"date":"2025-10-19T09:14:43","date_gmt":"2025-10-19T09:14:43","guid":{"rendered":"https:\/\/wavexia.com\/product\/roundlab-birch-juice-moisturizing-soothing-gel-150ml\/"},"modified":"2026-03-10T07:31:06","modified_gmt":"2026-03-10T07:31:06","slug":"roundlab-birch-juice-moisturizing-soothing-gel-150ml","status":"publish","type":"product","link":"https:\/\/wavexia.com\/?product=roundlab-birch-juice-moisturizing-soothing-gel-150ml","title":{"rendered":"ROUNDLAB Birch Juice Moisturizing Soothing Gel 150ml"},"content":{"rendered":"<h2>Description<\/h2>\n<p>Le gel apaisant au bouleau est une formule non collante \u00e0 base de gel\u00e9e d\u2019eau. Id\u00e9al pour calmer la peau apr\u00e8s l\u2019exposition au soleil, traiter les irritations cutan\u00e9es et fournir une hydratation instantan\u00e9e.<\/p>\n<p>Un gel apaisant hydratant qui procure \u00e0 la peau une hydratation en profondeur, une temp\u00e9rature cutan\u00e9e rafra\u00eechissante et un \u00e9clat instantan\u00e9.<\/p>\n<p>La s\u00e8ve de bouleau nourrit la peau en diminuant l\u2019inflammation, purifie et hydrate gr\u00e2ce \u00e0 ses nombreux min\u00e9raux, enzymes, prot\u00e9ines et antioxydants.<\/p>\n<p>Verrouillage de l\u2019humidit\u00e9 : L\u2019acide hyaluronique Vita forme une barri\u00e8re de d\u00e9fense contre l\u2019humidit\u00e9 pour sceller l\u2019hydratation.<\/p>\n<h5>mode d\u2019emploi:<\/h5>\n<p>Apr\u00e8s les \u00e9tapes de nettoyage, de tonification et de s\u00e9rum de la routine de soins de la peau, appliquez une quantit\u00e9 ad\u00e9quate de cr\u00e8me sur le visage, en massant doucement. Tapotez pour absorber.<\/p>\n<p>Pour usage externe uniquement. Faites toujours un test \u00e9picutan\u00e9. Cessez l\u2019utilisation si vous ressentez une g\u00eane. Suivez les instructions suppl\u00e9mentaires sur l\u2019emballage. Les r\u00e9sultats individuels peuvent varier.<\/p>\n<h5>ingr\u00e9dients:<\/h5>\n<p>Eau, butyl\u00e8ne glycol, dipropyl\u00e8ne glycol, glyc\u00e9rine, 1,2-hexanediol, jus de Betula Platyphylla Japonica, glyc\u00e9ryl glucoside, hyaluronate de sodium, acide hyaluronique, extrait de racine de Dioscorea Japonica, extrait de fleur de Viola Mandshurica, extrait de feuille d\u2019Aloe Barbadensis, extrait de racine d\u2019Ulmus Davidiana, extrait de Laminaria Japonica, extrait de feuille de Melia Azadirachta, extrait de fleur de Melia Azadirachta, pentyl\u00e8ne glycol, caprylyl glycol, extrait de fruit de Coccinia indica, triglyc\u00e9ride caprylique\/caprique, Palmitate d\u2019\u00e9thylhexyle, \u00c9thylhexanoate de c\u00e9tyle, Extrait de fruit de Solanum melongena (aubergine), Extrait de feuille d\u2019Ocimum sanctum, Extrait de Corallina Officinalis, Extrait de racine de Curcuma Longa (curcuma), Myristate de polyglyc\u00e9ryl-10, Hydroxyac\u00e9toph\u00e9none, Acide ascorbique, Carbom\u00e8re, Trom\u00e9thamine, EDTA disodique.<\/p>\n","protected":false},"excerpt":{"rendered":"<p>Description Le gel apaisant au bouleau est une formule non collante \u00e0 base de gel\u00e9e d\u2019eau. Id\u00e9al pour calmer la peau apr\u00e8s l\u2019exposition au soleil, traiter les irritations cutan\u00e9es et fournir une hydratation instantan\u00e9e. Un gel apaisant hydratant qui procure \u00e0 la peau une hydratation en profondeur, une temp\u00e9rature cutan\u00e9e rafra\u00eechissante et un \u00e9clat instantan\u00e9. [&hellip;]<\/p>\n","protected":false},"featured_media":4999,"comment_status":"open","ping_status":"closed","template":"","meta":{"content-type":"","_uag_custom_page_level_css":""},"pwb-brand":[],"product_brand":[],"product_cat":[336,328,334,341],"product_tag":[],"class_list":{"0":"post-5000","1":"product","2":"type-product","3":"status-publish","4":"has-post-thumbnail","6":"product_cat-nettoyant","7":"product_cat-nouveautes","8":"product_cat-produits-coreens","9":"product_cat-round-lab","11":"first","12":"instock","13":"sale","14":"shipping-taxable","15":"purchasable","16":"product-type-simple"},"aioseo_notices":[],"uagb_featured_image_src":{"full":["https:\/\/wavexia.com\/wp-content\/uploads\/2025\/10\/XXL_p0198194894.webp",640,640,false],"thumbnail":["https:\/\/wavexia.com\/wp-content\/uploads\/2025\/10\/XXL_p0198194894-150x150.webp",150,150,true],"medium":["https:\/\/wavexia.com\/wp-content\/uploads\/2025\/10\/XXL_p0198194894-300x300.webp",300,300,true],"medium_large":["https:\/\/wavexia.com\/wp-content\/uploads\/2025\/10\/XXL_p0198194894.webp",640,640,false],"large":["https:\/\/wavexia.com\/wp-content\/uploads\/2025\/10\/XXL_p0198194894.webp",640,640,false],"1536x1536":["https:\/\/wavexia.com\/wp-content\/uploads\/2025\/10\/XXL_p0198194894.webp",640,640,false],"2048x2048":["https:\/\/wavexia.com\/wp-content\/uploads\/2025\/10\/XXL_p0198194894.webp",640,640,false],"woocommerce_archive_thumbnail":["https:\/\/wavexia.com\/wp-content\/uploads\/2025\/10\/XXL_p0198194894-300x300.webp",300,300,true],"woocommerce_thumbnail":["https:\/\/wavexia.com\/wp-content\/uploads\/2025\/10\/XXL_p0198194894-300x300.webp",300,300,true],"woocommerce_single":["https:\/\/wavexia.com\/wp-content\/uploads\/2025\/10\/XXL_p0198194894-600x600.webp",600,600,true],"woocommerce_gallery_thumbnail":["https:\/\/wavexia.com\/wp-content\/uploads\/2025\/10\/XXL_p0198194894-100x100.webp",100,100,true]},"uagb_author_info":{"display_name":"zineddine.ayoub98@gmail.com","author_link":"https:\/\/wavexia.com\/?author=0"},"uagb_comment_info":0,"uagb_excerpt":"Description Le gel apaisant au bouleau est une formule non collante \u00e0 base de gel\u00e9e d\u2019eau. Id\u00e9al pour calmer la peau apr\u00e8s l\u2019exposition au soleil, traiter les irritations cutan\u00e9es et fournir une hydratation instantan\u00e9e. Un gel apaisant hydratant qui procure \u00e0 la peau une hydratation en profondeur, une temp\u00e9rature cutan\u00e9e rafra\u00eechissante et un \u00e9clat instantan\u00e9.&hellip;","brands":[],"_links":{"self":[{"href":"https:\/\/wavexia.com\/index.php?rest_route=\/wp\/v2\/product\/5000","targetHints":{"allow":["GET"]}}],"collection":[{"href":"https:\/\/wavexia.com\/index.php?rest_route=\/wp\/v2\/product"}],"about":[{"href":"https:\/\/wavexia.com\/index.php?rest_route=\/wp\/v2\/types\/product"}],"replies":[{"embeddable":true,"href":"https:\/\/wavexia.com\/index.php?rest_route=%2Fwp%2Fv2%2Fcomments&post=5000"}],"wp:featuredmedia":[{"embeddable":true,"href":"https:\/\/wavexia.com\/index.php?rest_route=\/wp\/v2\/media\/4999"}],"wp:attachment":[{"href":"https:\/\/wavexia.com\/index.php?rest_route=%2Fwp%2Fv2%2Fmedia&parent=5000"}],"wp:term":[{"taxonomy":"pwb-brand","embeddable":true,"href":"https:\/\/wavexia.com\/index.php?rest_route=%2Fwp%2Fv2%2Fpwb-brand&post=5000"},{"taxonomy":"product_brand","embeddable":true,"href":"https:\/\/wavexia.com\/index.php?rest_route=%2Fwp%2Fv2%2Fproduct_brand&post=5000"},{"taxonomy":"product_cat","embeddable":true,"href":"https:\/\/wavexia.com\/index.php?rest_route=%2Fwp%2Fv2%2Fproduct_cat&post=5000"},{"taxonomy":"product_tag","embeddable":true,"href":"https:\/\/wavexia.com\/index.php?rest_route=%2Fwp%2Fv2%2Fproduct_tag&post=5000"}],"curies":[{"name":"wp","href":"https:\/\/api.w.org\/{rel}","templated":true}]}}