{"id":4996,"date":"2025-10-19T09:14:36","date_gmt":"2025-10-19T09:14:36","guid":{"rendered":"https:\/\/wavexia.com\/product\/milk-makeup-electric-glossy-lip-plumper-ref-pumped-clear\/"},"modified":"2026-03-10T07:31:06","modified_gmt":"2026-03-10T07:31:06","slug":"milk-makeup-electric-glossy-lip-plumper-ref-pumped-clear","status":"publish","type":"product","link":"https:\/\/wavexia.com\/?product=milk-makeup-electric-glossy-lip-plumper-ref-pumped-clear","title":{"rendered":"MILK MAKEUP Electric Glossy Lip Plumper \u2013 R\u00e9f PUMPED CLEAR"},"content":{"rendered":"<h2>Description<\/h2>\n<p>Un gel pour les l\u00e8vres propre, ultra-rembourr\u00e9 et tr\u00e8s brillant pour une sensation de picotement \u00e9lectrique mais confortable et des l\u00e8vres plus pulpeuses.<\/p>\n<p><b><\/b>Donnez \u00e0 vos l\u00e8vres un fini vitreux et brillant, sans aucun r\u00e9sidu collant. Ce baume gel rembourr\u00e9 est disponible dans des teintes transparentes pour une subtile touche de couleur.<\/p>\n","protected":false},"excerpt":{"rendered":"<p>Description Un gel pour les l\u00e8vres propre, ultra-rembourr\u00e9 et tr\u00e8s brillant pour une sensation de picotement \u00e9lectrique mais confortable et des l\u00e8vres plus pulpeuses. Donnez \u00e0 vos l\u00e8vres un fini vitreux et brillant, sans aucun r\u00e9sidu collant. Ce baume gel rembourr\u00e9 est disponible dans des teintes transparentes pour une subtile touche de couleur.<\/p>\n","protected":false},"featured_media":4995,"comment_status":"open","ping_status":"closed","template":"","meta":{"content-type":"","_uag_custom_page_level_css":""},"pwb-brand":[],"product_brand":[],"product_cat":[360,386,328],"product_tag":[],"class_list":{"0":"post-4996","1":"product","2":"type-product","3":"status-publish","4":"has-post-thumbnail","6":"product_cat-maquillage","7":"product_cat-milk-makeup","8":"product_cat-nouveautes","10":"first","11":"instock","12":"sale","13":"shipping-taxable","14":"purchasable","15":"product-type-simple"},"aioseo_notices":[],"uagb_featured_image_src":{"full":["https:\/\/wavexia.com\/wp-content\/uploads\/2025\/10\/s2427920-main-zoom.webp",700,700,false],"thumbnail":["https:\/\/wavexia.com\/wp-content\/uploads\/2025\/10\/s2427920-main-zoom-150x150.webp",150,150,true],"medium":["https:\/\/wavexia.com\/wp-content\/uploads\/2025\/10\/s2427920-main-zoom-300x300.webp",300,300,true],"medium_large":["https:\/\/wavexia.com\/wp-content\/uploads\/2025\/10\/s2427920-main-zoom.webp",700,700,false],"large":["https:\/\/wavexia.com\/wp-content\/uploads\/2025\/10\/s2427920-main-zoom.webp",700,700,false],"1536x1536":["https:\/\/wavexia.com\/wp-content\/uploads\/2025\/10\/s2427920-main-zoom.webp",700,700,false],"2048x2048":["https:\/\/wavexia.com\/wp-content\/uploads\/2025\/10\/s2427920-main-zoom.webp",700,700,false],"woocommerce_archive_thumbnail":["https:\/\/wavexia.com\/wp-content\/uploads\/2025\/10\/s2427920-main-zoom-300x300.webp",300,300,true],"woocommerce_thumbnail":["https:\/\/wavexia.com\/wp-content\/uploads\/2025\/10\/s2427920-main-zoom-300x300.webp",300,300,true],"woocommerce_single":["https:\/\/wavexia.com\/wp-content\/uploads\/2025\/10\/s2427920-main-zoom-600x600.webp",600,600,true],"woocommerce_gallery_thumbnail":["https:\/\/wavexia.com\/wp-content\/uploads\/2025\/10\/s2427920-main-zoom-100x100.webp",100,100,true]},"uagb_author_info":{"display_name":"zineddine.ayoub98@gmail.com","author_link":"https:\/\/wavexia.com\/?author=0"},"uagb_comment_info":0,"uagb_excerpt":"Description Un gel pour les l\u00e8vres propre, ultra-rembourr\u00e9 et tr\u00e8s brillant pour une sensation de picotement \u00e9lectrique mais confortable et des l\u00e8vres plus pulpeuses. Donnez \u00e0 vos l\u00e8vres un fini vitreux et brillant, sans aucun r\u00e9sidu collant. Ce baume gel rembourr\u00e9 est disponible dans des teintes transparentes pour une subtile touche de couleur.","brands":[],"_links":{"self":[{"href":"https:\/\/wavexia.com\/index.php?rest_route=\/wp\/v2\/product\/4996","targetHints":{"allow":["GET"]}}],"collection":[{"href":"https:\/\/wavexia.com\/index.php?rest_route=\/wp\/v2\/product"}],"about":[{"href":"https:\/\/wavexia.com\/index.php?rest_route=\/wp\/v2\/types\/product"}],"replies":[{"embeddable":true,"href":"https:\/\/wavexia.com\/index.php?rest_route=%2Fwp%2Fv2%2Fcomments&post=4996"}],"wp:featuredmedia":[{"embeddable":true,"href":"https:\/\/wavexia.com\/index.php?rest_route=\/wp\/v2\/media\/4995"}],"wp:attachment":[{"href":"https:\/\/wavexia.com\/index.php?rest_route=%2Fwp%2Fv2%2Fmedia&parent=4996"}],"wp:term":[{"taxonomy":"pwb-brand","embeddable":true,"href":"https:\/\/wavexia.com\/index.php?rest_route=%2Fwp%2Fv2%2Fpwb-brand&post=4996"},{"taxonomy":"product_brand","embeddable":true,"href":"https:\/\/wavexia.com\/index.php?rest_route=%2Fwp%2Fv2%2Fproduct_brand&post=4996"},{"taxonomy":"product_cat","embeddable":true,"href":"https:\/\/wavexia.com\/index.php?rest_route=%2Fwp%2Fv2%2Fproduct_cat&post=4996"},{"taxonomy":"product_tag","embeddable":true,"href":"https:\/\/wavexia.com\/index.php?rest_route=%2Fwp%2Fv2%2Fproduct_tag&post=4996"}],"curies":[{"name":"wp","href":"https:\/\/api.w.org\/{rel}","templated":true}]}}