{"id":4972,"date":"2025-10-19T09:14:12","date_gmt":"2025-10-19T09:14:12","guid":{"rendered":"https:\/\/wavexia.com\/product\/dr-althea-anastatica-skin-conditioning-toner-250ml\/"},"modified":"2026-03-10T07:31:06","modified_gmt":"2026-03-10T07:31:06","slug":"dr-althea-anastatica-skin-conditioning-toner-250ml","status":"publish","type":"product","link":"https:\/\/wavexia.com\/?product=dr-althea-anastatica-skin-conditioning-toner-250ml","title":{"rendered":"Dr. Althea Anastatica Skin Conditioning Toner 250ml"},"content":{"rendered":"<h2>Description<\/h2>\n<p>Le Dr. Althea Anastatica Skin Conditioning Toner est le tonique qui \u00e9quilibre votre peau et lui donne un merveilleux coup de pouce. Ce tonique rafra\u00eechissant contient l\u2019extrait magique d\u2019Anastatica, \u00e9galement connu sous le nom de \u00ab&nbsp;plante ressuscit\u00e9e&nbsp;\u00bb, qui non seulement hydrate intens\u00e9ment votre peau, mais aide \u00e9galement \u00e0 la restaurer et \u00e0 la prot\u00e9ger du stress quotidien.<\/p>\n<p>Gr\u00e2ce au m\u00e9lange nourrissant d\u2019ingr\u00e9dients hydratants et d\u2019extraits de plantes apaisants, cette lotion tonique est parfaite pour tous les types de peau, m\u00eame les plus sensibles !<\/p>\n<p>Donnez \u00e0 votre peau un peu plus d\u2019amour et ajoutez le tonique revitalisant pour la peau Dr. Althea Anastatica \u00e0 votre routine pour un look frais et radieux.<\/p>\n<p><strong>Ce toner :<\/strong><\/p>\n<ul>\n<li>\u00e9quilibre votre peau<\/li>\n<li>rafra\u00eechissant<\/li>\n<li>Extrait d\u2019Anastatica<\/li>\n<li>Prot\u00e8ge contre le stress quotidien<\/li>\n<li>hydratation intense<\/li>\n<li>extraits de plantes apaisantes<\/li>\n<li>pour chaque type de peau<\/li>\n<li>Utilisation quotidienne<\/li>\n<li>Sans parfum<\/li>\n<li>sans cruaut\u00e9<\/li>\n<li>v\u00e9g\u00e9talien<\/li>\n<\/ul>\n<p><strong>Mode d\u2019emploi :<\/strong><\/p>\n<ul>\n<li>Appliquez sur un coton ou du bout des doigts.<\/li>\n<li>R\u00e9partir uniform\u00e9ment sur la peau nettoy\u00e9e.<\/li>\n<li>Tapotez doucement jusqu\u2019\u00e0 ce que le toner soit compl\u00e8tement absorb\u00e9.<\/li>\n<li>Utiliser matin et soir pour de meilleurs r\u00e9sultats.<\/li>\n<\/ul>\n<p><span><strong>Ingr\u00e9dients :<\/strong><br \/>Extrait d\u2019Anastatica Hierochuntica, eau, 1,2-hexanediol, butyl\u00e8ne glycol, glyc\u00e9rine, glycyrrhizate dipotassique, copolym\u00e8re d\u2019acryloyldim\u00e9thyltaurate\/VP d\u2019ammonium, EDTA disodique, allanto\u00efne, acide citrique, citrate de sodium, extrait de malt, extrait de graine d\u2019Adansonia digitata, extrait de fleur d\u2019Anthemis Nobilis, extrait de tige d\u2019Opuntia Ficus-Indica, extrait de Portulaca Ole racea, hyaluronate de sodium, hyaluronate d\u2019hydroxypropyltrimonium, acide hyaluronique hydrolys\u00e9, ac\u00e9tyl\u00e9 de sodium Hyaluronate, acide hyaluronique, hyaluronate de sodium hydrolys\u00e9, polym\u00e8re crois\u00e9 d\u2019hyaluronate de sodium, hyaluronate de potassium<\/span><\/p>\n<p>&nbsp;<\/p>\n","protected":false},"excerpt":{"rendered":"<p>Description Le Dr. Althea Anastatica Skin Conditioning Toner est le tonique qui \u00e9quilibre votre peau et lui donne un merveilleux coup de pouce. Ce tonique rafra\u00eechissant contient l\u2019extrait magique d\u2019Anastatica, \u00e9galement connu sous le nom de \u00ab&nbsp;plante ressuscit\u00e9e&nbsp;\u00bb, qui non seulement hydrate intens\u00e9ment votre peau, mais aide \u00e9galement \u00e0 la restaurer et \u00e0 la prot\u00e9ger [&hellip;]<\/p>\n","protected":false},"featured_media":4971,"comment_status":"open","ping_status":"closed","template":"","meta":{"content-type":"","_uag_custom_page_level_css":""},"pwb-brand":[],"product_brand":[],"product_cat":[366,327,328,334,345],"product_tag":[],"class_list":{"0":"post-4972","1":"product","2":"type-product","3":"status-publish","4":"has-post-thumbnail","6":"product_cat-dr-althea","7":"product_cat-hmizat","8":"product_cat-nouveautes","9":"product_cat-produits-coreens","10":"product_cat-toner-pads","12":"first","13":"instock","14":"sale","15":"shipping-taxable","16":"purchasable","17":"product-type-simple"},"aioseo_notices":[],"uagb_featured_image_src":{"full":["https:\/\/wavexia.com\/wp-content\/uploads\/2025\/10\/51fQsqRTIDL.jpg",1080,1080,false],"thumbnail":["https:\/\/wavexia.com\/wp-content\/uploads\/2025\/10\/51fQsqRTIDL-150x150.jpg",150,150,true],"medium":["https:\/\/wavexia.com\/wp-content\/uploads\/2025\/10\/51fQsqRTIDL-300x300.jpg",300,300,true],"medium_large":["https:\/\/wavexia.com\/wp-content\/uploads\/2025\/10\/51fQsqRTIDL-768x768.jpg",768,768,true],"large":["https:\/\/wavexia.com\/wp-content\/uploads\/2025\/10\/51fQsqRTIDL-1024x1024.jpg",1024,1024,true],"1536x1536":["https:\/\/wavexia.com\/wp-content\/uploads\/2025\/10\/51fQsqRTIDL.jpg",1080,1080,false],"2048x2048":["https:\/\/wavexia.com\/wp-content\/uploads\/2025\/10\/51fQsqRTIDL.jpg",1080,1080,false],"woocommerce_archive_thumbnail":["https:\/\/wavexia.com\/wp-content\/uploads\/2025\/10\/51fQsqRTIDL-300x300.jpg",300,300,true],"woocommerce_thumbnail":["https:\/\/wavexia.com\/wp-content\/uploads\/2025\/10\/51fQsqRTIDL-300x300.jpg",300,300,true],"woocommerce_single":["https:\/\/wavexia.com\/wp-content\/uploads\/2025\/10\/51fQsqRTIDL-600x600.jpg",600,600,true],"woocommerce_gallery_thumbnail":["https:\/\/wavexia.com\/wp-content\/uploads\/2025\/10\/51fQsqRTIDL-100x100.jpg",100,100,true]},"uagb_author_info":{"display_name":"zineddine.ayoub98@gmail.com","author_link":"https:\/\/wavexia.com\/?author=0"},"uagb_comment_info":0,"uagb_excerpt":"Description Le Dr. Althea Anastatica Skin Conditioning Toner est le tonique qui \u00e9quilibre votre peau et lui donne un merveilleux coup de pouce. Ce tonique rafra\u00eechissant contient l\u2019extrait magique d\u2019Anastatica, \u00e9galement connu sous le nom de \u00ab&nbsp;plante ressuscit\u00e9e&nbsp;\u00bb, qui non seulement hydrate intens\u00e9ment votre peau, mais aide \u00e9galement \u00e0 la restaurer et \u00e0 la prot\u00e9ger&hellip;","brands":[],"_links":{"self":[{"href":"https:\/\/wavexia.com\/index.php?rest_route=\/wp\/v2\/product\/4972","targetHints":{"allow":["GET"]}}],"collection":[{"href":"https:\/\/wavexia.com\/index.php?rest_route=\/wp\/v2\/product"}],"about":[{"href":"https:\/\/wavexia.com\/index.php?rest_route=\/wp\/v2\/types\/product"}],"replies":[{"embeddable":true,"href":"https:\/\/wavexia.com\/index.php?rest_route=%2Fwp%2Fv2%2Fcomments&post=4972"}],"wp:featuredmedia":[{"embeddable":true,"href":"https:\/\/wavexia.com\/index.php?rest_route=\/wp\/v2\/media\/4971"}],"wp:attachment":[{"href":"https:\/\/wavexia.com\/index.php?rest_route=%2Fwp%2Fv2%2Fmedia&parent=4972"}],"wp:term":[{"taxonomy":"pwb-brand","embeddable":true,"href":"https:\/\/wavexia.com\/index.php?rest_route=%2Fwp%2Fv2%2Fpwb-brand&post=4972"},{"taxonomy":"product_brand","embeddable":true,"href":"https:\/\/wavexia.com\/index.php?rest_route=%2Fwp%2Fv2%2Fproduct_brand&post=4972"},{"taxonomy":"product_cat","embeddable":true,"href":"https:\/\/wavexia.com\/index.php?rest_route=%2Fwp%2Fv2%2Fproduct_cat&post=4972"},{"taxonomy":"product_tag","embeddable":true,"href":"https:\/\/wavexia.com\/index.php?rest_route=%2Fwp%2Fv2%2Fproduct_tag&post=4972"}],"curies":[{"name":"wp","href":"https:\/\/api.w.org\/{rel}","templated":true}]}}