{"id":4961,"date":"2025-10-19T09:14:00","date_gmt":"2025-10-19T09:14:00","guid":{"rendered":"https:\/\/wavexia.com\/product\/charlotte-tilbury-the-beautyverse-palette\/"},"modified":"2026-03-10T07:31:06","modified_gmt":"2026-03-10T07:31:06","slug":"charlotte-tilbury-the-beautyverse-palette","status":"publish","type":"product","link":"https:\/\/wavexia.com\/?product=charlotte-tilbury-the-beautyverse-palette","title":{"rendered":"CHARLOTTE TILBURY -The Beautyverse Palette"},"content":{"rendered":"<h2>Description<\/h2>\n<p>PALETTE DE FARDS \u00c0 PAUPI\u00c8RES EN \u00c9DITION LIMIT\u00c9E<\/p>\n<p>La Beautyverse Palette Charlotte\u2019s en&nbsp;\u00e9dition limit\u00e9e&nbsp;contient 9 teintes \u00e9blouissantes afin de cr\u00e9er le look id\u00e9al pour les f\u00eates. Compos\u00e9e d\u2019un assortiment de teintes neutres quotidiennes et de touches color\u00e9es, cette palette vous offre un choix immense quant aux looks que vous souhaitez cr\u00e9er.<\/p>\n","protected":false},"excerpt":{"rendered":"<p>Description PALETTE DE FARDS \u00c0 PAUPI\u00c8RES EN \u00c9DITION LIMIT\u00c9E La Beautyverse Palette Charlotte\u2019s en&nbsp;\u00e9dition limit\u00e9e&nbsp;contient 9 teintes \u00e9blouissantes afin de cr\u00e9er le look id\u00e9al pour les f\u00eates. Compos\u00e9e d\u2019un assortiment de teintes neutres quotidiennes et de touches color\u00e9es, cette palette vous offre un choix immense quant aux looks que vous souhaitez cr\u00e9er.<\/p>\n","protected":false},"featured_media":4960,"comment_status":"open","ping_status":"closed","template":"","meta":{"content-type":"","_uag_custom_page_level_css":""},"pwb-brand":[],"product_brand":[],"product_cat":[425,327,331,360,339],"product_tag":[],"class_list":{"0":"post-4961","1":"product","2":"type-product","3":"status-publish","4":"has-post-thumbnail","6":"product_cat-charlotte-tilbury","7":"product_cat-hmizat","8":"product_cat-idees-cadeaux","9":"product_cat-maquillage","10":"product_cat-meilleures-ventes","12":"first","13":"instock","14":"sale","15":"shipping-taxable","16":"purchasable","17":"product-type-simple"},"aioseo_notices":[],"uagb_featured_image_src":{"full":["https:\/\/wavexia.com\/wp-content\/uploads\/2025\/10\/IMG-8452.webp",585,585,false],"thumbnail":["https:\/\/wavexia.com\/wp-content\/uploads\/2025\/10\/IMG-8452-150x150.webp",150,150,true],"medium":["https:\/\/wavexia.com\/wp-content\/uploads\/2025\/10\/IMG-8452-300x300.webp",300,300,true],"medium_large":["https:\/\/wavexia.com\/wp-content\/uploads\/2025\/10\/IMG-8452.webp",585,585,false],"large":["https:\/\/wavexia.com\/wp-content\/uploads\/2025\/10\/IMG-8452.webp",585,585,false],"1536x1536":["https:\/\/wavexia.com\/wp-content\/uploads\/2025\/10\/IMG-8452.webp",585,585,false],"2048x2048":["https:\/\/wavexia.com\/wp-content\/uploads\/2025\/10\/IMG-8452.webp",585,585,false],"woocommerce_archive_thumbnail":["https:\/\/wavexia.com\/wp-content\/uploads\/2025\/10\/IMG-8452-300x300.webp",300,300,true],"woocommerce_thumbnail":["https:\/\/wavexia.com\/wp-content\/uploads\/2025\/10\/IMG-8452-300x300.webp",300,300,true],"woocommerce_single":["https:\/\/wavexia.com\/wp-content\/uploads\/2025\/10\/IMG-8452.webp",585,585,false],"woocommerce_gallery_thumbnail":["https:\/\/wavexia.com\/wp-content\/uploads\/2025\/10\/IMG-8452-100x100.webp",100,100,true]},"uagb_author_info":{"display_name":"zineddine.ayoub98@gmail.com","author_link":"https:\/\/wavexia.com\/?author=0"},"uagb_comment_info":0,"uagb_excerpt":"Description PALETTE DE FARDS \u00c0 PAUPI\u00c8RES EN \u00c9DITION LIMIT\u00c9E La Beautyverse Palette Charlotte\u2019s en&nbsp;\u00e9dition limit\u00e9e&nbsp;contient 9 teintes \u00e9blouissantes afin de cr\u00e9er le look id\u00e9al pour les f\u00eates. Compos\u00e9e d\u2019un assortiment de teintes neutres quotidiennes et de touches color\u00e9es, cette palette vous offre un choix immense quant aux looks que vous souhaitez cr\u00e9er.","brands":[],"_links":{"self":[{"href":"https:\/\/wavexia.com\/index.php?rest_route=\/wp\/v2\/product\/4961","targetHints":{"allow":["GET"]}}],"collection":[{"href":"https:\/\/wavexia.com\/index.php?rest_route=\/wp\/v2\/product"}],"about":[{"href":"https:\/\/wavexia.com\/index.php?rest_route=\/wp\/v2\/types\/product"}],"replies":[{"embeddable":true,"href":"https:\/\/wavexia.com\/index.php?rest_route=%2Fwp%2Fv2%2Fcomments&post=4961"}],"wp:featuredmedia":[{"embeddable":true,"href":"https:\/\/wavexia.com\/index.php?rest_route=\/wp\/v2\/media\/4960"}],"wp:attachment":[{"href":"https:\/\/wavexia.com\/index.php?rest_route=%2Fwp%2Fv2%2Fmedia&parent=4961"}],"wp:term":[{"taxonomy":"pwb-brand","embeddable":true,"href":"https:\/\/wavexia.com\/index.php?rest_route=%2Fwp%2Fv2%2Fpwb-brand&post=4961"},{"taxonomy":"product_brand","embeddable":true,"href":"https:\/\/wavexia.com\/index.php?rest_route=%2Fwp%2Fv2%2Fproduct_brand&post=4961"},{"taxonomy":"product_cat","embeddable":true,"href":"https:\/\/wavexia.com\/index.php?rest_route=%2Fwp%2Fv2%2Fproduct_cat&post=4961"},{"taxonomy":"product_tag","embeddable":true,"href":"https:\/\/wavexia.com\/index.php?rest_route=%2Fwp%2Fv2%2Fproduct_tag&post=4961"}],"curies":[{"name":"wp","href":"https:\/\/api.w.org\/{rel}","templated":true}]}}