{"id":4952,"date":"2025-10-19T09:13:55","date_gmt":"2025-10-19T09:13:55","guid":{"rendered":"https:\/\/wavexia.com\/product\/nyx-huile-a-levres-fat-oil-fold02-missed-call\/"},"modified":"2026-03-10T07:31:06","modified_gmt":"2026-03-10T07:31:06","slug":"nyx-huile-a-levres-fat-oil-fold02-missed-call","status":"publish","type":"product","link":"https:\/\/wavexia.com\/?product=nyx-huile-a-levres-fat-oil-fold02-missed-call","title":{"rendered":"NYX \u2013 HUILE \u00c0 L\u00c8VRES FAT OIL- FOLD02 MISSED CALL"},"content":{"rendered":"<h2>Description<\/h2>\n<p>La premi\u00e8re huile \u00e0 l\u00e8vres NYX Professional Makeup de son genre ! Nouveau gloss liquide huile \u00e0 l\u00e8vres FAT OIL, FAT* brillance et FAT* hydratation pour des l\u00e8vres repulp\u00e9es et hydrat\u00e9es. Une texture confortable, non collante et ultra brillante qui offre jusqu\u2019\u00e0 12h d\u2019hydratation. Enrichie en huile de m\u00fbres, framboises et squalane. 8 teintes con\u00e7ues pour toutes les carnations qui vont donner une nouvelle dimension \u00e0 votre look ! Son applicateur extra large recouvre g\u00e9n\u00e9reusement vos l\u00e8vres \u00e0 chaque passage. N\u2019attendez plus ! Formule vegan**.<\/p>\n","protected":false},"excerpt":{"rendered":"<p>Description La premi\u00e8re huile \u00e0 l\u00e8vres NYX Professional Makeup de son genre ! Nouveau gloss liquide huile \u00e0 l\u00e8vres FAT OIL, FAT* brillance et FAT* hydratation pour des l\u00e8vres repulp\u00e9es et hydrat\u00e9es. Une texture confortable, non collante et ultra brillante qui offre jusqu\u2019\u00e0 12h d\u2019hydratation. Enrichie en huile de m\u00fbres, framboises et squalane. 8 teintes [&hellip;]<\/p>\n","protected":false},"featured_media":4951,"comment_status":"open","ping_status":"closed","template":"","meta":{"content-type":"","_uag_custom_page_level_css":""},"pwb-brand":[],"product_brand":[],"product_cat":[327,360,365],"product_tag":[],"class_list":{"0":"post-4952","1":"product","2":"type-product","3":"status-publish","4":"has-post-thumbnail","6":"product_cat-hmizat","7":"product_cat-maquillage","8":"product_cat-nyx","10":"first","11":"instock","12":"sale","13":"shipping-taxable","14":"purchasable","15":"product-type-simple"},"aioseo_notices":[],"uagb_featured_image_src":{"full":["https:\/\/wavexia.com\/wp-content\/uploads\/2025\/10\/NYX-PMU-Makeup-Lips-Lip-Gloss-FAT-OIL-LIP-DRIP-FOLD05-NEWSFEED-0800897233976-OpenSwatch-2.webp",713,713,false],"thumbnail":["https:\/\/wavexia.com\/wp-content\/uploads\/2025\/10\/NYX-PMU-Makeup-Lips-Lip-Gloss-FAT-OIL-LIP-DRIP-FOLD05-NEWSFEED-0800897233976-OpenSwatch-2-150x150.webp",150,150,true],"medium":["https:\/\/wavexia.com\/wp-content\/uploads\/2025\/10\/NYX-PMU-Makeup-Lips-Lip-Gloss-FAT-OIL-LIP-DRIP-FOLD05-NEWSFEED-0800897233976-OpenSwatch-2-300x300.webp",300,300,true],"medium_large":["https:\/\/wavexia.com\/wp-content\/uploads\/2025\/10\/NYX-PMU-Makeup-Lips-Lip-Gloss-FAT-OIL-LIP-DRIP-FOLD05-NEWSFEED-0800897233976-OpenSwatch-2.webp",713,713,false],"large":["https:\/\/wavexia.com\/wp-content\/uploads\/2025\/10\/NYX-PMU-Makeup-Lips-Lip-Gloss-FAT-OIL-LIP-DRIP-FOLD05-NEWSFEED-0800897233976-OpenSwatch-2.webp",713,713,false],"1536x1536":["https:\/\/wavexia.com\/wp-content\/uploads\/2025\/10\/NYX-PMU-Makeup-Lips-Lip-Gloss-FAT-OIL-LIP-DRIP-FOLD05-NEWSFEED-0800897233976-OpenSwatch-2.webp",713,713,false],"2048x2048":["https:\/\/wavexia.com\/wp-content\/uploads\/2025\/10\/NYX-PMU-Makeup-Lips-Lip-Gloss-FAT-OIL-LIP-DRIP-FOLD05-NEWSFEED-0800897233976-OpenSwatch-2.webp",713,713,false],"woocommerce_archive_thumbnail":["https:\/\/wavexia.com\/wp-content\/uploads\/2025\/10\/NYX-PMU-Makeup-Lips-Lip-Gloss-FAT-OIL-LIP-DRIP-FOLD05-NEWSFEED-0800897233976-OpenSwatch-2-300x300.webp",300,300,true],"woocommerce_thumbnail":["https:\/\/wavexia.com\/wp-content\/uploads\/2025\/10\/NYX-PMU-Makeup-Lips-Lip-Gloss-FAT-OIL-LIP-DRIP-FOLD05-NEWSFEED-0800897233976-OpenSwatch-2-300x300.webp",300,300,true],"woocommerce_single":["https:\/\/wavexia.com\/wp-content\/uploads\/2025\/10\/NYX-PMU-Makeup-Lips-Lip-Gloss-FAT-OIL-LIP-DRIP-FOLD05-NEWSFEED-0800897233976-OpenSwatch-2-600x600.webp",600,600,true],"woocommerce_gallery_thumbnail":["https:\/\/wavexia.com\/wp-content\/uploads\/2025\/10\/NYX-PMU-Makeup-Lips-Lip-Gloss-FAT-OIL-LIP-DRIP-FOLD05-NEWSFEED-0800897233976-OpenSwatch-2-100x100.webp",100,100,true]},"uagb_author_info":{"display_name":"zineddine.ayoub98@gmail.com","author_link":"https:\/\/wavexia.com\/?author=0"},"uagb_comment_info":0,"uagb_excerpt":"Description La premi\u00e8re huile \u00e0 l\u00e8vres NYX Professional Makeup de son genre ! Nouveau gloss liquide huile \u00e0 l\u00e8vres FAT OIL, FAT* brillance et FAT* hydratation pour des l\u00e8vres repulp\u00e9es et hydrat\u00e9es. Une texture confortable, non collante et ultra brillante qui offre jusqu\u2019\u00e0 12h d\u2019hydratation. Enrichie en huile de m\u00fbres, framboises et squalane. 8 teintes&hellip;","brands":[],"_links":{"self":[{"href":"https:\/\/wavexia.com\/index.php?rest_route=\/wp\/v2\/product\/4952","targetHints":{"allow":["GET"]}}],"collection":[{"href":"https:\/\/wavexia.com\/index.php?rest_route=\/wp\/v2\/product"}],"about":[{"href":"https:\/\/wavexia.com\/index.php?rest_route=\/wp\/v2\/types\/product"}],"replies":[{"embeddable":true,"href":"https:\/\/wavexia.com\/index.php?rest_route=%2Fwp%2Fv2%2Fcomments&post=4952"}],"wp:featuredmedia":[{"embeddable":true,"href":"https:\/\/wavexia.com\/index.php?rest_route=\/wp\/v2\/media\/4951"}],"wp:attachment":[{"href":"https:\/\/wavexia.com\/index.php?rest_route=%2Fwp%2Fv2%2Fmedia&parent=4952"}],"wp:term":[{"taxonomy":"pwb-brand","embeddable":true,"href":"https:\/\/wavexia.com\/index.php?rest_route=%2Fwp%2Fv2%2Fpwb-brand&post=4952"},{"taxonomy":"product_brand","embeddable":true,"href":"https:\/\/wavexia.com\/index.php?rest_route=%2Fwp%2Fv2%2Fproduct_brand&post=4952"},{"taxonomy":"product_cat","embeddable":true,"href":"https:\/\/wavexia.com\/index.php?rest_route=%2Fwp%2Fv2%2Fproduct_cat&post=4952"},{"taxonomy":"product_tag","embeddable":true,"href":"https:\/\/wavexia.com\/index.php?rest_route=%2Fwp%2Fv2%2Fproduct_tag&post=4952"}],"curies":[{"name":"wp","href":"https:\/\/api.w.org\/{rel}","templated":true}]}}