{"id":4945,"date":"2025-10-19T09:13:50","date_gmt":"2025-10-19T09:13:50","guid":{"rendered":"https:\/\/wavexia.com\/product\/aplb-glutathione-niacinamide-body-lotion-300ml\/"},"modified":"2026-03-10T07:31:06","modified_gmt":"2026-03-10T07:31:06","slug":"aplb-glutathione-niacinamide-body-lotion-300ml","status":"publish","type":"product","link":"https:\/\/wavexia.com\/?product=aplb-glutathione-niacinamide-body-lotion-300ml","title":{"rendered":"APLB Glutathione Niacinamide Body lotion 300ml"},"content":{"rendered":"<h2>Description<\/h2>\n<p>La lotion pour le corps APLB Glutathion Niacinamide offre une hydratation en profondeur et un soin \u00e9claircissant gr\u00e2ce \u00e0 un m\u00e9lange de glutathion, de niacinamide et de trois types d\u2019extrait de Centella Asiatica. Cette lotion l\u00e9g\u00e8re et non collante p\u00e9n\u00e8tre rapidement, apaisant la peau irrit\u00e9e tout en am\u00e9liorant l\u2019\u00e9lasticit\u00e9 et l\u2019\u00e9clat.<\/p>\n<p>Formul\u00e9 sans dix irritants courants, y compris les parfums artificiels, les parab\u00e8nes et les silicones, il est id\u00e9al pour les peaux sensibles. Avec sa texture onctueuse et lact\u00e9e, cette lotion redonne un \u00e9clat sain et hydrat\u00e9, laissant la peau visiblement plus souple et lumineuse.<\/p>\n<p><strong>Mode d\u2019emploi :<\/strong><\/p>\n<ul>\n<li>Appliquer uniform\u00e9ment sur tout le corps \u00e0 l\u2019ext\u00e9rieur et masser doucement.<\/li>\n<\/ul>\n<p><strong>Ingr\u00e9dients:<\/strong><\/p>\n<p>Eau, extrait de Centella Asiatica, glyc\u00e9rine, hexanoate de c\u00e9tyle, alcool c\u00e9t\u00e9arylique, st\u00e9arate de glyc\u00e9ryle, glutathion, niacinamide, acide mad\u00e9cassique, asiaticoside, acide asiatique, extrait de fruit de Solanum melongena, extrait de feuille de Melaleuca alternifolia, collag\u00e8ne hydrolys\u00e9, b\u00eata-glucane, extrait de fruit d\u2019Hippophae Rhamnoides, extrait de germe de Nelumbo Nucifera, extrait d\u2019Artemisia Annua, extrait d\u2019Oryza Sativa, ferment de Saccharomyces, squalane, hyaluronate de sodium, dipropyl\u00e8ne glycol, butyl\u00e8ne glycol, hydrog\u00e9n\u00e9 L\u00e9cithine, Cholest\u00e9rol, Gomme xanthane, Hydroxyde de potassium, EDTA disodique, Triglyc\u00e9ride caprylique\/caprique, Cyclopentasiloxane, Cyclohexasiloxane, Hydrolysat de saccharide, St\u00e9arate de sorbitan, Dim\u00e9thicone, St\u00e9arate de PEG-100, Acide st\u00e9arique, 1,2-Hexanediol, Chlorph\u00e9n\u00e9sine, Carbom\u00e8re, Caprylyl glycol<\/p>\n","protected":false},"excerpt":{"rendered":"<p>Description La lotion pour le corps APLB Glutathion Niacinamide offre une hydratation en profondeur et un soin \u00e9claircissant gr\u00e2ce \u00e0 un m\u00e9lange de glutathion, de niacinamide et de trois types d\u2019extrait de Centella Asiatica. Cette lotion l\u00e9g\u00e8re et non collante p\u00e9n\u00e8tre rapidement, apaisant la peau irrit\u00e9e tout en am\u00e9liorant l\u2019\u00e9lasticit\u00e9 et l\u2019\u00e9clat. Formul\u00e9 sans dix [&hellip;]<\/p>\n","protected":false},"featured_media":4944,"comment_status":"open","ping_status":"closed","template":"","meta":{"content-type":"","_uag_custom_page_level_css":""},"pwb-brand":[],"product_brand":[],"product_cat":[391,322,328,334],"product_tag":[],"class_list":{"0":"post-4945","1":"product","2":"type-product","3":"status-publish","4":"has-post-thumbnail","6":"product_cat-aplb","7":"product_cat-corps-bain","8":"product_cat-nouveautes","9":"product_cat-produits-coreens","11":"first","12":"instock","13":"sale","14":"shipping-taxable","15":"purchasable","16":"product-type-simple"},"aioseo_notices":[],"uagb_featured_image_src":{"full":["https:\/\/wavexia.com\/wp-content\/uploads\/2025\/10\/da4af02062d8b00a8d3cecb8d8a46c52.jpeg",1000,1000,false],"thumbnail":["https:\/\/wavexia.com\/wp-content\/uploads\/2025\/10\/da4af02062d8b00a8d3cecb8d8a46c52-150x150.jpeg",150,150,true],"medium":["https:\/\/wavexia.com\/wp-content\/uploads\/2025\/10\/da4af02062d8b00a8d3cecb8d8a46c52-300x300.jpeg",300,300,true],"medium_large":["https:\/\/wavexia.com\/wp-content\/uploads\/2025\/10\/da4af02062d8b00a8d3cecb8d8a46c52-768x768.jpeg",768,768,true],"large":["https:\/\/wavexia.com\/wp-content\/uploads\/2025\/10\/da4af02062d8b00a8d3cecb8d8a46c52.jpeg",1000,1000,false],"1536x1536":["https:\/\/wavexia.com\/wp-content\/uploads\/2025\/10\/da4af02062d8b00a8d3cecb8d8a46c52.jpeg",1000,1000,false],"2048x2048":["https:\/\/wavexia.com\/wp-content\/uploads\/2025\/10\/da4af02062d8b00a8d3cecb8d8a46c52.jpeg",1000,1000,false],"woocommerce_archive_thumbnail":["https:\/\/wavexia.com\/wp-content\/uploads\/2025\/10\/da4af02062d8b00a8d3cecb8d8a46c52-300x300.jpeg",300,300,true],"woocommerce_thumbnail":["https:\/\/wavexia.com\/wp-content\/uploads\/2025\/10\/da4af02062d8b00a8d3cecb8d8a46c52-300x300.jpeg",300,300,true],"woocommerce_single":["https:\/\/wavexia.com\/wp-content\/uploads\/2025\/10\/da4af02062d8b00a8d3cecb8d8a46c52-600x600.jpeg",600,600,true],"woocommerce_gallery_thumbnail":["https:\/\/wavexia.com\/wp-content\/uploads\/2025\/10\/da4af02062d8b00a8d3cecb8d8a46c52-100x100.jpeg",100,100,true]},"uagb_author_info":{"display_name":"zineddine.ayoub98@gmail.com","author_link":"https:\/\/wavexia.com\/?author=0"},"uagb_comment_info":0,"uagb_excerpt":"Description La lotion pour le corps APLB Glutathion Niacinamide offre une hydratation en profondeur et un soin \u00e9claircissant gr\u00e2ce \u00e0 un m\u00e9lange de glutathion, de niacinamide et de trois types d\u2019extrait de Centella Asiatica. Cette lotion l\u00e9g\u00e8re et non collante p\u00e9n\u00e8tre rapidement, apaisant la peau irrit\u00e9e tout en am\u00e9liorant l\u2019\u00e9lasticit\u00e9 et l\u2019\u00e9clat. Formul\u00e9 sans dix&hellip;","brands":[],"_links":{"self":[{"href":"https:\/\/wavexia.com\/index.php?rest_route=\/wp\/v2\/product\/4945","targetHints":{"allow":["GET"]}}],"collection":[{"href":"https:\/\/wavexia.com\/index.php?rest_route=\/wp\/v2\/product"}],"about":[{"href":"https:\/\/wavexia.com\/index.php?rest_route=\/wp\/v2\/types\/product"}],"replies":[{"embeddable":true,"href":"https:\/\/wavexia.com\/index.php?rest_route=%2Fwp%2Fv2%2Fcomments&post=4945"}],"wp:featuredmedia":[{"embeddable":true,"href":"https:\/\/wavexia.com\/index.php?rest_route=\/wp\/v2\/media\/4944"}],"wp:attachment":[{"href":"https:\/\/wavexia.com\/index.php?rest_route=%2Fwp%2Fv2%2Fmedia&parent=4945"}],"wp:term":[{"taxonomy":"pwb-brand","embeddable":true,"href":"https:\/\/wavexia.com\/index.php?rest_route=%2Fwp%2Fv2%2Fpwb-brand&post=4945"},{"taxonomy":"product_brand","embeddable":true,"href":"https:\/\/wavexia.com\/index.php?rest_route=%2Fwp%2Fv2%2Fproduct_brand&post=4945"},{"taxonomy":"product_cat","embeddable":true,"href":"https:\/\/wavexia.com\/index.php?rest_route=%2Fwp%2Fv2%2Fproduct_cat&post=4945"},{"taxonomy":"product_tag","embeddable":true,"href":"https:\/\/wavexia.com\/index.php?rest_route=%2Fwp%2Fv2%2Fproduct_tag&post=4945"}],"curies":[{"name":"wp","href":"https:\/\/api.w.org\/{rel}","templated":true}]}}