{"id":4939,"date":"2025-10-19T09:13:46","date_gmt":"2025-10-19T09:13:46","guid":{"rendered":"https:\/\/wavexia.com\/product\/medicube-age-r-vita-c-pro-ampoule-20ml\/"},"modified":"2026-03-10T07:31:06","modified_gmt":"2026-03-10T07:31:06","slug":"medicube-age-r-vita-c-pro-ampoule-20ml","status":"publish","type":"product","link":"https:\/\/wavexia.com\/?product=medicube-age-r-vita-c-pro-ampoule-20ml","title":{"rendered":"Medicube AGE-R Vita C Pro Ampoule 20ml"},"content":{"rendered":"<h2>Description<\/h2>\n<p>Tu r\u00eaves d\u2019une peau ferme et d\u2019un contour du visage bien d\u00e9fini ? Alors ajoute l\u2019Age-R Vita C Pro Ampoule \u00e0 ta routine beaut\u00e9 quotidienne<\/p>\n<p>Ce soin lutte parfaitement contre les signes du vieillissement pr\u00e9matur\u00e9 de la peau, comble les rides de l\u2019int\u00e9rieur et les rend moins visibles, hydrate et am\u00e9liore le teint<\/p>\n<p>Les avantages du produit: \u2013 Il r\u00e9duit les signes de l\u2019\u00e2ge au niveau cellulaire; \u2013 Il inhibe la production de m\u00e9lanine, responsable des taches pigmentaires; \u2013 Il hydrate en profondeur; \u2013 Il lisse les plis et \u00e9limine les rides d\u2019expression; \u2013 Il am\u00e9liore le micro-relief et l\u2019\u00e9clat du visage. L\u2019ampoule de la marque Medicube est enrichie en vitamine C hautement concentr\u00e9e, qui apporte un effet \u00e9claircissant et \u00e9limine les taches sombres et les imperfections sur le visage<\/p>\n<p>Le s\u00e9rum est imm\u00e9diatement absorb\u00e9, poss\u00e8de une formule hypoallerg\u00e9nique et est super efficace sur tous les types de peau<\/p>\n<p>Offre \u00e0 ton visage les soins d\u2019un s\u00e9rum professionnel<\/p>\n<p>Applique quelques gouttes du s\u00e9rum sur ton visage nettoy\u00e9 et tonifi\u00e9. R\u00e9partis uniform\u00e9ment le produit selon les lignes de massage. Attends l\u2019absorption compl\u00e8te et tu peux continuer ta routine beaut\u00e9.<\/p>\n<p><strong>Ingr\u00e9dients :<\/strong><\/p>\n<p>Aqua, Ascorbic Acid, Propanediol, Glycerin, Alcohol Denat., Tromethamine, 1,2-Hexanediol, Dimethicone, Panthenol, 3-O-Ethyl Ascorbic Acid, Hydrogenated Ethylhexyl Olivate, Methylpropanediol, Isostearyl Alcohol, Ferulic Acid, Hydrolyzed Jojoba Esters, Butylene Glycol Cocoate, Hydrogenated Olive Oil Unsaponifiables, C12-16 Alcohols, Hydrogenated Lecithin, Fragrance(Parfum), Palmitic Acid, Tocopherol, Glucosylrutin, Polyglyceryl-10 Oleate, Microcrystalline Cellulose, Allantoin, Caffeine, Ethylhexylglycerin, Brassica Oleracea Italica (Broccoli) Extract, Sphingomonas Ferment Extract, Adenosine, Curcuma Longa (Turmeric) Root Extract, Dipotassium Glycyrrhizate, Ethylcellulose, Ananas Sativus (Pineapple) Fruit Extract, Cellulose Gum, Sodium Phytate, Beta-Glucan, Glucosyl Hesperidin, Ubiquinone, Polyglyceryl-3 Distearate, Cetearyl Olivate, Sorbitan Olivate, Sodium Dilauramidoglutamide Lysine, Glyceryl Stearate Citrate, Limonene, Linalool, Citronellol.<\/p>\n","protected":false},"excerpt":{"rendered":"<p>Description Tu r\u00eaves d\u2019une peau ferme et d\u2019un contour du visage bien d\u00e9fini ? Alors ajoute l\u2019Age-R Vita C Pro Ampoule \u00e0 ta routine beaut\u00e9 quotidienne Ce soin lutte parfaitement contre les signes du vieillissement pr\u00e9matur\u00e9 de la peau, comble les rides de l\u2019int\u00e9rieur et les rend moins visibles, hydrate et am\u00e9liore le teint Les [&hellip;]<\/p>\n","protected":false},"featured_media":4938,"comment_status":"open","ping_status":"closed","template":"","meta":{"content-type":"","_uag_custom_page_level_css":""},"pwb-brand":[],"product_brand":[],"product_cat":[349,328,338,387],"product_tag":[],"class_list":{"0":"post-4939","1":"product","2":"type-product","3":"status-publish","4":"has-post-thumbnail","6":"product_cat-medicube","7":"product_cat-nouveautes","8":"product_cat-serum-ampoule","9":"product_cat-vitamin-c","11":"first","12":"instock","13":"sale","14":"shipping-taxable","15":"purchasable","16":"product-type-simple"},"aioseo_notices":[],"uagb_featured_image_src":{"full":["https:\/\/wavexia.com\/wp-content\/uploads\/2025\/10\/cze_pl_Medicube-Age-R-Vita-C-Pro-Ampoule-Rozjasnujici-pletove-serum-s-vitaminem-C-20-ml-23246_1.webp",1500,1500,false],"thumbnail":["https:\/\/wavexia.com\/wp-content\/uploads\/2025\/10\/cze_pl_Medicube-Age-R-Vita-C-Pro-Ampoule-Rozjasnujici-pletove-serum-s-vitaminem-C-20-ml-23246_1-150x150.webp",150,150,true],"medium":["https:\/\/wavexia.com\/wp-content\/uploads\/2025\/10\/cze_pl_Medicube-Age-R-Vita-C-Pro-Ampoule-Rozjasnujici-pletove-serum-s-vitaminem-C-20-ml-23246_1-300x300.webp",300,300,true],"medium_large":["https:\/\/wavexia.com\/wp-content\/uploads\/2025\/10\/cze_pl_Medicube-Age-R-Vita-C-Pro-Ampoule-Rozjasnujici-pletove-serum-s-vitaminem-C-20-ml-23246_1-768x768.webp",768,768,true],"large":["https:\/\/wavexia.com\/wp-content\/uploads\/2025\/10\/cze_pl_Medicube-Age-R-Vita-C-Pro-Ampoule-Rozjasnujici-pletove-serum-s-vitaminem-C-20-ml-23246_1-1024x1024.webp",1024,1024,true],"1536x1536":["https:\/\/wavexia.com\/wp-content\/uploads\/2025\/10\/cze_pl_Medicube-Age-R-Vita-C-Pro-Ampoule-Rozjasnujici-pletove-serum-s-vitaminem-C-20-ml-23246_1.webp",1500,1500,false],"2048x2048":["https:\/\/wavexia.com\/wp-content\/uploads\/2025\/10\/cze_pl_Medicube-Age-R-Vita-C-Pro-Ampoule-Rozjasnujici-pletove-serum-s-vitaminem-C-20-ml-23246_1.webp",1500,1500,false],"woocommerce_archive_thumbnail":["https:\/\/wavexia.com\/wp-content\/uploads\/2025\/10\/cze_pl_Medicube-Age-R-Vita-C-Pro-Ampoule-Rozjasnujici-pletove-serum-s-vitaminem-C-20-ml-23246_1-300x300.webp",300,300,true],"woocommerce_thumbnail":["https:\/\/wavexia.com\/wp-content\/uploads\/2025\/10\/cze_pl_Medicube-Age-R-Vita-C-Pro-Ampoule-Rozjasnujici-pletove-serum-s-vitaminem-C-20-ml-23246_1-300x300.webp",300,300,true],"woocommerce_single":["https:\/\/wavexia.com\/wp-content\/uploads\/2025\/10\/cze_pl_Medicube-Age-R-Vita-C-Pro-Ampoule-Rozjasnujici-pletove-serum-s-vitaminem-C-20-ml-23246_1-600x600.webp",600,600,true],"woocommerce_gallery_thumbnail":["https:\/\/wavexia.com\/wp-content\/uploads\/2025\/10\/cze_pl_Medicube-Age-R-Vita-C-Pro-Ampoule-Rozjasnujici-pletove-serum-s-vitaminem-C-20-ml-23246_1-100x100.webp",100,100,true]},"uagb_author_info":{"display_name":"zineddine.ayoub98@gmail.com","author_link":"https:\/\/wavexia.com\/?author=0"},"uagb_comment_info":0,"uagb_excerpt":"Description Tu r\u00eaves d\u2019une peau ferme et d\u2019un contour du visage bien d\u00e9fini ? Alors ajoute l\u2019Age-R Vita C Pro Ampoule \u00e0 ta routine beaut\u00e9 quotidienne Ce soin lutte parfaitement contre les signes du vieillissement pr\u00e9matur\u00e9 de la peau, comble les rides de l\u2019int\u00e9rieur et les rend moins visibles, hydrate et am\u00e9liore le teint Les&hellip;","brands":[],"_links":{"self":[{"href":"https:\/\/wavexia.com\/index.php?rest_route=\/wp\/v2\/product\/4939","targetHints":{"allow":["GET"]}}],"collection":[{"href":"https:\/\/wavexia.com\/index.php?rest_route=\/wp\/v2\/product"}],"about":[{"href":"https:\/\/wavexia.com\/index.php?rest_route=\/wp\/v2\/types\/product"}],"replies":[{"embeddable":true,"href":"https:\/\/wavexia.com\/index.php?rest_route=%2Fwp%2Fv2%2Fcomments&post=4939"}],"wp:featuredmedia":[{"embeddable":true,"href":"https:\/\/wavexia.com\/index.php?rest_route=\/wp\/v2\/media\/4938"}],"wp:attachment":[{"href":"https:\/\/wavexia.com\/index.php?rest_route=%2Fwp%2Fv2%2Fmedia&parent=4939"}],"wp:term":[{"taxonomy":"pwb-brand","embeddable":true,"href":"https:\/\/wavexia.com\/index.php?rest_route=%2Fwp%2Fv2%2Fpwb-brand&post=4939"},{"taxonomy":"product_brand","embeddable":true,"href":"https:\/\/wavexia.com\/index.php?rest_route=%2Fwp%2Fv2%2Fproduct_brand&post=4939"},{"taxonomy":"product_cat","embeddable":true,"href":"https:\/\/wavexia.com\/index.php?rest_route=%2Fwp%2Fv2%2Fproduct_cat&post=4939"},{"taxonomy":"product_tag","embeddable":true,"href":"https:\/\/wavexia.com\/index.php?rest_route=%2Fwp%2Fv2%2Fproduct_tag&post=4939"}],"curies":[{"name":"wp","href":"https:\/\/api.w.org\/{rel}","templated":true}]}}