{"id":4933,"date":"2025-10-19T09:13:41","date_gmt":"2025-10-19T09:13:41","guid":{"rendered":"https:\/\/wavexia.com\/product\/pdrn-pink-collagen-exosome-shot-serum-2000-30ml\/"},"modified":"2026-03-10T07:31:06","modified_gmt":"2026-03-10T07:31:06","slug":"pdrn-pink-collagen-exosome-shot-serum-2000-30ml","status":"publish","type":"product","link":"https:\/\/wavexia.com\/?product=pdrn-pink-collagen-exosome-shot-serum-2000-30ml","title":{"rendered":"PDRN Pink COLLAGEN Exosome Shot Serum 2000 30mL"},"content":{"rendered":"<h2>Description<\/h2>\n<p>PDRN Pink Collagen Exosome Shot 2000 est un s\u00e9rum con\u00e7u pour traiter les peaux textur\u00e9es tout en renfor\u00e7ant l\u2019\u00e9lasticit\u00e9 et am\u00e9liorer l\u2019\u00e9clat de la peau.<br \/>Infus\u00e9s avec 2 000 ppm de spicules, ces agents picotants am\u00e9liorent la diffusion des bienfaits du s\u00e9rum. Enrichie en niacinamide, en PDRN de saumon et en collag\u00e8ne, cette formule stimule l\u2019hydratation, laissant votre peau souple et radieuse.<\/p>\n<h5>Ingr\u00e9dients<\/h5>\n<p>Butylene Glycol, Dipropylene Glycol, Glycerin, Niacinamide, Sodium Polyacrylate, 1,2-Hexanediol, Caprylyl Glycol, Cetearyl Olivate, Phenyl Trimethicone, Sorbitan Olivate, Hydrolyzed Sponge, Glyceryl Acrylate\/Acrylic Acid Copolymer, Ethylhexylglycerin, Calcium aluminum borosilicate, Adenosine, Disodium EDTA, PVM\/MA Copolymer, Panthenol, Lactobacillus Extracellular Vesicles, Cyanocobalamin, Sodium DNA, Milk Exosomes, Collagen Extract, Macadamia Ternifolia Seed Oil, Caprylic\/Capric Triglyceride, Alcohol, Hydrogenated Lecithin<\/p>\n<p>For all products, this list of ingredients is applicable to all variants of this product. The ingredients present in a specific product option may vary from this list, as ingredients may be modified at the manufacturer\u2019s discretion. Please consult product packaging for the most up-to-date ingredient list.<\/p>\n<h5>Conseils d\u2019utilisation<\/h5>\n<p>1- Apr\u00e8s avoir nettoy\u00e9 votre peau, appliquez en premi\u00e8re \u00e9tape le produit sur l\u2019ensemble de votre visage, en \u00e9vitant la zone situ\u00e9e pr\u00e8s des yeux et des l\u00e8vres<br \/>2- pressez doucement avec vos mains pour que la formule en forme d\u2019aiguille soit absorb\u00e9e en profondeur par votre peau<\/p>\n","protected":false},"excerpt":{"rendered":"<p>Description PDRN Pink Collagen Exosome Shot 2000 est un s\u00e9rum con\u00e7u pour traiter les peaux textur\u00e9es tout en renfor\u00e7ant l\u2019\u00e9lasticit\u00e9 et am\u00e9liorer l\u2019\u00e9clat de la peau.Infus\u00e9s avec 2 000 ppm de spicules, ces agents picotants am\u00e9liorent la diffusion des bienfaits du s\u00e9rum. Enrichie en niacinamide, en PDRN de saumon et en collag\u00e8ne, cette formule stimule [&hellip;]<\/p>\n","protected":false},"featured_media":4932,"comment_status":"open","ping_status":"closed","template":"","meta":{"content-type":"","_uag_custom_page_level_css":""},"pwb-brand":[],"product_brand":[],"product_cat":[349,328,334,338],"product_tag":[],"class_list":{"0":"post-4933","1":"product","2":"type-product","3":"status-publish","4":"has-post-thumbnail","6":"product_cat-medicube","7":"product_cat-nouveautes","8":"product_cat-produits-coreens","9":"product_cat-serum-ampoule","11":"first","12":"instock","13":"sale","14":"shipping-taxable","15":"purchasable","16":"product-type-simple"},"aioseo_notices":[],"uagb_featured_image_src":{"full":["https:\/\/wavexia.com\/wp-content\/uploads\/2025\/10\/MEDICUBEPDRNPinkCollagenexosomeshotSerum200004.webp",1260,1344,false],"thumbnail":["https:\/\/wavexia.com\/wp-content\/uploads\/2025\/10\/MEDICUBEPDRNPinkCollagenexosomeshotSerum200004-150x150.webp",150,150,true],"medium":["https:\/\/wavexia.com\/wp-content\/uploads\/2025\/10\/MEDICUBEPDRNPinkCollagenexosomeshotSerum200004-281x300.webp",281,300,true],"medium_large":["https:\/\/wavexia.com\/wp-content\/uploads\/2025\/10\/MEDICUBEPDRNPinkCollagenexosomeshotSerum200004-768x819.webp",768,819,true],"large":["https:\/\/wavexia.com\/wp-content\/uploads\/2025\/10\/MEDICUBEPDRNPinkCollagenexosomeshotSerum200004-960x1024.webp",960,1024,true],"1536x1536":["https:\/\/wavexia.com\/wp-content\/uploads\/2025\/10\/MEDICUBEPDRNPinkCollagenexosomeshotSerum200004.webp",1260,1344,false],"2048x2048":["https:\/\/wavexia.com\/wp-content\/uploads\/2025\/10\/MEDICUBEPDRNPinkCollagenexosomeshotSerum200004.webp",1260,1344,false],"woocommerce_archive_thumbnail":["https:\/\/wavexia.com\/wp-content\/uploads\/2025\/10\/MEDICUBEPDRNPinkCollagenexosomeshotSerum200004-300x320.webp",300,320,true],"woocommerce_thumbnail":["https:\/\/wavexia.com\/wp-content\/uploads\/2025\/10\/MEDICUBEPDRNPinkCollagenexosomeshotSerum200004-300x300.webp",300,300,true],"woocommerce_single":["https:\/\/wavexia.com\/wp-content\/uploads\/2025\/10\/MEDICUBEPDRNPinkCollagenexosomeshotSerum200004-600x640.webp",600,640,true],"woocommerce_gallery_thumbnail":["https:\/\/wavexia.com\/wp-content\/uploads\/2025\/10\/MEDICUBEPDRNPinkCollagenexosomeshotSerum200004-100x100.webp",100,100,true]},"uagb_author_info":{"display_name":"zineddine.ayoub98@gmail.com","author_link":"https:\/\/wavexia.com\/?author=0"},"uagb_comment_info":0,"uagb_excerpt":"Description PDRN Pink Collagen Exosome Shot 2000 est un s\u00e9rum con\u00e7u pour traiter les peaux textur\u00e9es tout en renfor\u00e7ant l\u2019\u00e9lasticit\u00e9 et am\u00e9liorer l\u2019\u00e9clat de la peau.Infus\u00e9s avec 2 000 ppm de spicules, ces agents picotants am\u00e9liorent la diffusion des bienfaits du s\u00e9rum. Enrichie en niacinamide, en PDRN de saumon et en collag\u00e8ne, cette formule stimule&hellip;","brands":[],"_links":{"self":[{"href":"https:\/\/wavexia.com\/index.php?rest_route=\/wp\/v2\/product\/4933","targetHints":{"allow":["GET"]}}],"collection":[{"href":"https:\/\/wavexia.com\/index.php?rest_route=\/wp\/v2\/product"}],"about":[{"href":"https:\/\/wavexia.com\/index.php?rest_route=\/wp\/v2\/types\/product"}],"replies":[{"embeddable":true,"href":"https:\/\/wavexia.com\/index.php?rest_route=%2Fwp%2Fv2%2Fcomments&post=4933"}],"wp:featuredmedia":[{"embeddable":true,"href":"https:\/\/wavexia.com\/index.php?rest_route=\/wp\/v2\/media\/4932"}],"wp:attachment":[{"href":"https:\/\/wavexia.com\/index.php?rest_route=%2Fwp%2Fv2%2Fmedia&parent=4933"}],"wp:term":[{"taxonomy":"pwb-brand","embeddable":true,"href":"https:\/\/wavexia.com\/index.php?rest_route=%2Fwp%2Fv2%2Fpwb-brand&post=4933"},{"taxonomy":"product_brand","embeddable":true,"href":"https:\/\/wavexia.com\/index.php?rest_route=%2Fwp%2Fv2%2Fproduct_brand&post=4933"},{"taxonomy":"product_cat","embeddable":true,"href":"https:\/\/wavexia.com\/index.php?rest_route=%2Fwp%2Fv2%2Fproduct_cat&post=4933"},{"taxonomy":"product_tag","embeddable":true,"href":"https:\/\/wavexia.com\/index.php?rest_route=%2Fwp%2Fv2%2Fproduct_tag&post=4933"}],"curies":[{"name":"wp","href":"https:\/\/api.w.org\/{rel}","templated":true}]}}