{"id":4929,"date":"2025-10-19T09:13:37","date_gmt":"2025-10-19T09:13:37","guid":{"rendered":"https:\/\/wavexia.com\/product\/haruharu-wonder-black-rice-moisture-airyfit-sunscreen-spf50-50ml\/"},"modified":"2026-03-10T07:31:06","modified_gmt":"2026-03-10T07:31:06","slug":"haruharu-wonder-black-rice-moisture-airyfit-sunscreen-spf50-50ml","status":"publish","type":"product","link":"https:\/\/wavexia.com\/?product=haruharu-wonder-black-rice-moisture-airyfit-sunscreen-spf50-50ml","title":{"rendered":"Haruharu Wonder Black Rice Moisture Airyfit Sunscreen SPF50+ 50ml"},"content":{"rendered":"<h2>Description<\/h2>\n<p>La Haruharu Wonder Black Rice Moisture Airyfit Daily Sunscreen est la protection solaire parfaite contre les rayons nocifs du soleil ! Cette cr\u00e8me solaire est tout ce dont vous avez besoin pour cette dose quotidienne de protection solaire. Avec une formule non grasse et un fini velout\u00e9, vous resterez radieux sans sensation collante.<\/p>\n<p>L\u2019extrait de riz noir ajout\u00e9, riche en acide hyaluronique, garde votre peau hydrat\u00e9e et \u00e9clatante. Et surtout, il est exempt de substances nocives et convient donc \u00e9galement aux peaux sensibles. Avec SPF50+ et PA++++, vous pourrez profiter du soleil en toute s\u00e9r\u00e9nit\u00e9. Ajoutez cet incontournable \u00e0 votre routine quotidienne et prot\u00e9gez votre peau contre les dommages caus\u00e9s par les UV. Le temps de briller!<\/p>\n<p><strong>Cette cr\u00e8me solaire :<\/strong><\/p>\n<ul>\n<li>avec SPF50+ PA++++<\/li>\n<li>prot\u00e8ge des UV<\/li>\n<li>convient aux peaux sensibles<\/li>\n<li>contient de l\u2019acide hyaluronique<\/li>\n<li>hydrate et nourrit<\/li>\n<li>absorbe rapidement<\/li>\n<li>ne laisse pas de couche collante ni de brume blanche<\/li>\n<li>sans parfum<\/li>\n<li>sans cruaut\u00e9<\/li>\n<li>v\u00e9g\u00e9talien<\/li>\n<\/ul>\n<p><strong>Comment utiliser:<\/strong><\/p>\n<ul>\n<li>Appliquez la cr\u00e8me solaire +\/- 30 minutes avant de vous exposer au soleil.<\/li>\n<li>Appliquez une bonne couche sur votre peau le matin.<\/li>\n<li>R\u00e9appliquer toutes les 2 heures pour une protection optimale.<\/li>\n<\/ul>\n<p><strong>Ingr\u00e9dients:<\/strong><br \/>Water, Dibuyiadipate Propanedial, Butylocty Salicylate, Ethylhexy\/trazone, Terephthalyidene Dicamphor Sulfonic Acid, Glycerin, Niacinamide, Tromethamine, Polyglycer Y\/ 3 Distearate, 1,2-hexanediol, Pentylene Glycol, Diethylamino Hydroxybenzovi Hexyl Benzoate, Ceteary Alcohol, Capryivi Methicone, Polysilicone -15, Stellaria Media (Chickweed) Extract, Helianthus Annuus (Sunflower) Flower Extract, Vaccinium Vitis-idata Fruit Extract, Oryza Sativa (Rice) Extract, Bellis Perennis (Daisy) Flower Extract, Houttuynia Cordata Extract, Oryza Sativa (Rice) Bran Oil hydrogenated lecithin, polymethyl sisesquioxane, palmitic acid, butylene glycol, stearic acid, glyceryl stearate, bis-ethylhylhexyloxyphenol methoxyphenyl tazine, potassium acronid, methylate, methylate, methylate, methylate, methylate, methylate, methylate, methylate, methylate, methylate, methylate, methylate, methylate, cetylate, cetylate, cetylate, cetylate, cetylate, cetylate, cetylate, cetylate, cetylate, cetylate, cetylate, cetylate, cetylate, cetylate, cetylate, cetylate, methylate, methylate,-19-30-30-30-30-30-30-30 -30 \/Acryloyldimethyta Urate\/P copolymer, Acrylates\/ c10-30 Alkyl Acrylate Crosspoly Mer, Glyceryl Stearate Citrate, Ethyhexviglycerin, Adenosine, Polvether-1, Myristic Acid, Biosaccharide Gum-1, Tocopherol, Moringa Oleifera Seed Oil, Ceramide Np. Phytosphingosine, Phenethyl Alcohol, Sodium Chloride, Disodium Phosphate, Potassium Chloride, Potassium Phosphate<\/p>\n<p><strong>Contenu :<\/strong>&nbsp;50ml<\/p>\n","protected":false},"excerpt":{"rendered":"<p>Description La Haruharu Wonder Black Rice Moisture Airyfit Daily Sunscreen est la protection solaire parfaite contre les rayons nocifs du soleil ! Cette cr\u00e8me solaire est tout ce dont vous avez besoin pour cette dose quotidienne de protection solaire. Avec une formule non grasse et un fini velout\u00e9, vous resterez radieux sans sensation collante. L\u2019extrait [&hellip;]<\/p>\n","protected":false},"featured_media":4928,"comment_status":"open","ping_status":"closed","template":"","meta":{"content-type":"","_uag_custom_page_level_css":""},"pwb-brand":[],"product_brand":[],"product_cat":[372,334,340],"product_tag":[],"class_list":{"0":"post-4929","1":"product","2":"type-product","3":"status-publish","4":"has-post-thumbnail","6":"product_cat-haruharu-wonder","7":"product_cat-produits-coreens","8":"product_cat-protection-solaire","10":"first","11":"instock","12":"shipping-taxable","13":"purchasable","14":"product-type-simple"},"aioseo_notices":[],"uagb_featured_image_src":{"full":["https:\/\/wavexia.com\/wp-content\/uploads\/2025\/10\/Product-page-sizes_0f74ebef-b162-438c-b2f2-36bc557cbf07.webp",800,800,false],"thumbnail":["https:\/\/wavexia.com\/wp-content\/uploads\/2025\/10\/Product-page-sizes_0f74ebef-b162-438c-b2f2-36bc557cbf07-150x150.webp",150,150,true],"medium":["https:\/\/wavexia.com\/wp-content\/uploads\/2025\/10\/Product-page-sizes_0f74ebef-b162-438c-b2f2-36bc557cbf07-300x300.webp",300,300,true],"medium_large":["https:\/\/wavexia.com\/wp-content\/uploads\/2025\/10\/Product-page-sizes_0f74ebef-b162-438c-b2f2-36bc557cbf07-768x768.webp",768,768,true],"large":["https:\/\/wavexia.com\/wp-content\/uploads\/2025\/10\/Product-page-sizes_0f74ebef-b162-438c-b2f2-36bc557cbf07.webp",800,800,false],"1536x1536":["https:\/\/wavexia.com\/wp-content\/uploads\/2025\/10\/Product-page-sizes_0f74ebef-b162-438c-b2f2-36bc557cbf07.webp",800,800,false],"2048x2048":["https:\/\/wavexia.com\/wp-content\/uploads\/2025\/10\/Product-page-sizes_0f74ebef-b162-438c-b2f2-36bc557cbf07.webp",800,800,false],"woocommerce_archive_thumbnail":["https:\/\/wavexia.com\/wp-content\/uploads\/2025\/10\/Product-page-sizes_0f74ebef-b162-438c-b2f2-36bc557cbf07-300x300.webp",300,300,true],"woocommerce_thumbnail":["https:\/\/wavexia.com\/wp-content\/uploads\/2025\/10\/Product-page-sizes_0f74ebef-b162-438c-b2f2-36bc557cbf07-300x300.webp",300,300,true],"woocommerce_single":["https:\/\/wavexia.com\/wp-content\/uploads\/2025\/10\/Product-page-sizes_0f74ebef-b162-438c-b2f2-36bc557cbf07-600x600.webp",600,600,true],"woocommerce_gallery_thumbnail":["https:\/\/wavexia.com\/wp-content\/uploads\/2025\/10\/Product-page-sizes_0f74ebef-b162-438c-b2f2-36bc557cbf07-100x100.webp",100,100,true]},"uagb_author_info":{"display_name":"zineddine.ayoub98@gmail.com","author_link":"https:\/\/wavexia.com\/?author=0"},"uagb_comment_info":0,"uagb_excerpt":"Description La Haruharu Wonder Black Rice Moisture Airyfit Daily Sunscreen est la protection solaire parfaite contre les rayons nocifs du soleil ! Cette cr\u00e8me solaire est tout ce dont vous avez besoin pour cette dose quotidienne de protection solaire. Avec une formule non grasse et un fini velout\u00e9, vous resterez radieux sans sensation collante. L\u2019extrait&hellip;","brands":[],"_links":{"self":[{"href":"https:\/\/wavexia.com\/index.php?rest_route=\/wp\/v2\/product\/4929","targetHints":{"allow":["GET"]}}],"collection":[{"href":"https:\/\/wavexia.com\/index.php?rest_route=\/wp\/v2\/product"}],"about":[{"href":"https:\/\/wavexia.com\/index.php?rest_route=\/wp\/v2\/types\/product"}],"replies":[{"embeddable":true,"href":"https:\/\/wavexia.com\/index.php?rest_route=%2Fwp%2Fv2%2Fcomments&post=4929"}],"wp:featuredmedia":[{"embeddable":true,"href":"https:\/\/wavexia.com\/index.php?rest_route=\/wp\/v2\/media\/4928"}],"wp:attachment":[{"href":"https:\/\/wavexia.com\/index.php?rest_route=%2Fwp%2Fv2%2Fmedia&parent=4929"}],"wp:term":[{"taxonomy":"pwb-brand","embeddable":true,"href":"https:\/\/wavexia.com\/index.php?rest_route=%2Fwp%2Fv2%2Fpwb-brand&post=4929"},{"taxonomy":"product_brand","embeddable":true,"href":"https:\/\/wavexia.com\/index.php?rest_route=%2Fwp%2Fv2%2Fproduct_brand&post=4929"},{"taxonomy":"product_cat","embeddable":true,"href":"https:\/\/wavexia.com\/index.php?rest_route=%2Fwp%2Fv2%2Fproduct_cat&post=4929"},{"taxonomy":"product_tag","embeddable":true,"href":"https:\/\/wavexia.com\/index.php?rest_route=%2Fwp%2Fv2%2Fproduct_tag&post=4929"}],"curies":[{"name":"wp","href":"https:\/\/api.w.org\/{rel}","templated":true}]}}