{"id":4927,"date":"2025-10-19T09:13:37","date_gmt":"2025-10-19T09:13:37","guid":{"rendered":"https:\/\/wavexia.com\/product\/now-foods-liquid-chlorophyll-473-ml\/"},"modified":"2026-03-10T07:31:05","modified_gmt":"2026-03-10T07:31:05","slug":"now-foods-liquid-chlorophyll-473-ml","status":"publish","type":"product","link":"https:\/\/wavexia.com\/?product=now-foods-liquid-chlorophyll-473-ml","title":{"rendered":"Now Foods Liquid Chlorophyll 473 ml"},"content":{"rendered":"<h2>Description<\/h2>\n<ul>\n<li>Compl\u00e9ment alimentaire \u00e0 base d\u2019extrait de chlorophylle<\/li>\n<li>Go\u00fbt doux et rafra\u00eechissant et exempt d\u2019allerg\u00e8nes courants tels que le soja, les produits laitiers et le gluten<\/li>\n<li>Il contient des propri\u00e9t\u00e9s antioxydantes et anti-inflammatoires qui peuvent aider \u00e0 prot\u00e9ger les cellules contre les dommages et \u00e0 r\u00e9duire l\u2019inflammation dans le corps<\/li>\n<li>\u00c9limine les odeurs internes et donne une haleine fra\u00eeche<\/li>\n<li>Il peut \u00eatre ajout\u00e9 \u00e0 de l\u2019eau ou \u00e0 des smoothies pour un coup de pouce rapide et pratique en chlorophylle<\/li>\n<li>Contient un ar\u00f4me naturel de menthe<\/li>\n<li>Sans OGM<\/li>\n<\/ul>\n<h5>mode d\u2019emploi:<\/h5>\n<ul>\n<li>Prenez 1 cuill\u00e8re \u00e0 caf\u00e9 par jour dans 8 onces d\u2019eau ou de jus<\/li>\n<li>Bien agiter avant utilisation<\/li>\n<li>A conserver au r\u00e9frig\u00e9rateur apr\u00e8s ouverture<\/li>\n<\/ul>\n<h5>Avertissements et pr\u00e9cautions :<\/h5>\n<ul>\n<li>Utilisation pour adultes seulement<\/li>\n<li>Veuillez consulter votre m\u00e9decin si vous \u00eates enceinte, si vous allaitez, si vous prenez des m\u00e9dicaments ou si vous avez un probl\u00e8me de sant\u00e9<\/li>\n<li>Tenir hors de port\u00e9e des enfants<\/li>\n<li>Lorsqu\u2019elle est prise par voie orale, la chlorophylle peut provoquer une diarrh\u00e9e ou une d\u00e9coloration verte de l\u2019urine ou des selles<\/li>\n<li>La chlorophylle contient un pigment vert qui peut laisser des taches sur les v\u00eatements. Il doit \u00eatre manipul\u00e9 avec pr\u00e9caution<\/li>\n<li>La chlorophylle peut \u00e9galement provoquer des taches sur les dents lorsqu\u2019elle est prise non dilu\u00e9e<\/li>\n<li>\u00c0 utiliser uniquement selon les instructions<\/li>\n<li>La couleur de ce produit peut naturellement varier.<\/li>\n<\/ul>\n","protected":false},"excerpt":{"rendered":"<p>Description Compl\u00e9ment alimentaire \u00e0 base d\u2019extrait de chlorophylle Go\u00fbt doux et rafra\u00eechissant et exempt d\u2019allerg\u00e8nes courants tels que le soja, les produits laitiers et le gluten Il contient des propri\u00e9t\u00e9s antioxydantes et anti-inflammatoires qui peuvent aider \u00e0 prot\u00e9ger les cellules contre les dommages et \u00e0 r\u00e9duire l\u2019inflammation dans le corps \u00c9limine les odeurs internes et [&hellip;]<\/p>\n","protected":false},"featured_media":4926,"comment_status":"open","ping_status":"closed","template":"","meta":{"content-type":"","_uag_custom_page_level_css":""},"pwb-brand":[],"product_brand":[],"product_cat":[328,329],"product_tag":[],"class_list":{"0":"post-4927","1":"product","2":"type-product","3":"status-publish","4":"has-post-thumbnail","6":"product_cat-nouveautes","7":"product_cat-produits-americains","9":"first","10":"instock","11":"sale","12":"shipping-taxable","13":"purchasable","14":"product-type-simple"},"aioseo_notices":[],"uagb_featured_image_src":{"full":["https:\/\/wavexia.com\/wp-content\/uploads\/2025\/10\/71KV7WOxjJL._UF8941000_QL80_.jpg",894,894,false],"thumbnail":["https:\/\/wavexia.com\/wp-content\/uploads\/2025\/10\/71KV7WOxjJL._UF8941000_QL80_-150x150.jpg",150,150,true],"medium":["https:\/\/wavexia.com\/wp-content\/uploads\/2025\/10\/71KV7WOxjJL._UF8941000_QL80_-300x300.jpg",300,300,true],"medium_large":["https:\/\/wavexia.com\/wp-content\/uploads\/2025\/10\/71KV7WOxjJL._UF8941000_QL80_-768x768.jpg",768,768,true],"large":["https:\/\/wavexia.com\/wp-content\/uploads\/2025\/10\/71KV7WOxjJL._UF8941000_QL80_.jpg",894,894,false],"1536x1536":["https:\/\/wavexia.com\/wp-content\/uploads\/2025\/10\/71KV7WOxjJL._UF8941000_QL80_.jpg",894,894,false],"2048x2048":["https:\/\/wavexia.com\/wp-content\/uploads\/2025\/10\/71KV7WOxjJL._UF8941000_QL80_.jpg",894,894,false],"woocommerce_archive_thumbnail":["https:\/\/wavexia.com\/wp-content\/uploads\/2025\/10\/71KV7WOxjJL._UF8941000_QL80_-300x300.jpg",300,300,true],"woocommerce_thumbnail":["https:\/\/wavexia.com\/wp-content\/uploads\/2025\/10\/71KV7WOxjJL._UF8941000_QL80_-300x300.jpg",300,300,true],"woocommerce_single":["https:\/\/wavexia.com\/wp-content\/uploads\/2025\/10\/71KV7WOxjJL._UF8941000_QL80_-600x600.jpg",600,600,true],"woocommerce_gallery_thumbnail":["https:\/\/wavexia.com\/wp-content\/uploads\/2025\/10\/71KV7WOxjJL._UF8941000_QL80_-100x100.jpg",100,100,true]},"uagb_author_info":{"display_name":"zineddine.ayoub98@gmail.com","author_link":"https:\/\/wavexia.com\/?author=0"},"uagb_comment_info":0,"uagb_excerpt":"Description Compl\u00e9ment alimentaire \u00e0 base d\u2019extrait de chlorophylle Go\u00fbt doux et rafra\u00eechissant et exempt d\u2019allerg\u00e8nes courants tels que le soja, les produits laitiers et le gluten Il contient des propri\u00e9t\u00e9s antioxydantes et anti-inflammatoires qui peuvent aider \u00e0 prot\u00e9ger les cellules contre les dommages et \u00e0 r\u00e9duire l\u2019inflammation dans le corps \u00c9limine les odeurs internes et&hellip;","brands":[],"_links":{"self":[{"href":"https:\/\/wavexia.com\/index.php?rest_route=\/wp\/v2\/product\/4927","targetHints":{"allow":["GET"]}}],"collection":[{"href":"https:\/\/wavexia.com\/index.php?rest_route=\/wp\/v2\/product"}],"about":[{"href":"https:\/\/wavexia.com\/index.php?rest_route=\/wp\/v2\/types\/product"}],"replies":[{"embeddable":true,"href":"https:\/\/wavexia.com\/index.php?rest_route=%2Fwp%2Fv2%2Fcomments&post=4927"}],"wp:featuredmedia":[{"embeddable":true,"href":"https:\/\/wavexia.com\/index.php?rest_route=\/wp\/v2\/media\/4926"}],"wp:attachment":[{"href":"https:\/\/wavexia.com\/index.php?rest_route=%2Fwp%2Fv2%2Fmedia&parent=4927"}],"wp:term":[{"taxonomy":"pwb-brand","embeddable":true,"href":"https:\/\/wavexia.com\/index.php?rest_route=%2Fwp%2Fv2%2Fpwb-brand&post=4927"},{"taxonomy":"product_brand","embeddable":true,"href":"https:\/\/wavexia.com\/index.php?rest_route=%2Fwp%2Fv2%2Fproduct_brand&post=4927"},{"taxonomy":"product_cat","embeddable":true,"href":"https:\/\/wavexia.com\/index.php?rest_route=%2Fwp%2Fv2%2Fproduct_cat&post=4927"},{"taxonomy":"product_tag","embeddable":true,"href":"https:\/\/wavexia.com\/index.php?rest_route=%2Fwp%2Fv2%2Fproduct_tag&post=4927"}],"curies":[{"name":"wp","href":"https:\/\/api.w.org\/{rel}","templated":true}]}}