{"id":4922,"date":"2025-10-19T09:13:33","date_gmt":"2025-10-19T09:13:33","guid":{"rendered":"https:\/\/wavexia.com\/product\/now-foods-chromium-picolinate-200mcg-100-capsules\/"},"modified":"2026-03-10T07:31:05","modified_gmt":"2026-03-10T07:31:05","slug":"now-foods-chromium-picolinate-200mcg-100-capsules","status":"publish","type":"product","link":"https:\/\/wavexia.com\/?product=now-foods-chromium-picolinate-200mcg-100-capsules","title":{"rendered":"Now Foods Chromium picolinate 200mcg 100 capsules"},"content":{"rendered":"<h2>Description<\/h2>\n<p>Optimisez votre m\u00e9tabolisme avec le Chromium Picolinate de Now Foods, un compl\u00e9ment alimentaire essentiel pour soutenir votre sant\u00e9 m\u00e9tabolique et votre bien-\u00eatre.<\/p>\n<p>R\u00e9gulation du sucre dans le sang : Le chrome joue un r\u00f4le cl\u00e9 dans le maintien d\u2019un taux de glucose normal, id\u00e9al pour les personnes souhaitant g\u00e9rer leur glyc\u00e9mie.<br \/>Soutien au m\u00e9tabolisme : Favorise le m\u00e9tabolisme des glucides, des lipides et des prot\u00e9ines pour une meilleure gestion de l\u2019\u00e9nergie.<br \/>Gestion du poids : Utile pour r\u00e9duire les envies de sucre et soutenir un mode de vie \u00e9quilibr\u00e9.<br \/>Qualit\u00e9 sup\u00e9rieure : Formul\u00e9 avec du picolinate de chrome, une forme hautement biodisponible pour une absorption optimale.<br \/>Le Chromium Picolinate de Now Foods est fabriqu\u00e9 avec des ingr\u00e9dients de qualit\u00e9, sans additifs inutiles, et convient aux v\u00e9g\u00e9tariens. Faites confiance \u00e0 une marque reconnue pour ses normes strictes de fabrication et am\u00e9liorez votre sant\u00e9 m\u00e9tabolique au quotidien !<\/p>\n<table id=\"product-attribute-specs-table\" class=\"data table additional-attributes\">\n<tbody>\n<tr>\n<th class=\"col label\" scope=\"row\">Brand<\/th>\n<td class=\"col data\" data-th=\"Brand\">NOW FOODS<\/td>\n<\/tr>\n<tr>\n<th class=\"col label\" scope=\"row\">Marketing description<\/th>\n<td class=\"col data\" data-th=\"Marketing description\">Le Picolinate de Chrome participe plus particuli\u00e8rement \u00e0 stabiliser et normaliser les taux de glucose et d\u2019insuline dans le sang. Le Picolinate de Chrome joue aussi un r\u00f4le important dans le m\u00e9tabolisme des graisses et des prot\u00e9ines, et encourage l\u2019action de nombreuses enzymes n\u00e9cessaires au bon fonctionnement de votre organisme. UTILISATION: Prendre 1 capsule par jour, de pr\u00e9f\u00e9rence pendant un repas. QUANTIT\u00e9: 100 capsules SERVICES PAR BO\u00eeTE: 100 DOSE: 1 capsule COMPOSITION NUTRITIONNELLE: Par 1 dose Chrome (Picolinate de Chrome) 200 mcg AUTRES INGR\u00e9DIENTS: Farine de riz and G\u00e9latine (capsule) AVERTISSEMENTS: Garder dans un endroit sec et frais.<\/td>\n<\/tr>\n<tr>\n<th class=\"col label\" scope=\"row\">Description du produit<\/th>\n<td class=\"col data\" data-th=\"Description du produit\">Picolinate de chrome Apporte 200mcg de picolinate de chrome par service Capsules v\u00e9g\u00e9tales<\/td>\n<\/tr>\n<tr>\n<th class=\"col label\" scope=\"row\">Conseils d\u2019utilisation<\/th>\n<td class=\"col data\" data-th=\"Conseils d'utilisation\">Prendre 1 capsule par jour au moment du repas de midi.<\/td>\n<\/tr>\n<\/tbody>\n<\/table>\n","protected":false},"excerpt":{"rendered":"<p>Description Optimisez votre m\u00e9tabolisme avec le Chromium Picolinate de Now Foods, un compl\u00e9ment alimentaire essentiel pour soutenir votre sant\u00e9 m\u00e9tabolique et votre bien-\u00eatre. R\u00e9gulation du sucre dans le sang : Le chrome joue un r\u00f4le cl\u00e9 dans le maintien d\u2019un taux de glucose normal, id\u00e9al pour les personnes souhaitant g\u00e9rer leur glyc\u00e9mie.Soutien au m\u00e9tabolisme : [&hellip;]<\/p>\n","protected":false},"featured_media":4921,"comment_status":"open","ping_status":"closed","template":"","meta":{"content-type":"","_uag_custom_page_level_css":""},"pwb-brand":[],"product_brand":[],"product_cat":[330],"product_tag":[],"class_list":{"0":"post-4922","1":"product","2":"type-product","3":"status-publish","4":"has-post-thumbnail","6":"product_cat-complements-alimentaires","8":"first","9":"instock","10":"shipping-taxable","11":"purchasable","12":"product-type-simple"},"aioseo_notices":[],"uagb_featured_image_src":{"full":["https:\/\/wavexia.com\/wp-content\/uploads\/2025\/10\/1-7.jpg",500,500,false],"thumbnail":["https:\/\/wavexia.com\/wp-content\/uploads\/2025\/10\/1-7-150x150.jpg",150,150,true],"medium":["https:\/\/wavexia.com\/wp-content\/uploads\/2025\/10\/1-7-300x300.jpg",300,300,true],"medium_large":["https:\/\/wavexia.com\/wp-content\/uploads\/2025\/10\/1-7.jpg",500,500,false],"large":["https:\/\/wavexia.com\/wp-content\/uploads\/2025\/10\/1-7.jpg",500,500,false],"1536x1536":["https:\/\/wavexia.com\/wp-content\/uploads\/2025\/10\/1-7.jpg",500,500,false],"2048x2048":["https:\/\/wavexia.com\/wp-content\/uploads\/2025\/10\/1-7.jpg",500,500,false],"woocommerce_archive_thumbnail":["https:\/\/wavexia.com\/wp-content\/uploads\/2025\/10\/1-7-300x300.jpg",300,300,true],"woocommerce_thumbnail":["https:\/\/wavexia.com\/wp-content\/uploads\/2025\/10\/1-7-300x300.jpg",300,300,true],"woocommerce_single":["https:\/\/wavexia.com\/wp-content\/uploads\/2025\/10\/1-7.jpg",500,500,false],"woocommerce_gallery_thumbnail":["https:\/\/wavexia.com\/wp-content\/uploads\/2025\/10\/1-7-100x100.jpg",100,100,true]},"uagb_author_info":{"display_name":"zineddine.ayoub98@gmail.com","author_link":"https:\/\/wavexia.com\/?author=0"},"uagb_comment_info":0,"uagb_excerpt":"Description Optimisez votre m\u00e9tabolisme avec le Chromium Picolinate de Now Foods, un compl\u00e9ment alimentaire essentiel pour soutenir votre sant\u00e9 m\u00e9tabolique et votre bien-\u00eatre. R\u00e9gulation du sucre dans le sang : Le chrome joue un r\u00f4le cl\u00e9 dans le maintien d\u2019un taux de glucose normal, id\u00e9al pour les personnes souhaitant g\u00e9rer leur glyc\u00e9mie.Soutien au m\u00e9tabolisme :&hellip;","brands":[],"_links":{"self":[{"href":"https:\/\/wavexia.com\/index.php?rest_route=\/wp\/v2\/product\/4922","targetHints":{"allow":["GET"]}}],"collection":[{"href":"https:\/\/wavexia.com\/index.php?rest_route=\/wp\/v2\/product"}],"about":[{"href":"https:\/\/wavexia.com\/index.php?rest_route=\/wp\/v2\/types\/product"}],"replies":[{"embeddable":true,"href":"https:\/\/wavexia.com\/index.php?rest_route=%2Fwp%2Fv2%2Fcomments&post=4922"}],"wp:featuredmedia":[{"embeddable":true,"href":"https:\/\/wavexia.com\/index.php?rest_route=\/wp\/v2\/media\/4921"}],"wp:attachment":[{"href":"https:\/\/wavexia.com\/index.php?rest_route=%2Fwp%2Fv2%2Fmedia&parent=4922"}],"wp:term":[{"taxonomy":"pwb-brand","embeddable":true,"href":"https:\/\/wavexia.com\/index.php?rest_route=%2Fwp%2Fv2%2Fpwb-brand&post=4922"},{"taxonomy":"product_brand","embeddable":true,"href":"https:\/\/wavexia.com\/index.php?rest_route=%2Fwp%2Fv2%2Fproduct_brand&post=4922"},{"taxonomy":"product_cat","embeddable":true,"href":"https:\/\/wavexia.com\/index.php?rest_route=%2Fwp%2Fv2%2Fproduct_cat&post=4922"},{"taxonomy":"product_tag","embeddable":true,"href":"https:\/\/wavexia.com\/index.php?rest_route=%2Fwp%2Fv2%2Fproduct_tag&post=4922"}],"curies":[{"name":"wp","href":"https:\/\/api.w.org\/{rel}","templated":true}]}}