{"id":4916,"date":"2025-10-19T09:13:28","date_gmt":"2025-10-19T09:13:28","guid":{"rendered":"https:\/\/wavexia.com\/product\/hairtamin-gummy-stars-60-gummies\/"},"modified":"2026-03-10T07:31:05","modified_gmt":"2026-03-10T07:31:05","slug":"hairtamin-gummy-stars-60-gummies","status":"publish","type":"product","link":"https:\/\/wavexia.com\/?product=hairtamin-gummy-stars-60-gummies","title":{"rendered":"HAIRTAMIN \u2013 Gummy Stars 60 Gummies"},"content":{"rendered":"<h2>Description<\/h2>\n<div id=\"nasa-single-product-tabs\" class=\"product-details\">\n<div class=\"nasa-tabs-content woocommerce-tabs\">\n<div class=\"nasa-panels nasa-desc-wrap\">\n<div id=\"nasa-tab-description\" class=\"nasa-panel nasa-content-description active\">\n<div class=\"row\">\n<div class=\"large-12 columns nasa-content-panel\">\n<div id=\"nasa-single-product-tabs\" class=\"product-details\">\n<div class=\"nasa-tabs-content woocommerce-tabs\">\n<div class=\"nasa-panels nasa-desc-wrap\">\n<div id=\"nasa-tab-description\" class=\"nasa-panel nasa-content-description active\">\n<div class=\"row\">\n<div class=\"large-12 columns nasa-content-panel\">\n<p><span>HAIRtamin Gummy Stars\u2122 est un compl\u00e9ment nourrissant pour cheveux prim\u00e9,&nbsp;formul\u00e9 par des m\u00e9decins&nbsp;et d\u00e9licieux, avec des ingr\u00e9dients v\u00e9g\u00e9taliens cliniquement \u00e9tudi\u00e9s pour aider \u00e0 maintenir des cheveux plus forts, plus longs et plus \u00e9pais. Notre m\u00e9lange exclusif de vitamines, de min\u00e9raux et d\u2019herbes essentiels pour les cheveux, ainsi qu\u2019un puissant complexe super antioxydant&nbsp;agissent en&nbsp;synergie pour aider \u00e0 promouvoir une croissance saine des cheveux, la r\u00e9tention et la force des follicules de l\u2019int\u00e9rieur.<\/span>*<\/p>\n<p><strong>Utilisation sugg\u00e9r\u00e9e :<\/strong>&nbsp;Prenez deux (2) gommes v\u00e9g\u00e9taliennes par jour ou selon les directives d\u2019un professionnel de la sant\u00e9. Pas besoin de nourriture ou d\u2019eau. M\u00e2chez soigneusement avant d\u2019avaler.<\/p>\n<\/div>\n<\/div>\n<\/div>\n<\/div>\n<\/div>\n<\/div>\n<\/div>\n<\/div>\n<\/div>\n<\/div>\n<\/div>\n<\/div>\n","protected":false},"excerpt":{"rendered":"<p>Description HAIRtamin Gummy Stars\u2122 est un compl\u00e9ment nourrissant pour cheveux prim\u00e9,&nbsp;formul\u00e9 par des m\u00e9decins&nbsp;et d\u00e9licieux, avec des ingr\u00e9dients v\u00e9g\u00e9taliens cliniquement \u00e9tudi\u00e9s pour aider \u00e0 maintenir des cheveux plus forts, plus longs et plus \u00e9pais. Notre m\u00e9lange exclusif de vitamines, de min\u00e9raux et d\u2019herbes essentiels pour les cheveux, ainsi qu\u2019un puissant complexe super antioxydant&nbsp;agissent en&nbsp;synergie pour [&hellip;]<\/p>\n","protected":false},"featured_media":4915,"comment_status":"open","ping_status":"closed","template":"","meta":{"content-type":"","_uag_custom_page_level_css":""},"pwb-brand":[],"product_brand":[],"product_cat":[377,330],"product_tag":[],"class_list":{"0":"post-4916","1":"product","2":"type-product","3":"status-publish","4":"has-post-thumbnail","6":"product_cat-cheveux","7":"product_cat-complements-alimentaires","9":"first","10":"instock","11":"sale","12":"shipping-taxable","13":"purchasable","14":"product-type-simple"},"aioseo_notices":[],"uagb_featured_image_src":{"full":["https:\/\/wavexia.com\/wp-content\/uploads\/2025\/10\/HAIR0003F_1.jpg",1600,1920,false],"thumbnail":["https:\/\/wavexia.com\/wp-content\/uploads\/2025\/10\/HAIR0003F_1-150x150.jpg",150,150,true],"medium":["https:\/\/wavexia.com\/wp-content\/uploads\/2025\/10\/HAIR0003F_1-250x300.jpg",250,300,true],"medium_large":["https:\/\/wavexia.com\/wp-content\/uploads\/2025\/10\/HAIR0003F_1-768x922.jpg",768,922,true],"large":["https:\/\/wavexia.com\/wp-content\/uploads\/2025\/10\/HAIR0003F_1-853x1024.jpg",853,1024,true],"1536x1536":["https:\/\/wavexia.com\/wp-content\/uploads\/2025\/10\/HAIR0003F_1-1280x1536.jpg",1280,1536,true],"2048x2048":["https:\/\/wavexia.com\/wp-content\/uploads\/2025\/10\/HAIR0003F_1.jpg",1600,1920,false],"woocommerce_archive_thumbnail":["https:\/\/wavexia.com\/wp-content\/uploads\/2025\/10\/HAIR0003F_1-300x360.jpg",300,360,true],"woocommerce_thumbnail":["https:\/\/wavexia.com\/wp-content\/uploads\/2025\/10\/HAIR0003F_1-300x300.jpg",300,300,true],"woocommerce_single":["https:\/\/wavexia.com\/wp-content\/uploads\/2025\/10\/HAIR0003F_1-600x720.jpg",600,720,true],"woocommerce_gallery_thumbnail":["https:\/\/wavexia.com\/wp-content\/uploads\/2025\/10\/HAIR0003F_1-100x100.jpg",100,100,true]},"uagb_author_info":{"display_name":"zineddine.ayoub98@gmail.com","author_link":"https:\/\/wavexia.com\/?author=0"},"uagb_comment_info":0,"uagb_excerpt":"Description HAIRtamin Gummy Stars\u2122 est un compl\u00e9ment nourrissant pour cheveux prim\u00e9,&nbsp;formul\u00e9 par des m\u00e9decins&nbsp;et d\u00e9licieux, avec des ingr\u00e9dients v\u00e9g\u00e9taliens cliniquement \u00e9tudi\u00e9s pour aider \u00e0 maintenir des cheveux plus forts, plus longs et plus \u00e9pais. Notre m\u00e9lange exclusif de vitamines, de min\u00e9raux et d\u2019herbes essentiels pour les cheveux, ainsi qu\u2019un puissant complexe super antioxydant&nbsp;agissent en&nbsp;synergie pour&hellip;","brands":[],"_links":{"self":[{"href":"https:\/\/wavexia.com\/index.php?rest_route=\/wp\/v2\/product\/4916","targetHints":{"allow":["GET"]}}],"collection":[{"href":"https:\/\/wavexia.com\/index.php?rest_route=\/wp\/v2\/product"}],"about":[{"href":"https:\/\/wavexia.com\/index.php?rest_route=\/wp\/v2\/types\/product"}],"replies":[{"embeddable":true,"href":"https:\/\/wavexia.com\/index.php?rest_route=%2Fwp%2Fv2%2Fcomments&post=4916"}],"wp:featuredmedia":[{"embeddable":true,"href":"https:\/\/wavexia.com\/index.php?rest_route=\/wp\/v2\/media\/4915"}],"wp:attachment":[{"href":"https:\/\/wavexia.com\/index.php?rest_route=%2Fwp%2Fv2%2Fmedia&parent=4916"}],"wp:term":[{"taxonomy":"pwb-brand","embeddable":true,"href":"https:\/\/wavexia.com\/index.php?rest_route=%2Fwp%2Fv2%2Fpwb-brand&post=4916"},{"taxonomy":"product_brand","embeddable":true,"href":"https:\/\/wavexia.com\/index.php?rest_route=%2Fwp%2Fv2%2Fproduct_brand&post=4916"},{"taxonomy":"product_cat","embeddable":true,"href":"https:\/\/wavexia.com\/index.php?rest_route=%2Fwp%2Fv2%2Fproduct_cat&post=4916"},{"taxonomy":"product_tag","embeddable":true,"href":"https:\/\/wavexia.com\/index.php?rest_route=%2Fwp%2Fv2%2Fproduct_tag&post=4916"}],"curies":[{"name":"wp","href":"https:\/\/api.w.org\/{rel}","templated":true}]}}