{"id":4902,"date":"2025-10-19T09:13:16","date_gmt":"2025-10-19T09:13:16","guid":{"rendered":"https:\/\/wavexia.com\/product\/now-pumpkin-seed-oil-1000-mg-100-softgels\/"},"modified":"2026-03-10T07:31:05","modified_gmt":"2026-03-10T07:31:05","slug":"now-pumpkin-seed-oil-1000-mg-100-softgels","status":"publish","type":"product","link":"https:\/\/wavexia.com\/?product=now-pumpkin-seed-oil-1000-mg-100-softgels","title":{"rendered":"Now Pumpkin Seed Oil 1000 mg 100 softgels"},"content":{"rendered":"<h2>Description<\/h2>\n<p>L\u2019huile de p\u00e9pins de courge est une huile nutritionnelle contenant des acides gras essentiels (AGE) et des phytost\u00e9rols. L\u2019huile de graines de citrouille NOW est press\u00e9e \u00e0 froid sans l\u2019utilisation de solvants et d\u00e9riv\u00e9e uniquement de graines de citrouille sans OGM de la plus haute qualit\u00e9.<sup>\u00ae<\/sup><\/p>\n<p>Des variations de couleur naturelles peuvent se produire dans ce produit.<\/p>\n<p>Des particules fonc\u00e9es naturelles peuvent \u00eatre visibles dans l\u2019huile de p\u00e9pins de citrouille, mais n\u2019affectent pas la qualit\u00e9 du produit.<\/p>\n","protected":false},"excerpt":{"rendered":"<p>Description L\u2019huile de p\u00e9pins de courge est une huile nutritionnelle contenant des acides gras essentiels (AGE) et des phytost\u00e9rols. L\u2019huile de graines de citrouille NOW est press\u00e9e \u00e0 froid sans l\u2019utilisation de solvants et d\u00e9riv\u00e9e uniquement de graines de citrouille sans OGM de la plus haute qualit\u00e9.\u00ae Des variations de couleur naturelles peuvent se produire [&hellip;]<\/p>\n","protected":false},"featured_media":4901,"comment_status":"open","ping_status":"closed","template":"","meta":{"content-type":"","_uag_custom_page_level_css":""},"pwb-brand":[],"product_brand":[],"product_cat":[330],"product_tag":[],"class_list":{"0":"post-4902","1":"product","2":"type-product","3":"status-publish","4":"has-post-thumbnail","6":"product_cat-complements-alimentaires","8":"first","9":"instock","10":"shipping-taxable","11":"purchasable","12":"product-type-simple"},"aioseo_notices":[],"uagb_featured_image_src":{"full":["https:\/\/wavexia.com\/wp-content\/uploads\/2025\/10\/1-2-1.jpg",500,500,false],"thumbnail":["https:\/\/wavexia.com\/wp-content\/uploads\/2025\/10\/1-2-1-150x150.jpg",150,150,true],"medium":["https:\/\/wavexia.com\/wp-content\/uploads\/2025\/10\/1-2-1-300x300.jpg",300,300,true],"medium_large":["https:\/\/wavexia.com\/wp-content\/uploads\/2025\/10\/1-2-1.jpg",500,500,false],"large":["https:\/\/wavexia.com\/wp-content\/uploads\/2025\/10\/1-2-1.jpg",500,500,false],"1536x1536":["https:\/\/wavexia.com\/wp-content\/uploads\/2025\/10\/1-2-1.jpg",500,500,false],"2048x2048":["https:\/\/wavexia.com\/wp-content\/uploads\/2025\/10\/1-2-1.jpg",500,500,false],"woocommerce_archive_thumbnail":["https:\/\/wavexia.com\/wp-content\/uploads\/2025\/10\/1-2-1-300x300.jpg",300,300,true],"woocommerce_thumbnail":["https:\/\/wavexia.com\/wp-content\/uploads\/2025\/10\/1-2-1-300x300.jpg",300,300,true],"woocommerce_single":["https:\/\/wavexia.com\/wp-content\/uploads\/2025\/10\/1-2-1.jpg",500,500,false],"woocommerce_gallery_thumbnail":["https:\/\/wavexia.com\/wp-content\/uploads\/2025\/10\/1-2-1-100x100.jpg",100,100,true]},"uagb_author_info":{"display_name":"zineddine.ayoub98@gmail.com","author_link":"https:\/\/wavexia.com\/?author=0"},"uagb_comment_info":0,"uagb_excerpt":"Description L\u2019huile de p\u00e9pins de courge est une huile nutritionnelle contenant des acides gras essentiels (AGE) et des phytost\u00e9rols. L\u2019huile de graines de citrouille NOW est press\u00e9e \u00e0 froid sans l\u2019utilisation de solvants et d\u00e9riv\u00e9e uniquement de graines de citrouille sans OGM de la plus haute qualit\u00e9.\u00ae Des variations de couleur naturelles peuvent se produire&hellip;","brands":[],"_links":{"self":[{"href":"https:\/\/wavexia.com\/index.php?rest_route=\/wp\/v2\/product\/4902","targetHints":{"allow":["GET"]}}],"collection":[{"href":"https:\/\/wavexia.com\/index.php?rest_route=\/wp\/v2\/product"}],"about":[{"href":"https:\/\/wavexia.com\/index.php?rest_route=\/wp\/v2\/types\/product"}],"replies":[{"embeddable":true,"href":"https:\/\/wavexia.com\/index.php?rest_route=%2Fwp%2Fv2%2Fcomments&post=4902"}],"wp:featuredmedia":[{"embeddable":true,"href":"https:\/\/wavexia.com\/index.php?rest_route=\/wp\/v2\/media\/4901"}],"wp:attachment":[{"href":"https:\/\/wavexia.com\/index.php?rest_route=%2Fwp%2Fv2%2Fmedia&parent=4902"}],"wp:term":[{"taxonomy":"pwb-brand","embeddable":true,"href":"https:\/\/wavexia.com\/index.php?rest_route=%2Fwp%2Fv2%2Fpwb-brand&post=4902"},{"taxonomy":"product_brand","embeddable":true,"href":"https:\/\/wavexia.com\/index.php?rest_route=%2Fwp%2Fv2%2Fproduct_brand&post=4902"},{"taxonomy":"product_cat","embeddable":true,"href":"https:\/\/wavexia.com\/index.php?rest_route=%2Fwp%2Fv2%2Fproduct_cat&post=4902"},{"taxonomy":"product_tag","embeddable":true,"href":"https:\/\/wavexia.com\/index.php?rest_route=%2Fwp%2Fv2%2Fproduct_tag&post=4902"}],"curies":[{"name":"wp","href":"https:\/\/api.w.org\/{rel}","templated":true}]}}