{"id":4900,"date":"2025-10-19T09:13:15","date_gmt":"2025-10-19T09:13:15","guid":{"rendered":"https:\/\/wavexia.com\/product\/balea-intensive-foot-cream-100-ml\/"},"modified":"2026-03-10T07:31:05","modified_gmt":"2026-03-10T07:31:05","slug":"balea-intensive-foot-cream-100-ml","status":"publish","type":"product","link":"https:\/\/wavexia.com\/?product=balea-intensive-foot-cream-100-ml","title":{"rendered":"Balea Intensive Foot Cream 100 ml"},"content":{"rendered":"<h2>Description<\/h2>\n<p>La cr\u00e8me intensive pour les pieds Balea \u00e0 la texture particuli\u00e8rement riche offre un soin intensif complet. L\u2019huile de noix d\u2019Inca et d\u2019amande de haute qualit\u00e9 qu\u2019il contient donne aux pieds une sensation de douceur soyeuse. La formule du soin donne \u00e0 la peau une souplesse fra\u00eeche. Pour les pieds particuli\u00e8rement doux. Formule sans microplastiques et polym\u00e8res hydrosolubles, purement synth\u00e9tiques.<\/p>\n<h5>ingr\u00e9dients:<\/h5>\n<p>AQUA, HUILE DE GRAINES D\u2019HELIANTHUS ANNUUS, GLYC\u00c9RINE, ST\u00c9ARATE D\u2019\u00c9THYLHEXYLE, \u00c9THER DICAPRYLYLIQUE, POLYGLYC\u00c9RYL-2 DIPOLYHYDROXYST\u00c9ARATE, POLYGLYC\u00c9RYL-3 DIISOST\u00c9ARATE, HUILE DE PRUNUS AMYGDALUS DULCIS, HUILE DE GRAINES DE PLUKENETIA VOLUBILIS, BEURRE DE GRAINES DE THEOBROMA GRANDIFLORUM, HYDROG\u00c8NE, HUILE DE RICIN TED, PARFUM, SULFATE DE MAGN\u00c9SIUM, TOCOPH\u00c9ROL, ALCOOL BENZYLIQUE, LIMON\u00c8NE, LINALOL, ACIDE CITRIQUE, BENZOATE DE SODIUM.<\/p>\n","protected":false},"excerpt":{"rendered":"<p>Description La cr\u00e8me intensive pour les pieds Balea \u00e0 la texture particuli\u00e8rement riche offre un soin intensif complet. L\u2019huile de noix d\u2019Inca et d\u2019amande de haute qualit\u00e9 qu\u2019il contient donne aux pieds une sensation de douceur soyeuse. La formule du soin donne \u00e0 la peau une souplesse fra\u00eeche. Pour les pieds particuli\u00e8rement doux. Formule sans [&hellip;]<\/p>\n","protected":false},"featured_media":4899,"comment_status":"open","ping_status":"closed","template":"","meta":{"content-type":"","_uag_custom_page_level_css":""},"pwb-brand":[],"product_brand":[],"product_cat":[418,322,328],"product_tag":[],"class_list":{"0":"post-4900","1":"product","2":"type-product","3":"status-publish","4":"has-post-thumbnail","6":"product_cat-balea","7":"product_cat-corps-bain","8":"product_cat-nouveautes","10":"first","11":"instock","12":"shipping-taxable","13":"purchasable","14":"product-type-simple"},"aioseo_notices":[],"uagb_featured_image_src":{"full":["https:\/\/wavexia.com\/wp-content\/uploads\/2025\/10\/balea-intensiv-fusscreme.webp",345,345,false],"thumbnail":["https:\/\/wavexia.com\/wp-content\/uploads\/2025\/10\/balea-intensiv-fusscreme-150x150.webp",150,150,true],"medium":["https:\/\/wavexia.com\/wp-content\/uploads\/2025\/10\/balea-intensiv-fusscreme-300x300.webp",300,300,true],"medium_large":["https:\/\/wavexia.com\/wp-content\/uploads\/2025\/10\/balea-intensiv-fusscreme.webp",345,345,false],"large":["https:\/\/wavexia.com\/wp-content\/uploads\/2025\/10\/balea-intensiv-fusscreme.webp",345,345,false],"1536x1536":["https:\/\/wavexia.com\/wp-content\/uploads\/2025\/10\/balea-intensiv-fusscreme.webp",345,345,false],"2048x2048":["https:\/\/wavexia.com\/wp-content\/uploads\/2025\/10\/balea-intensiv-fusscreme.webp",345,345,false],"woocommerce_archive_thumbnail":["https:\/\/wavexia.com\/wp-content\/uploads\/2025\/10\/balea-intensiv-fusscreme-300x300.webp",300,300,true],"woocommerce_thumbnail":["https:\/\/wavexia.com\/wp-content\/uploads\/2025\/10\/balea-intensiv-fusscreme-300x300.webp",300,300,true],"woocommerce_single":["https:\/\/wavexia.com\/wp-content\/uploads\/2025\/10\/balea-intensiv-fusscreme.webp",345,345,false],"woocommerce_gallery_thumbnail":["https:\/\/wavexia.com\/wp-content\/uploads\/2025\/10\/balea-intensiv-fusscreme-100x100.webp",100,100,true]},"uagb_author_info":{"display_name":"zineddine.ayoub98@gmail.com","author_link":"https:\/\/wavexia.com\/?author=0"},"uagb_comment_info":0,"uagb_excerpt":"Description La cr\u00e8me intensive pour les pieds Balea \u00e0 la texture particuli\u00e8rement riche offre un soin intensif complet. L\u2019huile de noix d\u2019Inca et d\u2019amande de haute qualit\u00e9 qu\u2019il contient donne aux pieds une sensation de douceur soyeuse. La formule du soin donne \u00e0 la peau une souplesse fra\u00eeche. Pour les pieds particuli\u00e8rement doux. Formule sans&hellip;","brands":[],"_links":{"self":[{"href":"https:\/\/wavexia.com\/index.php?rest_route=\/wp\/v2\/product\/4900","targetHints":{"allow":["GET"]}}],"collection":[{"href":"https:\/\/wavexia.com\/index.php?rest_route=\/wp\/v2\/product"}],"about":[{"href":"https:\/\/wavexia.com\/index.php?rest_route=\/wp\/v2\/types\/product"}],"replies":[{"embeddable":true,"href":"https:\/\/wavexia.com\/index.php?rest_route=%2Fwp%2Fv2%2Fcomments&post=4900"}],"wp:featuredmedia":[{"embeddable":true,"href":"https:\/\/wavexia.com\/index.php?rest_route=\/wp\/v2\/media\/4899"}],"wp:attachment":[{"href":"https:\/\/wavexia.com\/index.php?rest_route=%2Fwp%2Fv2%2Fmedia&parent=4900"}],"wp:term":[{"taxonomy":"pwb-brand","embeddable":true,"href":"https:\/\/wavexia.com\/index.php?rest_route=%2Fwp%2Fv2%2Fpwb-brand&post=4900"},{"taxonomy":"product_brand","embeddable":true,"href":"https:\/\/wavexia.com\/index.php?rest_route=%2Fwp%2Fv2%2Fproduct_brand&post=4900"},{"taxonomy":"product_cat","embeddable":true,"href":"https:\/\/wavexia.com\/index.php?rest_route=%2Fwp%2Fv2%2Fproduct_cat&post=4900"},{"taxonomy":"product_tag","embeddable":true,"href":"https:\/\/wavexia.com\/index.php?rest_route=%2Fwp%2Fv2%2Fproduct_tag&post=4900"}],"curies":[{"name":"wp","href":"https:\/\/api.w.org\/{rel}","templated":true}]}}