{"id":4896,"date":"2025-10-19T09:13:12","date_gmt":"2025-10-19T09:13:12","guid":{"rendered":"https:\/\/wavexia.com\/product\/cosrx-advanced-snail-radiance-dual-essence-80ml\/"},"modified":"2026-03-10T07:31:05","modified_gmt":"2026-03-10T07:31:05","slug":"cosrx-advanced-snail-radiance-dual-essence-80ml","status":"publish","type":"product","link":"https:\/\/wavexia.com\/?product=cosrx-advanced-snail-radiance-dual-essence-80ml","title":{"rendered":"COSRX- ADVANCED SNAIL RADIANCE DUAL ESSENCE 80ml"},"content":{"rendered":"<h2>Description<\/h2>\n<p id=\"tw-target-text\" dir=\"ltr\">COSRX Niacinamide 5% + Mucine d\u2019Escargot 74% Double Essence, S\u00e9rum Visage Anti-\u00c2ge pour Peau terne, Hydratant, \u00c9claircissant, R\u00e9parateur, 2,70 fl.oz\/80 ml, Peau Sensible, Non Test\u00e9 sur les Animaux, Soin Cor\u00e9en<\/p>\n<p dir=\"ltr\"><strong>\u2022 Complexe Triple Escargot 74,3% :<\/strong><br \/>Un complexe qui combine les effets hydratants et repulpants existants du filtrat de s\u00e9cr\u00e9tion d\u2019escargot et le fortifie avec les bienfaits anti-\u00e2ge et resserrants des pores des escargots noirs et les effets antibact\u00e9riens, antioxydants et de protection UV des escargots dor\u00e9s et plus encore.<\/p>\n<p dir=\"ltr\"><strong>\u2022 5% de niacinamide :<\/strong><br \/>\u00e9clairci la peau pour un soin repulpant et \u00e9clatant simultan\u00e9, renfor\u00e7ant la barri\u00e8re cutan\u00e9e<\/p>\n<p dir=\"ltr\"><strong>\u2022 Glutathion :<\/strong><br \/>Am\u00e9liore le teint de la peau<\/p>\n<p><strong>CONSEILS D\u2019UTILISATION:<\/strong><\/p>\n<p dir=\"ltr\">Pompez une quantit\u00e9 appropri\u00e9e, m\u00e9langez les deux essences et appliquez d\u00e9licatement sur le visage. Tapotez-le doucement sur la peau pour une meilleure absorption.<\/p>\n","protected":false},"excerpt":{"rendered":"<p>Description COSRX Niacinamide 5% + Mucine d\u2019Escargot 74% Double Essence, S\u00e9rum Visage Anti-\u00c2ge pour Peau terne, Hydratant, \u00c9claircissant, R\u00e9parateur, 2,70 fl.oz\/80 ml, Peau Sensible, Non Test\u00e9 sur les Animaux, Soin Cor\u00e9en \u2022 Complexe Triple Escargot 74,3% :Un complexe qui combine les effets hydratants et repulpants existants du filtrat de s\u00e9cr\u00e9tion d\u2019escargot et le fortifie avec [&hellip;]<\/p>\n","protected":false},"featured_media":4895,"comment_status":"open","ping_status":"closed","template":"","meta":{"content-type":"","_uag_custom_page_level_css":""},"pwb-brand":[],"product_brand":[],"product_cat":[347,371,327,334],"product_tag":[],"class_list":{"0":"post-4896","1":"product","2":"type-product","3":"status-publish","4":"has-post-thumbnail","6":"product_cat-cosrx","7":"product_cat-essence","8":"product_cat-hmizat","9":"product_cat-produits-coreens","11":"first","12":"instock","13":"sale","14":"shipping-taxable","15":"purchasable","16":"product-type-simple"},"aioseo_notices":[],"uagb_featured_image_src":{"full":["https:\/\/wavexia.com\/wp-content\/uploads\/2025\/10\/019000000260-1.webp",800,800,false],"thumbnail":["https:\/\/wavexia.com\/wp-content\/uploads\/2025\/10\/019000000260-1-150x150.webp",150,150,true],"medium":["https:\/\/wavexia.com\/wp-content\/uploads\/2025\/10\/019000000260-1-300x300.webp",300,300,true],"medium_large":["https:\/\/wavexia.com\/wp-content\/uploads\/2025\/10\/019000000260-1-768x768.webp",768,768,true],"large":["https:\/\/wavexia.com\/wp-content\/uploads\/2025\/10\/019000000260-1.webp",800,800,false],"1536x1536":["https:\/\/wavexia.com\/wp-content\/uploads\/2025\/10\/019000000260-1.webp",800,800,false],"2048x2048":["https:\/\/wavexia.com\/wp-content\/uploads\/2025\/10\/019000000260-1.webp",800,800,false],"woocommerce_archive_thumbnail":["https:\/\/wavexia.com\/wp-content\/uploads\/2025\/10\/019000000260-1-300x300.webp",300,300,true],"woocommerce_thumbnail":["https:\/\/wavexia.com\/wp-content\/uploads\/2025\/10\/019000000260-1-300x300.webp",300,300,true],"woocommerce_single":["https:\/\/wavexia.com\/wp-content\/uploads\/2025\/10\/019000000260-1-600x600.webp",600,600,true],"woocommerce_gallery_thumbnail":["https:\/\/wavexia.com\/wp-content\/uploads\/2025\/10\/019000000260-1-100x100.webp",100,100,true]},"uagb_author_info":{"display_name":"zineddine.ayoub98@gmail.com","author_link":"https:\/\/wavexia.com\/?author=0"},"uagb_comment_info":0,"uagb_excerpt":"Description COSRX Niacinamide 5% + Mucine d\u2019Escargot 74% Double Essence, S\u00e9rum Visage Anti-\u00c2ge pour Peau terne, Hydratant, \u00c9claircissant, R\u00e9parateur, 2,70 fl.oz\/80 ml, Peau Sensible, Non Test\u00e9 sur les Animaux, Soin Cor\u00e9en \u2022 Complexe Triple Escargot 74,3% :Un complexe qui combine les effets hydratants et repulpants existants du filtrat de s\u00e9cr\u00e9tion d\u2019escargot et le fortifie avec&hellip;","brands":[],"_links":{"self":[{"href":"https:\/\/wavexia.com\/index.php?rest_route=\/wp\/v2\/product\/4896","targetHints":{"allow":["GET"]}}],"collection":[{"href":"https:\/\/wavexia.com\/index.php?rest_route=\/wp\/v2\/product"}],"about":[{"href":"https:\/\/wavexia.com\/index.php?rest_route=\/wp\/v2\/types\/product"}],"replies":[{"embeddable":true,"href":"https:\/\/wavexia.com\/index.php?rest_route=%2Fwp%2Fv2%2Fcomments&post=4896"}],"wp:featuredmedia":[{"embeddable":true,"href":"https:\/\/wavexia.com\/index.php?rest_route=\/wp\/v2\/media\/4895"}],"wp:attachment":[{"href":"https:\/\/wavexia.com\/index.php?rest_route=%2Fwp%2Fv2%2Fmedia&parent=4896"}],"wp:term":[{"taxonomy":"pwb-brand","embeddable":true,"href":"https:\/\/wavexia.com\/index.php?rest_route=%2Fwp%2Fv2%2Fpwb-brand&post=4896"},{"taxonomy":"product_brand","embeddable":true,"href":"https:\/\/wavexia.com\/index.php?rest_route=%2Fwp%2Fv2%2Fproduct_brand&post=4896"},{"taxonomy":"product_cat","embeddable":true,"href":"https:\/\/wavexia.com\/index.php?rest_route=%2Fwp%2Fv2%2Fproduct_cat&post=4896"},{"taxonomy":"product_tag","embeddable":true,"href":"https:\/\/wavexia.com\/index.php?rest_route=%2Fwp%2Fv2%2Fproduct_tag&post=4896"}],"curies":[{"name":"wp","href":"https:\/\/api.w.org\/{rel}","templated":true}]}}