{"id":4892,"date":"2025-10-19T09:13:10","date_gmt":"2025-10-19T09:13:10","guid":{"rendered":"https:\/\/wavexia.com\/product\/cosrx-peptide-132-ultra-perfect-hair-bonding-oil-serum-28ml\/"},"modified":"2026-03-10T07:31:05","modified_gmt":"2026-03-10T07:31:05","slug":"cosrx-peptide-132-ultra-perfect-hair-bonding-oil-serum-28ml","status":"publish","type":"product","link":"https:\/\/wavexia.com\/?product=cosrx-peptide-132-ultra-perfect-hair-bonding-oil-serum-28ml","title":{"rendered":"COSRX PEPTIDE 132 Ultra Perfect Hair Bonding Oil Serum 28ml"},"content":{"rendered":"<h2>Description<\/h2>\n<p>Un s\u00e9rum d\u2019huile de liaison haute performance qui forme une barri\u00e8re protectrice en enrobant les cheveux ab\u00eem\u00e9s d\u2019huiles v\u00e9g\u00e9tales riches en nutriments. Sa formule l\u00e9g\u00e8re comme une plume p\u00e9n\u00e8tre rapidement sans laisser de r\u00e9sidu gras, offrant une douceur et une brillance instantan\u00e9es. Enrichi avec le PEPTIDE-132\u2122 brevet\u00e9, il comble les zones affaiblies et emprisonne l\u2019humidit\u00e9 et les nutriments.<\/p>\n<h5>avantages:<\/h5>\n<div data-section-type=\"main-product\" data-components=\"accordion,custom-select,modal\">\n<div class=\"product-detail quickbuy-content spaced-row container\">\n<div class=\"detail product-column-right cc-animate-init -in cc-animate-complete\" data-cc-animate=\"\" data-cc-animate-delay=\"0.2s\">\n<div class=\"product-form sticky-content-container theme-init\" data-ajax-add-to-cart=\"true\" data-product-id=\"8838212092120\" data-enable-history-state=\"true\">\n<div class=\"lightly-spaced-row not-in-quickbuy\">\n<div class=\"pdp-acc-container desktop-only\">\n<div class=\"pdp-acc-area\">\n<div class=\"acc_content_area act\">\n<div class=\"full-ingredients-container\">\n<div class=\"ingre-modal\">\n<div class=\"ingre-modal-content\">\n<div class=\"modal-body\">\n<p>\u2022 Renforce et scelle les m\u00e8ches ab\u00eem\u00e9es gr\u00e2ce \u00e0 un soin<\/p>\n<\/div>\n<\/div>\n<\/div>\n<\/div>\n<\/div>\n<\/div>\n<\/div>\n<\/div>\n<\/div>\n<\/div>\n<\/div>\n<p>de liaison\u2022 Laisse un fini brillant, sans frisottis sans collant<br \/>\u2022 P\u00e9n\u00e8tre instantan\u00e9ment sans laisser de r\u00e9sidus, laissant les cheveux doux et lisses<br \/>\u2022 Forme une barri\u00e8re protectrice l\u00e9g\u00e8re avec des huiles v\u00e9g\u00e9tales riches en nutriments<\/p>\n<h5>mode d\u2019emploi:<\/h5>\n<p>Appliquez une petite quantit\u00e9 sur les cheveux humides ou secs de la mi-longueur aux pointes.<\/p>\n<h5>ingr\u00e9dients:<\/h5>\n<div data-section-type=\"main-product\" data-components=\"accordion,custom-select,modal\">\n<div class=\"product-detail quickbuy-content spaced-row container\">\n<div class=\"detail product-column-right cc-animate-init -in cc-animate-complete\" data-cc-animate=\"\" data-cc-animate-delay=\"0.2s\">\n<div class=\"product-form sticky-content-container theme-init\" data-ajax-add-to-cart=\"true\" data-product-id=\"8838212092120\" data-enable-history-state=\"true\">\n<div class=\"lightly-spaced-row not-in-quickbuy\">\n<div class=\"pdp-acc-container desktop-only\">\n<div class=\"pdp-acc-area\">\n<div class=\"acc_content_area act\">\n<div class=\"full-ingredients-container\">\n<div class=\"ingre-modal\">\n<div class=\"ingre-modal-content\">\n<div class=\"modal-body\">\n<p>Dim\u00e9thicone, Poly(ol\u00e9fine en C6-14) hydrog\u00e9n\u00e9e, \u00c9thylhexanoate de c\u00e9tyle, Carbonate de dicaprylyle, Dim\u00e9thiconol, Disiloxane, \u00c9ther dicaprylylique, Aminopropyl Dim\u00e9thicone, Huile de noyau d\u2019Argania Spinosa, Hexyld\u00e9canol, Fragrance\/Parfum, Hexyl Cinnamal, Limon\u00e8ne, Citronellol, Tocoph\u00e9rol, Linalol, Benzyl benzoate, Huile de fruit d\u2019Olea Europaea (olive), Huile de graines de Camellia Japonica, Huile de graines de Simmondsia Chinensis (jojoba), Huile de son d\u2019Oryza sativa (riz), Huile de graines de Vitis Vinifera (raisin), Huile de graines de Macadamia Ternifolia, Tripeptide-132 HCl.<\/p>\n<\/div>\n<\/div>\n<\/div>\n<\/div>\n<\/div>\n<\/div>\n<\/div>\n<\/div>\n<\/div>\n<\/div>\n<\/div>\n<\/div>\n<div class=\"product-page-tabs-main-container container desktop-only\">\n<div class=\"product-page-tabs\"><\/div>\n<\/div>\n<\/div>\n","protected":false},"excerpt":{"rendered":"<p>Description Un s\u00e9rum d\u2019huile de liaison haute performance qui forme une barri\u00e8re protectrice en enrobant les cheveux ab\u00eem\u00e9s d\u2019huiles v\u00e9g\u00e9tales riches en nutriments. Sa formule l\u00e9g\u00e8re comme une plume p\u00e9n\u00e8tre rapidement sans laisser de r\u00e9sidu gras, offrant une douceur et une brillance instantan\u00e9es. Enrichi avec le PEPTIDE-132\u2122 brevet\u00e9, il comble les zones affaiblies et emprisonne [&hellip;]<\/p>\n","protected":false},"featured_media":4891,"comment_status":"open","ping_status":"closed","template":"","meta":{"content-type":"","_uag_custom_page_level_css":""},"pwb-brand":[],"product_brand":[],"product_cat":[377,347,328,334],"product_tag":[],"class_list":{"0":"post-4892","1":"product","2":"type-product","3":"status-publish","4":"has-post-thumbnail","6":"product_cat-cheveux","7":"product_cat-cosrx","8":"product_cat-nouveautes","9":"product_cat-produits-coreens","11":"first","12":"instock","13":"sale","14":"shipping-taxable","15":"purchasable","16":"product-type-simple"},"aioseo_notices":[],"uagb_featured_image_src":{"full":["https:\/\/wavexia.com\/wp-content\/uploads\/2025\/10\/cosrx-peptide-132-ultra-perfect-hair-bonding-oil-serum_8809598457355_DarBeauty.webp",1080,1080,false],"thumbnail":["https:\/\/wavexia.com\/wp-content\/uploads\/2025\/10\/cosrx-peptide-132-ultra-perfect-hair-bonding-oil-serum_8809598457355_DarBeauty-150x150.webp",150,150,true],"medium":["https:\/\/wavexia.com\/wp-content\/uploads\/2025\/10\/cosrx-peptide-132-ultra-perfect-hair-bonding-oil-serum_8809598457355_DarBeauty-300x300.webp",300,300,true],"medium_large":["https:\/\/wavexia.com\/wp-content\/uploads\/2025\/10\/cosrx-peptide-132-ultra-perfect-hair-bonding-oil-serum_8809598457355_DarBeauty-768x768.webp",768,768,true],"large":["https:\/\/wavexia.com\/wp-content\/uploads\/2025\/10\/cosrx-peptide-132-ultra-perfect-hair-bonding-oil-serum_8809598457355_DarBeauty-1024x1024.webp",1024,1024,true],"1536x1536":["https:\/\/wavexia.com\/wp-content\/uploads\/2025\/10\/cosrx-peptide-132-ultra-perfect-hair-bonding-oil-serum_8809598457355_DarBeauty.webp",1080,1080,false],"2048x2048":["https:\/\/wavexia.com\/wp-content\/uploads\/2025\/10\/cosrx-peptide-132-ultra-perfect-hair-bonding-oil-serum_8809598457355_DarBeauty.webp",1080,1080,false],"woocommerce_archive_thumbnail":["https:\/\/wavexia.com\/wp-content\/uploads\/2025\/10\/cosrx-peptide-132-ultra-perfect-hair-bonding-oil-serum_8809598457355_DarBeauty-300x300.webp",300,300,true],"woocommerce_thumbnail":["https:\/\/wavexia.com\/wp-content\/uploads\/2025\/10\/cosrx-peptide-132-ultra-perfect-hair-bonding-oil-serum_8809598457355_DarBeauty-300x300.webp",300,300,true],"woocommerce_single":["https:\/\/wavexia.com\/wp-content\/uploads\/2025\/10\/cosrx-peptide-132-ultra-perfect-hair-bonding-oil-serum_8809598457355_DarBeauty-600x600.webp",600,600,true],"woocommerce_gallery_thumbnail":["https:\/\/wavexia.com\/wp-content\/uploads\/2025\/10\/cosrx-peptide-132-ultra-perfect-hair-bonding-oil-serum_8809598457355_DarBeauty-100x100.webp",100,100,true]},"uagb_author_info":{"display_name":"zineddine.ayoub98@gmail.com","author_link":"https:\/\/wavexia.com\/?author=0"},"uagb_comment_info":0,"uagb_excerpt":"Description Un s\u00e9rum d\u2019huile de liaison haute performance qui forme une barri\u00e8re protectrice en enrobant les cheveux ab\u00eem\u00e9s d\u2019huiles v\u00e9g\u00e9tales riches en nutriments. Sa formule l\u00e9g\u00e8re comme une plume p\u00e9n\u00e8tre rapidement sans laisser de r\u00e9sidu gras, offrant une douceur et une brillance instantan\u00e9es. Enrichi avec le PEPTIDE-132\u2122 brevet\u00e9, il comble les zones affaiblies et emprisonne&hellip;","brands":[],"_links":{"self":[{"href":"https:\/\/wavexia.com\/index.php?rest_route=\/wp\/v2\/product\/4892","targetHints":{"allow":["GET"]}}],"collection":[{"href":"https:\/\/wavexia.com\/index.php?rest_route=\/wp\/v2\/product"}],"about":[{"href":"https:\/\/wavexia.com\/index.php?rest_route=\/wp\/v2\/types\/product"}],"replies":[{"embeddable":true,"href":"https:\/\/wavexia.com\/index.php?rest_route=%2Fwp%2Fv2%2Fcomments&post=4892"}],"wp:featuredmedia":[{"embeddable":true,"href":"https:\/\/wavexia.com\/index.php?rest_route=\/wp\/v2\/media\/4891"}],"wp:attachment":[{"href":"https:\/\/wavexia.com\/index.php?rest_route=%2Fwp%2Fv2%2Fmedia&parent=4892"}],"wp:term":[{"taxonomy":"pwb-brand","embeddable":true,"href":"https:\/\/wavexia.com\/index.php?rest_route=%2Fwp%2Fv2%2Fpwb-brand&post=4892"},{"taxonomy":"product_brand","embeddable":true,"href":"https:\/\/wavexia.com\/index.php?rest_route=%2Fwp%2Fv2%2Fproduct_brand&post=4892"},{"taxonomy":"product_cat","embeddable":true,"href":"https:\/\/wavexia.com\/index.php?rest_route=%2Fwp%2Fv2%2Fproduct_cat&post=4892"},{"taxonomy":"product_tag","embeddable":true,"href":"https:\/\/wavexia.com\/index.php?rest_route=%2Fwp%2Fv2%2Fproduct_tag&post=4892"}],"curies":[{"name":"wp","href":"https:\/\/api.w.org\/{rel}","templated":true}]}}