{"id":4888,"date":"2025-10-19T09:13:07","date_gmt":"2025-10-19T09:13:07","guid":{"rendered":"https:\/\/wavexia.com\/product\/cosrx-peptide-132-ultra-perfect-hair-bonding-treatment-120ml\/"},"modified":"2026-03-10T07:31:05","modified_gmt":"2026-03-10T07:31:05","slug":"cosrx-peptide-132-ultra-perfect-hair-bonding-treatment-120ml","status":"publish","type":"product","link":"https:\/\/wavexia.com\/?product=cosrx-peptide-132-ultra-perfect-hair-bonding-treatment-120ml","title":{"rendered":"COSRX PEPTIDE 132 Ultra Perfect Hair Bonding Treatment 120ml"},"content":{"rendered":"<h2>Description<\/h2>\n<p>Un traitement de qualit\u00e9 professionnelle con\u00e7u pour r\u00e9parer instantan\u00e9ment tous les types de cheveux ab\u00eem\u00e9s.<br data-start=\"216\" data-end=\"219\">Aliment\u00e9 par le PEPTIDE-132\u2122 brevet\u00e9, il comble les liaisons bris\u00e9es et enrobe les m\u00e8ches d\u2019huiles v\u00e9g\u00e9tales pour emprisonner l\u2019humidit\u00e9. Sa texture cr\u00e8me soyeuse p\u00e9n\u00e8tre rapidement, laissant les cheveux doux, brillants et sans frisottis. Profitez sans effort de soins de qualit\u00e9 salon \u00e0 la maison.<\/p>\n<h5>avantages:<\/h5>\n<p>\u2022 R\u00e9pare en profondeur les cheveux de l\u2019int\u00e9rieur avec PEPTIDE-132\u2122<br \/>\u2022 Restaure instantan\u00e9ment la douceur, la brillance et l\u2019\u00e9lasticit\u00e9<br \/>\u2022 Fond dans les cheveux avec une texture<br \/>cr\u00e8me riche et soyeuse\u2022 Offre des soins de qualit\u00e9 salon dans le confort de la maison.<\/p>\n<h5>mode d\u2019emploi:<\/h5>\n<p>Apr\u00e8s le shampooing, pressez doucement l\u2019exc\u00e8s d\u2019eau des cheveux et appliquez le traitement mi-longueur jusqu\u2019aux pointes.<br \/>Rincez abondamment les cheveux \u00e0 l\u2019eau ti\u00e8de.<\/p>\n<h5>ingr\u00e9dients:<\/h5>\n<div data-section-type=\"main-product\" data-components=\"accordion,custom-select,modal\">\n<div class=\"product-detail quickbuy-content spaced-row container\">\n<div class=\"detail product-column-right cc-animate-init -in cc-animate-complete\" data-cc-animate=\"\" data-cc-animate-delay=\"0.2s\">\n<div class=\"product-form sticky-content-container theme-init\" data-ajax-add-to-cart=\"true\" data-product-id=\"8838210814168\" data-enable-history-state=\"true\">\n<div class=\"lightly-spaced-row not-in-quickbuy\">\n<div class=\"pdp-acc-container desktop-only\">\n<div class=\"pdp-acc-area\">\n<div class=\"acc_content_area act\">\n<div class=\"full-ingredients-container\">\n<div class=\"ingre-modal\">\n<div class=\"ingre-modal-content\">\n<div class=\"modal-body\">\n<p>Aqua\/eau, glyc\u00e9rine, dim\u00e9thicone, c\u00e9tylhexanoate, isopentyldiol, alcool c\u00e9tylique, alcool st\u00e9arylique, chlorure de b\u00e9hentrimonium, coco-caprylate\/caprate, st\u00e9aramidopropyl dim\u00e9thylamine, sorbitol, dipropyl\u00e8ne glycol, dim\u00e9thiconol, phosphate d\u2019amidon hydroxypropylique, amodim\u00e9thicone, acide lactique, maltitol, fragrance\/parfum, caprylyl glycol, trideceth-10, gluconate de sodium, \u00e9thylhexylglyc\u00e9rine, eau florale d\u2019Anthemis Nobilis, 1,2-hexanediol, propanediol, huile de noyau d\u2019Argania spinosa, olea europaea (olive) Huile de fruits, huile de graines de Camellia Japonica, huile de graines de Simmondsia Chinensis (jojoba), huile de son d\u2019Oryza Sativa (riz), huile de graines de Vitis Vinifera (raisin), biotine, tripeptide-132 HCl, huile de graines de Macadamia ternifolia, hyaluronate de sodium, tocoph\u00e9rol, extrait de Laminaria Japonica, m\u00e9taphosphate de sodium, peptide d\u2019Avena Sativa (avoine), arginine, s\u00e9rine, acide glutamique, thr\u00e9onine, leucine, proline, acide aspartique, isoleucine, glycine, collag\u00e8ne soluble, acide hyaluronique hydrolys\u00e9, Ph\u00e9nylalanine, alanine, tyrosine, lysine, polym\u00e8re crois\u00e9 d\u2019hyaluronate de sodium, histidine, acide hyaluronique, caf\u00e9ine, panth\u00e9nol, niacinamide, l\u00e9cithine hydrog\u00e9n\u00e9e, butyl\u00e8ne glycol, alcool c\u00e9t\u00e9arylique, valine, hyaluronate ac\u00e9tyl\u00e9 de sodium, acide st\u00e9arique, m\u00e9thionine, cystine, tryptophane, c\u00e9ramide NP, prot\u00e9ine v\u00e9g\u00e9tale hydrolys\u00e9e, c\u00e9ramide NS, phytosphingosine, cholest\u00e9rol, c\u00e9ramide AP, c\u00e9ramide AS, c\u00e9ramide EOP.<\/p>\n<\/div>\n<\/div>\n<\/div>\n<\/div>\n<\/div>\n<\/div>\n<\/div>\n<\/div>\n<\/div>\n<\/div>\n<\/div>\n<div class=\"product-page-tabs-main-container container desktop-only\">\n<div class=\"product-page-tabs\"><\/div>\n<\/div>\n<\/div>\n","protected":false},"excerpt":{"rendered":"<p>Description Un traitement de qualit\u00e9 professionnelle con\u00e7u pour r\u00e9parer instantan\u00e9ment tous les types de cheveux ab\u00eem\u00e9s.Aliment\u00e9 par le PEPTIDE-132\u2122 brevet\u00e9, il comble les liaisons bris\u00e9es et enrobe les m\u00e8ches d\u2019huiles v\u00e9g\u00e9tales pour emprisonner l\u2019humidit\u00e9. Sa texture cr\u00e8me soyeuse p\u00e9n\u00e8tre rapidement, laissant les cheveux doux, brillants et sans frisottis. Profitez sans effort de soins de qualit\u00e9 [&hellip;]<\/p>\n","protected":false},"featured_media":4887,"comment_status":"open","ping_status":"closed","template":"","meta":{"content-type":"","_uag_custom_page_level_css":""},"pwb-brand":[],"product_brand":[],"product_cat":[377,347,328,334],"product_tag":[],"class_list":{"0":"post-4888","1":"product","2":"type-product","3":"status-publish","4":"has-post-thumbnail","6":"product_cat-cheveux","7":"product_cat-cosrx","8":"product_cat-nouveautes","9":"product_cat-produits-coreens","11":"first","12":"instock","13":"sale","14":"shipping-taxable","15":"purchasable","16":"product-type-simple"},"aioseo_notices":[],"uagb_featured_image_src":{"full":["https:\/\/wavexia.com\/wp-content\/uploads\/2025\/10\/cosrx-peptide-132-ultra-perfect-hair-bonding-treatment_DarBeauty.webp",1080,1080,false],"thumbnail":["https:\/\/wavexia.com\/wp-content\/uploads\/2025\/10\/cosrx-peptide-132-ultra-perfect-hair-bonding-treatment_DarBeauty-150x150.webp",150,150,true],"medium":["https:\/\/wavexia.com\/wp-content\/uploads\/2025\/10\/cosrx-peptide-132-ultra-perfect-hair-bonding-treatment_DarBeauty-300x300.webp",300,300,true],"medium_large":["https:\/\/wavexia.com\/wp-content\/uploads\/2025\/10\/cosrx-peptide-132-ultra-perfect-hair-bonding-treatment_DarBeauty-768x768.webp",768,768,true],"large":["https:\/\/wavexia.com\/wp-content\/uploads\/2025\/10\/cosrx-peptide-132-ultra-perfect-hair-bonding-treatment_DarBeauty-1024x1024.webp",1024,1024,true],"1536x1536":["https:\/\/wavexia.com\/wp-content\/uploads\/2025\/10\/cosrx-peptide-132-ultra-perfect-hair-bonding-treatment_DarBeauty.webp",1080,1080,false],"2048x2048":["https:\/\/wavexia.com\/wp-content\/uploads\/2025\/10\/cosrx-peptide-132-ultra-perfect-hair-bonding-treatment_DarBeauty.webp",1080,1080,false],"woocommerce_archive_thumbnail":["https:\/\/wavexia.com\/wp-content\/uploads\/2025\/10\/cosrx-peptide-132-ultra-perfect-hair-bonding-treatment_DarBeauty-300x300.webp",300,300,true],"woocommerce_thumbnail":["https:\/\/wavexia.com\/wp-content\/uploads\/2025\/10\/cosrx-peptide-132-ultra-perfect-hair-bonding-treatment_DarBeauty-300x300.webp",300,300,true],"woocommerce_single":["https:\/\/wavexia.com\/wp-content\/uploads\/2025\/10\/cosrx-peptide-132-ultra-perfect-hair-bonding-treatment_DarBeauty-600x600.webp",600,600,true],"woocommerce_gallery_thumbnail":["https:\/\/wavexia.com\/wp-content\/uploads\/2025\/10\/cosrx-peptide-132-ultra-perfect-hair-bonding-treatment_DarBeauty-100x100.webp",100,100,true]},"uagb_author_info":{"display_name":"zineddine.ayoub98@gmail.com","author_link":"https:\/\/wavexia.com\/?author=0"},"uagb_comment_info":0,"uagb_excerpt":"Description Un traitement de qualit\u00e9 professionnelle con\u00e7u pour r\u00e9parer instantan\u00e9ment tous les types de cheveux ab\u00eem\u00e9s.Aliment\u00e9 par le PEPTIDE-132\u2122 brevet\u00e9, il comble les liaisons bris\u00e9es et enrobe les m\u00e8ches d\u2019huiles v\u00e9g\u00e9tales pour emprisonner l\u2019humidit\u00e9. Sa texture cr\u00e8me soyeuse p\u00e9n\u00e8tre rapidement, laissant les cheveux doux, brillants et sans frisottis. Profitez sans effort de soins de qualit\u00e9&hellip;","brands":[],"_links":{"self":[{"href":"https:\/\/wavexia.com\/index.php?rest_route=\/wp\/v2\/product\/4888","targetHints":{"allow":["GET"]}}],"collection":[{"href":"https:\/\/wavexia.com\/index.php?rest_route=\/wp\/v2\/product"}],"about":[{"href":"https:\/\/wavexia.com\/index.php?rest_route=\/wp\/v2\/types\/product"}],"replies":[{"embeddable":true,"href":"https:\/\/wavexia.com\/index.php?rest_route=%2Fwp%2Fv2%2Fcomments&post=4888"}],"wp:featuredmedia":[{"embeddable":true,"href":"https:\/\/wavexia.com\/index.php?rest_route=\/wp\/v2\/media\/4887"}],"wp:attachment":[{"href":"https:\/\/wavexia.com\/index.php?rest_route=%2Fwp%2Fv2%2Fmedia&parent=4888"}],"wp:term":[{"taxonomy":"pwb-brand","embeddable":true,"href":"https:\/\/wavexia.com\/index.php?rest_route=%2Fwp%2Fv2%2Fpwb-brand&post=4888"},{"taxonomy":"product_brand","embeddable":true,"href":"https:\/\/wavexia.com\/index.php?rest_route=%2Fwp%2Fv2%2Fproduct_brand&post=4888"},{"taxonomy":"product_cat","embeddable":true,"href":"https:\/\/wavexia.com\/index.php?rest_route=%2Fwp%2Fv2%2Fproduct_cat&post=4888"},{"taxonomy":"product_tag","embeddable":true,"href":"https:\/\/wavexia.com\/index.php?rest_route=%2Fwp%2Fv2%2Fproduct_tag&post=4888"}],"curies":[{"name":"wp","href":"https:\/\/api.w.org\/{rel}","templated":true}]}}