{"id":4881,"date":"2025-10-19T09:13:03","date_gmt":"2025-10-19T09:13:03","guid":{"rendered":"https:\/\/wavexia.com\/product\/st-dalfour-savon-eclaircissant-135-g\/"},"modified":"2026-03-10T07:31:05","modified_gmt":"2026-03-10T07:31:05","slug":"st-dalfour-savon-eclaircissant-135-g","status":"publish","type":"product","link":"https:\/\/wavexia.com\/?product=st-dalfour-savon-eclaircissant-135-g","title":{"rendered":"ST DALFOUR SAVON ECLAIRCISSANT 135 G"},"content":{"rendered":"<h2>Description<\/h2>\n<p>D\u00e9couvrez le secret d\u2019une peau \u00e9clatante et sans imperfections avec ST Dalfour, un soin dont l\u2019efficacit\u00e9 est reconnue et prouv\u00e9e pour transformer votre peau. Que vous soyez confront\u00e9 \u00e0 des cicatrices de boutons, des cicatrices d\u2019allergies cutan\u00e9es, des taches brunes, des taches de rousseur, des points noirs ou des rides, ST Dalfour est la solution id\u00e9ale pour vous. Gr\u00e2ce \u00e0 sa formule innovante, ce soin agit en profondeur pour \u00e9liminer toutes les impuret\u00e9s de la peau, vous offrant un teint plus clair, plus uniforme, et incroyablement lumineux.<\/p>\n<p>ST Dalfour ne se contente pas seulement d\u2019\u00e9liminer les imperfections ; il blanchit \u00e9galement la peau de mani\u00e8re efficace et naturelle, en pr\u00e9servant son \u00e9clat originel. En quelques jours seulement, vous remarquerez un changement visible : votre teint devient soyeux, \u00e9clatant, et d\u2019une clart\u00e9 exceptionnelle. Ce soin apporte \u00e0 votre peau une nouvelle vie, augmentant sa luminosit\u00e9 et sa sant\u00e9 g\u00e9n\u00e9rale, pour une beaut\u00e9 qui dure.<\/p>\n<p><strong>Conseils d\u2019utilisation :<\/strong><\/p>\n<p>Utilisez ST Dalfour tous les jours, de pr\u00e9f\u00e9rence le soir, sur une peau propre et s\u00e8che. Appliquez une petite quantit\u00e9 du produit sur les zones concern\u00e9es en effectuant de l\u00e9gers mouvements circulaires jusqu\u2019\u00e0 absorption compl\u00e8te.<\/p>\n","protected":false},"excerpt":{"rendered":"<p>Description D\u00e9couvrez le secret d\u2019une peau \u00e9clatante et sans imperfections avec ST Dalfour, un soin dont l\u2019efficacit\u00e9 est reconnue et prouv\u00e9e pour transformer votre peau. Que vous soyez confront\u00e9 \u00e0 des cicatrices de boutons, des cicatrices d\u2019allergies cutan\u00e9es, des taches brunes, des taches de rousseur, des points noirs ou des rides, ST Dalfour est la [&hellip;]<\/p>\n","protected":false},"featured_media":4880,"comment_status":"open","ping_status":"closed","template":"","meta":{"content-type":"","_uag_custom_page_level_css":""},"pwb-brand":[],"product_brand":[],"product_cat":[327,339,336,329,424],"product_tag":[],"class_list":{"0":"post-4881","1":"product","2":"type-product","3":"status-publish","4":"has-post-thumbnail","6":"product_cat-hmizat","7":"product_cat-meilleures-ventes","8":"product_cat-nettoyant","9":"product_cat-produits-americains","10":"product_cat-st-dalfour","12":"first","13":"instock","14":"sale","15":"shipping-taxable","16":"purchasable","17":"product-type-simple"},"aioseo_notices":[],"uagb_featured_image_src":{"full":["https:\/\/wavexia.com\/wp-content\/uploads\/2025\/10\/IMG_3881.jpeg",700,700,false],"thumbnail":["https:\/\/wavexia.com\/wp-content\/uploads\/2025\/10\/IMG_3881-150x150.jpeg",150,150,true],"medium":["https:\/\/wavexia.com\/wp-content\/uploads\/2025\/10\/IMG_3881-300x300.jpeg",300,300,true],"medium_large":["https:\/\/wavexia.com\/wp-content\/uploads\/2025\/10\/IMG_3881.jpeg",700,700,false],"large":["https:\/\/wavexia.com\/wp-content\/uploads\/2025\/10\/IMG_3881.jpeg",700,700,false],"1536x1536":["https:\/\/wavexia.com\/wp-content\/uploads\/2025\/10\/IMG_3881.jpeg",700,700,false],"2048x2048":["https:\/\/wavexia.com\/wp-content\/uploads\/2025\/10\/IMG_3881.jpeg",700,700,false],"woocommerce_archive_thumbnail":["https:\/\/wavexia.com\/wp-content\/uploads\/2025\/10\/IMG_3881-300x300.jpeg",300,300,true],"woocommerce_thumbnail":["https:\/\/wavexia.com\/wp-content\/uploads\/2025\/10\/IMG_3881-300x300.jpeg",300,300,true],"woocommerce_single":["https:\/\/wavexia.com\/wp-content\/uploads\/2025\/10\/IMG_3881-600x600.jpeg",600,600,true],"woocommerce_gallery_thumbnail":["https:\/\/wavexia.com\/wp-content\/uploads\/2025\/10\/IMG_3881-100x100.jpeg",100,100,true]},"uagb_author_info":{"display_name":"zineddine.ayoub98@gmail.com","author_link":"https:\/\/wavexia.com\/?author=0"},"uagb_comment_info":0,"uagb_excerpt":"Description D\u00e9couvrez le secret d\u2019une peau \u00e9clatante et sans imperfections avec ST Dalfour, un soin dont l\u2019efficacit\u00e9 est reconnue et prouv\u00e9e pour transformer votre peau. Que vous soyez confront\u00e9 \u00e0 des cicatrices de boutons, des cicatrices d\u2019allergies cutan\u00e9es, des taches brunes, des taches de rousseur, des points noirs ou des rides, ST Dalfour est la&hellip;","brands":[],"_links":{"self":[{"href":"https:\/\/wavexia.com\/index.php?rest_route=\/wp\/v2\/product\/4881","targetHints":{"allow":["GET"]}}],"collection":[{"href":"https:\/\/wavexia.com\/index.php?rest_route=\/wp\/v2\/product"}],"about":[{"href":"https:\/\/wavexia.com\/index.php?rest_route=\/wp\/v2\/types\/product"}],"replies":[{"embeddable":true,"href":"https:\/\/wavexia.com\/index.php?rest_route=%2Fwp%2Fv2%2Fcomments&post=4881"}],"wp:featuredmedia":[{"embeddable":true,"href":"https:\/\/wavexia.com\/index.php?rest_route=\/wp\/v2\/media\/4880"}],"wp:attachment":[{"href":"https:\/\/wavexia.com\/index.php?rest_route=%2Fwp%2Fv2%2Fmedia&parent=4881"}],"wp:term":[{"taxonomy":"pwb-brand","embeddable":true,"href":"https:\/\/wavexia.com\/index.php?rest_route=%2Fwp%2Fv2%2Fpwb-brand&post=4881"},{"taxonomy":"product_brand","embeddable":true,"href":"https:\/\/wavexia.com\/index.php?rest_route=%2Fwp%2Fv2%2Fproduct_brand&post=4881"},{"taxonomy":"product_cat","embeddable":true,"href":"https:\/\/wavexia.com\/index.php?rest_route=%2Fwp%2Fv2%2Fproduct_cat&post=4881"},{"taxonomy":"product_tag","embeddable":true,"href":"https:\/\/wavexia.com\/index.php?rest_route=%2Fwp%2Fv2%2Fproduct_tag&post=4881"}],"curies":[{"name":"wp","href":"https:\/\/api.w.org\/{rel}","templated":true}]}}