{"id":4875,"date":"2025-10-19T09:12:59","date_gmt":"2025-10-19T09:12:59","guid":{"rendered":"https:\/\/wavexia.com\/product\/zara-hypnotic-vanilla-cloud-30-ml\/"},"modified":"2026-03-10T07:31:05","modified_gmt":"2026-03-10T07:31:05","slug":"zara-hypnotic-vanilla-cloud-30-ml","status":"publish","type":"product","link":"https:\/\/wavexia.com\/?product=zara-hypnotic-vanilla-cloud-30-ml","title":{"rendered":"ZARA HYPNOTIC VANILLA CLOUD \u2013 30 ML"},"content":{"rendered":"<h2>Description<\/h2>\n<p>Eau de parfum. L\u00e9g\u00e8re et douce, une fragrance envo\u00fbtante avec des notes de guimauve et de musc qui capturent l\u2019essence d\u2019un nuage de vanille.<\/p>\n","protected":false},"excerpt":{"rendered":"<p>Description Eau de parfum. L\u00e9g\u00e8re et douce, une fragrance envo\u00fbtante avec des notes de guimauve et de musc qui capturent l\u2019essence d\u2019un nuage de vanille.<\/p>\n","protected":false},"featured_media":4874,"comment_status":"open","ping_status":"closed","template":"","meta":{"content-type":"","_uag_custom_page_level_css":""},"pwb-brand":[],"product_brand":[],"product_cat":[397,439],"product_tag":[],"class_list":{"0":"post-4875","1":"product","2":"type-product","3":"status-publish","4":"has-post-thumbnail","6":"product_cat-parfums","7":"product_cat-zara","9":"first","10":"instock","11":"shipping-taxable","12":"purchasable","13":"product-type-simple"},"aioseo_notices":[],"uagb_featured_image_src":{"full":["https:\/\/wavexia.com\/wp-content\/uploads\/2025\/10\/20110657999-e3-scaled-1.jpg",1600,2400,false],"thumbnail":["https:\/\/wavexia.com\/wp-content\/uploads\/2025\/10\/20110657999-e3-scaled-1-150x150.jpg",150,150,true],"medium":["https:\/\/wavexia.com\/wp-content\/uploads\/2025\/10\/20110657999-e3-scaled-1-200x300.jpg",200,300,true],"medium_large":["https:\/\/wavexia.com\/wp-content\/uploads\/2025\/10\/20110657999-e3-scaled-1-768x1152.jpg",768,1152,true],"large":["https:\/\/wavexia.com\/wp-content\/uploads\/2025\/10\/20110657999-e3-scaled-1-683x1024.jpg",683,1024,true],"1536x1536":["https:\/\/wavexia.com\/wp-content\/uploads\/2025\/10\/20110657999-e3-scaled-1-1024x1536.jpg",1024,1536,true],"2048x2048":["https:\/\/wavexia.com\/wp-content\/uploads\/2025\/10\/20110657999-e3-scaled-1-1365x2048.jpg",1365,2048,true],"woocommerce_archive_thumbnail":["https:\/\/wavexia.com\/wp-content\/uploads\/2025\/10\/20110657999-e3-scaled-1-300x450.jpg",300,450,true],"woocommerce_thumbnail":["https:\/\/wavexia.com\/wp-content\/uploads\/2025\/10\/20110657999-e3-scaled-1-300x300.jpg",300,300,true],"woocommerce_single":["https:\/\/wavexia.com\/wp-content\/uploads\/2025\/10\/20110657999-e3-scaled-1-600x900.jpg",600,900,true],"woocommerce_gallery_thumbnail":["https:\/\/wavexia.com\/wp-content\/uploads\/2025\/10\/20110657999-e3-scaled-1-100x100.jpg",100,100,true]},"uagb_author_info":{"display_name":"zineddine.ayoub98@gmail.com","author_link":"https:\/\/wavexia.com\/?author=0"},"uagb_comment_info":0,"uagb_excerpt":"Description Eau de parfum. L\u00e9g\u00e8re et douce, une fragrance envo\u00fbtante avec des notes de guimauve et de musc qui capturent l\u2019essence d\u2019un nuage de vanille.","brands":[],"_links":{"self":[{"href":"https:\/\/wavexia.com\/index.php?rest_route=\/wp\/v2\/product\/4875","targetHints":{"allow":["GET"]}}],"collection":[{"href":"https:\/\/wavexia.com\/index.php?rest_route=\/wp\/v2\/product"}],"about":[{"href":"https:\/\/wavexia.com\/index.php?rest_route=\/wp\/v2\/types\/product"}],"replies":[{"embeddable":true,"href":"https:\/\/wavexia.com\/index.php?rest_route=%2Fwp%2Fv2%2Fcomments&post=4875"}],"wp:featuredmedia":[{"embeddable":true,"href":"https:\/\/wavexia.com\/index.php?rest_route=\/wp\/v2\/media\/4874"}],"wp:attachment":[{"href":"https:\/\/wavexia.com\/index.php?rest_route=%2Fwp%2Fv2%2Fmedia&parent=4875"}],"wp:term":[{"taxonomy":"pwb-brand","embeddable":true,"href":"https:\/\/wavexia.com\/index.php?rest_route=%2Fwp%2Fv2%2Fpwb-brand&post=4875"},{"taxonomy":"product_brand","embeddable":true,"href":"https:\/\/wavexia.com\/index.php?rest_route=%2Fwp%2Fv2%2Fproduct_brand&post=4875"},{"taxonomy":"product_cat","embeddable":true,"href":"https:\/\/wavexia.com\/index.php?rest_route=%2Fwp%2Fv2%2Fproduct_cat&post=4875"},{"taxonomy":"product_tag","embeddable":true,"href":"https:\/\/wavexia.com\/index.php?rest_route=%2Fwp%2Fv2%2Fproduct_tag&post=4875"}],"curies":[{"name":"wp","href":"https:\/\/api.w.org\/{rel}","templated":true}]}}