{"id":4865,"date":"2025-10-19T09:12:50","date_gmt":"2025-10-19T09:12:50","guid":{"rendered":"https:\/\/wavexia.com\/product\/mediheal-phyto-enzyme-peeling-pad-90p\/"},"modified":"2026-03-10T07:31:05","modified_gmt":"2026-03-10T07:31:05","slug":"mediheal-phyto-enzyme-peeling-pad-90p","status":"publish","type":"product","link":"https:\/\/wavexia.com\/?product=mediheal-phyto-enzyme-peeling-pad-90p","title":{"rendered":"Mediheal Phyto-Enzyme Peeling Pad 90P"},"content":{"rendered":"<h2>Description<\/h2>\n<div>Ce tampon peeling double face est enrichi d\u2019enzymes de papaye riches en antioxydants et d\u2019acide lipohydroxyl\u00e9 (LHA) pour exfolier en douceur l\u2019exc\u00e8s de s\u00e9bum et les impuret\u00e9s pour une peau lisse et des pores resserr\u00e9s. Il est tremp\u00e9 dans de l\u2019essence contenant des ingr\u00e9dients hydratants comme le b\u00eata-glucane et la glyc\u00e9rine. Utilisez le c\u00f4t\u00e9 gaufr\u00e9 pour exfolier la peau, puis le c\u00f4t\u00e9 lisse pour hydrater la peau.<\/p>\n<div>\n<ul>\n<li>Exfolie et resurface la peau en \u00e9liminant les cellules mortes pour une peau douce et lisse.<\/li>\n<li>Ce traitement non abrasif stimule en douceur le processus d\u2019exfoliation naturelle de votre peau pour r\u00e9duire les signes de vieillissement et am\u00e9liorer l\u2019apparence des pores.<\/li>\n<li>La peau est \u00e9clatante et d\u2019apparence jeune.<\/li>\n<li>Enzyme naturelle de papaye, la papaye est un super aliment riche en antioxydants qui dissout les cellules mortes de la peau.<\/li>\n<li>L\u2019acide lipohydroxyl\u00e9 (LHA) agit \u00e0 la surface de la peau et a une taille de mol\u00e9cule plus grande que l\u2019AHA, ce qui le rend moins irritant.<\/li>\n<li>Coussin double face.<\/li>\n<li>C\u00f4t\u00e9 textur\u00e9 en relief pour une meilleure exfoliation.<\/li>\n<li>C\u00f4t\u00e9 lisse pour une exfoliation en douceur dans les zones sensibles<\/li>\n<li>Taille (67 mm) pour couvrir une large zone.<\/li>\n<li>Coins arrondis pour un ajustement parfait sur la peau.<\/li>\n<\/ul>\n<h5>mode d\u2019emploi:<\/h5>\n<ul>\n<li>En masque de soin : appliquer sur les zones cibl\u00e9es (front, joues et menton) apr\u00e8s le nettoyage pour un soin intensif.<\/li>\n<li>Laissez agir 15 minutes, retirez et laissez le s\u00e9rum restant p\u00e9n\u00e9trer dans la peau.<\/li>\n<\/ul>\n<h5>ingr\u00e9dients:<\/h5>\n<p>Eau, dipropyl\u00e8ne glycol, glyc\u00e9rine, butyl\u00e8ne glycol, 1,2-hexanediol, salicylate de b\u00e9ta\u00efne, b\u00e9ta\u00efne, hydroxyac\u00e9toph\u00e9none, trom\u00e9thamine, octyldodeceth-16, citrate de sodium, acide citrique, edta disodique, papa\u00efne. Huile de Pogostemon Caclinin, Huile de Gen\u00e9vrier de Virginie, Acide capryloylsalicylique, Huile d\u2019Artemisia Vulgaris, B\u00eata-Glucane, Huile de feuille de Mentha Arvensis.<\/p>\n<p>&nbsp;<\/p>\n<\/div>\n<\/div>\n","protected":false},"excerpt":{"rendered":"<p>Description Ce tampon peeling double face est enrichi d\u2019enzymes de papaye riches en antioxydants et d\u2019acide lipohydroxyl\u00e9 (LHA) pour exfolier en douceur l\u2019exc\u00e8s de s\u00e9bum et les impuret\u00e9s pour une peau lisse et des pores resserr\u00e9s. Il est tremp\u00e9 dans de l\u2019essence contenant des ingr\u00e9dients hydratants comme le b\u00eata-glucane et la glyc\u00e9rine. Utilisez le c\u00f4t\u00e9 [&hellip;]<\/p>\n","protected":false},"featured_media":4864,"comment_status":"open","ping_status":"closed","template":"","meta":{"content-type":"","_uag_custom_page_level_css":""},"pwb-brand":[],"product_brand":[],"product_cat":[438,328,334,345],"product_tag":[],"class_list":{"0":"post-4865","1":"product","2":"type-product","3":"status-publish","4":"has-post-thumbnail","6":"product_cat-mediheal","7":"product_cat-nouveautes","8":"product_cat-produits-coreens","9":"product_cat-toner-pads","11":"first","12":"instock","13":"sale","14":"shipping-taxable","15":"purchasable","16":"product-type-simple"},"aioseo_notices":[],"uagb_featured_image_src":{"full":["https:\/\/wavexia.com\/wp-content\/uploads\/2025\/10\/51eIsqXRbdL._UF8941000_QL80_.jpg",894,894,false],"thumbnail":["https:\/\/wavexia.com\/wp-content\/uploads\/2025\/10\/51eIsqXRbdL._UF8941000_QL80_-150x150.jpg",150,150,true],"medium":["https:\/\/wavexia.com\/wp-content\/uploads\/2025\/10\/51eIsqXRbdL._UF8941000_QL80_-300x300.jpg",300,300,true],"medium_large":["https:\/\/wavexia.com\/wp-content\/uploads\/2025\/10\/51eIsqXRbdL._UF8941000_QL80_-768x768.jpg",768,768,true],"large":["https:\/\/wavexia.com\/wp-content\/uploads\/2025\/10\/51eIsqXRbdL._UF8941000_QL80_.jpg",894,894,false],"1536x1536":["https:\/\/wavexia.com\/wp-content\/uploads\/2025\/10\/51eIsqXRbdL._UF8941000_QL80_.jpg",894,894,false],"2048x2048":["https:\/\/wavexia.com\/wp-content\/uploads\/2025\/10\/51eIsqXRbdL._UF8941000_QL80_.jpg",894,894,false],"woocommerce_archive_thumbnail":["https:\/\/wavexia.com\/wp-content\/uploads\/2025\/10\/51eIsqXRbdL._UF8941000_QL80_-300x300.jpg",300,300,true],"woocommerce_thumbnail":["https:\/\/wavexia.com\/wp-content\/uploads\/2025\/10\/51eIsqXRbdL._UF8941000_QL80_-300x300.jpg",300,300,true],"woocommerce_single":["https:\/\/wavexia.com\/wp-content\/uploads\/2025\/10\/51eIsqXRbdL._UF8941000_QL80_-600x600.jpg",600,600,true],"woocommerce_gallery_thumbnail":["https:\/\/wavexia.com\/wp-content\/uploads\/2025\/10\/51eIsqXRbdL._UF8941000_QL80_-100x100.jpg",100,100,true]},"uagb_author_info":{"display_name":"zineddine.ayoub98@gmail.com","author_link":"https:\/\/wavexia.com\/?author=0"},"uagb_comment_info":0,"uagb_excerpt":"Description Ce tampon peeling double face est enrichi d\u2019enzymes de papaye riches en antioxydants et d\u2019acide lipohydroxyl\u00e9 (LHA) pour exfolier en douceur l\u2019exc\u00e8s de s\u00e9bum et les impuret\u00e9s pour une peau lisse et des pores resserr\u00e9s. Il est tremp\u00e9 dans de l\u2019essence contenant des ingr\u00e9dients hydratants comme le b\u00eata-glucane et la glyc\u00e9rine. Utilisez le c\u00f4t\u00e9&hellip;","brands":[],"_links":{"self":[{"href":"https:\/\/wavexia.com\/index.php?rest_route=\/wp\/v2\/product\/4865","targetHints":{"allow":["GET"]}}],"collection":[{"href":"https:\/\/wavexia.com\/index.php?rest_route=\/wp\/v2\/product"}],"about":[{"href":"https:\/\/wavexia.com\/index.php?rest_route=\/wp\/v2\/types\/product"}],"replies":[{"embeddable":true,"href":"https:\/\/wavexia.com\/index.php?rest_route=%2Fwp%2Fv2%2Fcomments&post=4865"}],"wp:featuredmedia":[{"embeddable":true,"href":"https:\/\/wavexia.com\/index.php?rest_route=\/wp\/v2\/media\/4864"}],"wp:attachment":[{"href":"https:\/\/wavexia.com\/index.php?rest_route=%2Fwp%2Fv2%2Fmedia&parent=4865"}],"wp:term":[{"taxonomy":"pwb-brand","embeddable":true,"href":"https:\/\/wavexia.com\/index.php?rest_route=%2Fwp%2Fv2%2Fpwb-brand&post=4865"},{"taxonomy":"product_brand","embeddable":true,"href":"https:\/\/wavexia.com\/index.php?rest_route=%2Fwp%2Fv2%2Fproduct_brand&post=4865"},{"taxonomy":"product_cat","embeddable":true,"href":"https:\/\/wavexia.com\/index.php?rest_route=%2Fwp%2Fv2%2Fproduct_cat&post=4865"},{"taxonomy":"product_tag","embeddable":true,"href":"https:\/\/wavexia.com\/index.php?rest_route=%2Fwp%2Fv2%2Fproduct_tag&post=4865"}],"curies":[{"name":"wp","href":"https:\/\/api.w.org\/{rel}","templated":true}]}}