{"id":4858,"date":"2025-10-19T09:12:45","date_gmt":"2025-10-19T09:12:45","guid":{"rendered":"https:\/\/wavexia.com\/product\/mediheal-madecassoside-blemish-pads-100p\/"},"modified":"2026-03-10T07:31:05","modified_gmt":"2026-03-10T07:31:05","slug":"mediheal-madecassoside-blemish-pads-100p","status":"publish","type":"product","link":"https:\/\/wavexia.com\/?product=mediheal-madecassoside-blemish-pads-100p","title":{"rendered":"Mediheal Madecassoside Blemish Pads 100P"},"content":{"rendered":"<h2>Description<\/h2>\n<p class=\"whitespace-pre-wrap break-words\">Les disques Madecassoside de MEDIHEAL repr\u00e9sentent une innovation majeure dans le soin des peaux irr\u00e9guli\u00e8res. Cette formule avanc\u00e9e de MEDIHEAL combine l\u2019extrait de centella asiatica, la niacinamide et le mad\u00e9cassoside dans une solution tonifiante unique, cliniquement prouv\u00e9e pour am\u00e9liorer la texture cutan\u00e9e de 19% d\u00e8s la premi\u00e8re utilisation.<\/p>\n<p class=\"whitespace-pre-wrap break-words\">D\u00e9velopp\u00e9s par les experts de MEDIHEAL, ces disques int\u00e8grent le complexe exclusif CalmingTox et une technologie liposomale de pointe pour une absorption optimale des actifs. Cette synergie puissante agit efficacement pour apaiser les inflammations tout en att\u00e9nuant visiblement l\u2019hyperpigmentation.<\/p>\n<p class=\"whitespace-pre-wrap break-words\">Cette solution transformative de MEDIHEAL offre des r\u00e9sultats remarquables, avec une am\u00e9lioration de 16% du teint irr\u00e9gulier apr\u00e8s seulement 4 semaines d\u2019utilisation. Sa formule innovante procure un soin complet qui lisse la peau, unifie le teint et r\u00e9v\u00e8le un \u00e9clat naturel jour apr\u00e8s jour.<\/p>\n<h5>les avantages:<\/h5>\n<p>-Calme la peau et r\u00e9duit la visibilit\u00e9 des marques post-acn\u00e9iques et de l\u2019hyperpigmentation<br \/>-Am\u00e9liore le teint irr\u00e9gulier et les taches brunes de 16 % apr\u00e8s 4 semaines (prouv\u00e9 cliniquement)<br \/>-Lisse instantan\u00e9ment la texture rugueuse de la peau de 19 %<br \/>-Fournit un soulagement apaisant imm\u00e9diat pour la peau irrit\u00e9e<\/p>\n<h5>comment utiliser:<\/h5>\n<p>En masque traitant : appliquer sur les zones cibl\u00e9es (front, joues et menton) pr\u00e9alablement nettoy\u00e9es pour un traitement intensif. Laisser agir 15 minutes, retirer et laisser le s\u00e9rum restant p\u00e9n\u00e9trer dans la peau.<br \/>\u2013 Comme tampon de traitement : apr\u00e8s le nettoyage, passez doucement sur la peau pour tonifier, hydrater et pr\u00e9parer la peau. Peut \u00eatre utilis\u00e9 quotidiennement le matin et le soir.<\/p>\n<h5>ingr\u00e9dients:<\/h5>\n<p>Eau, DPG, glycereth-26, niacinamide, glyc\u00e9rine, 1,2-hexanediol, diph\u00e9nyl dim\u00e9thicone, tri\u00e9thylhexano\u00efne, hydroxyac\u00e9toph\u00e9none, l\u00e9cithine hydrog\u00e9n\u00e9e, polyglyc\u00e9ryl-10 ol\u00e9ate, extrait de Centella asiatica, allanto\u00efne, glycyrrhizinate 2K, octyldod\u00e9ceth -16, citrate de Na, citrique acide, laurate de polyglyc\u00e9ryl-10, EDTA-2Na, huile de geni\u00e8vre, BG, huile d\u2019armoise, huile de patchouli, mad\u00e9cassoside, huile de feuille de romarin, extrait de feuille de violette, extrait de feuille de Centella asiatica, culture de Saccharomyces, extrait de racine de Centella asiatica, extrait de mangue, Lactobacillus liquide de fermentation, asiaticoside, acide mad\u00e9cassique, acide asiatique.<\/p>\n","protected":false},"excerpt":{"rendered":"<p>Description Les disques Madecassoside de MEDIHEAL repr\u00e9sentent une innovation majeure dans le soin des peaux irr\u00e9guli\u00e8res. Cette formule avanc\u00e9e de MEDIHEAL combine l\u2019extrait de centella asiatica, la niacinamide et le mad\u00e9cassoside dans une solution tonifiante unique, cliniquement prouv\u00e9e pour am\u00e9liorer la texture cutan\u00e9e de 19% d\u00e8s la premi\u00e8re utilisation. D\u00e9velopp\u00e9s par les experts de MEDIHEAL, [&hellip;]<\/p>\n","protected":false},"featured_media":4857,"comment_status":"open","ping_status":"closed","template":"","meta":{"content-type":"","_uag_custom_page_level_css":""},"pwb-brand":[],"product_brand":[],"product_cat":[438,328,334,345],"product_tag":[],"class_list":{"0":"post-4858","1":"product","2":"type-product","3":"status-publish","4":"has-post-thumbnail","6":"product_cat-mediheal","7":"product_cat-nouveautes","8":"product_cat-produits-coreens","9":"product_cat-toner-pads","11":"first","12":"instock","13":"sale","14":"shipping-taxable","15":"purchasable","16":"product-type-simple"},"aioseo_notices":[],"uagb_featured_image_src":{"full":["https:\/\/wavexia.com\/wp-content\/uploads\/2025\/10\/31i29vW1rTL._QL92_SH45_SS200_.jpg",200,200,false],"thumbnail":["https:\/\/wavexia.com\/wp-content\/uploads\/2025\/10\/31i29vW1rTL._QL92_SH45_SS200_-150x150.jpg",150,150,true],"medium":["https:\/\/wavexia.com\/wp-content\/uploads\/2025\/10\/31i29vW1rTL._QL92_SH45_SS200_.jpg",200,200,false],"medium_large":["https:\/\/wavexia.com\/wp-content\/uploads\/2025\/10\/31i29vW1rTL._QL92_SH45_SS200_.jpg",200,200,false],"large":["https:\/\/wavexia.com\/wp-content\/uploads\/2025\/10\/31i29vW1rTL._QL92_SH45_SS200_.jpg",200,200,false],"1536x1536":["https:\/\/wavexia.com\/wp-content\/uploads\/2025\/10\/31i29vW1rTL._QL92_SH45_SS200_.jpg",200,200,false],"2048x2048":["https:\/\/wavexia.com\/wp-content\/uploads\/2025\/10\/31i29vW1rTL._QL92_SH45_SS200_.jpg",200,200,false],"woocommerce_archive_thumbnail":["https:\/\/wavexia.com\/wp-content\/uploads\/2025\/10\/31i29vW1rTL._QL92_SH45_SS200_.jpg",200,200,false],"woocommerce_thumbnail":["https:\/\/wavexia.com\/wp-content\/uploads\/2025\/10\/31i29vW1rTL._QL92_SH45_SS200_.jpg",200,200,false],"woocommerce_single":["https:\/\/wavexia.com\/wp-content\/uploads\/2025\/10\/31i29vW1rTL._QL92_SH45_SS200_.jpg",200,200,false],"woocommerce_gallery_thumbnail":["https:\/\/wavexia.com\/wp-content\/uploads\/2025\/10\/31i29vW1rTL._QL92_SH45_SS200_-100x100.jpg",100,100,true]},"uagb_author_info":{"display_name":"zineddine.ayoub98@gmail.com","author_link":"https:\/\/wavexia.com\/?author=0"},"uagb_comment_info":0,"uagb_excerpt":"Description Les disques Madecassoside de MEDIHEAL repr\u00e9sentent une innovation majeure dans le soin des peaux irr\u00e9guli\u00e8res. Cette formule avanc\u00e9e de MEDIHEAL combine l\u2019extrait de centella asiatica, la niacinamide et le mad\u00e9cassoside dans une solution tonifiante unique, cliniquement prouv\u00e9e pour am\u00e9liorer la texture cutan\u00e9e de 19% d\u00e8s la premi\u00e8re utilisation. D\u00e9velopp\u00e9s par les experts de MEDIHEAL,&hellip;","brands":[],"_links":{"self":[{"href":"https:\/\/wavexia.com\/index.php?rest_route=\/wp\/v2\/product\/4858","targetHints":{"allow":["GET"]}}],"collection":[{"href":"https:\/\/wavexia.com\/index.php?rest_route=\/wp\/v2\/product"}],"about":[{"href":"https:\/\/wavexia.com\/index.php?rest_route=\/wp\/v2\/types\/product"}],"replies":[{"embeddable":true,"href":"https:\/\/wavexia.com\/index.php?rest_route=%2Fwp%2Fv2%2Fcomments&post=4858"}],"wp:featuredmedia":[{"embeddable":true,"href":"https:\/\/wavexia.com\/index.php?rest_route=\/wp\/v2\/media\/4857"}],"wp:attachment":[{"href":"https:\/\/wavexia.com\/index.php?rest_route=%2Fwp%2Fv2%2Fmedia&parent=4858"}],"wp:term":[{"taxonomy":"pwb-brand","embeddable":true,"href":"https:\/\/wavexia.com\/index.php?rest_route=%2Fwp%2Fv2%2Fpwb-brand&post=4858"},{"taxonomy":"product_brand","embeddable":true,"href":"https:\/\/wavexia.com\/index.php?rest_route=%2Fwp%2Fv2%2Fproduct_brand&post=4858"},{"taxonomy":"product_cat","embeddable":true,"href":"https:\/\/wavexia.com\/index.php?rest_route=%2Fwp%2Fv2%2Fproduct_cat&post=4858"},{"taxonomy":"product_tag","embeddable":true,"href":"https:\/\/wavexia.com\/index.php?rest_route=%2Fwp%2Fv2%2Fproduct_tag&post=4858"}],"curies":[{"name":"wp","href":"https:\/\/api.w.org\/{rel}","templated":true}]}}