{"id":4853,"date":"2025-10-19T09:12:43","date_gmt":"2025-10-19T09:12:43","guid":{"rendered":"https:\/\/wavexia.com\/product\/embryolisse-lait-creme-concentre-75ml\/"},"modified":"2026-03-10T07:31:05","modified_gmt":"2026-03-10T07:31:05","slug":"embryolisse-lait-creme-concentre-75ml","status":"publish","type":"product","link":"https:\/\/wavexia.com\/?product=embryolisse-lait-creme-concentre-75ml","title":{"rendered":"EMBRYOLISSE \u2013 Lait-Cr\u00e8me Concentr\u00e9 \u2013 75ml"},"content":{"rendered":"<h2>Description<\/h2>\n<p>Le Lait-Cr\u00e8me Concentr\u00e9 Embryolisse est un soin 6 en 1 qui peut \u00e0 la fois s\u2019utiliser comme cr\u00e8me hydratante jour et nuit, comme base de maquillage, lait d\u00e9maquillant, masque hydratant, soin apr\u00e8s-soleil et soin apr\u00e8s-rasage.<\/p>\n<ul>\n<li>Pionnier du multi-fonctions depuis 1950<\/li>\n<li>Soin hydratant cr\u00e9\u00e9 par un dermatologue<\/li>\n<li>Base de maquillage valid\u00e9e par les maquilleurs<\/li>\n<\/ul>\n<h5>Efficacit\u00e9 test\u00e9e par 100 consommateurs* sur 52 crit\u00e8res<\/h5>\n<ul>\n<li>100% Hydratation, Nutrition, Protection, Apaisement**<\/li>\n<li>100% Souplesse, \u00c9lasticit\u00e9, Tonicit\u00e9, Peau liss\u00e9e**<\/li>\n<li>100% Trouvent que c\u2019est une bonne base de maquillage**<\/li>\n<\/ul>\n<p>*&nbsp;Par auto-\u00e9valuation<\/p>\n<p>**&nbsp;Questionnaire d\u2019auto-\u00e9valuation sur 30 femmes apr\u00e8s 28 jours d\u2019utilisation du produit.<\/p>\n<p>-Peut-on utiliser le Lait-Cr\u00e8me Concentr\u00e9 comme cr\u00e8me de jour et comme cr\u00e8me de nuit ?<\/p>\n<p>Oui vous pouvez tout \u00e0 fait l\u2019utiliser le matin et le soir.&nbsp; Avec son pouvoir hydratant et nutritif, gr\u00e2ce \u00e0 une association d\u2019ingr\u00e9dients d\u2019origine naturelle riches en acides gras essentiels et vitamines.<\/p>\n<p>Vous souhaitez prot\u00e9ger votre peau des UVA et UVB ? Nous vous conseillons plut\u00f4t d\u2019appliquer en cr\u00e8me de jour le&nbsp;<a title=\"Lait-Cr\u00e8me Multi-Protection\" href=\"https:\/\/embryolisse.fr\/products\/lait-creme-multi-protection\" target=\"_blank\" rel=\"noopener\">Lait-Cr\u00e8me Multi-Protection<\/a>. Un soin hydratant anti-pollution avec une formule formant un bouclier qui prot\u00e8ge la peau des agressions ext\u00e9rieures (pollution, lumi\u00e8re bleue, UVA, UVB, rayons infrarouges\u2026).<\/p>\n<p>-Le Lait-Cr\u00e8me Concentr\u00e9 est-il aussi un soin anti-rides ?<\/p>\n<p>Non, le Lait-Cr\u00e8me Concentr\u00e9 n\u2019est pas un anti-rides. Mais sachez qu\u2019une peau bien hydrat\u00e9e est bien lisse et de ce fait, elle capte mieux la lumi\u00e8re. Une teneur optimale en eau est donc une condition indispensable, et souvent suffisante, pour avoir une peau rayonnante qui respire la sant\u00e9. L\u2019hydratation est la meilleure et la premi\u00e8re pr\u00e9vention contre les signes de l\u2019\u00e2ge.<\/p>\n<p>-Pourquoi le tube du Lait-Cr\u00e8me Concentr\u00e9 est en aluminium et non en plastique ?<\/p>\n<p>Pour nos packagings, nous choisissons en priorit\u00e9 l\u2019aluminium pour plusieurs raisons. Il s\u2019agit d\u2019un mat\u00e9riau tr\u00e8s l\u00e9ger et r\u00e9sistant qui prot\u00e8ge au mieux la formule contre l\u2019oxydation. Un tube en aluminium permet \u00e9galement d\u2019utiliser le produit facilement et jusqu\u2019\u00e0 la derni\u00e8re goutte. Une mati\u00e8re qui a tout bon puisqu\u2019en plus elle se recycle \u00e0 l\u2019infini !<\/p>\n","protected":false},"excerpt":{"rendered":"<p>Description Le Lait-Cr\u00e8me Concentr\u00e9 Embryolisse est un soin 6 en 1 qui peut \u00e0 la fois s\u2019utiliser comme cr\u00e8me hydratante jour et nuit, comme base de maquillage, lait d\u00e9maquillant, masque hydratant, soin apr\u00e8s-soleil et soin apr\u00e8s-rasage. Pionnier du multi-fonctions depuis 1950 Soin hydratant cr\u00e9\u00e9 par un dermatologue Base de maquillage valid\u00e9e par les maquilleurs Efficacit\u00e9 [&hellip;]<\/p>\n","protected":false},"featured_media":4852,"comment_status":"open","ping_status":"closed","template":"","meta":{"content-type":"","_uag_custom_page_level_css":""},"pwb-brand":[],"product_brand":[],"product_cat":[324,326,327,339,329],"product_tag":[],"class_list":{"0":"post-4853","1":"product","2":"type-product","3":"status-publish","4":"has-post-thumbnail","6":"product_cat-creme","7":"product_cat-embryolisse","8":"product_cat-hmizat","9":"product_cat-meilleures-ventes","10":"product_cat-produits-americains","12":"first","13":"instock","14":"sale","15":"shipping-taxable","16":"purchasable","17":"product-type-simple"},"aioseo_notices":[],"uagb_featured_image_src":{"full":["https:\/\/wavexia.com\/wp-content\/uploads\/2025\/10\/LC_LCC75picto_3350900000011_FICHE-PRODUIT_ESHOP-1200x1200-1.webp",883,883,false],"thumbnail":["https:\/\/wavexia.com\/wp-content\/uploads\/2025\/10\/LC_LCC75picto_3350900000011_FICHE-PRODUIT_ESHOP-1200x1200-1-150x150.webp",150,150,true],"medium":["https:\/\/wavexia.com\/wp-content\/uploads\/2025\/10\/LC_LCC75picto_3350900000011_FICHE-PRODUIT_ESHOP-1200x1200-1-300x300.webp",300,300,true],"medium_large":["https:\/\/wavexia.com\/wp-content\/uploads\/2025\/10\/LC_LCC75picto_3350900000011_FICHE-PRODUIT_ESHOP-1200x1200-1-768x768.webp",768,768,true],"large":["https:\/\/wavexia.com\/wp-content\/uploads\/2025\/10\/LC_LCC75picto_3350900000011_FICHE-PRODUIT_ESHOP-1200x1200-1.webp",883,883,false],"1536x1536":["https:\/\/wavexia.com\/wp-content\/uploads\/2025\/10\/LC_LCC75picto_3350900000011_FICHE-PRODUIT_ESHOP-1200x1200-1.webp",883,883,false],"2048x2048":["https:\/\/wavexia.com\/wp-content\/uploads\/2025\/10\/LC_LCC75picto_3350900000011_FICHE-PRODUIT_ESHOP-1200x1200-1.webp",883,883,false],"woocommerce_archive_thumbnail":["https:\/\/wavexia.com\/wp-content\/uploads\/2025\/10\/LC_LCC75picto_3350900000011_FICHE-PRODUIT_ESHOP-1200x1200-1-300x300.webp",300,300,true],"woocommerce_thumbnail":["https:\/\/wavexia.com\/wp-content\/uploads\/2025\/10\/LC_LCC75picto_3350900000011_FICHE-PRODUIT_ESHOP-1200x1200-1-300x300.webp",300,300,true],"woocommerce_single":["https:\/\/wavexia.com\/wp-content\/uploads\/2025\/10\/LC_LCC75picto_3350900000011_FICHE-PRODUIT_ESHOP-1200x1200-1-600x600.webp",600,600,true],"woocommerce_gallery_thumbnail":["https:\/\/wavexia.com\/wp-content\/uploads\/2025\/10\/LC_LCC75picto_3350900000011_FICHE-PRODUIT_ESHOP-1200x1200-1-100x100.webp",100,100,true]},"uagb_author_info":{"display_name":"zineddine.ayoub98@gmail.com","author_link":"https:\/\/wavexia.com\/?author=0"},"uagb_comment_info":0,"uagb_excerpt":"Description Le Lait-Cr\u00e8me Concentr\u00e9 Embryolisse est un soin 6 en 1 qui peut \u00e0 la fois s\u2019utiliser comme cr\u00e8me hydratante jour et nuit, comme base de maquillage, lait d\u00e9maquillant, masque hydratant, soin apr\u00e8s-soleil et soin apr\u00e8s-rasage. Pionnier du multi-fonctions depuis 1950 Soin hydratant cr\u00e9\u00e9 par un dermatologue Base de maquillage valid\u00e9e par les maquilleurs Efficacit\u00e9&hellip;","brands":[],"_links":{"self":[{"href":"https:\/\/wavexia.com\/index.php?rest_route=\/wp\/v2\/product\/4853","targetHints":{"allow":["GET"]}}],"collection":[{"href":"https:\/\/wavexia.com\/index.php?rest_route=\/wp\/v2\/product"}],"about":[{"href":"https:\/\/wavexia.com\/index.php?rest_route=\/wp\/v2\/types\/product"}],"replies":[{"embeddable":true,"href":"https:\/\/wavexia.com\/index.php?rest_route=%2Fwp%2Fv2%2Fcomments&post=4853"}],"wp:featuredmedia":[{"embeddable":true,"href":"https:\/\/wavexia.com\/index.php?rest_route=\/wp\/v2\/media\/4852"}],"wp:attachment":[{"href":"https:\/\/wavexia.com\/index.php?rest_route=%2Fwp%2Fv2%2Fmedia&parent=4853"}],"wp:term":[{"taxonomy":"pwb-brand","embeddable":true,"href":"https:\/\/wavexia.com\/index.php?rest_route=%2Fwp%2Fv2%2Fpwb-brand&post=4853"},{"taxonomy":"product_brand","embeddable":true,"href":"https:\/\/wavexia.com\/index.php?rest_route=%2Fwp%2Fv2%2Fproduct_brand&post=4853"},{"taxonomy":"product_cat","embeddable":true,"href":"https:\/\/wavexia.com\/index.php?rest_route=%2Fwp%2Fv2%2Fproduct_cat&post=4853"},{"taxonomy":"product_tag","embeddable":true,"href":"https:\/\/wavexia.com\/index.php?rest_route=%2Fwp%2Fv2%2Fproduct_tag&post=4853"}],"curies":[{"name":"wp","href":"https:\/\/api.w.org\/{rel}","templated":true}]}}