{"id":4849,"date":"2025-10-19T09:12:41","date_gmt":"2025-10-19T09:12:41","guid":{"rendered":"https:\/\/wavexia.com\/product\/tirtir-hydro-uv-shield-sunscreen-spf50-50-ml\/"},"modified":"2026-03-10T07:31:05","modified_gmt":"2026-03-10T07:31:05","slug":"tirtir-hydro-uv-shield-sunscreen-spf50-50-ml","status":"publish","type":"product","link":"https:\/\/wavexia.com\/?product=tirtir-hydro-uv-shield-sunscreen-spf50-50-ml","title":{"rendered":"TIRTIR Hydro UV Shield Sunscreen SPF50+ 50 ml"},"content":{"rendered":"<h2>Description<\/h2>\n<p data-end=\"489\" data-start=\"284\">D\u00e9couvrez votre nouveau bouclier de tous les jours. L\u2019\u00e9cran solaire Hydro UV Shield de TIRTIR est un \u00e9cran solaire l\u00e9ger \u00e0 base d\u2019eau qui fond directement dans votre peau, ne laissant derri\u00e8re lui aucune trace blanche et seulement un fini rafra\u00eechissant et ros\u00e9.<\/p>\n<p data-end=\"857\" data-start=\"491\">Log\u00e9e dans un tube pratique de 50 ml, cette formule douce ressemble plus \u00e0 une essence nourrissante qu\u2019\u00e0 un \u00e9cran solaire. Il est infus\u00e9 de trois types d\u2019hyaluronates, de U-Active Real Vera et de phytocollag\u00e8ne pour tremper votre peau d\u2019une hydratation profonde et apaisante tout en aidant \u00e0 calmer les irritations. Vous resterez hydrat\u00e9, prot\u00e9g\u00e9 et \u00e9clatant, sans collant ni lourdeur.<\/p>\n<p data-end=\"1199\" data-start=\"859\"><strong data-end=\"882\" data-start=\"859\">Pourquoi vous allez l\u2019adorer :<\/strong><\/p>\n<ul>\n<li data-end=\"1199\" data-start=\"859\">SPF 50+ PA++++ pour un soin solaire puissant<\/li>\n<li data-end=\"1199\" data-start=\"859\">Texture aqueuse et respirante qui ne bouloche jamais<\/li>\n<li data-end=\"1199\" data-start=\"859\">Trois types d\u2019hyaluronates, U-Active Real Vera et phytocollag\u00e8ne pour une hydratation r\u00e9confortante<\/li>\n<li data-end=\"1199\" data-start=\"859\">Apaisant et hydratant pour un effet effet de fra\u00eecheur toute la journ\u00e9e<\/li>\n<li data-end=\"1199\" data-start=\"859\">Pas de r\u00e9sidu collant ni de sensation lourde<\/li>\n<li data-end=\"1199\" data-start=\"859\">Format 50ml parfaitement portable<\/li>\n<\/ul>\n<p data-end=\"1295\" data-start=\"1201\">Laissez votre peau respirer, rester prot\u00e9g\u00e9e et briller naturellement, peu importe o\u00f9 la journ\u00e9e vous m\u00e8ne.<\/p>\n<p data-end=\"1652\" data-start=\"1437\"><strong data-end=\"1619\" data-start=\"1604\">Ingr\u00e9dients<\/strong><\/p>\n<p data-end=\"1652\" data-start=\"1437\"><span>Eau (Aqua), Homosalate, Octocryl\u00e8ne, Salicylate d\u2019\u00e9thylhexyle, M\u00e9thoxydibenzoylm\u00e9thane de butyle, Dipropyl\u00e8ne glycol, Polym\u00e8re crois\u00e9 de m\u00e9thacrylate de m\u00e9thyle, Polym\u00e9thacrylate de glyc\u00e9ryle, Propyl\u00e8ne glycol, Copolym\u00e8re d\u2019acrylates, Salicylate de butyloctyle, C\u00e9t\u00e9areth-20, M\u00e9thoxycryl\u00e8ne d\u2019\u00e9thylhexyle, Polysorbate 60, St\u00e9arate de sorbitan, Caprylyl Glycol, Olivate de c\u00e9t\u00e9aryle, Panth\u00e9nol, Olivate de sorbitan, Polypolym\u00e8re crois\u00e9 d\u2019acrylate d\u2019alkyle acrylates\/C10-30, \u00c9thylhexylglyc\u00e9rine, Acrylate de sodium\/Taurate d\u2019acryloyldim\u00e9thyle de sodium Copolym\u00e8re, parfum, trom\u00e9thamine, 1,2-hexanediol, isohexad\u00e9cane, acryloyldim\u00e9thyltaurate d\u2019ammonium\/copolym\u00e8re VP, ac\u00e9tate de tocoph\u00e9ryle, propanediol, butyl\u00e8ne glycol, extrait de feuille d\u2019Aloe Barbadensis, polysorbate 80, disuccinate d\u2019\u00e9thyl\u00e8nediamine trisodique, ol\u00e9ate de sorbitan, glyc\u00e9rine, gomme xanthane<\/span><\/p>\n","protected":false},"excerpt":{"rendered":"<p>Description D\u00e9couvrez votre nouveau bouclier de tous les jours. L\u2019\u00e9cran solaire Hydro UV Shield de TIRTIR est un \u00e9cran solaire l\u00e9ger \u00e0 base d\u2019eau qui fond directement dans votre peau, ne laissant derri\u00e8re lui aucune trace blanche et seulement un fini rafra\u00eechissant et ros\u00e9. Log\u00e9e dans un tube pratique de 50 ml, cette formule douce [&hellip;]<\/p>\n","protected":false},"featured_media":4848,"comment_status":"open","ping_status":"closed","template":"","meta":{"content-type":"","_uag_custom_page_level_css":""},"pwb-brand":[],"product_brand":[],"product_cat":[328,334,340,370],"product_tag":[],"class_list":{"0":"post-4849","1":"product","2":"type-product","3":"status-publish","4":"has-post-thumbnail","6":"product_cat-nouveautes","7":"product_cat-produits-coreens","8":"product_cat-protection-solaire","9":"product_cat-tirtir","11":"first","12":"instock","13":"sale","14":"shipping-taxable","15":"purchasable","16":"product-type-simple"},"aioseo_notices":[],"uagb_featured_image_src":{"full":["https:\/\/wavexia.com\/wp-content\/uploads\/2025\/10\/51IdDRSQ1jL._UF10001000_QL80_.jpg",1000,1000,false],"thumbnail":["https:\/\/wavexia.com\/wp-content\/uploads\/2025\/10\/51IdDRSQ1jL._UF10001000_QL80_-150x150.jpg",150,150,true],"medium":["https:\/\/wavexia.com\/wp-content\/uploads\/2025\/10\/51IdDRSQ1jL._UF10001000_QL80_-300x300.jpg",300,300,true],"medium_large":["https:\/\/wavexia.com\/wp-content\/uploads\/2025\/10\/51IdDRSQ1jL._UF10001000_QL80_-768x768.jpg",768,768,true],"large":["https:\/\/wavexia.com\/wp-content\/uploads\/2025\/10\/51IdDRSQ1jL._UF10001000_QL80_.jpg",1000,1000,false],"1536x1536":["https:\/\/wavexia.com\/wp-content\/uploads\/2025\/10\/51IdDRSQ1jL._UF10001000_QL80_.jpg",1000,1000,false],"2048x2048":["https:\/\/wavexia.com\/wp-content\/uploads\/2025\/10\/51IdDRSQ1jL._UF10001000_QL80_.jpg",1000,1000,false],"woocommerce_archive_thumbnail":["https:\/\/wavexia.com\/wp-content\/uploads\/2025\/10\/51IdDRSQ1jL._UF10001000_QL80_-300x300.jpg",300,300,true],"woocommerce_thumbnail":["https:\/\/wavexia.com\/wp-content\/uploads\/2025\/10\/51IdDRSQ1jL._UF10001000_QL80_-300x300.jpg",300,300,true],"woocommerce_single":["https:\/\/wavexia.com\/wp-content\/uploads\/2025\/10\/51IdDRSQ1jL._UF10001000_QL80_-600x600.jpg",600,600,true],"woocommerce_gallery_thumbnail":["https:\/\/wavexia.com\/wp-content\/uploads\/2025\/10\/51IdDRSQ1jL._UF10001000_QL80_-100x100.jpg",100,100,true]},"uagb_author_info":{"display_name":"zineddine.ayoub98@gmail.com","author_link":"https:\/\/wavexia.com\/?author=0"},"uagb_comment_info":0,"uagb_excerpt":"Description D\u00e9couvrez votre nouveau bouclier de tous les jours. L\u2019\u00e9cran solaire Hydro UV Shield de TIRTIR est un \u00e9cran solaire l\u00e9ger \u00e0 base d\u2019eau qui fond directement dans votre peau, ne laissant derri\u00e8re lui aucune trace blanche et seulement un fini rafra\u00eechissant et ros\u00e9. Log\u00e9e dans un tube pratique de 50 ml, cette formule douce&hellip;","brands":[],"_links":{"self":[{"href":"https:\/\/wavexia.com\/index.php?rest_route=\/wp\/v2\/product\/4849","targetHints":{"allow":["GET"]}}],"collection":[{"href":"https:\/\/wavexia.com\/index.php?rest_route=\/wp\/v2\/product"}],"about":[{"href":"https:\/\/wavexia.com\/index.php?rest_route=\/wp\/v2\/types\/product"}],"replies":[{"embeddable":true,"href":"https:\/\/wavexia.com\/index.php?rest_route=%2Fwp%2Fv2%2Fcomments&post=4849"}],"wp:featuredmedia":[{"embeddable":true,"href":"https:\/\/wavexia.com\/index.php?rest_route=\/wp\/v2\/media\/4848"}],"wp:attachment":[{"href":"https:\/\/wavexia.com\/index.php?rest_route=%2Fwp%2Fv2%2Fmedia&parent=4849"}],"wp:term":[{"taxonomy":"pwb-brand","embeddable":true,"href":"https:\/\/wavexia.com\/index.php?rest_route=%2Fwp%2Fv2%2Fpwb-brand&post=4849"},{"taxonomy":"product_brand","embeddable":true,"href":"https:\/\/wavexia.com\/index.php?rest_route=%2Fwp%2Fv2%2Fproduct_brand&post=4849"},{"taxonomy":"product_cat","embeddable":true,"href":"https:\/\/wavexia.com\/index.php?rest_route=%2Fwp%2Fv2%2Fproduct_cat&post=4849"},{"taxonomy":"product_tag","embeddable":true,"href":"https:\/\/wavexia.com\/index.php?rest_route=%2Fwp%2Fv2%2Fproduct_tag&post=4849"}],"curies":[{"name":"wp","href":"https:\/\/api.w.org\/{rel}","templated":true}]}}