{"id":4842,"date":"2025-10-19T09:12:37","date_gmt":"2025-10-19T09:12:37","guid":{"rendered":"https:\/\/wavexia.com\/product\/paradise-herbs-shilajit-premium-extract-250-mg-60-vegetarian-capsules\/"},"modified":"2026-03-10T07:31:05","modified_gmt":"2026-03-10T07:31:05","slug":"paradise-herbs-shilajit-premium-extract-250-mg-60-vegetarian-capsules","status":"publish","type":"product","link":"https:\/\/wavexia.com\/?product=paradise-herbs-shilajit-premium-extract-250-mg-60-vegetarian-capsules","title":{"rendered":"Paradise Herbs Shilajit Premium Extract, 250 mg, 60 Vegetarian Capsules"},"content":{"rendered":"<h2>Description<\/h2>\n<div class=\"mb3\">\n<div class=\"dangerous-html mb3\">Est. 1994 Superaliment de l\u2019Himalaya Compl\u00e9ment alimentaire complexe d\u2019acide fulvique Qualit\u00e9 GMP assur\u00e9e et enregistr\u00e9 par la FDA Am\u00e9liorant les min\u00e9raux de la nature Depuis 1994 Qualit\u00e9 \u2022 Puret\u00e9 \u2022 Puissance Les produits Paradise ont remport\u00e9 plus d\u2019une d\u00e9cennie de prix Best of Supplements. Nous nous engageons \u00e0 nous approvisionner en ingr\u00e9dients ultra-purs de qualit\u00e9 sup\u00e9rieure qui r\u00e9pondent aux normes d\u2019excellence les plus \u00e9lev\u00e9es. Nous n\u2019ajoutons jamais de charges, de liants, de conservateurs ou d\u2019agents d\u2019\u00e9coulement inutiles \u00e0 notre processus d\u2019encapsulation. Nos extraits de qualit\u00e9 sup\u00e9rieure contiennent un profil complet de constituants naturels et sont extraits sans l\u2019utilisation de solvants toxiques et\/ou de produits chimiques agressifs. Cette m\u00e9thode unique capture la v\u00e9ritable essence de l\u2019herbe enti\u00e8re tout en conservant une concentration hautement active et biodisponible de phytonutriments.<\/div>\n<div class=\"mb3 f6 mid-gray lh-title overflow-visible db\">\n<div class=\"dangerous-html mb3\">\n<ul>\n<li>Fond\u00e9 en 1994<\/li>\n<li>Complexe d\u2019acide fulvique de superaliments de l\u2019Himalaya<\/li>\n<li>Compl\u00e9ment alimentaire<\/li>\n<li>Qualit\u00e9 GMP assur\u00e9e et enregistr\u00e9e aupr\u00e8s de la FDA<\/li>\n<li>Valorisation des min\u00e9raux de la nature depuis 1994<\/li>\n<\/ul>\n<p>&nbsp;<\/p>\n<\/div>\n<\/div>\n<\/div>\n","protected":false},"excerpt":{"rendered":"<p>Description Est. 1994 Superaliment de l\u2019Himalaya Compl\u00e9ment alimentaire complexe d\u2019acide fulvique Qualit\u00e9 GMP assur\u00e9e et enregistr\u00e9 par la FDA Am\u00e9liorant les min\u00e9raux de la nature Depuis 1994 Qualit\u00e9 \u2022 Puret\u00e9 \u2022 Puissance Les produits Paradise ont remport\u00e9 plus d\u2019une d\u00e9cennie de prix Best of Supplements. Nous nous engageons \u00e0 nous approvisionner en ingr\u00e9dients ultra-purs de [&hellip;]<\/p>\n","protected":false},"featured_media":4841,"comment_status":"open","ping_status":"closed","template":"","meta":{"content-type":"","_uag_custom_page_level_css":""},"pwb-brand":[],"product_brand":[],"product_cat":[330,328,329],"product_tag":[],"class_list":{"0":"post-4842","1":"product","2":"type-product","3":"status-publish","4":"has-post-thumbnail","6":"product_cat-complements-alimentaires","7":"product_cat-nouveautes","8":"product_cat-produits-americains","10":"first","11":"instock","12":"shipping-taxable","13":"purchasable","14":"product-type-simple"},"aioseo_notices":[],"uagb_featured_image_src":{"full":["https:\/\/wavexia.com\/wp-content\/uploads\/2025\/10\/51aGpqKLllL._UF10001000_QL80_-1.jpg",1000,1000,false],"thumbnail":["https:\/\/wavexia.com\/wp-content\/uploads\/2025\/10\/51aGpqKLllL._UF10001000_QL80_-1-150x150.jpg",150,150,true],"medium":["https:\/\/wavexia.com\/wp-content\/uploads\/2025\/10\/51aGpqKLllL._UF10001000_QL80_-1-300x300.jpg",300,300,true],"medium_large":["https:\/\/wavexia.com\/wp-content\/uploads\/2025\/10\/51aGpqKLllL._UF10001000_QL80_-1-768x768.jpg",768,768,true],"large":["https:\/\/wavexia.com\/wp-content\/uploads\/2025\/10\/51aGpqKLllL._UF10001000_QL80_-1.jpg",1000,1000,false],"1536x1536":["https:\/\/wavexia.com\/wp-content\/uploads\/2025\/10\/51aGpqKLllL._UF10001000_QL80_-1.jpg",1000,1000,false],"2048x2048":["https:\/\/wavexia.com\/wp-content\/uploads\/2025\/10\/51aGpqKLllL._UF10001000_QL80_-1.jpg",1000,1000,false],"woocommerce_archive_thumbnail":["https:\/\/wavexia.com\/wp-content\/uploads\/2025\/10\/51aGpqKLllL._UF10001000_QL80_-1-300x300.jpg",300,300,true],"woocommerce_thumbnail":["https:\/\/wavexia.com\/wp-content\/uploads\/2025\/10\/51aGpqKLllL._UF10001000_QL80_-1-300x300.jpg",300,300,true],"woocommerce_single":["https:\/\/wavexia.com\/wp-content\/uploads\/2025\/10\/51aGpqKLllL._UF10001000_QL80_-1-600x600.jpg",600,600,true],"woocommerce_gallery_thumbnail":["https:\/\/wavexia.com\/wp-content\/uploads\/2025\/10\/51aGpqKLllL._UF10001000_QL80_-1-100x100.jpg",100,100,true]},"uagb_author_info":{"display_name":"zineddine.ayoub98@gmail.com","author_link":"https:\/\/wavexia.com\/?author=0"},"uagb_comment_info":0,"uagb_excerpt":"Description Est. 1994 Superaliment de l\u2019Himalaya Compl\u00e9ment alimentaire complexe d\u2019acide fulvique Qualit\u00e9 GMP assur\u00e9e et enregistr\u00e9 par la FDA Am\u00e9liorant les min\u00e9raux de la nature Depuis 1994 Qualit\u00e9 \u2022 Puret\u00e9 \u2022 Puissance Les produits Paradise ont remport\u00e9 plus d\u2019une d\u00e9cennie de prix Best of Supplements. Nous nous engageons \u00e0 nous approvisionner en ingr\u00e9dients ultra-purs de&hellip;","brands":[],"_links":{"self":[{"href":"https:\/\/wavexia.com\/index.php?rest_route=\/wp\/v2\/product\/4842","targetHints":{"allow":["GET"]}}],"collection":[{"href":"https:\/\/wavexia.com\/index.php?rest_route=\/wp\/v2\/product"}],"about":[{"href":"https:\/\/wavexia.com\/index.php?rest_route=\/wp\/v2\/types\/product"}],"replies":[{"embeddable":true,"href":"https:\/\/wavexia.com\/index.php?rest_route=%2Fwp%2Fv2%2Fcomments&post=4842"}],"wp:featuredmedia":[{"embeddable":true,"href":"https:\/\/wavexia.com\/index.php?rest_route=\/wp\/v2\/media\/4841"}],"wp:attachment":[{"href":"https:\/\/wavexia.com\/index.php?rest_route=%2Fwp%2Fv2%2Fmedia&parent=4842"}],"wp:term":[{"taxonomy":"pwb-brand","embeddable":true,"href":"https:\/\/wavexia.com\/index.php?rest_route=%2Fwp%2Fv2%2Fpwb-brand&post=4842"},{"taxonomy":"product_brand","embeddable":true,"href":"https:\/\/wavexia.com\/index.php?rest_route=%2Fwp%2Fv2%2Fproduct_brand&post=4842"},{"taxonomy":"product_cat","embeddable":true,"href":"https:\/\/wavexia.com\/index.php?rest_route=%2Fwp%2Fv2%2Fproduct_cat&post=4842"},{"taxonomy":"product_tag","embeddable":true,"href":"https:\/\/wavexia.com\/index.php?rest_route=%2Fwp%2Fv2%2Fproduct_tag&post=4842"}],"curies":[{"name":"wp","href":"https:\/\/api.w.org\/{rel}","templated":true}]}}