{"id":4826,"date":"2025-10-19T09:12:20","date_gmt":"2025-10-19T09:12:20","guid":{"rendered":"https:\/\/wavexia.com\/product\/kiehls-since-1851-nourishing-beard-grooming-oil-30ml\/"},"modified":"2026-03-10T07:31:05","modified_gmt":"2026-03-10T07:31:05","slug":"kiehls-since-1851-nourishing-beard-grooming-oil-30ml","status":"publish","type":"product","link":"https:\/\/wavexia.com\/?product=kiehls-since-1851-nourishing-beard-grooming-oil-30ml","title":{"rendered":"Kiehl\u2019s Since 1851 Nourishing Beard Grooming Oil 30ml"},"content":{"rendered":"<h2>Description<\/h2>\n<p>Que vous ayez une peau l\u00e9g\u00e8re ou une barbe fournie, l\u2019huile \u00e0 barbe l\u00e9g\u00e8re pour hommes de Kiehl\u2019s lisse les poils du visage et nourrit la peau en dessous. Infus\u00e9e d\u2019huiles essentielles, cette huile \u00e0 barbe au bois de santal, au bois de c\u00e8dre et \u00e0 l\u2019eucalyptus a un ar\u00f4me bois\u00e9 et terreux. Formul\u00e9e avec de l\u2019huile de Pracaxi, cette formule aide \u00e9galement \u00e0 exfolier et \u00e0 nourrir la peau en dessous.<\/p>\n<h5>les avantages:<\/h5>\n<ul>\n<li>Apprivoise et lisse les poils grossiers du visage<\/li>\n<li>Nourrit la peau en dessous tout en affinant la texture de la peau<\/li>\n<li>P\u00e9n\u00e8tre facilement et laisse une sensation l\u00e9g\u00e8re et non grasse<\/li>\n<li>Cliniquement prouv\u00e9 pour diminuer la s\u00e9cheresse de la peau sous les poils du visage<\/li>\n<li>Huile de soin \u00e0 99,8 % d\u2019origine naturelle*<\/li>\n<li>Pour tous les types de peau<\/li>\n<li>Sans paraben<\/li>\n<\/ul>\n<h5>mode d\u2019emploi:<\/h5>\n<ul>\n<li>Appliquez plusieurs gouttes d\u2019huile \u00e0 barbe Kiehl\u2019s entre les paumes de la main<\/li>\n<li>Massez vers le haut dans les poils du visage jusqu\u2019\u00e0 la peau en dessous<\/li>\n<li>Utiliser matin et soir<\/li>\n<li>Coiffez comme d\u2019habitude<\/li>\n<li>Eviter le contact avec les yeux<\/li>\n<\/ul>\n<h5>ingr\u00e9dients:<\/h5>\n<p>Triglyc\u00e9ride caprylique\/caprique, huile de noyau de Prunus Armeniaca\/huile de noyau d\u2019abricot, huile de Persea Gratissima\/huile d\u2019avocat, squalane, huile de fruit d\u2019Olea Europaea\/huile de fruit d\u2019olive, huile de graines de Pentaclethra macroloba, tocoph\u00e9rol, huile d\u2019\u00e9corce de Cedrus Atlantica, acide salicylique, huile d\u2019\u00e9corce d\u2019Amyris Balsamifera, huile de glycine soja\/huile de soja, huile de feuille d\u2019eucalyptus globulus, huile de Mentha Piperita (menthe poivr\u00e9e), huile de feuille\/brindille de Citrus Aurantium Amara-huile de feuille\/brindille d\u2019oranger amer, Huile de g\u00e9ranium maculatum, limon\u00e8ne, myristate d\u2019isopropyle, huile de racine de Zingiber Officinale\/huile de racine de gingembre, citronellol, huile de Lavandula hybrida, linalol, g\u00e9raniol, huile de bois de Fusanus Spicatus, huile de ciste ladaniferus, farn\u00e9sol, acide citrique.<\/p>\n","protected":false},"excerpt":{"rendered":"<p>Description Que vous ayez une peau l\u00e9g\u00e8re ou une barbe fournie, l\u2019huile \u00e0 barbe l\u00e9g\u00e8re pour hommes de Kiehl\u2019s lisse les poils du visage et nourrit la peau en dessous. Infus\u00e9e d\u2019huiles essentielles, cette huile \u00e0 barbe au bois de santal, au bois de c\u00e8dre et \u00e0 l\u2019eucalyptus a un ar\u00f4me bois\u00e9 et terreux. Formul\u00e9e [&hellip;]<\/p>\n","protected":false},"featured_media":4825,"comment_status":"open","ping_status":"closed","template":"","meta":{"content-type":"","_uag_custom_page_level_css":""},"pwb-brand":[],"product_brand":[],"product_cat":[429,328,329],"product_tag":[],"class_list":{"0":"post-4826","1":"product","2":"type-product","3":"status-publish","4":"has-post-thumbnail","6":"product_cat-kiehls","7":"product_cat-nouveautes","8":"product_cat-produits-americains","10":"first","11":"instock","12":"sale","13":"shipping-taxable","14":"purchasable","15":"product-type-simple"},"aioseo_notices":[],"uagb_featured_image_src":{"full":["https:\/\/wavexia.com\/wp-content\/uploads\/2025\/10\/04776886_zi.webp",570,661,false],"thumbnail":["https:\/\/wavexia.com\/wp-content\/uploads\/2025\/10\/04776886_zi-150x150.webp",150,150,true],"medium":["https:\/\/wavexia.com\/wp-content\/uploads\/2025\/10\/04776886_zi-259x300.webp",259,300,true],"medium_large":["https:\/\/wavexia.com\/wp-content\/uploads\/2025\/10\/04776886_zi.webp",570,661,false],"large":["https:\/\/wavexia.com\/wp-content\/uploads\/2025\/10\/04776886_zi.webp",570,661,false],"1536x1536":["https:\/\/wavexia.com\/wp-content\/uploads\/2025\/10\/04776886_zi.webp",570,661,false],"2048x2048":["https:\/\/wavexia.com\/wp-content\/uploads\/2025\/10\/04776886_zi.webp",570,661,false],"woocommerce_archive_thumbnail":["https:\/\/wavexia.com\/wp-content\/uploads\/2025\/10\/04776886_zi-300x348.webp",300,348,true],"woocommerce_thumbnail":["https:\/\/wavexia.com\/wp-content\/uploads\/2025\/10\/04776886_zi-300x300.webp",300,300,true],"woocommerce_single":["https:\/\/wavexia.com\/wp-content\/uploads\/2025\/10\/04776886_zi.webp",570,661,false],"woocommerce_gallery_thumbnail":["https:\/\/wavexia.com\/wp-content\/uploads\/2025\/10\/04776886_zi-100x100.webp",100,100,true]},"uagb_author_info":{"display_name":"zineddine.ayoub98@gmail.com","author_link":"https:\/\/wavexia.com\/?author=0"},"uagb_comment_info":0,"uagb_excerpt":"Description Que vous ayez une peau l\u00e9g\u00e8re ou une barbe fournie, l\u2019huile \u00e0 barbe l\u00e9g\u00e8re pour hommes de Kiehl\u2019s lisse les poils du visage et nourrit la peau en dessous. Infus\u00e9e d\u2019huiles essentielles, cette huile \u00e0 barbe au bois de santal, au bois de c\u00e8dre et \u00e0 l\u2019eucalyptus a un ar\u00f4me bois\u00e9 et terreux. Formul\u00e9e&hellip;","brands":[],"_links":{"self":[{"href":"https:\/\/wavexia.com\/index.php?rest_route=\/wp\/v2\/product\/4826","targetHints":{"allow":["GET"]}}],"collection":[{"href":"https:\/\/wavexia.com\/index.php?rest_route=\/wp\/v2\/product"}],"about":[{"href":"https:\/\/wavexia.com\/index.php?rest_route=\/wp\/v2\/types\/product"}],"replies":[{"embeddable":true,"href":"https:\/\/wavexia.com\/index.php?rest_route=%2Fwp%2Fv2%2Fcomments&post=4826"}],"wp:featuredmedia":[{"embeddable":true,"href":"https:\/\/wavexia.com\/index.php?rest_route=\/wp\/v2\/media\/4825"}],"wp:attachment":[{"href":"https:\/\/wavexia.com\/index.php?rest_route=%2Fwp%2Fv2%2Fmedia&parent=4826"}],"wp:term":[{"taxonomy":"pwb-brand","embeddable":true,"href":"https:\/\/wavexia.com\/index.php?rest_route=%2Fwp%2Fv2%2Fpwb-brand&post=4826"},{"taxonomy":"product_brand","embeddable":true,"href":"https:\/\/wavexia.com\/index.php?rest_route=%2Fwp%2Fv2%2Fproduct_brand&post=4826"},{"taxonomy":"product_cat","embeddable":true,"href":"https:\/\/wavexia.com\/index.php?rest_route=%2Fwp%2Fv2%2Fproduct_cat&post=4826"},{"taxonomy":"product_tag","embeddable":true,"href":"https:\/\/wavexia.com\/index.php?rest_route=%2Fwp%2Fv2%2Fproduct_tag&post=4826"}],"curies":[{"name":"wp","href":"https:\/\/api.w.org\/{rel}","templated":true}]}}