{"id":4822,"date":"2025-10-19T09:12:17","date_gmt":"2025-10-19T09:12:17","guid":{"rendered":"https:\/\/wavexia.com\/product\/kiko-3d-hydra-lipgloss-20\/"},"modified":"2026-03-10T07:31:05","modified_gmt":"2026-03-10T07:31:05","slug":"kiko-3d-hydra-lipgloss-20","status":"publish","type":"product","link":"https:\/\/wavexia.com\/?product=kiko-3d-hydra-lipgloss-20","title":{"rendered":"KIKO 3d hydra lipgloss \u2013 20"},"content":{"rendered":"<h2>Description<\/h2>\n<p>Brillant \u00e0 l\u00e8vres \u00e9mollient effet 3D, pour un r\u00e9sultat brillant. Sa texture, douce et sensorielle, fond sur vos l\u00e8vres et les laisse lisses et lumineuses. Sa formule contient de l\u2019extrait de Bidens*.<\/p>\n<p>Son extr\u00eame sensorialit\u00e9 rend encore plus agr\u00e9able l\u2019application et la sensation de confort qui s\u2019ensuit. L\u2019application est facile et ultra-fluide, l\u2019adh\u00e9rence sur vos l\u00e8vres est imm\u00e9diate.<\/p>\n<p>Son packaging moderne est mis en valeur par un capuchon m\u00e9tallique orn\u00e9 du logo KK sur le c\u00f4t\u00e9. Son applicateur floqu\u00e9 doux a \u00e9t\u00e9 con\u00e7u pour faire ressortir la texture et dessiner les l\u00e8vres avec une pr\u00e9cision extr\u00eame.<\/p>\n<p>Disponible en 30 couleurs surprenantes aux finis diff\u00e9rents&nbsp;: transparent, ultra-pigment\u00e9, brillant ou nacr\u00e9. La texture ne colle pas et dure longtemps.<\/p>\n<p>&nbsp;<\/p>\n<p>Test\u00e9 sous contr\u00f4le dermatologique.<\/p>\n<p>Non com\u00e9dog\u00e8ne.<\/p>\n<p>* Les r\u00e9sultats de tests cliniques instrumentaux r\u00e9alis\u00e9s sur 20 femmes ont d\u00e9montr\u00e9 une augmentation de 23&nbsp;% de l\u2019hydratation, une heure apr\u00e8s application du produit.<\/p>\n","protected":false},"excerpt":{"rendered":"<p>Description Brillant \u00e0 l\u00e8vres \u00e9mollient effet 3D, pour un r\u00e9sultat brillant. Sa texture, douce et sensorielle, fond sur vos l\u00e8vres et les laisse lisses et lumineuses. Sa formule contient de l\u2019extrait de Bidens*. Son extr\u00eame sensorialit\u00e9 rend encore plus agr\u00e9able l\u2019application et la sensation de confort qui s\u2019ensuit. L\u2019application est facile et ultra-fluide, l\u2019adh\u00e9rence sur [&hellip;]<\/p>\n","protected":false},"featured_media":4821,"comment_status":"open","ping_status":"closed","template":"","meta":{"content-type":"","_uag_custom_page_level_css":""},"pwb-brand":[],"product_brand":[],"product_cat":[388,360],"product_tag":[],"class_list":{"0":"post-4822","1":"product","2":"type-product","3":"status-publish","4":"has-post-thumbnail","6":"product_cat-kiko","7":"product_cat-maquillage","9":"first","10":"instock","11":"sale","12":"shipping-taxable","13":"purchasable","14":"product-type-simple"},"aioseo_notices":[],"uagb_featured_image_src":{"full":["https:\/\/wavexia.com\/wp-content\/uploads\/2025\/10\/af5eb79c-cb64-b4f6-8bb3-3074af98d552.webp",1200,1200,false],"thumbnail":["https:\/\/wavexia.com\/wp-content\/uploads\/2025\/10\/af5eb79c-cb64-b4f6-8bb3-3074af98d552-150x150.webp",150,150,true],"medium":["https:\/\/wavexia.com\/wp-content\/uploads\/2025\/10\/af5eb79c-cb64-b4f6-8bb3-3074af98d552-300x300.webp",300,300,true],"medium_large":["https:\/\/wavexia.com\/wp-content\/uploads\/2025\/10\/af5eb79c-cb64-b4f6-8bb3-3074af98d552-768x768.webp",768,768,true],"large":["https:\/\/wavexia.com\/wp-content\/uploads\/2025\/10\/af5eb79c-cb64-b4f6-8bb3-3074af98d552-1024x1024.webp",1024,1024,true],"1536x1536":["https:\/\/wavexia.com\/wp-content\/uploads\/2025\/10\/af5eb79c-cb64-b4f6-8bb3-3074af98d552.webp",1200,1200,false],"2048x2048":["https:\/\/wavexia.com\/wp-content\/uploads\/2025\/10\/af5eb79c-cb64-b4f6-8bb3-3074af98d552.webp",1200,1200,false],"woocommerce_archive_thumbnail":["https:\/\/wavexia.com\/wp-content\/uploads\/2025\/10\/af5eb79c-cb64-b4f6-8bb3-3074af98d552-300x300.webp",300,300,true],"woocommerce_thumbnail":["https:\/\/wavexia.com\/wp-content\/uploads\/2025\/10\/af5eb79c-cb64-b4f6-8bb3-3074af98d552-300x300.webp",300,300,true],"woocommerce_single":["https:\/\/wavexia.com\/wp-content\/uploads\/2025\/10\/af5eb79c-cb64-b4f6-8bb3-3074af98d552-600x600.webp",600,600,true],"woocommerce_gallery_thumbnail":["https:\/\/wavexia.com\/wp-content\/uploads\/2025\/10\/af5eb79c-cb64-b4f6-8bb3-3074af98d552-100x100.webp",100,100,true]},"uagb_author_info":{"display_name":"zineddine.ayoub98@gmail.com","author_link":"https:\/\/wavexia.com\/?author=0"},"uagb_comment_info":0,"uagb_excerpt":"Description Brillant \u00e0 l\u00e8vres \u00e9mollient effet 3D, pour un r\u00e9sultat brillant. Sa texture, douce et sensorielle, fond sur vos l\u00e8vres et les laisse lisses et lumineuses. Sa formule contient de l\u2019extrait de Bidens*. Son extr\u00eame sensorialit\u00e9 rend encore plus agr\u00e9able l\u2019application et la sensation de confort qui s\u2019ensuit. L\u2019application est facile et ultra-fluide, l\u2019adh\u00e9rence sur&hellip;","brands":[],"_links":{"self":[{"href":"https:\/\/wavexia.com\/index.php?rest_route=\/wp\/v2\/product\/4822","targetHints":{"allow":["GET"]}}],"collection":[{"href":"https:\/\/wavexia.com\/index.php?rest_route=\/wp\/v2\/product"}],"about":[{"href":"https:\/\/wavexia.com\/index.php?rest_route=\/wp\/v2\/types\/product"}],"replies":[{"embeddable":true,"href":"https:\/\/wavexia.com\/index.php?rest_route=%2Fwp%2Fv2%2Fcomments&post=4822"}],"wp:featuredmedia":[{"embeddable":true,"href":"https:\/\/wavexia.com\/index.php?rest_route=\/wp\/v2\/media\/4821"}],"wp:attachment":[{"href":"https:\/\/wavexia.com\/index.php?rest_route=%2Fwp%2Fv2%2Fmedia&parent=4822"}],"wp:term":[{"taxonomy":"pwb-brand","embeddable":true,"href":"https:\/\/wavexia.com\/index.php?rest_route=%2Fwp%2Fv2%2Fpwb-brand&post=4822"},{"taxonomy":"product_brand","embeddable":true,"href":"https:\/\/wavexia.com\/index.php?rest_route=%2Fwp%2Fv2%2Fproduct_brand&post=4822"},{"taxonomy":"product_cat","embeddable":true,"href":"https:\/\/wavexia.com\/index.php?rest_route=%2Fwp%2Fv2%2Fproduct_cat&post=4822"},{"taxonomy":"product_tag","embeddable":true,"href":"https:\/\/wavexia.com\/index.php?rest_route=%2Fwp%2Fv2%2Fproduct_tag&post=4822"}],"curies":[{"name":"wp","href":"https:\/\/api.w.org\/{rel}","templated":true}]}}