{"id":4816,"date":"2025-10-19T09:12:13","date_gmt":"2025-10-19T09:12:13","guid":{"rendered":"https:\/\/wavexia.com\/product\/erborian-cc-creme-a-la-centella-asiatica-dore-spf25-45ml\/"},"modified":"2026-03-10T07:31:05","modified_gmt":"2026-03-10T07:31:05","slug":"erborian-cc-creme-a-la-centella-asiatica-dore-spf25-45ml","status":"publish","type":"product","link":"https:\/\/wavexia.com\/?product=erborian-cc-creme-a-la-centella-asiatica-dore-spf25-45ml","title":{"rendered":"erborian CC Cr\u00e8me \u00e0 la Centella Asiatica dor\u00e9 SPF25 45ml"},"content":{"rendered":"<h2>Description<\/h2>\n<p>Le perfecteur de peau qui aide \u00e0 r\u00e9v\u00e9ler instantan\u00e9ment un teint unifi\u00e9, lumineux et sublim\u00e9 d\u2019un effet \u00ab bonne mine \u00bb tout prenant soin au quotidien de la peau.<\/p>\n<p>Sa formule unique renferme des pigments encapsul\u00e9s qui se r\u00e9v\u00e8lent au contact de la peau pour aider \u00e0 unifier et r\u00e9hausser subtilement le teint, gr\u00e2ce \u00e0 une couvrance l\u00e9g\u00e8re et un fini naturel. Sa texture l\u00e9g\u00e8re se fond sur la peau et aide \u00e0 flouter instantan\u00e9ment le grain de peau et les petites imperfections.<\/p>\n<p>Enrichie en extrait de Centella Asiatica, actif reconnu pour ses vertus apaisantes, CC CR\u00c8ME prend soin de votre peau et agit comme un soin quotidien. Instantan\u00e9ment hydrat\u00e9e et plus douce, la peau est \u00e9galement prot\u00e9g\u00e9e des effets n\u00e9fastes du soleil gr\u00e2ce \u00e0 une protection SPF 25.<\/p>\n<p>\u2022&nbsp;<strong>Mi-teint mi-soin<\/strong><br \/>\u2022&nbsp;<strong>Prot\u00e8ge, hydrate, illumine et a<\/strong><strong>ide \u00e0 diminuer les imperfections<\/strong><br \/>\u2022&nbsp;<strong>Protection solaire<\/strong>&nbsp;<strong>SPF 25<\/strong><\/p>\n<p>CC Cr\u00e8me \u00e0 la Centella Asiatica sera parfaite en teinte \u201cclair\u201d pour r\u00e9hausser le teint des peaux tr\u00e8s claires \u00e0 claires.<\/p>\n<p><strong>Et si toutefois vous h\u00e9sitez pour la teinte, pas de panique<\/strong>&nbsp;: quand vous achetez votre tube, s\u00e9lectionnez un \u00e9chantillon gratuit dans le panier. Vous pourrez ainsi essayer la teinte, sans ouvrir votre produit, et le renvoyer au service client pour \u00eatre rembours\u00e9 s\u2019il ne convenait pas.<\/p>\n","protected":false},"excerpt":{"rendered":"<p>Description Le perfecteur de peau qui aide \u00e0 r\u00e9v\u00e9ler instantan\u00e9ment un teint unifi\u00e9, lumineux et sublim\u00e9 d\u2019un effet \u00ab bonne mine \u00bb tout prenant soin au quotidien de la peau. Sa formule unique renferme des pigments encapsul\u00e9s qui se r\u00e9v\u00e8lent au contact de la peau pour aider \u00e0 unifier et r\u00e9hausser subtilement le teint, gr\u00e2ce [&hellip;]<\/p>\n","protected":false},"featured_media":4815,"comment_status":"open","ping_status":"closed","template":"","meta":{"content-type":"","_uag_custom_page_level_css":""},"pwb-brand":[],"product_brand":[],"product_cat":[409,360,334],"product_tag":[],"class_list":{"0":"post-4816","1":"product","2":"type-product","3":"status-publish","4":"has-post-thumbnail","6":"product_cat-erborian","7":"product_cat-maquillage","8":"product_cat-produits-coreens","10":"first","11":"instock","12":"shipping-taxable","13":"purchasable","14":"product-type-simple"},"aioseo_notices":[],"uagb_featured_image_src":{"full":["https:\/\/wavexia.com\/wp-content\/uploads\/2025\/10\/6AA30052.webp",1200,1200,false],"thumbnail":["https:\/\/wavexia.com\/wp-content\/uploads\/2025\/10\/6AA30052-150x150.webp",150,150,true],"medium":["https:\/\/wavexia.com\/wp-content\/uploads\/2025\/10\/6AA30052-300x300.webp",300,300,true],"medium_large":["https:\/\/wavexia.com\/wp-content\/uploads\/2025\/10\/6AA30052-768x768.webp",768,768,true],"large":["https:\/\/wavexia.com\/wp-content\/uploads\/2025\/10\/6AA30052-1024x1024.webp",1024,1024,true],"1536x1536":["https:\/\/wavexia.com\/wp-content\/uploads\/2025\/10\/6AA30052.webp",1200,1200,false],"2048x2048":["https:\/\/wavexia.com\/wp-content\/uploads\/2025\/10\/6AA30052.webp",1200,1200,false],"woocommerce_archive_thumbnail":["https:\/\/wavexia.com\/wp-content\/uploads\/2025\/10\/6AA30052-300x300.webp",300,300,true],"woocommerce_thumbnail":["https:\/\/wavexia.com\/wp-content\/uploads\/2025\/10\/6AA30052-300x300.webp",300,300,true],"woocommerce_single":["https:\/\/wavexia.com\/wp-content\/uploads\/2025\/10\/6AA30052-600x600.webp",600,600,true],"woocommerce_gallery_thumbnail":["https:\/\/wavexia.com\/wp-content\/uploads\/2025\/10\/6AA30052-100x100.webp",100,100,true]},"uagb_author_info":{"display_name":"zineddine.ayoub98@gmail.com","author_link":"https:\/\/wavexia.com\/?author=0"},"uagb_comment_info":0,"uagb_excerpt":"Description Le perfecteur de peau qui aide \u00e0 r\u00e9v\u00e9ler instantan\u00e9ment un teint unifi\u00e9, lumineux et sublim\u00e9 d\u2019un effet \u00ab bonne mine \u00bb tout prenant soin au quotidien de la peau. Sa formule unique renferme des pigments encapsul\u00e9s qui se r\u00e9v\u00e8lent au contact de la peau pour aider \u00e0 unifier et r\u00e9hausser subtilement le teint, gr\u00e2ce&hellip;","brands":[],"_links":{"self":[{"href":"https:\/\/wavexia.com\/index.php?rest_route=\/wp\/v2\/product\/4816","targetHints":{"allow":["GET"]}}],"collection":[{"href":"https:\/\/wavexia.com\/index.php?rest_route=\/wp\/v2\/product"}],"about":[{"href":"https:\/\/wavexia.com\/index.php?rest_route=\/wp\/v2\/types\/product"}],"replies":[{"embeddable":true,"href":"https:\/\/wavexia.com\/index.php?rest_route=%2Fwp%2Fv2%2Fcomments&post=4816"}],"wp:featuredmedia":[{"embeddable":true,"href":"https:\/\/wavexia.com\/index.php?rest_route=\/wp\/v2\/media\/4815"}],"wp:attachment":[{"href":"https:\/\/wavexia.com\/index.php?rest_route=%2Fwp%2Fv2%2Fmedia&parent=4816"}],"wp:term":[{"taxonomy":"pwb-brand","embeddable":true,"href":"https:\/\/wavexia.com\/index.php?rest_route=%2Fwp%2Fv2%2Fpwb-brand&post=4816"},{"taxonomy":"product_brand","embeddable":true,"href":"https:\/\/wavexia.com\/index.php?rest_route=%2Fwp%2Fv2%2Fproduct_brand&post=4816"},{"taxonomy":"product_cat","embeddable":true,"href":"https:\/\/wavexia.com\/index.php?rest_route=%2Fwp%2Fv2%2Fproduct_cat&post=4816"},{"taxonomy":"product_tag","embeddable":true,"href":"https:\/\/wavexia.com\/index.php?rest_route=%2Fwp%2Fv2%2Fproduct_tag&post=4816"}],"curies":[{"name":"wp","href":"https:\/\/api.w.org\/{rel}","templated":true}]}}