{"id":4810,"date":"2025-10-19T09:12:07","date_gmt":"2025-10-19T09:12:07","guid":{"rendered":"https:\/\/wavexia.com\/product\/numbuzin-no-1-pure-full-calming-herb-toner-300ml\/"},"modified":"2026-03-10T07:31:05","modified_gmt":"2026-03-10T07:31:05","slug":"numbuzin-no-1-pure-full-calming-herb-toner-300ml","status":"publish","type":"product","link":"https:\/\/wavexia.com\/?product=numbuzin-no-1-pure-full-calming-herb-toner-300ml","title":{"rendered":"Numbuzin \u2013 No.1 Pure-full Calming Herb Toner- 300ml"},"content":{"rendered":"<h2>Description<\/h2>\n<p>Le Numbuzin No.1 Pure-full Calming Herb Toner est con\u00e7u pour apaiser efficacement la peau et r\u00e9tablir l\u2019\u00e9quilibre entre l\u2019eau et l\u2019huile. Enrichi en extraits naturels de Houttuynia Cordata, de Cica et de racine de r\u00e9glisse, ce tonique assure une peau lisse et hydrat\u00e9e. Avec sa texture l\u00e9g\u00e8re et son pH bas test\u00e9 pour la non-com\u00e9dog\u00e9nicit\u00e9 avec un niveau d\u2019irritation de 0,0, cette formule offre une approche douce pour purifier la peau.<\/p>\n<p><strong>Ce tonique&nbsp;:<\/strong><\/p>\n<ul>\n<li>apaise la peau<\/li>\n<li>restaure la peau<\/li>\n<li>enrichi en extraits naturels<\/li>\n<li>pour une peau lisse et hydrat\u00e9e<\/li>\n<li>texture l\u00e9g\u00e8re<\/li>\n<li>purifie la peau<\/li>\n<li>sans parfum<\/li>\n<li>sans cruaut\u00e9<\/li>\n<\/ul>\n<p><strong>Comment utiliser:<\/strong><\/p>\n<ul>\n<li>Apr\u00e8s le nettoyage, comme premi\u00e8re \u00e9tape de votre routine de soin, pr\u00e9levez une quantit\u00e9 appropri\u00e9e de produit sur un coton ou dans votre main.<\/li>\n<li>Appliquez dans le sens du grain de peau et tapotez doucement sur la peau jusqu\u2019\u00e0 absorption compl\u00e8te.<\/li>\n<\/ul>\n<p><strong>Ingr\u00e9dients<\/strong> :<br \/>Centella Asiatica extract, Houttuynia Cordata extract, Glycyrrhiza Uralensis (licorice) root extract, 1,2-hexanediol, dipropylene glycol, propanediol, butylene glycol, glycerin, Hyacinthus Orientalis (hyacinth) extract, polygonum multiflorum extract, carbomer, hydroxyethylcellulose, arginine, allantoin, Disodium EDTA, Nymphaea Alba flower extract, betaine, panthenol<\/p>\n<p>&nbsp;<\/p>\n<p>&nbsp;<\/p>\n","protected":false},"excerpt":{"rendered":"<p>Description Le Numbuzin No.1 Pure-full Calming Herb Toner est con\u00e7u pour apaiser efficacement la peau et r\u00e9tablir l\u2019\u00e9quilibre entre l\u2019eau et l\u2019huile. Enrichi en extraits naturels de Houttuynia Cordata, de Cica et de racine de r\u00e9glisse, ce tonique assure une peau lisse et hydrat\u00e9e. Avec sa texture l\u00e9g\u00e8re et son pH bas test\u00e9 pour la [&hellip;]<\/p>\n","protected":false},"featured_media":4809,"comment_status":"open","ping_status":"closed","template":"","meta":{"content-type":"","_uag_custom_page_level_css":""},"pwb-brand":[],"product_brand":[],"product_cat":[346,334,345],"product_tag":[],"class_list":{"0":"post-4810","1":"product","2":"type-product","3":"status-publish","4":"has-post-thumbnail","6":"product_cat-numbuzin","7":"product_cat-produits-coreens","8":"product_cat-toner-pads","10":"first","11":"instock","12":"sale","13":"shipping-taxable","14":"purchasable","15":"product-type-simple"},"aioseo_notices":[],"uagb_featured_image_src":{"full":["https:\/\/wavexia.com\/wp-content\/uploads\/2025\/10\/No.1Pure-FullCalmingHerbToner.webp",900,900,false],"thumbnail":["https:\/\/wavexia.com\/wp-content\/uploads\/2025\/10\/No.1Pure-FullCalmingHerbToner-150x150.webp",150,150,true],"medium":["https:\/\/wavexia.com\/wp-content\/uploads\/2025\/10\/No.1Pure-FullCalmingHerbToner-300x300.webp",300,300,true],"medium_large":["https:\/\/wavexia.com\/wp-content\/uploads\/2025\/10\/No.1Pure-FullCalmingHerbToner-768x768.webp",768,768,true],"large":["https:\/\/wavexia.com\/wp-content\/uploads\/2025\/10\/No.1Pure-FullCalmingHerbToner.webp",900,900,false],"1536x1536":["https:\/\/wavexia.com\/wp-content\/uploads\/2025\/10\/No.1Pure-FullCalmingHerbToner.webp",900,900,false],"2048x2048":["https:\/\/wavexia.com\/wp-content\/uploads\/2025\/10\/No.1Pure-FullCalmingHerbToner.webp",900,900,false],"woocommerce_archive_thumbnail":["https:\/\/wavexia.com\/wp-content\/uploads\/2025\/10\/No.1Pure-FullCalmingHerbToner-300x300.webp",300,300,true],"woocommerce_thumbnail":["https:\/\/wavexia.com\/wp-content\/uploads\/2025\/10\/No.1Pure-FullCalmingHerbToner-300x300.webp",300,300,true],"woocommerce_single":["https:\/\/wavexia.com\/wp-content\/uploads\/2025\/10\/No.1Pure-FullCalmingHerbToner-600x600.webp",600,600,true],"woocommerce_gallery_thumbnail":["https:\/\/wavexia.com\/wp-content\/uploads\/2025\/10\/No.1Pure-FullCalmingHerbToner-100x100.webp",100,100,true]},"uagb_author_info":{"display_name":"zineddine.ayoub98@gmail.com","author_link":"https:\/\/wavexia.com\/?author=0"},"uagb_comment_info":0,"uagb_excerpt":"Description Le Numbuzin No.1 Pure-full Calming Herb Toner est con\u00e7u pour apaiser efficacement la peau et r\u00e9tablir l\u2019\u00e9quilibre entre l\u2019eau et l\u2019huile. Enrichi en extraits naturels de Houttuynia Cordata, de Cica et de racine de r\u00e9glisse, ce tonique assure une peau lisse et hydrat\u00e9e. Avec sa texture l\u00e9g\u00e8re et son pH bas test\u00e9 pour la&hellip;","brands":[],"_links":{"self":[{"href":"https:\/\/wavexia.com\/index.php?rest_route=\/wp\/v2\/product\/4810","targetHints":{"allow":["GET"]}}],"collection":[{"href":"https:\/\/wavexia.com\/index.php?rest_route=\/wp\/v2\/product"}],"about":[{"href":"https:\/\/wavexia.com\/index.php?rest_route=\/wp\/v2\/types\/product"}],"replies":[{"embeddable":true,"href":"https:\/\/wavexia.com\/index.php?rest_route=%2Fwp%2Fv2%2Fcomments&post=4810"}],"wp:featuredmedia":[{"embeddable":true,"href":"https:\/\/wavexia.com\/index.php?rest_route=\/wp\/v2\/media\/4809"}],"wp:attachment":[{"href":"https:\/\/wavexia.com\/index.php?rest_route=%2Fwp%2Fv2%2Fmedia&parent=4810"}],"wp:term":[{"taxonomy":"pwb-brand","embeddable":true,"href":"https:\/\/wavexia.com\/index.php?rest_route=%2Fwp%2Fv2%2Fpwb-brand&post=4810"},{"taxonomy":"product_brand","embeddable":true,"href":"https:\/\/wavexia.com\/index.php?rest_route=%2Fwp%2Fv2%2Fproduct_brand&post=4810"},{"taxonomy":"product_cat","embeddable":true,"href":"https:\/\/wavexia.com\/index.php?rest_route=%2Fwp%2Fv2%2Fproduct_cat&post=4810"},{"taxonomy":"product_tag","embeddable":true,"href":"https:\/\/wavexia.com\/index.php?rest_route=%2Fwp%2Fv2%2Fproduct_tag&post=4810"}],"curies":[{"name":"wp","href":"https:\/\/api.w.org\/{rel}","templated":true}]}}