{"id":4808,"date":"2025-10-19T09:12:06","date_gmt":"2025-10-19T09:12:06","guid":{"rendered":"https:\/\/wavexia.com\/product\/tirtir-mask-fit-red-cushion-spf-40-pa-23n-sand18g\/"},"modified":"2026-03-10T07:31:05","modified_gmt":"2026-03-10T07:31:05","slug":"tirtir-mask-fit-red-cushion-spf-40-pa-23n-sand18g","status":"publish","type":"product","link":"https:\/\/wavexia.com\/?product=tirtir-mask-fit-red-cushion-spf-40-pa-23n-sand18g","title":{"rendered":"TIRTIR Mask Fit Red Cushion SPF 40 PA++ \u2013 23N SAND(18g)"},"content":{"rendered":"<h2>Description<\/h2>\n<p><span id=\"more-2492\"><\/span>TIRTIR Mask Fit Red Cushion est un fond de teint coussin tr\u00e8s vendu au Japon, r\u00e9put\u00e9 pour sa couvrance imbattable de 72 heures, sa sensation de l\u00e9g\u00e8ret\u00e9 et sa finition semi-mate modulable, parfaite pour obtenir un look peau de verre radieux.<\/p>\n","protected":false},"excerpt":{"rendered":"<p>Description TIRTIR Mask Fit Red Cushion est un fond de teint coussin tr\u00e8s vendu au Japon, r\u00e9put\u00e9 pour sa couvrance imbattable de 72 heures, sa sensation de l\u00e9g\u00e8ret\u00e9 et sa finition semi-mate modulable, parfaite pour obtenir un look peau de verre radieux.<\/p>\n","protected":false},"featured_media":4807,"comment_status":"open","ping_status":"closed","template":"","meta":{"content-type":"","_uag_custom_page_level_css":""},"pwb-brand":[],"product_brand":[],"product_cat":[360,370],"product_tag":[],"class_list":{"0":"post-4808","1":"product","2":"type-product","3":"status-publish","4":"has-post-thumbnail","6":"product_cat-maquillage","7":"product_cat-tirtir","9":"first","10":"instock","11":"sale","12":"shipping-taxable","13":"purchasable","14":"product-type-simple"},"aioseo_notices":[],"uagb_featured_image_src":{"full":["https:\/\/wavexia.com\/wp-content\/uploads\/2025\/10\/61iLemSuFL._SL1000_.jpg",1000,1000,false],"thumbnail":["https:\/\/wavexia.com\/wp-content\/uploads\/2025\/10\/61iLemSuFL._SL1000_-150x150.jpg",150,150,true],"medium":["https:\/\/wavexia.com\/wp-content\/uploads\/2025\/10\/61iLemSuFL._SL1000_-300x300.jpg",300,300,true],"medium_large":["https:\/\/wavexia.com\/wp-content\/uploads\/2025\/10\/61iLemSuFL._SL1000_-768x768.jpg",768,768,true],"large":["https:\/\/wavexia.com\/wp-content\/uploads\/2025\/10\/61iLemSuFL._SL1000_.jpg",1000,1000,false],"1536x1536":["https:\/\/wavexia.com\/wp-content\/uploads\/2025\/10\/61iLemSuFL._SL1000_.jpg",1000,1000,false],"2048x2048":["https:\/\/wavexia.com\/wp-content\/uploads\/2025\/10\/61iLemSuFL._SL1000_.jpg",1000,1000,false],"woocommerce_archive_thumbnail":["https:\/\/wavexia.com\/wp-content\/uploads\/2025\/10\/61iLemSuFL._SL1000_-300x300.jpg",300,300,true],"woocommerce_thumbnail":["https:\/\/wavexia.com\/wp-content\/uploads\/2025\/10\/61iLemSuFL._SL1000_-300x300.jpg",300,300,true],"woocommerce_single":["https:\/\/wavexia.com\/wp-content\/uploads\/2025\/10\/61iLemSuFL._SL1000_-600x600.jpg",600,600,true],"woocommerce_gallery_thumbnail":["https:\/\/wavexia.com\/wp-content\/uploads\/2025\/10\/61iLemSuFL._SL1000_-100x100.jpg",100,100,true]},"uagb_author_info":{"display_name":"zineddine.ayoub98@gmail.com","author_link":"https:\/\/wavexia.com\/?author=0"},"uagb_comment_info":0,"uagb_excerpt":"Description TIRTIR Mask Fit Red Cushion est un fond de teint coussin tr\u00e8s vendu au Japon, r\u00e9put\u00e9 pour sa couvrance imbattable de 72 heures, sa sensation de l\u00e9g\u00e8ret\u00e9 et sa finition semi-mate modulable, parfaite pour obtenir un look peau de verre radieux.","brands":[],"_links":{"self":[{"href":"https:\/\/wavexia.com\/index.php?rest_route=\/wp\/v2\/product\/4808","targetHints":{"allow":["GET"]}}],"collection":[{"href":"https:\/\/wavexia.com\/index.php?rest_route=\/wp\/v2\/product"}],"about":[{"href":"https:\/\/wavexia.com\/index.php?rest_route=\/wp\/v2\/types\/product"}],"replies":[{"embeddable":true,"href":"https:\/\/wavexia.com\/index.php?rest_route=%2Fwp%2Fv2%2Fcomments&post=4808"}],"wp:featuredmedia":[{"embeddable":true,"href":"https:\/\/wavexia.com\/index.php?rest_route=\/wp\/v2\/media\/4807"}],"wp:attachment":[{"href":"https:\/\/wavexia.com\/index.php?rest_route=%2Fwp%2Fv2%2Fmedia&parent=4808"}],"wp:term":[{"taxonomy":"pwb-brand","embeddable":true,"href":"https:\/\/wavexia.com\/index.php?rest_route=%2Fwp%2Fv2%2Fpwb-brand&post=4808"},{"taxonomy":"product_brand","embeddable":true,"href":"https:\/\/wavexia.com\/index.php?rest_route=%2Fwp%2Fv2%2Fproduct_brand&post=4808"},{"taxonomy":"product_cat","embeddable":true,"href":"https:\/\/wavexia.com\/index.php?rest_route=%2Fwp%2Fv2%2Fproduct_cat&post=4808"},{"taxonomy":"product_tag","embeddable":true,"href":"https:\/\/wavexia.com\/index.php?rest_route=%2Fwp%2Fv2%2Fproduct_tag&post=4808"}],"curies":[{"name":"wp","href":"https:\/\/api.w.org\/{rel}","templated":true}]}}